{"id":846,"date":"2021-03-23T13:16:07","date_gmt":"2021-03-23T13:16:07","guid":{"rendered":"http:\/\/parknasilla.local\/?page_id=846"},"modified":"2021-10-14T16:07:17","modified_gmt":"2021-10-14T16:07:17","slug":"glengariff-garnish-island","status":"publish","type":"page","link":"https:\/\/parknasillaresort.com\/fr\/discover-kerry\/kenmare-beara-peninsula\/glengariff-garnish-island\/","title":{"rendered":"Glengariff &amp; Garnish Island"},"content":{"rendered":"","protected":false},"excerpt":{"rendered":"","protected":false},"author":3,"featured_media":0,"parent":844,"menu_order":0,"comment_status":"closed","ping_status":"closed","template":"","meta":{"_acf_changed":false,"footnotes":""},"class_list":["post-846","page","type-page","status-publish","hentry"],"acf":[],"yoast_head":"<!-- This site is optimized with the Yoast SEO plugin v27.3 - https:\/\/yoast.com\/product\/yoast-seo-wordpress\/ -->\n<title>Glengariff &amp; Garnish Island | 4* Parknasilla Resort &amp; Spa Kerry<\/title>\n<meta name=\"description\" content=\"A drive of the Beara peninsula is not complete without a stroll in Glengarriff &amp; a boat trip out to the famous Island of Garnish a must-see attraction in Kerry.\" \/>\n<meta name=\"robots\" content=\"index, follow, max-snippet:-1, max-image-preview:large, max-video-preview:-1\" \/>\n<link rel=\"canonical\" href=\"https:\/\/parknasillaresort.com\/fr\/discover-kerry\/kenmare-beara-peninsula\/glengariff-garnish-island\/\" \/>\n<meta property=\"og:locale\" content=\"fr_FR\" \/>\n<meta property=\"og:type\" content=\"article\" \/>\n<meta property=\"og:title\" content=\"Glengariff &amp; Garnish Island | 4* Parknasilla Resort &amp; Spa Kerry\" \/>\n<meta property=\"og:description\" content=\"A drive of the Beara peninsula is not complete without a stroll in Glengarriff &amp; a boat trip out to the famous Island of Garnish a must-see attraction in Kerry.\" \/>\n<meta property=\"og:url\" content=\"https:\/\/parknasillaresort.com\/fr\/discover-kerry\/kenmare-beara-peninsula\/glengariff-garnish-island\/\" \/>\n<meta property=\"og:site_name\" content=\"Parknasilla Resort &amp; Spa\" \/>\n<meta property=\"article:modified_time\" content=\"2021-10-14T16:07:17+00:00\" \/>\n<meta name=\"twitter:card\" content=\"summary_large_image\" \/>\n<script type=\"application\/ld+json\" class=\"yoast-schema-graph\">{\"@context\":\"https:\\\/\\\/schema.org\",\"@graph\":[{\"@type\":\"WebPage\",\"@id\":\"https:\\\/\\\/parknasillaresort.com\\\/discover-kerry\\\/kenmare-beara-peninsula\\\/glengariff-garnish-island\\\/\",\"url\":\"https:\\\/\\\/parknasillaresort.com\\\/discover-kerry\\\/kenmare-beara-peninsula\\\/glengariff-garnish-island\\\/\",\"name\":\"Glengariff & Garnish Island | 4* Parknasilla Resort & Spa Kerry\",\"isPartOf\":{\"@id\":\"https:\\\/\\\/parknasillaresort.com\\\/#website\"},\"datePublished\":\"2021-03-23T13:16:07+00:00\",\"dateModified\":\"2021-10-14T16:07:17+00:00\",\"description\":\"A drive of the Beara peninsula is not complete without a stroll in Glengarriff & a boat trip out to the famous Island of Garnish a must-see attraction in Kerry.\",\"breadcrumb\":{\"@id\":\"https:\\\/\\\/parknasillaresort.com\\\/discover-kerry\\\/kenmare-beara-peninsula\\\/glengariff-garnish-island\\\/#breadcrumb\"},\"inLanguage\":\"fr-FR\",\"potentialAction\":[{\"@type\":\"ReadAction\",\"target\":[\"https:\\\/\\\/parknasillaresort.com\\\/discover-kerry\\\/kenmare-beara-peninsula\\\/glengariff-garnish-island\\\/\"]}]},{\"@type\":\"BreadcrumbList\",\"@id\":\"https:\\\/\\\/parknasillaresort.com\\\/discover-kerry\\\/kenmare-beara-peninsula\\\/glengariff-garnish-island\\\/#breadcrumb\",\"itemListElement\":[{\"@type\":\"ListItem\",\"position\":1,\"name\":\"Home\",\"item\":\"https:\\\/\\\/parknasillaresort.com\\\/\"},{\"@type\":\"ListItem\",\"position\":2,\"name\":\"Discover Kerry\",\"item\":\"https:\\\/\\\/parknasillaresort.com\\\/discover-kerry\\\/\"},{\"@type\":\"ListItem\",\"position\":3,\"name\":\"Kenmare &#038; Beara Peninsula\",\"item\":\"https:\\\/\\\/parknasillaresort.com\\\/discover-kerry\\\/kenmare-beara-peninsula\\\/\"},{\"@type\":\"ListItem\",\"position\":4,\"name\":\"Glengariff &#038; Garnish Island\"}]},{\"@type\":\"WebSite\",\"@id\":\"https:\\\/\\\/parknasillaresort.com\\\/#website\",\"url\":\"https:\\\/\\\/parknasillaresort.com\\\/\",\"name\":\"Parknasilla Resort &amp; Spa\",\"description\":\"Truly in a world of its own.\",\"potentialAction\":[{\"@type\":\"SearchAction\",\"target\":{\"@type\":\"EntryPoint\",\"urlTemplate\":\"https:\\\/\\\/parknasillaresort.com\\\/?s={search_term_string}\"},\"query-input\":{\"@type\":\"PropertyValueSpecification\",\"valueRequired\":true,\"valueName\":\"search_term_string\"}}],\"inLanguage\":\"fr-FR\"}]}<\/script>\n<!-- \/ Yoast SEO plugin. -->","yoast_head_json":{"title":"Glengariff &amp; Garnish Island | 4* Parknasilla Resort &amp; Spa Kerry","description":"Une visite de la p\u00e9ninsule de Beara n'est pas compl\u00e8te sans une promenade \u00e0 Glengarriff et une excursion en bateau sur la c\u00e9l\u00e8bre \u00eele de Garnish, une attraction incontournable du Kerry.","robots":{"index":"index","follow":"follow","max-snippet":"max-snippet:-1","max-image-preview":"max-image-preview:large","max-video-preview":"max-video-preview:-1"},"canonical":"https:\/\/parknasillaresort.com\/fr\/discover-kerry\/kenmare-beara-peninsula\/glengariff-garnish-island\/","og_locale":"fr_FR","og_type":"article","og_title":"Glengariff & Garnish Island | 4* Parknasilla Resort & Spa Kerry","og_description":"A drive of the Beara peninsula is not complete without a stroll in Glengarriff & a boat trip out to the famous Island of Garnish a must-see attraction in Kerry.","og_url":"https:\/\/parknasillaresort.com\/fr\/discover-kerry\/kenmare-beara-peninsula\/glengariff-garnish-island\/","og_site_name":"Parknasilla Resort &amp; Spa","article_modified_time":"2021-10-14T16:07:17+00:00","twitter_card":"summary_large_image","schema":{"@context":"https:\/\/schema.org","@graph":[{"@type":"WebPage","@id":"https:\/\/parknasillaresort.com\/discover-kerry\/kenmare-beara-peninsula\/glengariff-garnish-island\/","url":"https:\/\/parknasillaresort.com\/discover-kerry\/kenmare-beara-peninsula\/glengariff-garnish-island\/","name":"Glengariff &amp; Garnish Island | 4* Parknasilla Resort &amp; Spa Kerry","isPartOf":{"@id":"https:\/\/parknasillaresort.com\/#website"},"datePublished":"2021-03-23T13:16:07+00:00","dateModified":"2021-10-14T16:07:17+00:00","description":"Une visite de la p\u00e9ninsule de Beara n'est pas compl\u00e8te sans une promenade \u00e0 Glengarriff et une excursion en bateau sur la c\u00e9l\u00e8bre \u00eele de Garnish, une attraction incontournable du Kerry.","breadcrumb":{"@id":"https:\/\/parknasillaresort.com\/discover-kerry\/kenmare-beara-peninsula\/glengariff-garnish-island\/#breadcrumb"},"inLanguage":"fr-FR","potentialAction":[{"@type":"ReadAction","target":["https:\/\/parknasillaresort.com\/discover-kerry\/kenmare-beara-peninsula\/glengariff-garnish-island\/"]}]},{"@type":"BreadcrumbList","@id":"https:\/\/parknasillaresort.com\/discover-kerry\/kenmare-beara-peninsula\/glengariff-garnish-island\/#breadcrumb","itemListElement":[{"@type":"ListItem","position":1,"name":"Home","item":"https:\/\/parknasillaresort.com\/"},{"@type":"ListItem","position":2,"name":"Discover Kerry","item":"https:\/\/parknasillaresort.com\/discover-kerry\/"},{"@type":"ListItem","position":3,"name":"Kenmare &#038; Beara Peninsula","item":"https:\/\/parknasillaresort.com\/discover-kerry\/kenmare-beara-peninsula\/"},{"@type":"ListItem","position":4,"name":"Glengariff &#038; Garnish Island"}]},{"@type":"WebSite","@id":"https:\/\/parknasillaresort.com\/#website","url":"https:\/\/parknasillaresort.com\/","name":"Parknasilla Resort &amp; Spa","description":"Truly in a world of its own.","potentialAction":[{"@type":"SearchAction","target":{"@type":"EntryPoint","urlTemplate":"https:\/\/parknasillaresort.com\/?s={search_term_string}"},"query-input":{"@type":"PropertyValueSpecification","valueRequired":true,"valueName":"search_term_string"}}],"inLanguage":"fr-FR"}]}},"_links":{"self":[{"href":"https:\/\/parknasillaresort.com\/fr\/wp-json\/wp\/v2\/pages\/846","targetHints":{"allow":["GET"]}}],"collection":[{"href":"https:\/\/parknasillaresort.com\/fr\/wp-json\/wp\/v2\/pages"}],"about":[{"href":"https:\/\/parknasillaresort.com\/fr\/wp-json\/wp\/v2\/types\/page"}],"author":[{"embeddable":true,"href":"https:\/\/parknasillaresort.com\/fr\/wp-json\/wp\/v2\/users\/3"}],"replies":[{"embeddable":true,"href":"https:\/\/parknasillaresort.com\/fr\/wp-json\/wp\/v2\/comments?post=846"}],"version-history":[{"count":0,"href":"https:\/\/parknasillaresort.com\/fr\/wp-json\/wp\/v2\/pages\/846\/revisions"}],"up":[{"embeddable":true,"href":"https:\/\/parknasillaresort.com\/fr\/wp-json\/wp\/v2\/pages\/844"}],"wp:attachment":[{"href":"https:\/\/parknasillaresort.com\/fr\/wp-json\/wp\/v2\/media?parent=846"}],"curies":[{"name":"wp","href":"https:\/\/api.w.org\/{rel}","templated":true}]}}