{"id":845,"date":"2021-03-23T13:14:00","date_gmt":"2021-03-23T13:14:00","guid":{"rendered":"http:\/\/parknasilla.local\/?page_id=845"},"modified":"2021-10-14T16:07:35","modified_gmt":"2021-10-14T16:07:35","slug":"kenmare-town","status":"publish","type":"page","link":"https:\/\/parknasillaresort.com\/fr\/discover-kerry\/kenmare-beara-peninsula\/kenmare-town\/","title":{"rendered":"Ville de Kenmare"},"content":{"rendered":"","protected":false},"excerpt":{"rendered":"","protected":false},"author":3,"featured_media":0,"parent":844,"menu_order":0,"comment_status":"closed","ping_status":"closed","template":"","meta":{"_acf_changed":false,"footnotes":""},"class_list":["post-845","page","type-page","status-publish","hentry"],"acf":[],"yoast_head":"<!-- This site is optimized with the Yoast SEO plugin v27.3 - https:\/\/yoast.com\/product\/yoast-seo-wordpress\/ -->\n<title>Kenmare Town | Kerry Tourist Attractions | Parknasilla Resort &amp; Spa<\/title>\n<meta name=\"description\" content=\"Kenmare town is located 24 km from Parknasilla and is a haven of tranquillity Surrounded by both the coastal drives of the Ring of Kerry &amp; Ring of Beara. Visit Today!\" \/>\n<meta name=\"robots\" content=\"index, follow, max-snippet:-1, max-image-preview:large, max-video-preview:-1\" \/>\n<link rel=\"canonical\" href=\"https:\/\/parknasillaresort.com\/fr\/discover-kerry\/kenmare-beara-peninsula\/kenmare-town\/\" \/>\n<meta property=\"og:locale\" content=\"fr_FR\" \/>\n<meta property=\"og:type\" content=\"article\" \/>\n<meta property=\"og:title\" content=\"Kenmare Town | Kerry Tourist Attractions | Parknasilla Resort &amp; Spa\" \/>\n<meta property=\"og:description\" content=\"Kenmare town is located 24 km from Parknasilla and is a haven of tranquillity Surrounded by both the coastal drives of the Ring of Kerry &amp; Ring of Beara. Visit Today!\" \/>\n<meta property=\"og:url\" content=\"https:\/\/parknasillaresort.com\/fr\/discover-kerry\/kenmare-beara-peninsula\/kenmare-town\/\" \/>\n<meta property=\"og:site_name\" content=\"Parknasilla Resort &amp; Spa\" \/>\n<meta property=\"article:modified_time\" content=\"2021-10-14T16:07:35+00:00\" \/>\n<meta name=\"twitter:card\" content=\"summary_large_image\" \/>\n<script type=\"application\/ld+json\" class=\"yoast-schema-graph\">{\"@context\":\"https:\\\/\\\/schema.org\",\"@graph\":[{\"@type\":\"WebPage\",\"@id\":\"https:\\\/\\\/parknasillaresort.com\\\/discover-kerry\\\/kenmare-beara-peninsula\\\/kenmare-town\\\/\",\"url\":\"https:\\\/\\\/parknasillaresort.com\\\/discover-kerry\\\/kenmare-beara-peninsula\\\/kenmare-town\\\/\",\"name\":\"Kenmare Town | Kerry Tourist Attractions | Parknasilla Resort & Spa\",\"isPartOf\":{\"@id\":\"https:\\\/\\\/parknasillaresort.com\\\/#website\"},\"datePublished\":\"2021-03-23T13:14:00+00:00\",\"dateModified\":\"2021-10-14T16:07:35+00:00\",\"description\":\"Kenmare town is located 24 km from Parknasilla and is a haven of tranquillity Surrounded by both the coastal drives of the Ring of Kerry & Ring of Beara. Visit Today!\",\"breadcrumb\":{\"@id\":\"https:\\\/\\\/parknasillaresort.com\\\/discover-kerry\\\/kenmare-beara-peninsula\\\/kenmare-town\\\/#breadcrumb\"},\"inLanguage\":\"fr-FR\",\"potentialAction\":[{\"@type\":\"ReadAction\",\"target\":[\"https:\\\/\\\/parknasillaresort.com\\\/discover-kerry\\\/kenmare-beara-peninsula\\\/kenmare-town\\\/\"]}]},{\"@type\":\"BreadcrumbList\",\"@id\":\"https:\\\/\\\/parknasillaresort.com\\\/discover-kerry\\\/kenmare-beara-peninsula\\\/kenmare-town\\\/#breadcrumb\",\"itemListElement\":[{\"@type\":\"ListItem\",\"position\":1,\"name\":\"Home\",\"item\":\"https:\\\/\\\/parknasillaresort.com\\\/\"},{\"@type\":\"ListItem\",\"position\":2,\"name\":\"Discover Kerry\",\"item\":\"https:\\\/\\\/parknasillaresort.com\\\/discover-kerry\\\/\"},{\"@type\":\"ListItem\",\"position\":3,\"name\":\"Kenmare &#038; Beara Peninsula\",\"item\":\"https:\\\/\\\/parknasillaresort.com\\\/discover-kerry\\\/kenmare-beara-peninsula\\\/\"},{\"@type\":\"ListItem\",\"position\":4,\"name\":\"Kenmare Town\"}]},{\"@type\":\"WebSite\",\"@id\":\"https:\\\/\\\/parknasillaresort.com\\\/#website\",\"url\":\"https:\\\/\\\/parknasillaresort.com\\\/\",\"name\":\"Parknasilla Resort &amp; Spa\",\"description\":\"Truly in a world of its own.\",\"potentialAction\":[{\"@type\":\"SearchAction\",\"target\":{\"@type\":\"EntryPoint\",\"urlTemplate\":\"https:\\\/\\\/parknasillaresort.com\\\/?s={search_term_string}\"},\"query-input\":{\"@type\":\"PropertyValueSpecification\",\"valueRequired\":true,\"valueName\":\"search_term_string\"}}],\"inLanguage\":\"fr-FR\"}]}<\/script>\n<!-- \/ Yoast SEO plugin. -->","yoast_head_json":{"title":"Kenmare Town | Kerry Tourist Attractions | Parknasilla Resort &amp; Spa","description":"La ville de Kenmare, situ\u00e9e \u00e0 24 km de Parknasilla, est un havre de tranquillit\u00e9. Elle est entour\u00e9e par les routes c\u00f4ti\u00e8res du Ring of Kerry et du Ring of Beara. Visitez aujourd'hui !","robots":{"index":"index","follow":"follow","max-snippet":"max-snippet:-1","max-image-preview":"max-image-preview:large","max-video-preview":"max-video-preview:-1"},"canonical":"https:\/\/parknasillaresort.com\/fr\/discover-kerry\/kenmare-beara-peninsula\/kenmare-town\/","og_locale":"fr_FR","og_type":"article","og_title":"Kenmare Town | Kerry Tourist Attractions | Parknasilla Resort & Spa","og_description":"Kenmare town is located 24 km from Parknasilla and is a haven of tranquillity Surrounded by both the coastal drives of the Ring of Kerry & Ring of Beara. Visit Today!","og_url":"https:\/\/parknasillaresort.com\/fr\/discover-kerry\/kenmare-beara-peninsula\/kenmare-town\/","og_site_name":"Parknasilla Resort &amp; Spa","article_modified_time":"2021-10-14T16:07:35+00:00","twitter_card":"summary_large_image","schema":{"@context":"https:\/\/schema.org","@graph":[{"@type":"WebPage","@id":"https:\/\/parknasillaresort.com\/discover-kerry\/kenmare-beara-peninsula\/kenmare-town\/","url":"https:\/\/parknasillaresort.com\/discover-kerry\/kenmare-beara-peninsula\/kenmare-town\/","name":"Kenmare Town | Kerry Tourist Attractions | Parknasilla Resort &amp; Spa","isPartOf":{"@id":"https:\/\/parknasillaresort.com\/#website"},"datePublished":"2021-03-23T13:14:00+00:00","dateModified":"2021-10-14T16:07:35+00:00","description":"La ville de Kenmare, situ\u00e9e \u00e0 24 km de Parknasilla, est un havre de tranquillit\u00e9. Elle est entour\u00e9e par les routes c\u00f4ti\u00e8res du Ring of Kerry et du Ring of Beara. Visitez aujourd'hui !","breadcrumb":{"@id":"https:\/\/parknasillaresort.com\/discover-kerry\/kenmare-beara-peninsula\/kenmare-town\/#breadcrumb"},"inLanguage":"fr-FR","potentialAction":[{"@type":"ReadAction","target":["https:\/\/parknasillaresort.com\/discover-kerry\/kenmare-beara-peninsula\/kenmare-town\/"]}]},{"@type":"BreadcrumbList","@id":"https:\/\/parknasillaresort.com\/discover-kerry\/kenmare-beara-peninsula\/kenmare-town\/#breadcrumb","itemListElement":[{"@type":"ListItem","position":1,"name":"Home","item":"https:\/\/parknasillaresort.com\/"},{"@type":"ListItem","position":2,"name":"Discover Kerry","item":"https:\/\/parknasillaresort.com\/discover-kerry\/"},{"@type":"ListItem","position":3,"name":"Kenmare &#038; Beara Peninsula","item":"https:\/\/parknasillaresort.com\/discover-kerry\/kenmare-beara-peninsula\/"},{"@type":"ListItem","position":4,"name":"Kenmare Town"}]},{"@type":"WebSite","@id":"https:\/\/parknasillaresort.com\/#website","url":"https:\/\/parknasillaresort.com\/","name":"Parknasilla Resort &amp; Spa","description":"Truly in a world of its own.","potentialAction":[{"@type":"SearchAction","target":{"@type":"EntryPoint","urlTemplate":"https:\/\/parknasillaresort.com\/?s={search_term_string}"},"query-input":{"@type":"PropertyValueSpecification","valueRequired":true,"valueName":"search_term_string"}}],"inLanguage":"fr-FR"}]}},"_links":{"self":[{"href":"https:\/\/parknasillaresort.com\/fr\/wp-json\/wp\/v2\/pages\/845","targetHints":{"allow":["GET"]}}],"collection":[{"href":"https:\/\/parknasillaresort.com\/fr\/wp-json\/wp\/v2\/pages"}],"about":[{"href":"https:\/\/parknasillaresort.com\/fr\/wp-json\/wp\/v2\/types\/page"}],"author":[{"embeddable":true,"href":"https:\/\/parknasillaresort.com\/fr\/wp-json\/wp\/v2\/users\/3"}],"replies":[{"embeddable":true,"href":"https:\/\/parknasillaresort.com\/fr\/wp-json\/wp\/v2\/comments?post=845"}],"version-history":[{"count":0,"href":"https:\/\/parknasillaresort.com\/fr\/wp-json\/wp\/v2\/pages\/845\/revisions"}],"up":[{"embeddable":true,"href":"https:\/\/parknasillaresort.com\/fr\/wp-json\/wp\/v2\/pages\/844"}],"wp:attachment":[{"href":"https:\/\/parknasillaresort.com\/fr\/wp-json\/wp\/v2\/media?parent=845"}],"curies":[{"name":"wp","href":"https:\/\/api.w.org\/{rel}","templated":true}]}}