{"id":843,"date":"2021-03-23T13:11:38","date_gmt":"2021-03-23T13:11:38","guid":{"rendered":"http:\/\/parknasilla.local\/?page_id=843"},"modified":"2021-10-14T16:10:18","modified_gmt":"2021-10-14T16:10:18","slug":"torc-waterfall-mountain","status":"publish","type":"page","link":"https:\/\/parknasillaresort.com\/fr\/discover-kerry\/killarney\/torc-waterfall-mountain\/","title":{"rendered":"Chute d'eau et montagne de Torc"},"content":{"rendered":"","protected":false},"excerpt":{"rendered":"","protected":false},"author":3,"featured_media":0,"parent":837,"menu_order":0,"comment_status":"closed","ping_status":"closed","template":"","meta":{"_acf_changed":false,"footnotes":""},"class_list":["post-843","page","type-page","status-publish","hentry"],"acf":[],"yoast_head":"<!-- This site is optimized with the Yoast SEO plugin v27.4 - https:\/\/yoast.com\/product\/yoast-seo-wordpress\/ -->\n<title>Tora Waterfall | Kerry Tourist Attractions | 4* Parknasilla Hotel<\/title>\n<meta name=\"description\" content=\"We would highly advise guests to drop by Torc Waterfall during their stay at Parknasilla Resort, which offers spectacular views of the Killarney landscape &amp; lakes.\" \/>\n<meta name=\"robots\" content=\"index, follow, max-snippet:-1, max-image-preview:large, max-video-preview:-1\" \/>\n<link rel=\"canonical\" href=\"https:\/\/parknasillaresort.com\/fr\/discover-kerry\/killarney\/torc-waterfall-mountain\/\" \/>\n<meta property=\"og:locale\" content=\"fr_FR\" \/>\n<meta property=\"og:type\" content=\"article\" \/>\n<meta property=\"og:title\" content=\"Tora Waterfall | Kerry Tourist Attractions | 4* Parknasilla Hotel\" \/>\n<meta property=\"og:description\" content=\"We would highly advise guests to drop by Torc Waterfall during their stay at Parknasilla Resort, which offers spectacular views of the Killarney landscape &amp; lakes.\" \/>\n<meta property=\"og:url\" content=\"https:\/\/parknasillaresort.com\/fr\/discover-kerry\/killarney\/torc-waterfall-mountain\/\" \/>\n<meta property=\"og:site_name\" content=\"Parknasilla Resort &amp; Spa\" \/>\n<meta property=\"article:modified_time\" content=\"2021-10-14T16:10:18+00:00\" \/>\n<meta name=\"twitter:card\" content=\"summary_large_image\" \/>\n<script type=\"application\/ld+json\" class=\"yoast-schema-graph\">{\"@context\":\"https:\\\/\\\/schema.org\",\"@graph\":[{\"@type\":\"WebPage\",\"@id\":\"https:\\\/\\\/parknasillaresort.com\\\/discover-kerry\\\/killarney\\\/torc-waterfall-mountain\\\/\",\"url\":\"https:\\\/\\\/parknasillaresort.com\\\/discover-kerry\\\/killarney\\\/torc-waterfall-mountain\\\/\",\"name\":\"Tora Waterfall | Kerry Tourist Attractions | 4* Parknasilla Hotel\",\"isPartOf\":{\"@id\":\"https:\\\/\\\/parknasillaresort.com\\\/#website\"},\"datePublished\":\"2021-03-23T13:11:38+00:00\",\"dateModified\":\"2021-10-14T16:10:18+00:00\",\"description\":\"We would highly advise guests to drop by Torc Waterfall during their stay at Parknasilla Resort, which offers spectacular views of the Killarney landscape & lakes.\",\"breadcrumb\":{\"@id\":\"https:\\\/\\\/parknasillaresort.com\\\/discover-kerry\\\/killarney\\\/torc-waterfall-mountain\\\/#breadcrumb\"},\"inLanguage\":\"fr-FR\",\"potentialAction\":[{\"@type\":\"ReadAction\",\"target\":[\"https:\\\/\\\/parknasillaresort.com\\\/discover-kerry\\\/killarney\\\/torc-waterfall-mountain\\\/\"]}]},{\"@type\":\"BreadcrumbList\",\"@id\":\"https:\\\/\\\/parknasillaresort.com\\\/discover-kerry\\\/killarney\\\/torc-waterfall-mountain\\\/#breadcrumb\",\"itemListElement\":[{\"@type\":\"ListItem\",\"position\":1,\"name\":\"Home\",\"item\":\"https:\\\/\\\/parknasillaresort.com\\\/\"},{\"@type\":\"ListItem\",\"position\":2,\"name\":\"Discover Kerry\",\"item\":\"https:\\\/\\\/parknasillaresort.com\\\/discover-kerry\\\/\"},{\"@type\":\"ListItem\",\"position\":3,\"name\":\"Killarney\",\"item\":\"https:\\\/\\\/parknasillaresort.com\\\/discover-kerry\\\/killarney\\\/\"},{\"@type\":\"ListItem\",\"position\":4,\"name\":\"Torc Waterfall &#038; Mountain\"}]},{\"@type\":\"WebSite\",\"@id\":\"https:\\\/\\\/parknasillaresort.com\\\/#website\",\"url\":\"https:\\\/\\\/parknasillaresort.com\\\/\",\"name\":\"Parknasilla Resort &amp; Spa\",\"description\":\"Truly in a world of its own.\",\"potentialAction\":[{\"@type\":\"SearchAction\",\"target\":{\"@type\":\"EntryPoint\",\"urlTemplate\":\"https:\\\/\\\/parknasillaresort.com\\\/?s={search_term_string}\"},\"query-input\":{\"@type\":\"PropertyValueSpecification\",\"valueRequired\":true,\"valueName\":\"search_term_string\"}}],\"inLanguage\":\"fr-FR\"}]}<\/script>\n<!-- \/ Yoast SEO plugin. -->","yoast_head_json":{"title":"Chute d'eau de Tora | Attractions touristiques de Kerry | H\u00f4tel 4* Parknasilla","description":"Nous vous conseillons vivement de vous rendre \u00e0 la cascade de Torc pendant votre s\u00e9jour au Parknasilla Resort, qui offre une vue spectaculaire sur le paysage et les lacs de Killarney.","robots":{"index":"index","follow":"follow","max-snippet":"max-snippet:-1","max-image-preview":"max-image-preview:large","max-video-preview":"max-video-preview:-1"},"canonical":"https:\/\/parknasillaresort.com\/fr\/discover-kerry\/killarney\/torc-waterfall-mountain\/","og_locale":"fr_FR","og_type":"article","og_title":"Tora Waterfall | Kerry Tourist Attractions | 4* Parknasilla Hotel","og_description":"We would highly advise guests to drop by Torc Waterfall during their stay at Parknasilla Resort, which offers spectacular views of the Killarney landscape & lakes.","og_url":"https:\/\/parknasillaresort.com\/fr\/discover-kerry\/killarney\/torc-waterfall-mountain\/","og_site_name":"Parknasilla Resort &amp; Spa","article_modified_time":"2021-10-14T16:10:18+00:00","twitter_card":"summary_large_image","schema":{"@context":"https:\/\/schema.org","@graph":[{"@type":"WebPage","@id":"https:\/\/parknasillaresort.com\/discover-kerry\/killarney\/torc-waterfall-mountain\/","url":"https:\/\/parknasillaresort.com\/discover-kerry\/killarney\/torc-waterfall-mountain\/","name":"Chute d'eau de Tora | Attractions touristiques de Kerry | H\u00f4tel 4* Parknasilla","isPartOf":{"@id":"https:\/\/parknasillaresort.com\/#website"},"datePublished":"2021-03-23T13:11:38+00:00","dateModified":"2021-10-14T16:10:18+00:00","description":"Nous vous conseillons vivement de vous rendre \u00e0 la cascade de Torc pendant votre s\u00e9jour au Parknasilla Resort, qui offre une vue spectaculaire sur le paysage et les lacs de Killarney.","breadcrumb":{"@id":"https:\/\/parknasillaresort.com\/discover-kerry\/killarney\/torc-waterfall-mountain\/#breadcrumb"},"inLanguage":"fr-FR","potentialAction":[{"@type":"ReadAction","target":["https:\/\/parknasillaresort.com\/discover-kerry\/killarney\/torc-waterfall-mountain\/"]}]},{"@type":"BreadcrumbList","@id":"https:\/\/parknasillaresort.com\/discover-kerry\/killarney\/torc-waterfall-mountain\/#breadcrumb","itemListElement":[{"@type":"ListItem","position":1,"name":"Home","item":"https:\/\/parknasillaresort.com\/"},{"@type":"ListItem","position":2,"name":"Discover Kerry","item":"https:\/\/parknasillaresort.com\/discover-kerry\/"},{"@type":"ListItem","position":3,"name":"Killarney","item":"https:\/\/parknasillaresort.com\/discover-kerry\/killarney\/"},{"@type":"ListItem","position":4,"name":"Torc Waterfall &#038; Mountain"}]},{"@type":"WebSite","@id":"https:\/\/parknasillaresort.com\/#website","url":"https:\/\/parknasillaresort.com\/","name":"Parknasilla Resort &amp; Spa","description":"Truly in a world of its own.","potentialAction":[{"@type":"SearchAction","target":{"@type":"EntryPoint","urlTemplate":"https:\/\/parknasillaresort.com\/?s={search_term_string}"},"query-input":{"@type":"PropertyValueSpecification","valueRequired":true,"valueName":"search_term_string"}}],"inLanguage":"fr-FR"}]}},"_links":{"self":[{"href":"https:\/\/parknasillaresort.com\/fr\/wp-json\/wp\/v2\/pages\/843","targetHints":{"allow":["GET"]}}],"collection":[{"href":"https:\/\/parknasillaresort.com\/fr\/wp-json\/wp\/v2\/pages"}],"about":[{"href":"https:\/\/parknasillaresort.com\/fr\/wp-json\/wp\/v2\/types\/page"}],"author":[{"embeddable":true,"href":"https:\/\/parknasillaresort.com\/fr\/wp-json\/wp\/v2\/users\/3"}],"replies":[{"embeddable":true,"href":"https:\/\/parknasillaresort.com\/fr\/wp-json\/wp\/v2\/comments?post=843"}],"version-history":[{"count":0,"href":"https:\/\/parknasillaresort.com\/fr\/wp-json\/wp\/v2\/pages\/843\/revisions"}],"up":[{"embeddable":true,"href":"https:\/\/parknasillaresort.com\/fr\/wp-json\/wp\/v2\/pages\/837"}],"wp:attachment":[{"href":"https:\/\/parknasillaresort.com\/fr\/wp-json\/wp\/v2\/media?parent=843"}],"curies":[{"name":"wp","href":"https:\/\/api.w.org\/{rel}","templated":true}]}}