{"id":834,"date":"2021-03-23T12:56:50","date_gmt":"2021-03-23T12:56:50","guid":{"rendered":"http:\/\/parknasilla.local\/?page_id=834"},"modified":"2021-10-14T16:16:59","modified_gmt":"2021-10-14T16:16:59","slug":"ring-of-skelligs","status":"publish","type":"page","link":"https:\/\/parknasillaresort.com\/fr\/discover-kerry\/south-kerry\/ring-of-skelligs\/","title":{"rendered":"Anneau des Skellig's"},"content":{"rendered":"","protected":false},"excerpt":{"rendered":"","protected":false},"author":3,"featured_media":0,"parent":827,"menu_order":0,"comment_status":"closed","ping_status":"closed","template":"","meta":{"_acf_changed":false,"footnotes":""},"class_list":["post-834","page","type-page","status-publish","hentry"],"acf":[],"yoast_head":"<!-- This site is optimized with the Yoast SEO plugin v27.3 - https:\/\/yoast.com\/product\/yoast-seo-wordpress\/ -->\n<title>The Skellig Ring | Best Places To Visit Kerry | Parknasilla Resort<\/title>\n<meta name=\"description\" content=\"The Skellig Ring in Kerry is a scenic coastal drive route that takes you along narrow lanes on cliff tops dotted with sheep, with wild Atlantic waves crashing below.\" \/>\n<meta name=\"robots\" content=\"index, follow, max-snippet:-1, max-image-preview:large, max-video-preview:-1\" \/>\n<link rel=\"canonical\" href=\"https:\/\/parknasillaresort.com\/fr\/discover-kerry\/south-kerry\/ring-of-skelligs\/\" \/>\n<meta property=\"og:locale\" content=\"fr_FR\" \/>\n<meta property=\"og:type\" content=\"article\" \/>\n<meta property=\"og:title\" content=\"The Skellig Ring | Best Places To Visit Kerry | Parknasilla Resort\" \/>\n<meta property=\"og:description\" content=\"The Skellig Ring in Kerry is a scenic coastal drive route that takes you along narrow lanes on cliff tops dotted with sheep, with wild Atlantic waves crashing below.\" \/>\n<meta property=\"og:url\" content=\"https:\/\/parknasillaresort.com\/fr\/discover-kerry\/south-kerry\/ring-of-skelligs\/\" \/>\n<meta property=\"og:site_name\" content=\"Parknasilla Resort &amp; Spa\" \/>\n<meta property=\"article:modified_time\" content=\"2021-10-14T16:16:59+00:00\" \/>\n<meta name=\"twitter:card\" content=\"summary_large_image\" \/>\n<script type=\"application\/ld+json\" class=\"yoast-schema-graph\">{\"@context\":\"https:\\\/\\\/schema.org\",\"@graph\":[{\"@type\":\"WebPage\",\"@id\":\"https:\\\/\\\/parknasillaresort.com\\\/discover-kerry\\\/south-kerry\\\/ring-of-skelligs\\\/\",\"url\":\"https:\\\/\\\/parknasillaresort.com\\\/discover-kerry\\\/south-kerry\\\/ring-of-skelligs\\\/\",\"name\":\"The Skellig Ring | Best Places To Visit Kerry | Parknasilla Resort\",\"isPartOf\":{\"@id\":\"https:\\\/\\\/parknasillaresort.com\\\/#website\"},\"datePublished\":\"2021-03-23T12:56:50+00:00\",\"dateModified\":\"2021-10-14T16:16:59+00:00\",\"description\":\"The Skellig Ring in Kerry is a scenic coastal drive route that takes you along narrow lanes on cliff tops dotted with sheep, with wild Atlantic waves crashing below.\",\"breadcrumb\":{\"@id\":\"https:\\\/\\\/parknasillaresort.com\\\/discover-kerry\\\/south-kerry\\\/ring-of-skelligs\\\/#breadcrumb\"},\"inLanguage\":\"fr-FR\",\"potentialAction\":[{\"@type\":\"ReadAction\",\"target\":[\"https:\\\/\\\/parknasillaresort.com\\\/discover-kerry\\\/south-kerry\\\/ring-of-skelligs\\\/\"]}]},{\"@type\":\"BreadcrumbList\",\"@id\":\"https:\\\/\\\/parknasillaresort.com\\\/discover-kerry\\\/south-kerry\\\/ring-of-skelligs\\\/#breadcrumb\",\"itemListElement\":[{\"@type\":\"ListItem\",\"position\":1,\"name\":\"Home\",\"item\":\"https:\\\/\\\/parknasillaresort.com\\\/\"},{\"@type\":\"ListItem\",\"position\":2,\"name\":\"Discover Kerry\",\"item\":\"https:\\\/\\\/parknasillaresort.com\\\/discover-kerry\\\/\"},{\"@type\":\"ListItem\",\"position\":3,\"name\":\"South Kerry\",\"item\":\"https:\\\/\\\/parknasillaresort.com\\\/discover-kerry\\\/south-kerry\\\/\"},{\"@type\":\"ListItem\",\"position\":4,\"name\":\"Ring of Skellig&#8217;s\"}]},{\"@type\":\"WebSite\",\"@id\":\"https:\\\/\\\/parknasillaresort.com\\\/#website\",\"url\":\"https:\\\/\\\/parknasillaresort.com\\\/\",\"name\":\"Parknasilla Resort &amp; Spa\",\"description\":\"Truly in a world of its own.\",\"potentialAction\":[{\"@type\":\"SearchAction\",\"target\":{\"@type\":\"EntryPoint\",\"urlTemplate\":\"https:\\\/\\\/parknasillaresort.com\\\/?s={search_term_string}\"},\"query-input\":{\"@type\":\"PropertyValueSpecification\",\"valueRequired\":true,\"valueName\":\"search_term_string\"}}],\"inLanguage\":\"fr-FR\"}]}<\/script>\n<!-- \/ Yoast SEO plugin. -->","yoast_head_json":{"title":"L'anneau Skellig | Meilleurs endroits pour visiter Kerry | Parknasilla Resort","description":"L'anneau de Skellig dans le Kerry est un itin\u00e9raire c\u00f4tier pittoresque qui vous emm\u00e8ne le long d'\u00e9troites ruelles sur des falaises parsem\u00e9es de moutons, avec les vagues sauvages de l'Atlantique qui s'\u00e9crasent en contrebas.","robots":{"index":"index","follow":"follow","max-snippet":"max-snippet:-1","max-image-preview":"max-image-preview:large","max-video-preview":"max-video-preview:-1"},"canonical":"https:\/\/parknasillaresort.com\/fr\/discover-kerry\/south-kerry\/ring-of-skelligs\/","og_locale":"fr_FR","og_type":"article","og_title":"The Skellig Ring | Best Places To Visit Kerry | Parknasilla Resort","og_description":"The Skellig Ring in Kerry is a scenic coastal drive route that takes you along narrow lanes on cliff tops dotted with sheep, with wild Atlantic waves crashing below.","og_url":"https:\/\/parknasillaresort.com\/fr\/discover-kerry\/south-kerry\/ring-of-skelligs\/","og_site_name":"Parknasilla Resort &amp; Spa","article_modified_time":"2021-10-14T16:16:59+00:00","twitter_card":"summary_large_image","schema":{"@context":"https:\/\/schema.org","@graph":[{"@type":"WebPage","@id":"https:\/\/parknasillaresort.com\/discover-kerry\/south-kerry\/ring-of-skelligs\/","url":"https:\/\/parknasillaresort.com\/discover-kerry\/south-kerry\/ring-of-skelligs\/","name":"L'anneau Skellig | Meilleurs endroits pour visiter Kerry | Parknasilla Resort","isPartOf":{"@id":"https:\/\/parknasillaresort.com\/#website"},"datePublished":"2021-03-23T12:56:50+00:00","dateModified":"2021-10-14T16:16:59+00:00","description":"L'anneau de Skellig dans le Kerry est un itin\u00e9raire c\u00f4tier pittoresque qui vous emm\u00e8ne le long d'\u00e9troites ruelles sur des falaises parsem\u00e9es de moutons, avec les vagues sauvages de l'Atlantique qui s'\u00e9crasent en contrebas.","breadcrumb":{"@id":"https:\/\/parknasillaresort.com\/discover-kerry\/south-kerry\/ring-of-skelligs\/#breadcrumb"},"inLanguage":"fr-FR","potentialAction":[{"@type":"ReadAction","target":["https:\/\/parknasillaresort.com\/discover-kerry\/south-kerry\/ring-of-skelligs\/"]}]},{"@type":"BreadcrumbList","@id":"https:\/\/parknasillaresort.com\/discover-kerry\/south-kerry\/ring-of-skelligs\/#breadcrumb","itemListElement":[{"@type":"ListItem","position":1,"name":"Home","item":"https:\/\/parknasillaresort.com\/"},{"@type":"ListItem","position":2,"name":"Discover Kerry","item":"https:\/\/parknasillaresort.com\/discover-kerry\/"},{"@type":"ListItem","position":3,"name":"South Kerry","item":"https:\/\/parknasillaresort.com\/discover-kerry\/south-kerry\/"},{"@type":"ListItem","position":4,"name":"Ring of Skellig&#8217;s"}]},{"@type":"WebSite","@id":"https:\/\/parknasillaresort.com\/#website","url":"https:\/\/parknasillaresort.com\/","name":"Parknasilla Resort &amp; Spa","description":"Truly in a world of its own.","potentialAction":[{"@type":"SearchAction","target":{"@type":"EntryPoint","urlTemplate":"https:\/\/parknasillaresort.com\/?s={search_term_string}"},"query-input":{"@type":"PropertyValueSpecification","valueRequired":true,"valueName":"search_term_string"}}],"inLanguage":"fr-FR"}]}},"_links":{"self":[{"href":"https:\/\/parknasillaresort.com\/fr\/wp-json\/wp\/v2\/pages\/834","targetHints":{"allow":["GET"]}}],"collection":[{"href":"https:\/\/parknasillaresort.com\/fr\/wp-json\/wp\/v2\/pages"}],"about":[{"href":"https:\/\/parknasillaresort.com\/fr\/wp-json\/wp\/v2\/types\/page"}],"author":[{"embeddable":true,"href":"https:\/\/parknasillaresort.com\/fr\/wp-json\/wp\/v2\/users\/3"}],"replies":[{"embeddable":true,"href":"https:\/\/parknasillaresort.com\/fr\/wp-json\/wp\/v2\/comments?post=834"}],"version-history":[{"count":0,"href":"https:\/\/parknasillaresort.com\/fr\/wp-json\/wp\/v2\/pages\/834\/revisions"}],"up":[{"embeddable":true,"href":"https:\/\/parknasillaresort.com\/fr\/wp-json\/wp\/v2\/pages\/827"}],"wp:attachment":[{"href":"https:\/\/parknasillaresort.com\/fr\/wp-json\/wp\/v2\/media?parent=834"}],"curies":[{"name":"wp","href":"https:\/\/api.w.org\/{rel}","templated":true}]}}