{"id":831,"date":"2021-03-23T12:53:07","date_gmt":"2021-03-23T12:53:07","guid":{"rendered":"http:\/\/parknasilla.local\/?page_id=831"},"modified":"2021-10-14T16:18:47","modified_gmt":"2021-10-14T16:18:47","slug":"valentia-island","status":"publish","type":"page","link":"https:\/\/parknasillaresort.com\/fr\/discover-kerry\/south-kerry\/valentia-island\/","title":{"rendered":"\u00cele de Valentia"},"content":{"rendered":"","protected":false},"excerpt":{"rendered":"","protected":false},"author":3,"featured_media":0,"parent":827,"menu_order":0,"comment_status":"closed","ping_status":"closed","template":"","meta":{"_acf_changed":false,"footnotes":""},"class_list":["post-831","page","type-page","status-publish","hentry"],"acf":[],"yoast_head":"<!-- This site is optimized with the Yoast SEO plugin v27.4 - https:\/\/yoast.com\/product\/yoast-seo-wordpress\/ -->\n<title>Valentia Island | Tourist Attractions In Kerry | Parknasilla Resort<\/title>\n<meta name=\"description\" content=\"Valentia Island is renowned as one of Ireland\u2019s best-kept secrets, located on the Skellig Coast in the Southern Peninsulas of the Wild Atlantic Way. Visit here today!\" \/>\n<meta name=\"robots\" content=\"index, follow, max-snippet:-1, max-image-preview:large, max-video-preview:-1\" \/>\n<link rel=\"canonical\" href=\"https:\/\/parknasillaresort.com\/fr\/discover-kerry\/south-kerry\/valentia-island\/\" \/>\n<meta property=\"og:locale\" content=\"fr_FR\" \/>\n<meta property=\"og:type\" content=\"article\" \/>\n<meta property=\"og:title\" content=\"Valentia Island | Tourist Attractions In Kerry | Parknasilla Resort\" \/>\n<meta property=\"og:description\" content=\"Valentia Island is renowned as one of Ireland\u2019s best-kept secrets, located on the Skellig Coast in the Southern Peninsulas of the Wild Atlantic Way. Visit here today!\" \/>\n<meta property=\"og:url\" content=\"https:\/\/parknasillaresort.com\/fr\/discover-kerry\/south-kerry\/valentia-island\/\" \/>\n<meta property=\"og:site_name\" content=\"Parknasilla Resort &amp; Spa\" \/>\n<meta property=\"article:modified_time\" content=\"2021-10-14T16:18:47+00:00\" \/>\n<meta name=\"twitter:card\" content=\"summary_large_image\" \/>\n<script type=\"application\/ld+json\" class=\"yoast-schema-graph\">{\"@context\":\"https:\\\/\\\/schema.org\",\"@graph\":[{\"@type\":\"WebPage\",\"@id\":\"https:\\\/\\\/parknasillaresort.com\\\/discover-kerry\\\/south-kerry\\\/valentia-island\\\/\",\"url\":\"https:\\\/\\\/parknasillaresort.com\\\/discover-kerry\\\/south-kerry\\\/valentia-island\\\/\",\"name\":\"Valentia Island | Tourist Attractions In Kerry | Parknasilla Resort\",\"isPartOf\":{\"@id\":\"https:\\\/\\\/parknasillaresort.com\\\/#website\"},\"datePublished\":\"2021-03-23T12:53:07+00:00\",\"dateModified\":\"2021-10-14T16:18:47+00:00\",\"description\":\"Valentia Island is renowned as one of Ireland\u2019s best-kept secrets, located on the Skellig Coast in the Southern Peninsulas of the Wild Atlantic Way. Visit here today!\",\"breadcrumb\":{\"@id\":\"https:\\\/\\\/parknasillaresort.com\\\/discover-kerry\\\/south-kerry\\\/valentia-island\\\/#breadcrumb\"},\"inLanguage\":\"fr-FR\",\"potentialAction\":[{\"@type\":\"ReadAction\",\"target\":[\"https:\\\/\\\/parknasillaresort.com\\\/discover-kerry\\\/south-kerry\\\/valentia-island\\\/\"]}]},{\"@type\":\"BreadcrumbList\",\"@id\":\"https:\\\/\\\/parknasillaresort.com\\\/discover-kerry\\\/south-kerry\\\/valentia-island\\\/#breadcrumb\",\"itemListElement\":[{\"@type\":\"ListItem\",\"position\":1,\"name\":\"Home\",\"item\":\"https:\\\/\\\/parknasillaresort.com\\\/\"},{\"@type\":\"ListItem\",\"position\":2,\"name\":\"Discover Kerry\",\"item\":\"https:\\\/\\\/parknasillaresort.com\\\/discover-kerry\\\/\"},{\"@type\":\"ListItem\",\"position\":3,\"name\":\"South Kerry\",\"item\":\"https:\\\/\\\/parknasillaresort.com\\\/discover-kerry\\\/south-kerry\\\/\"},{\"@type\":\"ListItem\",\"position\":4,\"name\":\"Valentia Island\"}]},{\"@type\":\"WebSite\",\"@id\":\"https:\\\/\\\/parknasillaresort.com\\\/#website\",\"url\":\"https:\\\/\\\/parknasillaresort.com\\\/\",\"name\":\"Parknasilla Resort &amp; Spa\",\"description\":\"Truly in a world of its own.\",\"potentialAction\":[{\"@type\":\"SearchAction\",\"target\":{\"@type\":\"EntryPoint\",\"urlTemplate\":\"https:\\\/\\\/parknasillaresort.com\\\/?s={search_term_string}\"},\"query-input\":{\"@type\":\"PropertyValueSpecification\",\"valueRequired\":true,\"valueName\":\"search_term_string\"}}],\"inLanguage\":\"fr-FR\"}]}<\/script>\n<!-- \/ Yoast SEO plugin. -->","yoast_head_json":{"title":"Ile de Valentia | Attractions touristiques dans le Kerry | Parknasilla Resort","description":"L'\u00eele de Valentia est r\u00e9put\u00e9e pour \u00eatre l'un des secrets les mieux gard\u00e9s d'Irlande. Elle est situ\u00e9e sur la c\u00f4te de Skellig, dans les p\u00e9ninsules du sud du Wild Atlantic Way. Visitez-la d\u00e8s aujourd'hui !","robots":{"index":"index","follow":"follow","max-snippet":"max-snippet:-1","max-image-preview":"max-image-preview:large","max-video-preview":"max-video-preview:-1"},"canonical":"https:\/\/parknasillaresort.com\/fr\/discover-kerry\/south-kerry\/valentia-island\/","og_locale":"fr_FR","og_type":"article","og_title":"Valentia Island | Tourist Attractions In Kerry | Parknasilla Resort","og_description":"Valentia Island is renowned as one of Ireland\u2019s best-kept secrets, located on the Skellig Coast in the Southern Peninsulas of the Wild Atlantic Way. Visit here today!","og_url":"https:\/\/parknasillaresort.com\/fr\/discover-kerry\/south-kerry\/valentia-island\/","og_site_name":"Parknasilla Resort &amp; Spa","article_modified_time":"2021-10-14T16:18:47+00:00","twitter_card":"summary_large_image","schema":{"@context":"https:\/\/schema.org","@graph":[{"@type":"WebPage","@id":"https:\/\/parknasillaresort.com\/discover-kerry\/south-kerry\/valentia-island\/","url":"https:\/\/parknasillaresort.com\/discover-kerry\/south-kerry\/valentia-island\/","name":"Ile de Valentia | Attractions touristiques dans le Kerry | Parknasilla Resort","isPartOf":{"@id":"https:\/\/parknasillaresort.com\/#website"},"datePublished":"2021-03-23T12:53:07+00:00","dateModified":"2021-10-14T16:18:47+00:00","description":"L'\u00eele de Valentia est r\u00e9put\u00e9e pour \u00eatre l'un des secrets les mieux gard\u00e9s d'Irlande. Elle est situ\u00e9e sur la c\u00f4te de Skellig, dans les p\u00e9ninsules du sud du Wild Atlantic Way. Visitez-la d\u00e8s aujourd'hui !","breadcrumb":{"@id":"https:\/\/parknasillaresort.com\/discover-kerry\/south-kerry\/valentia-island\/#breadcrumb"},"inLanguage":"fr-FR","potentialAction":[{"@type":"ReadAction","target":["https:\/\/parknasillaresort.com\/discover-kerry\/south-kerry\/valentia-island\/"]}]},{"@type":"BreadcrumbList","@id":"https:\/\/parknasillaresort.com\/discover-kerry\/south-kerry\/valentia-island\/#breadcrumb","itemListElement":[{"@type":"ListItem","position":1,"name":"Home","item":"https:\/\/parknasillaresort.com\/"},{"@type":"ListItem","position":2,"name":"Discover Kerry","item":"https:\/\/parknasillaresort.com\/discover-kerry\/"},{"@type":"ListItem","position":3,"name":"South Kerry","item":"https:\/\/parknasillaresort.com\/discover-kerry\/south-kerry\/"},{"@type":"ListItem","position":4,"name":"Valentia Island"}]},{"@type":"WebSite","@id":"https:\/\/parknasillaresort.com\/#website","url":"https:\/\/parknasillaresort.com\/","name":"Parknasilla Resort &amp; Spa","description":"Truly in a world of its own.","potentialAction":[{"@type":"SearchAction","target":{"@type":"EntryPoint","urlTemplate":"https:\/\/parknasillaresort.com\/?s={search_term_string}"},"query-input":{"@type":"PropertyValueSpecification","valueRequired":true,"valueName":"search_term_string"}}],"inLanguage":"fr-FR"}]}},"_links":{"self":[{"href":"https:\/\/parknasillaresort.com\/fr\/wp-json\/wp\/v2\/pages\/831","targetHints":{"allow":["GET"]}}],"collection":[{"href":"https:\/\/parknasillaresort.com\/fr\/wp-json\/wp\/v2\/pages"}],"about":[{"href":"https:\/\/parknasillaresort.com\/fr\/wp-json\/wp\/v2\/types\/page"}],"author":[{"embeddable":true,"href":"https:\/\/parknasillaresort.com\/fr\/wp-json\/wp\/v2\/users\/3"}],"replies":[{"embeddable":true,"href":"https:\/\/parknasillaresort.com\/fr\/wp-json\/wp\/v2\/comments?post=831"}],"version-history":[{"count":0,"href":"https:\/\/parknasillaresort.com\/fr\/wp-json\/wp\/v2\/pages\/831\/revisions"}],"up":[{"embeddable":true,"href":"https:\/\/parknasillaresort.com\/fr\/wp-json\/wp\/v2\/pages\/827"}],"wp:attachment":[{"href":"https:\/\/parknasillaresort.com\/fr\/wp-json\/wp\/v2\/media?parent=831"}],"curies":[{"name":"wp","href":"https:\/\/api.w.org\/{rel}","templated":true}]}}