{"id":829,"date":"2021-03-23T12:49:32","date_gmt":"2021-03-23T12:49:32","guid":{"rendered":"http:\/\/parknasilla.local\/?page_id=829"},"modified":"2021-10-14T16:14:45","modified_gmt":"2021-10-14T16:14:45","slug":"derrynane-house-national-park","status":"publish","type":"page","link":"https:\/\/parknasillaresort.com\/fr\/discover-kerry\/south-kerry\/derrynane-house-national-park\/","title":{"rendered":"Derrynane House et parc national"},"content":{"rendered":"","protected":false},"excerpt":{"rendered":"","protected":false},"author":3,"featured_media":0,"parent":827,"menu_order":0,"comment_status":"closed","ping_status":"closed","template":"","meta":{"_acf_changed":false,"footnotes":""},"class_list":["post-829","page","type-page","status-publish","hentry"],"acf":[],"yoast_head":"<!-- This site is optimized with the Yoast SEO plugin v27.4 - https:\/\/yoast.com\/product\/yoast-seo-wordpress\/ -->\n<title>Derrynane House &amp; National Park | 4 Star Parknasilla Resort &amp; Spa<\/title>\n<meta name=\"description\" content=\"Derrynane House &amp; National Park situated on 120 hectares of parklands on the Kerry coast, the house displays relics of O\u2019Connell\u2019s life &amp; career Book a guided tour.\" \/>\n<meta name=\"robots\" content=\"index, follow, max-snippet:-1, max-image-preview:large, max-video-preview:-1\" \/>\n<link rel=\"canonical\" href=\"https:\/\/parknasillaresort.com\/fr\/discover-kerry\/south-kerry\/derrynane-house-national-park\/\" \/>\n<meta property=\"og:locale\" content=\"fr_FR\" \/>\n<meta property=\"og:type\" content=\"article\" \/>\n<meta property=\"og:title\" content=\"Derrynane House &amp; National Park | 4 Star Parknasilla Resort &amp; Spa\" \/>\n<meta property=\"og:description\" content=\"Derrynane House &amp; National Park situated on 120 hectares of parklands on the Kerry coast, the house displays relics of O\u2019Connell\u2019s life &amp; career Book a guided tour.\" \/>\n<meta property=\"og:url\" content=\"https:\/\/parknasillaresort.com\/fr\/discover-kerry\/south-kerry\/derrynane-house-national-park\/\" \/>\n<meta property=\"og:site_name\" content=\"Parknasilla Resort &amp; Spa\" \/>\n<meta property=\"article:modified_time\" content=\"2021-10-14T16:14:45+00:00\" \/>\n<meta name=\"twitter:card\" content=\"summary_large_image\" \/>\n<script type=\"application\/ld+json\" class=\"yoast-schema-graph\">{\"@context\":\"https:\\\/\\\/schema.org\",\"@graph\":[{\"@type\":\"WebPage\",\"@id\":\"https:\\\/\\\/parknasillaresort.com\\\/discover-kerry\\\/south-kerry\\\/derrynane-house-national-park\\\/\",\"url\":\"https:\\\/\\\/parknasillaresort.com\\\/discover-kerry\\\/south-kerry\\\/derrynane-house-national-park\\\/\",\"name\":\"Derrynane House & National Park | 4 Star Parknasilla Resort & Spa\",\"isPartOf\":{\"@id\":\"https:\\\/\\\/parknasillaresort.com\\\/#website\"},\"datePublished\":\"2021-03-23T12:49:32+00:00\",\"dateModified\":\"2021-10-14T16:14:45+00:00\",\"description\":\"Derrynane House & National Park situated on 120 hectares of parklands on the Kerry coast, the house displays relics of O\u2019Connell\u2019s life & career Book a guided tour.\",\"breadcrumb\":{\"@id\":\"https:\\\/\\\/parknasillaresort.com\\\/discover-kerry\\\/south-kerry\\\/derrynane-house-national-park\\\/#breadcrumb\"},\"inLanguage\":\"fr-FR\",\"potentialAction\":[{\"@type\":\"ReadAction\",\"target\":[\"https:\\\/\\\/parknasillaresort.com\\\/discover-kerry\\\/south-kerry\\\/derrynane-house-national-park\\\/\"]}]},{\"@type\":\"BreadcrumbList\",\"@id\":\"https:\\\/\\\/parknasillaresort.com\\\/discover-kerry\\\/south-kerry\\\/derrynane-house-national-park\\\/#breadcrumb\",\"itemListElement\":[{\"@type\":\"ListItem\",\"position\":1,\"name\":\"Home\",\"item\":\"https:\\\/\\\/parknasillaresort.com\\\/\"},{\"@type\":\"ListItem\",\"position\":2,\"name\":\"Discover Kerry\",\"item\":\"https:\\\/\\\/parknasillaresort.com\\\/discover-kerry\\\/\"},{\"@type\":\"ListItem\",\"position\":3,\"name\":\"South Kerry\",\"item\":\"https:\\\/\\\/parknasillaresort.com\\\/discover-kerry\\\/south-kerry\\\/\"},{\"@type\":\"ListItem\",\"position\":4,\"name\":\"Derrynane House &#038; National Park\"}]},{\"@type\":\"WebSite\",\"@id\":\"https:\\\/\\\/parknasillaresort.com\\\/#website\",\"url\":\"https:\\\/\\\/parknasillaresort.com\\\/\",\"name\":\"Parknasilla Resort &amp; Spa\",\"description\":\"Truly in a world of its own.\",\"potentialAction\":[{\"@type\":\"SearchAction\",\"target\":{\"@type\":\"EntryPoint\",\"urlTemplate\":\"https:\\\/\\\/parknasillaresort.com\\\/?s={search_term_string}\"},\"query-input\":{\"@type\":\"PropertyValueSpecification\",\"valueRequired\":true,\"valueName\":\"search_term_string\"}}],\"inLanguage\":\"fr-FR\"}]}<\/script>\n<!-- \/ Yoast SEO plugin. -->","yoast_head_json":{"title":"Derrynane House &amp; National Park | 4 Star Parknasilla Resort &amp; Spa","description":"Derrynane House &amp; National Park situ\u00e9 sur 120 hectares de parc sur la c\u00f4te du Kerry, la maison expose des reliques de la vie et de la carri\u00e8re de O'Connell. R\u00e9servez une visite guid\u00e9e.","robots":{"index":"index","follow":"follow","max-snippet":"max-snippet:-1","max-image-preview":"max-image-preview:large","max-video-preview":"max-video-preview:-1"},"canonical":"https:\/\/parknasillaresort.com\/fr\/discover-kerry\/south-kerry\/derrynane-house-national-park\/","og_locale":"fr_FR","og_type":"article","og_title":"Derrynane House & National Park | 4 Star Parknasilla Resort & Spa","og_description":"Derrynane House & National Park situated on 120 hectares of parklands on the Kerry coast, the house displays relics of O\u2019Connell\u2019s life & career Book a guided tour.","og_url":"https:\/\/parknasillaresort.com\/fr\/discover-kerry\/south-kerry\/derrynane-house-national-park\/","og_site_name":"Parknasilla Resort &amp; Spa","article_modified_time":"2021-10-14T16:14:45+00:00","twitter_card":"summary_large_image","schema":{"@context":"https:\/\/schema.org","@graph":[{"@type":"WebPage","@id":"https:\/\/parknasillaresort.com\/discover-kerry\/south-kerry\/derrynane-house-national-park\/","url":"https:\/\/parknasillaresort.com\/discover-kerry\/south-kerry\/derrynane-house-national-park\/","name":"Derrynane House &amp; National Park | 4 Star Parknasilla Resort &amp; Spa","isPartOf":{"@id":"https:\/\/parknasillaresort.com\/#website"},"datePublished":"2021-03-23T12:49:32+00:00","dateModified":"2021-10-14T16:14:45+00:00","description":"Derrynane House &amp; National Park situ\u00e9 sur 120 hectares de parc sur la c\u00f4te du Kerry, la maison expose des reliques de la vie et de la carri\u00e8re de O'Connell. R\u00e9servez une visite guid\u00e9e.","breadcrumb":{"@id":"https:\/\/parknasillaresort.com\/discover-kerry\/south-kerry\/derrynane-house-national-park\/#breadcrumb"},"inLanguage":"fr-FR","potentialAction":[{"@type":"ReadAction","target":["https:\/\/parknasillaresort.com\/discover-kerry\/south-kerry\/derrynane-house-national-park\/"]}]},{"@type":"BreadcrumbList","@id":"https:\/\/parknasillaresort.com\/discover-kerry\/south-kerry\/derrynane-house-national-park\/#breadcrumb","itemListElement":[{"@type":"ListItem","position":1,"name":"Home","item":"https:\/\/parknasillaresort.com\/"},{"@type":"ListItem","position":2,"name":"Discover Kerry","item":"https:\/\/parknasillaresort.com\/discover-kerry\/"},{"@type":"ListItem","position":3,"name":"South Kerry","item":"https:\/\/parknasillaresort.com\/discover-kerry\/south-kerry\/"},{"@type":"ListItem","position":4,"name":"Derrynane House &#038; National Park"}]},{"@type":"WebSite","@id":"https:\/\/parknasillaresort.com\/#website","url":"https:\/\/parknasillaresort.com\/","name":"Parknasilla Resort &amp; Spa","description":"Truly in a world of its own.","potentialAction":[{"@type":"SearchAction","target":{"@type":"EntryPoint","urlTemplate":"https:\/\/parknasillaresort.com\/?s={search_term_string}"},"query-input":{"@type":"PropertyValueSpecification","valueRequired":true,"valueName":"search_term_string"}}],"inLanguage":"fr-FR"}]}},"_links":{"self":[{"href":"https:\/\/parknasillaresort.com\/fr\/wp-json\/wp\/v2\/pages\/829","targetHints":{"allow":["GET"]}}],"collection":[{"href":"https:\/\/parknasillaresort.com\/fr\/wp-json\/wp\/v2\/pages"}],"about":[{"href":"https:\/\/parknasillaresort.com\/fr\/wp-json\/wp\/v2\/types\/page"}],"author":[{"embeddable":true,"href":"https:\/\/parknasillaresort.com\/fr\/wp-json\/wp\/v2\/users\/3"}],"replies":[{"embeddable":true,"href":"https:\/\/parknasillaresort.com\/fr\/wp-json\/wp\/v2\/comments?post=829"}],"version-history":[{"count":0,"href":"https:\/\/parknasillaresort.com\/fr\/wp-json\/wp\/v2\/pages\/829\/revisions"}],"up":[{"embeddable":true,"href":"https:\/\/parknasillaresort.com\/fr\/wp-json\/wp\/v2\/pages\/827"}],"wp:attachment":[{"href":"https:\/\/parknasillaresort.com\/fr\/wp-json\/wp\/v2\/media?parent=829"}],"curies":[{"name":"wp","href":"https:\/\/api.w.org\/{rel}","templated":true}]}}