{"id":827,"date":"2021-03-23T12:46:22","date_gmt":"2021-03-23T12:46:22","guid":{"rendered":"http:\/\/parknasilla.local\/?page_id=827"},"modified":"2021-10-14T16:16:38","modified_gmt":"2021-10-14T16:16:38","slug":"south-kerry","status":"publish","type":"page","link":"https:\/\/parknasillaresort.com\/fr\/discover-kerry\/south-kerry\/","title":{"rendered":"South Kerry"},"content":{"rendered":"","protected":false},"excerpt":{"rendered":"","protected":false},"author":3,"featured_media":0,"parent":826,"menu_order":0,"comment_status":"closed","ping_status":"closed","template":"","meta":{"_acf_changed":false,"footnotes":""},"class_list":["post-827","page","type-page","status-publish","hentry"],"acf":[],"yoast_head":"<!-- This site is optimized with the Yoast SEO plugin v27.4 - https:\/\/yoast.com\/product\/yoast-seo-wordpress\/ -->\n<title>South Kerry | Places To Visit In Kerry | Parknasilla Resort &amp; Spa<\/title>\n<meta name=\"description\" content=\"Take in the magic of a coastal of Kerry\u2019s Iveragh Peninsula during your stay at Parknasilla. Explore such areas as the Sneem, Skellig Michael, Derrynane Beach &amp; more.\" \/>\n<meta name=\"robots\" content=\"index, follow, max-snippet:-1, max-image-preview:large, max-video-preview:-1\" \/>\n<link rel=\"canonical\" href=\"https:\/\/parknasillaresort.com\/fr\/discover-kerry\/south-kerry\/\" \/>\n<meta property=\"og:locale\" content=\"fr_FR\" \/>\n<meta property=\"og:type\" content=\"article\" \/>\n<meta property=\"og:title\" content=\"South Kerry | Places To Visit In Kerry | Parknasilla Resort &amp; Spa\" \/>\n<meta property=\"og:description\" content=\"Take in the magic of a coastal of Kerry\u2019s Iveragh Peninsula during your stay at Parknasilla. Explore such areas as the Sneem, Skellig Michael, Derrynane Beach &amp; more.\" \/>\n<meta property=\"og:url\" content=\"https:\/\/parknasillaresort.com\/fr\/discover-kerry\/south-kerry\/\" \/>\n<meta property=\"og:site_name\" content=\"Parknasilla Resort &amp; Spa\" \/>\n<meta property=\"article:modified_time\" content=\"2021-10-14T16:16:38+00:00\" \/>\n<meta name=\"twitter:card\" content=\"summary_large_image\" \/>\n<script type=\"application\/ld+json\" class=\"yoast-schema-graph\">{\"@context\":\"https:\\\/\\\/schema.org\",\"@graph\":[{\"@type\":\"WebPage\",\"@id\":\"https:\\\/\\\/parknasillaresort.com\\\/discover-kerry\\\/south-kerry\\\/\",\"url\":\"https:\\\/\\\/parknasillaresort.com\\\/discover-kerry\\\/south-kerry\\\/\",\"name\":\"South Kerry | Places To Visit In Kerry | Parknasilla Resort & Spa\",\"isPartOf\":{\"@id\":\"https:\\\/\\\/parknasillaresort.com\\\/#website\"},\"datePublished\":\"2021-03-23T12:46:22+00:00\",\"dateModified\":\"2021-10-14T16:16:38+00:00\",\"description\":\"Take in the magic of a coastal of Kerry\u2019s Iveragh Peninsula during your stay at Parknasilla. Explore such areas as the Sneem, Skellig Michael, Derrynane Beach & more.\",\"breadcrumb\":{\"@id\":\"https:\\\/\\\/parknasillaresort.com\\\/discover-kerry\\\/south-kerry\\\/#breadcrumb\"},\"inLanguage\":\"fr-FR\",\"potentialAction\":[{\"@type\":\"ReadAction\",\"target\":[\"https:\\\/\\\/parknasillaresort.com\\\/discover-kerry\\\/south-kerry\\\/\"]}]},{\"@type\":\"BreadcrumbList\",\"@id\":\"https:\\\/\\\/parknasillaresort.com\\\/discover-kerry\\\/south-kerry\\\/#breadcrumb\",\"itemListElement\":[{\"@type\":\"ListItem\",\"position\":1,\"name\":\"Home\",\"item\":\"https:\\\/\\\/parknasillaresort.com\\\/\"},{\"@type\":\"ListItem\",\"position\":2,\"name\":\"Discover Kerry\",\"item\":\"https:\\\/\\\/parknasillaresort.com\\\/discover-kerry\\\/\"},{\"@type\":\"ListItem\",\"position\":3,\"name\":\"South Kerry\"}]},{\"@type\":\"WebSite\",\"@id\":\"https:\\\/\\\/parknasillaresort.com\\\/#website\",\"url\":\"https:\\\/\\\/parknasillaresort.com\\\/\",\"name\":\"Parknasilla Resort &amp; Spa\",\"description\":\"Truly in a world of its own.\",\"potentialAction\":[{\"@type\":\"SearchAction\",\"target\":{\"@type\":\"EntryPoint\",\"urlTemplate\":\"https:\\\/\\\/parknasillaresort.com\\\/?s={search_term_string}\"},\"query-input\":{\"@type\":\"PropertyValueSpecification\",\"valueRequired\":true,\"valueName\":\"search_term_string\"}}],\"inLanguage\":\"fr-FR\"}]}<\/script>\n<!-- \/ Yoast SEO plugin. -->","yoast_head_json":{"title":"South Kerry | Lieux \u00e0 visiter dans le Kerry | Parknasilla Resort &amp; Spa","description":"Profitez de la magie d'une c\u00f4te de la p\u00e9ninsule d'Iveragh du Kerry lors de votre s\u00e9jour au Parknasilla. Explorez des r\u00e9gions telles que le Sneem, Skellig Michael, la plage de Derrynane et plus encore.","robots":{"index":"index","follow":"follow","max-snippet":"max-snippet:-1","max-image-preview":"max-image-preview:large","max-video-preview":"max-video-preview:-1"},"canonical":"https:\/\/parknasillaresort.com\/fr\/discover-kerry\/south-kerry\/","og_locale":"fr_FR","og_type":"article","og_title":"South Kerry | Places To Visit In Kerry | Parknasilla Resort & Spa","og_description":"Take in the magic of a coastal of Kerry\u2019s Iveragh Peninsula during your stay at Parknasilla. Explore such areas as the Sneem, Skellig Michael, Derrynane Beach & more.","og_url":"https:\/\/parknasillaresort.com\/fr\/discover-kerry\/south-kerry\/","og_site_name":"Parknasilla Resort &amp; Spa","article_modified_time":"2021-10-14T16:16:38+00:00","twitter_card":"summary_large_image","schema":{"@context":"https:\/\/schema.org","@graph":[{"@type":"WebPage","@id":"https:\/\/parknasillaresort.com\/discover-kerry\/south-kerry\/","url":"https:\/\/parknasillaresort.com\/discover-kerry\/south-kerry\/","name":"South Kerry | Lieux \u00e0 visiter dans le Kerry | Parknasilla Resort &amp; Spa","isPartOf":{"@id":"https:\/\/parknasillaresort.com\/#website"},"datePublished":"2021-03-23T12:46:22+00:00","dateModified":"2021-10-14T16:16:38+00:00","description":"Profitez de la magie d'une c\u00f4te de la p\u00e9ninsule d'Iveragh du Kerry lors de votre s\u00e9jour au Parknasilla. Explorez des r\u00e9gions telles que le Sneem, Skellig Michael, la plage de Derrynane et plus encore.","breadcrumb":{"@id":"https:\/\/parknasillaresort.com\/discover-kerry\/south-kerry\/#breadcrumb"},"inLanguage":"fr-FR","potentialAction":[{"@type":"ReadAction","target":["https:\/\/parknasillaresort.com\/discover-kerry\/south-kerry\/"]}]},{"@type":"BreadcrumbList","@id":"https:\/\/parknasillaresort.com\/discover-kerry\/south-kerry\/#breadcrumb","itemListElement":[{"@type":"ListItem","position":1,"name":"Home","item":"https:\/\/parknasillaresort.com\/"},{"@type":"ListItem","position":2,"name":"Discover Kerry","item":"https:\/\/parknasillaresort.com\/discover-kerry\/"},{"@type":"ListItem","position":3,"name":"South Kerry"}]},{"@type":"WebSite","@id":"https:\/\/parknasillaresort.com\/#website","url":"https:\/\/parknasillaresort.com\/","name":"Parknasilla Resort &amp; Spa","description":"Truly in a world of its own.","potentialAction":[{"@type":"SearchAction","target":{"@type":"EntryPoint","urlTemplate":"https:\/\/parknasillaresort.com\/?s={search_term_string}"},"query-input":{"@type":"PropertyValueSpecification","valueRequired":true,"valueName":"search_term_string"}}],"inLanguage":"fr-FR"}]}},"_links":{"self":[{"href":"https:\/\/parknasillaresort.com\/fr\/wp-json\/wp\/v2\/pages\/827","targetHints":{"allow":["GET"]}}],"collection":[{"href":"https:\/\/parknasillaresort.com\/fr\/wp-json\/wp\/v2\/pages"}],"about":[{"href":"https:\/\/parknasillaresort.com\/fr\/wp-json\/wp\/v2\/types\/page"}],"author":[{"embeddable":true,"href":"https:\/\/parknasillaresort.com\/fr\/wp-json\/wp\/v2\/users\/3"}],"replies":[{"embeddable":true,"href":"https:\/\/parknasillaresort.com\/fr\/wp-json\/wp\/v2\/comments?post=827"}],"version-history":[{"count":0,"href":"https:\/\/parknasillaresort.com\/fr\/wp-json\/wp\/v2\/pages\/827\/revisions"}],"up":[{"embeddable":true,"href":"https:\/\/parknasillaresort.com\/fr\/wp-json\/wp\/v2\/pages\/826"}],"wp:attachment":[{"href":"https:\/\/parknasillaresort.com\/fr\/wp-json\/wp\/v2\/media?parent=827"}],"curies":[{"name":"wp","href":"https:\/\/api.w.org\/{rel}","templated":true}]}}