{"id":821,"date":"2021-03-22T22:22:31","date_gmt":"2021-03-22T22:22:31","guid":{"rendered":"http:\/\/parknasilla.local\/?page_id=821"},"modified":"2024-03-15T14:04:37","modified_gmt":"2024-03-15T14:04:37","slug":"family-celebrations","status":"publish","type":"page","link":"https:\/\/parknasillaresort.com\/fr\/family-celebrations\/","title":{"rendered":"C\u00e9l\u00e9brations familiales"},"content":{"rendered":"","protected":false},"excerpt":{"rendered":"","protected":false},"author":3,"featured_media":0,"parent":0,"menu_order":0,"comment_status":"closed","ping_status":"closed","template":"","meta":{"_acf_changed":false,"footnotes":""},"class_list":["post-821","page","type-page","status-publish","hentry"],"acf":[],"yoast_head":"<!-- This site is optimized with the Yoast SEO plugin v27.4 - https:\/\/yoast.com\/product\/yoast-seo-wordpress\/ -->\n<title>Family Celebration | Private Venue Hire Kerry | Parknasilla Resort<\/title>\n<meta name=\"description\" content=\"Create a memorable family reunion at Parknasilla Resort in Kerry whether it is for anniversary celebrations, special birthdays &amp; christenings. Book your venue today!\" \/>\n<meta name=\"robots\" content=\"index, follow, max-snippet:-1, max-image-preview:large, max-video-preview:-1\" \/>\n<link rel=\"canonical\" href=\"https:\/\/parknasillaresort.com\/fr\/family-celebrations\/\" \/>\n<meta property=\"og:locale\" content=\"fr_FR\" \/>\n<meta property=\"og:type\" content=\"article\" \/>\n<meta property=\"og:title\" content=\"Family Celebration | Private Venue Hire Kerry | Parknasilla Resort\" \/>\n<meta property=\"og:description\" content=\"Create a memorable family reunion at Parknasilla Resort in Kerry whether it is for anniversary celebrations, special birthdays &amp; christenings. Book your venue today!\" \/>\n<meta property=\"og:url\" content=\"https:\/\/parknasillaresort.com\/fr\/family-celebrations\/\" \/>\n<meta property=\"og:site_name\" content=\"Parknasilla Resort &amp; Spa\" \/>\n<meta property=\"article:modified_time\" content=\"2024-03-15T14:04:37+00:00\" \/>\n<meta name=\"twitter:card\" content=\"summary_large_image\" \/>\n<script type=\"application\/ld+json\" class=\"yoast-schema-graph\">{\"@context\":\"https:\\\/\\\/schema.org\",\"@graph\":[{\"@type\":\"WebPage\",\"@id\":\"https:\\\/\\\/parknasillaresort.com\\\/family-celebrations\\\/\",\"url\":\"https:\\\/\\\/parknasillaresort.com\\\/family-celebrations\\\/\",\"name\":\"Family Celebration | Private Venue Hire Kerry | Parknasilla Resort\",\"isPartOf\":{\"@id\":\"https:\\\/\\\/parknasillaresort.com\\\/#website\"},\"datePublished\":\"2021-03-22T22:22:31+00:00\",\"dateModified\":\"2024-03-15T14:04:37+00:00\",\"description\":\"Create a memorable family reunion at Parknasilla Resort in Kerry whether it is for anniversary celebrations, special birthdays & christenings. Book your venue today!\",\"breadcrumb\":{\"@id\":\"https:\\\/\\\/parknasillaresort.com\\\/family-celebrations\\\/#breadcrumb\"},\"inLanguage\":\"fr-FR\",\"potentialAction\":[{\"@type\":\"ReadAction\",\"target\":[\"https:\\\/\\\/parknasillaresort.com\\\/family-celebrations\\\/\"]}]},{\"@type\":\"BreadcrumbList\",\"@id\":\"https:\\\/\\\/parknasillaresort.com\\\/family-celebrations\\\/#breadcrumb\",\"itemListElement\":[{\"@type\":\"ListItem\",\"position\":1,\"name\":\"Home\",\"item\":\"https:\\\/\\\/parknasillaresort.com\\\/\"},{\"@type\":\"ListItem\",\"position\":2,\"name\":\"Family Celebrations\"}]},{\"@type\":\"WebSite\",\"@id\":\"https:\\\/\\\/parknasillaresort.com\\\/#website\",\"url\":\"https:\\\/\\\/parknasillaresort.com\\\/\",\"name\":\"Parknasilla Resort &amp; Spa\",\"description\":\"Truly in a world of its own.\",\"potentialAction\":[{\"@type\":\"SearchAction\",\"target\":{\"@type\":\"EntryPoint\",\"urlTemplate\":\"https:\\\/\\\/parknasillaresort.com\\\/?s={search_term_string}\"},\"query-input\":{\"@type\":\"PropertyValueSpecification\",\"valueRequired\":true,\"valueName\":\"search_term_string\"}}],\"inLanguage\":\"fr-FR\"}]}<\/script>\n<!-- \/ Yoast SEO plugin. -->","yoast_head_json":{"title":"C\u00e9l\u00e9bration familiale - Location d'un lieu priv\u00e9 Kerry - Parknasilla Resort","description":"Cr\u00e9ez une r\u00e9union de famille m\u00e9morable au Parknasilla Resort dans le Kerry, que ce soit pour des c\u00e9l\u00e9brations d'anniversaire, des anniversaires sp\u00e9ciaux ou des bapt\u00eames. R\u00e9servez votre lieu de r\u00e9union d\u00e8s aujourd'hui !","robots":{"index":"index","follow":"follow","max-snippet":"max-snippet:-1","max-image-preview":"max-image-preview:large","max-video-preview":"max-video-preview:-1"},"canonical":"https:\/\/parknasillaresort.com\/fr\/family-celebrations\/","og_locale":"fr_FR","og_type":"article","og_title":"Family Celebration | Private Venue Hire Kerry | Parknasilla Resort","og_description":"Create a memorable family reunion at Parknasilla Resort in Kerry whether it is for anniversary celebrations, special birthdays & christenings. Book your venue today!","og_url":"https:\/\/parknasillaresort.com\/fr\/family-celebrations\/","og_site_name":"Parknasilla Resort &amp; Spa","article_modified_time":"2024-03-15T14:04:37+00:00","twitter_card":"summary_large_image","schema":{"@context":"https:\/\/schema.org","@graph":[{"@type":"WebPage","@id":"https:\/\/parknasillaresort.com\/family-celebrations\/","url":"https:\/\/parknasillaresort.com\/family-celebrations\/","name":"C\u00e9l\u00e9bration familiale - Location d'un lieu priv\u00e9 Kerry - Parknasilla Resort","isPartOf":{"@id":"https:\/\/parknasillaresort.com\/#website"},"datePublished":"2021-03-22T22:22:31+00:00","dateModified":"2024-03-15T14:04:37+00:00","description":"Cr\u00e9ez une r\u00e9union de famille m\u00e9morable au Parknasilla Resort dans le Kerry, que ce soit pour des c\u00e9l\u00e9brations d'anniversaire, des anniversaires sp\u00e9ciaux ou des bapt\u00eames. R\u00e9servez votre lieu de r\u00e9union d\u00e8s aujourd'hui !","breadcrumb":{"@id":"https:\/\/parknasillaresort.com\/family-celebrations\/#breadcrumb"},"inLanguage":"fr-FR","potentialAction":[{"@type":"ReadAction","target":["https:\/\/parknasillaresort.com\/family-celebrations\/"]}]},{"@type":"BreadcrumbList","@id":"https:\/\/parknasillaresort.com\/family-celebrations\/#breadcrumb","itemListElement":[{"@type":"ListItem","position":1,"name":"Home","item":"https:\/\/parknasillaresort.com\/"},{"@type":"ListItem","position":2,"name":"Family Celebrations"}]},{"@type":"WebSite","@id":"https:\/\/parknasillaresort.com\/#website","url":"https:\/\/parknasillaresort.com\/","name":"Parknasilla Resort &amp; Spa","description":"Truly in a world of its own.","potentialAction":[{"@type":"SearchAction","target":{"@type":"EntryPoint","urlTemplate":"https:\/\/parknasillaresort.com\/?s={search_term_string}"},"query-input":{"@type":"PropertyValueSpecification","valueRequired":true,"valueName":"search_term_string"}}],"inLanguage":"fr-FR"}]}},"_links":{"self":[{"href":"https:\/\/parknasillaresort.com\/fr\/wp-json\/wp\/v2\/pages\/821","targetHints":{"allow":["GET"]}}],"collection":[{"href":"https:\/\/parknasillaresort.com\/fr\/wp-json\/wp\/v2\/pages"}],"about":[{"href":"https:\/\/parknasillaresort.com\/fr\/wp-json\/wp\/v2\/types\/page"}],"author":[{"embeddable":true,"href":"https:\/\/parknasillaresort.com\/fr\/wp-json\/wp\/v2\/users\/3"}],"replies":[{"embeddable":true,"href":"https:\/\/parknasillaresort.com\/fr\/wp-json\/wp\/v2\/comments?post=821"}],"version-history":[{"count":0,"href":"https:\/\/parknasillaresort.com\/fr\/wp-json\/wp\/v2\/pages\/821\/revisions"}],"wp:attachment":[{"href":"https:\/\/parknasillaresort.com\/fr\/wp-json\/wp\/v2\/media?parent=821"}],"curies":[{"name":"wp","href":"https:\/\/api.w.org\/{rel}","templated":true}]}}