{"id":784,"date":"2021-03-21T19:59:29","date_gmt":"2021-03-21T19:59:29","guid":{"rendered":"http:\/\/parknasilla.local\/?page_id=784"},"modified":"2025-08-11T14:30:45","modified_gmt":"2025-08-11T14:30:45","slug":"privacy-policy","status":"publish","type":"page","link":"https:\/\/parknasillaresort.com\/fr\/privacy-policy\/","title":{"rendered":"Politique de confidentialit\u00e9"},"content":{"rendered":"","protected":false},"excerpt":{"rendered":"","protected":false},"author":3,"featured_media":0,"parent":0,"menu_order":0,"comment_status":"closed","ping_status":"closed","template":"","meta":{"_acf_changed":false,"footnotes":""},"class_list":["post-784","page","type-page","status-publish","hentry"],"acf":[],"yoast_head":"<!-- This site is optimized with the Yoast SEO plugin v27.4 - https:\/\/yoast.com\/product\/yoast-seo-wordpress\/ -->\n<title>Privacy Policy | Places To Stay In Kerry | 4* Parknasilla Hotel<\/title>\n<meta name=\"description\" content=\"At Parknasilla Resort &amp; Spa Hotel we care about your data security, please read our privacy policy to find out how we protect your data when booking on our website.\" \/>\n<meta name=\"robots\" content=\"index, follow, max-snippet:-1, max-image-preview:large, max-video-preview:-1\" \/>\n<link rel=\"canonical\" href=\"https:\/\/parknasillaresort.com\/fr\/privacy-policy\/\" \/>\n<meta property=\"og:locale\" content=\"fr_FR\" \/>\n<meta property=\"og:type\" content=\"article\" \/>\n<meta property=\"og:title\" content=\"Privacy Policy | Places To Stay In Kerry | 4* Parknasilla Hotel\" \/>\n<meta property=\"og:description\" content=\"At Parknasilla Resort &amp; Spa Hotel we care about your data security, please read our privacy policy to find out how we protect your data when booking on our website.\" \/>\n<meta property=\"og:url\" content=\"https:\/\/parknasillaresort.com\/fr\/privacy-policy\/\" \/>\n<meta property=\"og:site_name\" content=\"Parknasilla Resort &amp; Spa\" \/>\n<meta property=\"article:modified_time\" content=\"2025-08-11T14:30:45+00:00\" \/>\n<meta name=\"twitter:card\" content=\"summary_large_image\" \/>\n<script type=\"application\/ld+json\" class=\"yoast-schema-graph\">{\"@context\":\"https:\\\/\\\/schema.org\",\"@graph\":[{\"@type\":\"WebPage\",\"@id\":\"https:\\\/\\\/parknasillaresort.com\\\/privacy-policy\\\/\",\"url\":\"https:\\\/\\\/parknasillaresort.com\\\/privacy-policy\\\/\",\"name\":\"Privacy Policy | Places To Stay In Kerry | 4* Parknasilla Hotel\",\"isPartOf\":{\"@id\":\"https:\\\/\\\/parknasillaresort.com\\\/#website\"},\"datePublished\":\"2021-03-21T19:59:29+00:00\",\"dateModified\":\"2025-08-11T14:30:45+00:00\",\"description\":\"At Parknasilla Resort & Spa Hotel we care about your data security, please read our privacy policy to find out how we protect your data when booking on our website.\",\"breadcrumb\":{\"@id\":\"https:\\\/\\\/parknasillaresort.com\\\/privacy-policy\\\/#breadcrumb\"},\"inLanguage\":\"fr-FR\",\"potentialAction\":[{\"@type\":\"ReadAction\",\"target\":[\"https:\\\/\\\/parknasillaresort.com\\\/privacy-policy\\\/\"]}]},{\"@type\":\"BreadcrumbList\",\"@id\":\"https:\\\/\\\/parknasillaresort.com\\\/privacy-policy\\\/#breadcrumb\",\"itemListElement\":[{\"@type\":\"ListItem\",\"position\":1,\"name\":\"Home\",\"item\":\"https:\\\/\\\/parknasillaresort.com\\\/\"},{\"@type\":\"ListItem\",\"position\":2,\"name\":\"Privacy Policy\"}]},{\"@type\":\"WebSite\",\"@id\":\"https:\\\/\\\/parknasillaresort.com\\\/#website\",\"url\":\"https:\\\/\\\/parknasillaresort.com\\\/\",\"name\":\"Parknasilla Resort &amp; Spa\",\"description\":\"Truly in a world of its own.\",\"potentialAction\":[{\"@type\":\"SearchAction\",\"target\":{\"@type\":\"EntryPoint\",\"urlTemplate\":\"https:\\\/\\\/parknasillaresort.com\\\/?s={search_term_string}\"},\"query-input\":{\"@type\":\"PropertyValueSpecification\",\"valueRequired\":true,\"valueName\":\"search_term_string\"}}],\"inLanguage\":\"fr-FR\"}]}<\/script>\n<!-- \/ Yoast SEO plugin. -->","yoast_head_json":{"title":"Politique de confidentialit\u00e9 | Lieux o\u00f9 s\u00e9journer dans le Kerry | Parknasilla Hotel 4*","description":"Au Parknasilla Resort &amp; Spa Hotel, nous nous soucions de la s\u00e9curit\u00e9 de vos donn\u00e9es. Veuillez lire notre politique de confidentialit\u00e9 pour savoir comment nous prot\u00e9geons vos donn\u00e9es lorsque vous r\u00e9servez sur notre site web.","robots":{"index":"index","follow":"follow","max-snippet":"max-snippet:-1","max-image-preview":"max-image-preview:large","max-video-preview":"max-video-preview:-1"},"canonical":"https:\/\/parknasillaresort.com\/fr\/privacy-policy\/","og_locale":"fr_FR","og_type":"article","og_title":"Privacy Policy | Places To Stay In Kerry | 4* Parknasilla Hotel","og_description":"At Parknasilla Resort & Spa Hotel we care about your data security, please read our privacy policy to find out how we protect your data when booking on our website.","og_url":"https:\/\/parknasillaresort.com\/fr\/privacy-policy\/","og_site_name":"Parknasilla Resort &amp; Spa","article_modified_time":"2025-08-11T14:30:45+00:00","twitter_card":"summary_large_image","schema":{"@context":"https:\/\/schema.org","@graph":[{"@type":"WebPage","@id":"https:\/\/parknasillaresort.com\/privacy-policy\/","url":"https:\/\/parknasillaresort.com\/privacy-policy\/","name":"Politique de confidentialit\u00e9 | Lieux o\u00f9 s\u00e9journer dans le Kerry | Parknasilla Hotel 4*","isPartOf":{"@id":"https:\/\/parknasillaresort.com\/#website"},"datePublished":"2021-03-21T19:59:29+00:00","dateModified":"2025-08-11T14:30:45+00:00","description":"Au Parknasilla Resort &amp; Spa Hotel, nous nous soucions de la s\u00e9curit\u00e9 de vos donn\u00e9es. Veuillez lire notre politique de confidentialit\u00e9 pour savoir comment nous prot\u00e9geons vos donn\u00e9es lorsque vous r\u00e9servez sur notre site web.","breadcrumb":{"@id":"https:\/\/parknasillaresort.com\/privacy-policy\/#breadcrumb"},"inLanguage":"fr-FR","potentialAction":[{"@type":"ReadAction","target":["https:\/\/parknasillaresort.com\/privacy-policy\/"]}]},{"@type":"BreadcrumbList","@id":"https:\/\/parknasillaresort.com\/privacy-policy\/#breadcrumb","itemListElement":[{"@type":"ListItem","position":1,"name":"Home","item":"https:\/\/parknasillaresort.com\/"},{"@type":"ListItem","position":2,"name":"Privacy Policy"}]},{"@type":"WebSite","@id":"https:\/\/parknasillaresort.com\/#website","url":"https:\/\/parknasillaresort.com\/","name":"Parknasilla Resort &amp; Spa","description":"Truly in a world of its own.","potentialAction":[{"@type":"SearchAction","target":{"@type":"EntryPoint","urlTemplate":"https:\/\/parknasillaresort.com\/?s={search_term_string}"},"query-input":{"@type":"PropertyValueSpecification","valueRequired":true,"valueName":"search_term_string"}}],"inLanguage":"fr-FR"}]}},"_links":{"self":[{"href":"https:\/\/parknasillaresort.com\/fr\/wp-json\/wp\/v2\/pages\/784","targetHints":{"allow":["GET"]}}],"collection":[{"href":"https:\/\/parknasillaresort.com\/fr\/wp-json\/wp\/v2\/pages"}],"about":[{"href":"https:\/\/parknasillaresort.com\/fr\/wp-json\/wp\/v2\/types\/page"}],"author":[{"embeddable":true,"href":"https:\/\/parknasillaresort.com\/fr\/wp-json\/wp\/v2\/users\/3"}],"replies":[{"embeddable":true,"href":"https:\/\/parknasillaresort.com\/fr\/wp-json\/wp\/v2\/comments?post=784"}],"version-history":[{"count":0,"href":"https:\/\/parknasillaresort.com\/fr\/wp-json\/wp\/v2\/pages\/784\/revisions"}],"wp:attachment":[{"href":"https:\/\/parknasillaresort.com\/fr\/wp-json\/wp\/v2\/media?parent=784"}],"curies":[{"name":"wp","href":"https:\/\/api.w.org\/{rel}","templated":true}]}}