{"id":744,"date":"2021-03-20T20:51:57","date_gmt":"2021-03-20T20:51:57","guid":{"rendered":"http:\/\/parknasilla.local\/?page_id=744"},"modified":"2026-04-10T15:06:49","modified_gmt":"2026-04-10T15:06:49","slug":"special-offers","status":"publish","type":"page","link":"https:\/\/parknasillaresort.com\/fr\/special-offers\/","title":{"rendered":"Offres sp\u00e9ciales"},"content":{"rendered":"","protected":false},"excerpt":{"rendered":"","protected":false},"author":3,"featured_media":0,"parent":0,"menu_order":0,"comment_status":"closed","ping_status":"closed","template":"","meta":{"_acf_changed":false,"footnotes":""},"class_list":["post-744","page","type-page","status-publish","hentry"],"acf":[],"yoast_head":"<!-- This site is optimized with the Yoast SEO plugin v27.3 - https:\/\/yoast.com\/product\/yoast-seo-wordpress\/ -->\n<title>Special Offers | Hotel Deals In Kerry | Parknasilla Resort &amp; Spa<\/title>\n<meta name=\"description\" content=\"Check out our latest special offers at the Parknasilla Resort &amp; Spa Hotel in Kerry with great hotel deals for couples, families, and groups. Book Today!\" \/>\n<meta name=\"robots\" content=\"index, follow, max-snippet:-1, max-image-preview:large, max-video-preview:-1\" \/>\n<link rel=\"canonical\" href=\"https:\/\/parknasillaresort.com\/fr\/special-offers\/\" \/>\n<meta property=\"og:locale\" content=\"fr_FR\" \/>\n<meta property=\"og:type\" content=\"article\" \/>\n<meta property=\"og:title\" content=\"Special Offers | Hotel Deals In Kerry | Parknasilla Resort &amp; Spa\" \/>\n<meta property=\"og:description\" content=\"Check out our latest special offers at the Parknasilla Resort &amp; Spa Hotel in Kerry with great hotel deals for couples, families, and groups. Book Today!\" \/>\n<meta property=\"og:url\" content=\"https:\/\/parknasillaresort.com\/fr\/special-offers\/\" \/>\n<meta property=\"og:site_name\" content=\"Parknasilla Resort &amp; Spa\" \/>\n<meta property=\"article:modified_time\" content=\"2026-04-10T15:06:49+00:00\" \/>\n<meta name=\"twitter:card\" content=\"summary_large_image\" \/>\n<meta name=\"twitter:label1\" content=\"Dur\u00e9e de lecture estim\u00e9e\" \/>\n\t<meta name=\"twitter:data1\" content=\"4 minutes\" \/>\n<script type=\"application\/ld+json\" class=\"yoast-schema-graph\">{\"@context\":\"https:\\\/\\\/schema.org\",\"@graph\":[{\"@type\":\"WebPage\",\"@id\":\"https:\\\/\\\/parknasillaresort.com\\\/special-offers\\\/\",\"url\":\"https:\\\/\\\/parknasillaresort.com\\\/special-offers\\\/\",\"name\":\"Special Offers | Hotel Deals In Kerry | Parknasilla Resort & Spa\",\"isPartOf\":{\"@id\":\"https:\\\/\\\/parknasillaresort.com\\\/#website\"},\"datePublished\":\"2021-03-20T20:51:57+00:00\",\"dateModified\":\"2026-04-10T15:06:49+00:00\",\"description\":\"Check out our latest special offers at the Parknasilla Resort & Spa Hotel in Kerry with great hotel deals for couples, families, and groups. Book Today!\",\"breadcrumb\":{\"@id\":\"https:\\\/\\\/parknasillaresort.com\\\/special-offers\\\/#breadcrumb\"},\"inLanguage\":\"fr-FR\",\"potentialAction\":[{\"@type\":\"ReadAction\",\"target\":[\"https:\\\/\\\/parknasillaresort.com\\\/special-offers\\\/\"]}]},{\"@type\":\"BreadcrumbList\",\"@id\":\"https:\\\/\\\/parknasillaresort.com\\\/special-offers\\\/#breadcrumb\",\"itemListElement\":[{\"@type\":\"ListItem\",\"position\":1,\"name\":\"Home\",\"item\":\"https:\\\/\\\/parknasillaresort.com\\\/\"},{\"@type\":\"ListItem\",\"position\":2,\"name\":\"Special Offers\"}]},{\"@type\":\"WebSite\",\"@id\":\"https:\\\/\\\/parknasillaresort.com\\\/#website\",\"url\":\"https:\\\/\\\/parknasillaresort.com\\\/\",\"name\":\"Parknasilla Resort &amp; Spa\",\"description\":\"Truly in a world of its own.\",\"potentialAction\":[{\"@type\":\"SearchAction\",\"target\":{\"@type\":\"EntryPoint\",\"urlTemplate\":\"https:\\\/\\\/parknasillaresort.com\\\/?s={search_term_string}\"},\"query-input\":{\"@type\":\"PropertyValueSpecification\",\"valueRequired\":true,\"valueName\":\"search_term_string\"}}],\"inLanguage\":\"fr-FR\"}]}<\/script>\n<!-- \/ Yoast SEO plugin. -->","yoast_head_json":{"title":"Offres sp\u00e9ciales | Offres d'h\u00f4tels \u00e0 Kerry | Parknasilla Resort &amp; Spa","description":"D\u00e9couvrez nos derni\u00e8res offres sp\u00e9ciales \u00e0 l'h\u00f4tel Parknasilla Resort &amp; Spa de Kerry, avec des offres sp\u00e9ciales pour les couples, les familles et les groupes. R\u00e9servez d\u00e8s aujourd'hui !","robots":{"index":"index","follow":"follow","max-snippet":"max-snippet:-1","max-image-preview":"max-image-preview:large","max-video-preview":"max-video-preview:-1"},"canonical":"https:\/\/parknasillaresort.com\/fr\/special-offers\/","og_locale":"fr_FR","og_type":"article","og_title":"Special Offers | Hotel Deals In Kerry | Parknasilla Resort & Spa","og_description":"Check out our latest special offers at the Parknasilla Resort & Spa Hotel in Kerry with great hotel deals for couples, families, and groups. Book Today!","og_url":"https:\/\/parknasillaresort.com\/fr\/special-offers\/","og_site_name":"Parknasilla Resort &amp; Spa","article_modified_time":"2026-04-10T15:06:49+00:00","twitter_card":"summary_large_image","twitter_misc":{"Dur\u00e9e de lecture estim\u00e9e":"4 minutes"},"schema":{"@context":"https:\/\/schema.org","@graph":[{"@type":"WebPage","@id":"https:\/\/parknasillaresort.com\/special-offers\/","url":"https:\/\/parknasillaresort.com\/special-offers\/","name":"Offres sp\u00e9ciales | Offres d'h\u00f4tels \u00e0 Kerry | Parknasilla Resort &amp; Spa","isPartOf":{"@id":"https:\/\/parknasillaresort.com\/#website"},"datePublished":"2021-03-20T20:51:57+00:00","dateModified":"2026-04-10T15:06:49+00:00","description":"D\u00e9couvrez nos derni\u00e8res offres sp\u00e9ciales \u00e0 l'h\u00f4tel Parknasilla Resort &amp; Spa de Kerry, avec des offres sp\u00e9ciales pour les couples, les familles et les groupes. R\u00e9servez d\u00e8s aujourd'hui !","breadcrumb":{"@id":"https:\/\/parknasillaresort.com\/special-offers\/#breadcrumb"},"inLanguage":"fr-FR","potentialAction":[{"@type":"ReadAction","target":["https:\/\/parknasillaresort.com\/special-offers\/"]}]},{"@type":"BreadcrumbList","@id":"https:\/\/parknasillaresort.com\/special-offers\/#breadcrumb","itemListElement":[{"@type":"ListItem","position":1,"name":"Home","item":"https:\/\/parknasillaresort.com\/"},{"@type":"ListItem","position":2,"name":"Special Offers"}]},{"@type":"WebSite","@id":"https:\/\/parknasillaresort.com\/#website","url":"https:\/\/parknasillaresort.com\/","name":"Parknasilla Resort &amp; Spa","description":"Truly in a world of its own.","potentialAction":[{"@type":"SearchAction","target":{"@type":"EntryPoint","urlTemplate":"https:\/\/parknasillaresort.com\/?s={search_term_string}"},"query-input":{"@type":"PropertyValueSpecification","valueRequired":true,"valueName":"search_term_string"}}],"inLanguage":"fr-FR"}]}},"_links":{"self":[{"href":"https:\/\/parknasillaresort.com\/fr\/wp-json\/wp\/v2\/pages\/744","targetHints":{"allow":["GET"]}}],"collection":[{"href":"https:\/\/parknasillaresort.com\/fr\/wp-json\/wp\/v2\/pages"}],"about":[{"href":"https:\/\/parknasillaresort.com\/fr\/wp-json\/wp\/v2\/types\/page"}],"author":[{"embeddable":true,"href":"https:\/\/parknasillaresort.com\/fr\/wp-json\/wp\/v2\/users\/3"}],"replies":[{"embeddable":true,"href":"https:\/\/parknasillaresort.com\/fr\/wp-json\/wp\/v2\/comments?post=744"}],"version-history":[{"count":0,"href":"https:\/\/parknasillaresort.com\/fr\/wp-json\/wp\/v2\/pages\/744\/revisions"}],"wp:attachment":[{"href":"https:\/\/parknasillaresort.com\/fr\/wp-json\/wp\/v2\/media?parent=744"}],"curies":[{"name":"wp","href":"https:\/\/api.w.org\/{rel}","templated":true}]}}