{"id":707,"date":"2021-03-19T22:37:46","date_gmt":"2021-03-19T22:37:46","guid":{"rendered":"http:\/\/parknasilla.local\/?page_id=707"},"modified":"2025-06-19T16:09:35","modified_gmt":"2025-06-19T16:09:35","slug":"spa-thermal-suite","status":"publish","type":"page","link":"https:\/\/parknasillaresort.com\/fr\/spa\/spa-thermal-suite\/","title":{"rendered":"Suite thermale du Spa"},"content":{"rendered":"","protected":false},"excerpt":{"rendered":"","protected":false},"author":3,"featured_media":0,"parent":604,"menu_order":0,"comment_status":"closed","ping_status":"closed","template":"","meta":{"_acf_changed":false,"footnotes":""},"class_list":["post-707","page","type-page","status-publish","hentry"],"acf":[],"yoast_head":"<!-- This site is optimized with the Yoast SEO plugin v27.4 - https:\/\/yoast.com\/product\/yoast-seo-wordpress\/ -->\n<title>Spa Thermal Suite | Spa Breaks In Kerry | 4* Parknasilla Hotel<\/title>\n<meta name=\"description\" content=\"The Thermal Spa Suite at Parknasilla Hotel in Kerry offers several experiences such as Gherieni Spa Wave System, outdoor hot tub, indoor swimming pool, sauna &amp; more.\" \/>\n<meta name=\"robots\" content=\"index, follow, max-snippet:-1, max-image-preview:large, max-video-preview:-1\" \/>\n<link rel=\"canonical\" href=\"https:\/\/parknasillaresort.com\/fr\/spa\/spa-thermal-suite\/\" \/>\n<meta property=\"og:locale\" content=\"fr_FR\" \/>\n<meta property=\"og:type\" content=\"article\" \/>\n<meta property=\"og:title\" content=\"Spa Thermal Suite | Spa Breaks In Kerry | 4* Parknasilla Hotel\" \/>\n<meta property=\"og:description\" content=\"The Thermal Spa Suite at Parknasilla Hotel in Kerry offers several experiences such as Gherieni Spa Wave System, outdoor hot tub, indoor swimming pool, sauna &amp; more.\" \/>\n<meta property=\"og:url\" content=\"https:\/\/parknasillaresort.com\/fr\/spa\/spa-thermal-suite\/\" \/>\n<meta property=\"og:site_name\" content=\"Parknasilla Resort &amp; Spa\" \/>\n<meta property=\"article:modified_time\" content=\"2025-06-19T16:09:35+00:00\" \/>\n<meta name=\"twitter:card\" content=\"summary_large_image\" \/>\n<script type=\"application\/ld+json\" class=\"yoast-schema-graph\">{\"@context\":\"https:\\\/\\\/schema.org\",\"@graph\":[{\"@type\":\"WebPage\",\"@id\":\"https:\\\/\\\/parknasillaresort.com\\\/spa\\\/spa-thermal-suite\\\/\",\"url\":\"https:\\\/\\\/parknasillaresort.com\\\/spa\\\/spa-thermal-suite\\\/\",\"name\":\"Spa Thermal Suite | Spa Breaks In Kerry | 4* Parknasilla Hotel\",\"isPartOf\":{\"@id\":\"https:\\\/\\\/parknasillaresort.com\\\/#website\"},\"datePublished\":\"2021-03-19T22:37:46+00:00\",\"dateModified\":\"2025-06-19T16:09:35+00:00\",\"description\":\"The Thermal Spa Suite at Parknasilla Hotel in Kerry offers several experiences such as Gherieni Spa Wave System, outdoor hot tub, indoor swimming pool, sauna & more.\",\"breadcrumb\":{\"@id\":\"https:\\\/\\\/parknasillaresort.com\\\/spa\\\/spa-thermal-suite\\\/#breadcrumb\"},\"inLanguage\":\"fr-FR\",\"potentialAction\":[{\"@type\":\"ReadAction\",\"target\":[\"https:\\\/\\\/parknasillaresort.com\\\/spa\\\/spa-thermal-suite\\\/\"]}]},{\"@type\":\"BreadcrumbList\",\"@id\":\"https:\\\/\\\/parknasillaresort.com\\\/spa\\\/spa-thermal-suite\\\/#breadcrumb\",\"itemListElement\":[{\"@type\":\"ListItem\",\"position\":1,\"name\":\"Home\",\"item\":\"https:\\\/\\\/parknasillaresort.com\\\/\"},{\"@type\":\"ListItem\",\"position\":2,\"name\":\"Spa\",\"item\":\"https:\\\/\\\/parknasillaresort.com\\\/spa\\\/\"},{\"@type\":\"ListItem\",\"position\":3,\"name\":\"Spa Thermal Suite\"}]},{\"@type\":\"WebSite\",\"@id\":\"https:\\\/\\\/parknasillaresort.com\\\/#website\",\"url\":\"https:\\\/\\\/parknasillaresort.com\\\/\",\"name\":\"Parknasilla Resort &amp; Spa\",\"description\":\"Truly in a world of its own.\",\"potentialAction\":[{\"@type\":\"SearchAction\",\"target\":{\"@type\":\"EntryPoint\",\"urlTemplate\":\"https:\\\/\\\/parknasillaresort.com\\\/?s={search_term_string}\"},\"query-input\":{\"@type\":\"PropertyValueSpecification\",\"valueRequired\":true,\"valueName\":\"search_term_string\"}}],\"inLanguage\":\"fr-FR\"}]}<\/script>\n<!-- \/ Yoast SEO plugin. -->","yoast_head_json":{"title":"Spa Thermal Suite | S\u00e9jours Spa dans le Kerry | H\u00f4tel 4* Parknasilla","description":"La suite thermale de l'h\u00f4tel Parknasilla \u00e0 Kerry propose plusieurs exp\u00e9riences telles que le syst\u00e8me de vagues du spa Gherieni, un bain \u00e0 remous ext\u00e9rieur, une piscine int\u00e9rieure, un sauna et bien plus encore.","robots":{"index":"index","follow":"follow","max-snippet":"max-snippet:-1","max-image-preview":"max-image-preview:large","max-video-preview":"max-video-preview:-1"},"canonical":"https:\/\/parknasillaresort.com\/fr\/spa\/spa-thermal-suite\/","og_locale":"fr_FR","og_type":"article","og_title":"Spa Thermal Suite | Spa Breaks In Kerry | 4* Parknasilla Hotel","og_description":"The Thermal Spa Suite at Parknasilla Hotel in Kerry offers several experiences such as Gherieni Spa Wave System, outdoor hot tub, indoor swimming pool, sauna & more.","og_url":"https:\/\/parknasillaresort.com\/fr\/spa\/spa-thermal-suite\/","og_site_name":"Parknasilla Resort &amp; Spa","article_modified_time":"2025-06-19T16:09:35+00:00","twitter_card":"summary_large_image","schema":{"@context":"https:\/\/schema.org","@graph":[{"@type":"WebPage","@id":"https:\/\/parknasillaresort.com\/spa\/spa-thermal-suite\/","url":"https:\/\/parknasillaresort.com\/spa\/spa-thermal-suite\/","name":"Spa Thermal Suite | S\u00e9jours Spa dans le Kerry | H\u00f4tel 4* Parknasilla","isPartOf":{"@id":"https:\/\/parknasillaresort.com\/#website"},"datePublished":"2021-03-19T22:37:46+00:00","dateModified":"2025-06-19T16:09:35+00:00","description":"La suite thermale de l'h\u00f4tel Parknasilla \u00e0 Kerry propose plusieurs exp\u00e9riences telles que le syst\u00e8me de vagues du spa Gherieni, un bain \u00e0 remous ext\u00e9rieur, une piscine int\u00e9rieure, un sauna et bien plus encore.","breadcrumb":{"@id":"https:\/\/parknasillaresort.com\/spa\/spa-thermal-suite\/#breadcrumb"},"inLanguage":"fr-FR","potentialAction":[{"@type":"ReadAction","target":["https:\/\/parknasillaresort.com\/spa\/spa-thermal-suite\/"]}]},{"@type":"BreadcrumbList","@id":"https:\/\/parknasillaresort.com\/spa\/spa-thermal-suite\/#breadcrumb","itemListElement":[{"@type":"ListItem","position":1,"name":"Home","item":"https:\/\/parknasillaresort.com\/"},{"@type":"ListItem","position":2,"name":"Spa","item":"https:\/\/parknasillaresort.com\/spa\/"},{"@type":"ListItem","position":3,"name":"Spa Thermal Suite"}]},{"@type":"WebSite","@id":"https:\/\/parknasillaresort.com\/#website","url":"https:\/\/parknasillaresort.com\/","name":"Parknasilla Resort &amp; Spa","description":"Truly in a world of its own.","potentialAction":[{"@type":"SearchAction","target":{"@type":"EntryPoint","urlTemplate":"https:\/\/parknasillaresort.com\/?s={search_term_string}"},"query-input":{"@type":"PropertyValueSpecification","valueRequired":true,"valueName":"search_term_string"}}],"inLanguage":"fr-FR"}]}},"_links":{"self":[{"href":"https:\/\/parknasillaresort.com\/fr\/wp-json\/wp\/v2\/pages\/707","targetHints":{"allow":["GET"]}}],"collection":[{"href":"https:\/\/parknasillaresort.com\/fr\/wp-json\/wp\/v2\/pages"}],"about":[{"href":"https:\/\/parknasillaresort.com\/fr\/wp-json\/wp\/v2\/types\/page"}],"author":[{"embeddable":true,"href":"https:\/\/parknasillaresort.com\/fr\/wp-json\/wp\/v2\/users\/3"}],"replies":[{"embeddable":true,"href":"https:\/\/parknasillaresort.com\/fr\/wp-json\/wp\/v2\/comments?post=707"}],"version-history":[{"count":0,"href":"https:\/\/parknasillaresort.com\/fr\/wp-json\/wp\/v2\/pages\/707\/revisions"}],"up":[{"embeddable":true,"href":"https:\/\/parknasillaresort.com\/fr\/wp-json\/wp\/v2\/pages\/604"}],"wp:attachment":[{"href":"https:\/\/parknasillaresort.com\/fr\/wp-json\/wp\/v2\/media?parent=707"}],"curies":[{"name":"wp","href":"https:\/\/api.w.org\/{rel}","templated":true}]}}