{"id":689,"date":"2021-03-19T16:29:58","date_gmt":"2021-03-19T16:29:58","guid":{"rendered":"http:\/\/parknasilla.local\/?page_id=689"},"modified":"2025-04-01T11:48:12","modified_gmt":"2025-04-01T11:48:12","slug":"beauty-salon","status":"publish","type":"page","link":"https:\/\/parknasillaresort.com\/fr\/spa\/spa-treatments\/beauty-salon\/","title":{"rendered":"Salon de beaut\u00e9"},"content":{"rendered":"","protected":false},"excerpt":{"rendered":"","protected":false},"author":3,"featured_media":0,"parent":626,"menu_order":0,"comment_status":"closed","ping_status":"closed","template":"","meta":{"_acf_changed":false,"footnotes":""},"class_list":["post-689","page","type-page","status-publish","hentry"],"acf":[],"yoast_head":"<!-- This site is optimized with the Yoast SEO plugin v27.4 - https:\/\/yoast.com\/product\/yoast-seo-wordpress\/ -->\n<title>Beauty Salon | Hair Dresser In Kerry | 4* Parknasilla Resort &amp; Spa<\/title>\n<meta name=\"description\" content=\"Get dolled up during your stay at Parknasilla Hotel with our very own beauty salon where you can book a manicure, pedicure, hair styling &amp; make-up consultation.\" \/>\n<meta name=\"robots\" content=\"index, follow, max-snippet:-1, max-image-preview:large, max-video-preview:-1\" \/>\n<link rel=\"canonical\" href=\"https:\/\/parknasillaresort.com\/fr\/spa\/spa-treatments\/beauty-salon\/\" \/>\n<meta property=\"og:locale\" content=\"fr_FR\" \/>\n<meta property=\"og:type\" content=\"article\" \/>\n<meta property=\"og:title\" content=\"Beauty Salon | Hair Dresser In Kerry | 4* Parknasilla Resort &amp; Spa\" \/>\n<meta property=\"og:description\" content=\"Get dolled up during your stay at Parknasilla Hotel with our very own beauty salon where you can book a manicure, pedicure, hair styling &amp; make-up consultation.\" \/>\n<meta property=\"og:url\" content=\"https:\/\/parknasillaresort.com\/fr\/spa\/spa-treatments\/beauty-salon\/\" \/>\n<meta property=\"og:site_name\" content=\"Parknasilla Resort &amp; Spa\" \/>\n<meta property=\"article:modified_time\" content=\"2025-04-01T11:48:12+00:00\" \/>\n<meta name=\"twitter:card\" content=\"summary_large_image\" \/>\n<script type=\"application\/ld+json\" class=\"yoast-schema-graph\">{\"@context\":\"https:\\\/\\\/schema.org\",\"@graph\":[{\"@type\":\"WebPage\",\"@id\":\"https:\\\/\\\/parknasillaresort.com\\\/spa\\\/spa-treatments\\\/beauty-salon\\\/\",\"url\":\"https:\\\/\\\/parknasillaresort.com\\\/spa\\\/spa-treatments\\\/beauty-salon\\\/\",\"name\":\"Beauty Salon | Hair Dresser In Kerry | 4* Parknasilla Resort & Spa\",\"isPartOf\":{\"@id\":\"https:\\\/\\\/parknasillaresort.com\\\/#website\"},\"datePublished\":\"2021-03-19T16:29:58+00:00\",\"dateModified\":\"2025-04-01T11:48:12+00:00\",\"description\":\"Get dolled up during your stay at Parknasilla Hotel with our very own beauty salon where you can book a manicure, pedicure, hair styling & make-up consultation.\",\"breadcrumb\":{\"@id\":\"https:\\\/\\\/parknasillaresort.com\\\/spa\\\/spa-treatments\\\/beauty-salon\\\/#breadcrumb\"},\"inLanguage\":\"fr-FR\",\"potentialAction\":[{\"@type\":\"ReadAction\",\"target\":[\"https:\\\/\\\/parknasillaresort.com\\\/spa\\\/spa-treatments\\\/beauty-salon\\\/\"]}]},{\"@type\":\"BreadcrumbList\",\"@id\":\"https:\\\/\\\/parknasillaresort.com\\\/spa\\\/spa-treatments\\\/beauty-salon\\\/#breadcrumb\",\"itemListElement\":[{\"@type\":\"ListItem\",\"position\":1,\"name\":\"Home\",\"item\":\"https:\\\/\\\/parknasillaresort.com\\\/\"},{\"@type\":\"ListItem\",\"position\":2,\"name\":\"Spa\",\"item\":\"https:\\\/\\\/parknasillaresort.com\\\/spa\\\/\"},{\"@type\":\"ListItem\",\"position\":3,\"name\":\"Spa Treatments\",\"item\":\"https:\\\/\\\/parknasillaresort.com\\\/spa\\\/spa-treatments\\\/\"},{\"@type\":\"ListItem\",\"position\":4,\"name\":\"Beauty Salon\"}]},{\"@type\":\"WebSite\",\"@id\":\"https:\\\/\\\/parknasillaresort.com\\\/#website\",\"url\":\"https:\\\/\\\/parknasillaresort.com\\\/\",\"name\":\"Parknasilla Resort &amp; Spa\",\"description\":\"Truly in a world of its own.\",\"potentialAction\":[{\"@type\":\"SearchAction\",\"target\":{\"@type\":\"EntryPoint\",\"urlTemplate\":\"https:\\\/\\\/parknasillaresort.com\\\/?s={search_term_string}\"},\"query-input\":{\"@type\":\"PropertyValueSpecification\",\"valueRequired\":true,\"valueName\":\"search_term_string\"}}],\"inLanguage\":\"fr-FR\"}]}<\/script>\n<!-- \/ Yoast SEO plugin. -->","yoast_head_json":{"title":"Salon de beaut\u00e9 | Coiffeur \u00e0 Kerry | 4* Parknasilla Resort &amp; Spa","description":"Mettez-vous sur votre 31 pendant votre s\u00e9jour \u00e0 l'h\u00f4tel Parknasilla avec notre propre salon de beaut\u00e9 o\u00f9 vous pouvez r\u00e9server une manucure, une p\u00e9dicure, une coiffure et une consultation de maquillage.","robots":{"index":"index","follow":"follow","max-snippet":"max-snippet:-1","max-image-preview":"max-image-preview:large","max-video-preview":"max-video-preview:-1"},"canonical":"https:\/\/parknasillaresort.com\/fr\/spa\/spa-treatments\/beauty-salon\/","og_locale":"fr_FR","og_type":"article","og_title":"Beauty Salon | Hair Dresser In Kerry | 4* Parknasilla Resort & Spa","og_description":"Get dolled up during your stay at Parknasilla Hotel with our very own beauty salon where you can book a manicure, pedicure, hair styling & make-up consultation.","og_url":"https:\/\/parknasillaresort.com\/fr\/spa\/spa-treatments\/beauty-salon\/","og_site_name":"Parknasilla Resort &amp; Spa","article_modified_time":"2025-04-01T11:48:12+00:00","twitter_card":"summary_large_image","schema":{"@context":"https:\/\/schema.org","@graph":[{"@type":"WebPage","@id":"https:\/\/parknasillaresort.com\/spa\/spa-treatments\/beauty-salon\/","url":"https:\/\/parknasillaresort.com\/spa\/spa-treatments\/beauty-salon\/","name":"Salon de beaut\u00e9 | Coiffeur \u00e0 Kerry | 4* Parknasilla Resort &amp; Spa","isPartOf":{"@id":"https:\/\/parknasillaresort.com\/#website"},"datePublished":"2021-03-19T16:29:58+00:00","dateModified":"2025-04-01T11:48:12+00:00","description":"Mettez-vous sur votre 31 pendant votre s\u00e9jour \u00e0 l'h\u00f4tel Parknasilla avec notre propre salon de beaut\u00e9 o\u00f9 vous pouvez r\u00e9server une manucure, une p\u00e9dicure, une coiffure et une consultation de maquillage.","breadcrumb":{"@id":"https:\/\/parknasillaresort.com\/spa\/spa-treatments\/beauty-salon\/#breadcrumb"},"inLanguage":"fr-FR","potentialAction":[{"@type":"ReadAction","target":["https:\/\/parknasillaresort.com\/spa\/spa-treatments\/beauty-salon\/"]}]},{"@type":"BreadcrumbList","@id":"https:\/\/parknasillaresort.com\/spa\/spa-treatments\/beauty-salon\/#breadcrumb","itemListElement":[{"@type":"ListItem","position":1,"name":"Home","item":"https:\/\/parknasillaresort.com\/"},{"@type":"ListItem","position":2,"name":"Spa","item":"https:\/\/parknasillaresort.com\/spa\/"},{"@type":"ListItem","position":3,"name":"Spa Treatments","item":"https:\/\/parknasillaresort.com\/spa\/spa-treatments\/"},{"@type":"ListItem","position":4,"name":"Beauty Salon"}]},{"@type":"WebSite","@id":"https:\/\/parknasillaresort.com\/#website","url":"https:\/\/parknasillaresort.com\/","name":"Parknasilla Resort &amp; Spa","description":"Truly in a world of its own.","potentialAction":[{"@type":"SearchAction","target":{"@type":"EntryPoint","urlTemplate":"https:\/\/parknasillaresort.com\/?s={search_term_string}"},"query-input":{"@type":"PropertyValueSpecification","valueRequired":true,"valueName":"search_term_string"}}],"inLanguage":"fr-FR"}]}},"_links":{"self":[{"href":"https:\/\/parknasillaresort.com\/fr\/wp-json\/wp\/v2\/pages\/689","targetHints":{"allow":["GET"]}}],"collection":[{"href":"https:\/\/parknasillaresort.com\/fr\/wp-json\/wp\/v2\/pages"}],"about":[{"href":"https:\/\/parknasillaresort.com\/fr\/wp-json\/wp\/v2\/types\/page"}],"author":[{"embeddable":true,"href":"https:\/\/parknasillaresort.com\/fr\/wp-json\/wp\/v2\/users\/3"}],"replies":[{"embeddable":true,"href":"https:\/\/parknasillaresort.com\/fr\/wp-json\/wp\/v2\/comments?post=689"}],"version-history":[{"count":0,"href":"https:\/\/parknasillaresort.com\/fr\/wp-json\/wp\/v2\/pages\/689\/revisions"}],"up":[{"embeddable":true,"href":"https:\/\/parknasillaresort.com\/fr\/wp-json\/wp\/v2\/pages\/626"}],"wp:attachment":[{"href":"https:\/\/parknasillaresort.com\/fr\/wp-json\/wp\/v2\/media?parent=689"}],"curies":[{"name":"wp","href":"https:\/\/api.w.org\/{rel}","templated":true}]}}