{"id":664,"date":"2021-03-19T13:13:10","date_gmt":"2021-03-19T13:13:10","guid":{"rendered":"http:\/\/parknasilla.local\/?page_id=664"},"modified":"2026-03-13T15:08:23","modified_gmt":"2026-03-13T15:08:23","slug":"seasonal-treatments","status":"publish","type":"page","link":"https:\/\/parknasillaresort.com\/fr\/spa\/spa-treatments\/seasonal-treatments\/","title":{"rendered":"Traitements saisonniers"},"content":{"rendered":"","protected":false},"excerpt":{"rendered":"","protected":false},"author":3,"featured_media":0,"parent":626,"menu_order":0,"comment_status":"closed","ping_status":"closed","template":"","meta":{"_acf_changed":false,"footnotes":""},"class_list":["post-664","page","type-page","status-publish","hentry"],"acf":[],"yoast_head":"<!-- This site is optimized with the Yoast SEO plugin v27.4 - https:\/\/yoast.com\/product\/yoast-seo-wordpress\/ -->\n<title>Seasonal Spa Offers| Spa Offers Kerry | 4-Star Parknasilla Hotel<\/title>\n<meta name=\"description\" content=\"An original concept combiningchronobiology and delicious flavoursto reveal the skin\u2019s radiance, season by season.\" \/>\n<meta name=\"robots\" content=\"index, follow, max-snippet:-1, max-image-preview:large, max-video-preview:-1\" \/>\n<link rel=\"canonical\" href=\"https:\/\/parknasillaresort.com\/fr\/spa\/spa-treatments\/seasonal-treatments\/\" \/>\n<meta property=\"og:locale\" content=\"fr_FR\" \/>\n<meta property=\"og:type\" content=\"article\" \/>\n<meta property=\"og:title\" content=\"Seasonal Spa Offers| Spa Offers Kerry | 4-Star Parknasilla Hotel\" \/>\n<meta property=\"og:description\" content=\"An original concept combiningchronobiology and delicious flavoursto reveal the skin\u2019s radiance, season by season.\" \/>\n<meta property=\"og:url\" content=\"https:\/\/parknasillaresort.com\/fr\/spa\/spa-treatments\/seasonal-treatments\/\" \/>\n<meta property=\"og:site_name\" content=\"Parknasilla Resort &amp; Spa\" \/>\n<meta property=\"article:modified_time\" content=\"2026-03-13T15:08:23+00:00\" \/>\n<meta name=\"twitter:card\" content=\"summary_large_image\" \/>\n<meta name=\"twitter:label1\" content=\"Dur\u00e9e de lecture estim\u00e9e\" \/>\n\t<meta name=\"twitter:data1\" content=\"3 minutes\" \/>\n<script type=\"application\/ld+json\" class=\"yoast-schema-graph\">{\"@context\":\"https:\\\/\\\/schema.org\",\"@graph\":[{\"@type\":\"WebPage\",\"@id\":\"https:\\\/\\\/parknasillaresort.com\\\/spa\\\/spa-treatments\\\/seasonal-treatments\\\/\",\"url\":\"https:\\\/\\\/parknasillaresort.com\\\/spa\\\/spa-treatments\\\/seasonal-treatments\\\/\",\"name\":\"Seasonal Spa Offers| Spa Offers Kerry | 4-Star Parknasilla Hotel\",\"isPartOf\":{\"@id\":\"https:\\\/\\\/parknasillaresort.com\\\/#website\"},\"datePublished\":\"2021-03-19T13:13:10+00:00\",\"dateModified\":\"2026-03-13T15:08:23+00:00\",\"description\":\"An original concept combiningchronobiology and delicious flavoursto reveal the skin\u2019s radiance, season by season.\",\"breadcrumb\":{\"@id\":\"https:\\\/\\\/parknasillaresort.com\\\/spa\\\/spa-treatments\\\/seasonal-treatments\\\/#breadcrumb\"},\"inLanguage\":\"fr-FR\",\"potentialAction\":[{\"@type\":\"ReadAction\",\"target\":[\"https:\\\/\\\/parknasillaresort.com\\\/spa\\\/spa-treatments\\\/seasonal-treatments\\\/\"]}]},{\"@type\":\"BreadcrumbList\",\"@id\":\"https:\\\/\\\/parknasillaresort.com\\\/spa\\\/spa-treatments\\\/seasonal-treatments\\\/#breadcrumb\",\"itemListElement\":[{\"@type\":\"ListItem\",\"position\":1,\"name\":\"Home\",\"item\":\"https:\\\/\\\/parknasillaresort.com\\\/\"},{\"@type\":\"ListItem\",\"position\":2,\"name\":\"Spa\",\"item\":\"https:\\\/\\\/parknasillaresort.com\\\/spa\\\/\"},{\"@type\":\"ListItem\",\"position\":3,\"name\":\"Spa Treatments\",\"item\":\"https:\\\/\\\/parknasillaresort.com\\\/spa\\\/spa-treatments\\\/\"},{\"@type\":\"ListItem\",\"position\":4,\"name\":\"Seasonal Treatments\"}]},{\"@type\":\"WebSite\",\"@id\":\"https:\\\/\\\/parknasillaresort.com\\\/#website\",\"url\":\"https:\\\/\\\/parknasillaresort.com\\\/\",\"name\":\"Parknasilla Resort &amp; Spa\",\"description\":\"Truly in a world of its own.\",\"potentialAction\":[{\"@type\":\"SearchAction\",\"target\":{\"@type\":\"EntryPoint\",\"urlTemplate\":\"https:\\\/\\\/parknasillaresort.com\\\/?s={search_term_string}\"},\"query-input\":{\"@type\":\"PropertyValueSpecification\",\"valueRequired\":true,\"valueName\":\"search_term_string\"}}],\"inLanguage\":\"fr-FR\"}]}<\/script>\n<!-- \/ Yoast SEO plugin. -->","yoast_head_json":{"title":"Offres saisonni\u00e8res de Spa| Offres de Spa Kerry | H\u00f4tel 4 \u00e9toiles Parknasilla","description":"Un concept original alliant chronobiologie et saveurs gourmandes pour r\u00e9v\u00e9ler l'\u00e9clat de la peau, saison apr\u00e8s saison.","robots":{"index":"index","follow":"follow","max-snippet":"max-snippet:-1","max-image-preview":"max-image-preview:large","max-video-preview":"max-video-preview:-1"},"canonical":"https:\/\/parknasillaresort.com\/fr\/spa\/spa-treatments\/seasonal-treatments\/","og_locale":"fr_FR","og_type":"article","og_title":"Seasonal Spa Offers| Spa Offers Kerry | 4-Star Parknasilla Hotel","og_description":"An original concept combiningchronobiology and delicious flavoursto reveal the skin\u2019s radiance, season by season.","og_url":"https:\/\/parknasillaresort.com\/fr\/spa\/spa-treatments\/seasonal-treatments\/","og_site_name":"Parknasilla Resort &amp; Spa","article_modified_time":"2026-03-13T15:08:23+00:00","twitter_card":"summary_large_image","twitter_misc":{"Dur\u00e9e de lecture estim\u00e9e":"3 minutes"},"schema":{"@context":"https:\/\/schema.org","@graph":[{"@type":"WebPage","@id":"https:\/\/parknasillaresort.com\/spa\/spa-treatments\/seasonal-treatments\/","url":"https:\/\/parknasillaresort.com\/spa\/spa-treatments\/seasonal-treatments\/","name":"Offres saisonni\u00e8res de Spa| Offres de Spa Kerry | H\u00f4tel 4 \u00e9toiles Parknasilla","isPartOf":{"@id":"https:\/\/parknasillaresort.com\/#website"},"datePublished":"2021-03-19T13:13:10+00:00","dateModified":"2026-03-13T15:08:23+00:00","description":"Un concept original alliant chronobiologie et saveurs gourmandes pour r\u00e9v\u00e9ler l'\u00e9clat de la peau, saison apr\u00e8s saison.","breadcrumb":{"@id":"https:\/\/parknasillaresort.com\/spa\/spa-treatments\/seasonal-treatments\/#breadcrumb"},"inLanguage":"fr-FR","potentialAction":[{"@type":"ReadAction","target":["https:\/\/parknasillaresort.com\/spa\/spa-treatments\/seasonal-treatments\/"]}]},{"@type":"BreadcrumbList","@id":"https:\/\/parknasillaresort.com\/spa\/spa-treatments\/seasonal-treatments\/#breadcrumb","itemListElement":[{"@type":"ListItem","position":1,"name":"Home","item":"https:\/\/parknasillaresort.com\/"},{"@type":"ListItem","position":2,"name":"Spa","item":"https:\/\/parknasillaresort.com\/spa\/"},{"@type":"ListItem","position":3,"name":"Spa Treatments","item":"https:\/\/parknasillaresort.com\/spa\/spa-treatments\/"},{"@type":"ListItem","position":4,"name":"Seasonal Treatments"}]},{"@type":"WebSite","@id":"https:\/\/parknasillaresort.com\/#website","url":"https:\/\/parknasillaresort.com\/","name":"Parknasilla Resort &amp; Spa","description":"Truly in a world of its own.","potentialAction":[{"@type":"SearchAction","target":{"@type":"EntryPoint","urlTemplate":"https:\/\/parknasillaresort.com\/?s={search_term_string}"},"query-input":{"@type":"PropertyValueSpecification","valueRequired":true,"valueName":"search_term_string"}}],"inLanguage":"fr-FR"}]}},"_links":{"self":[{"href":"https:\/\/parknasillaresort.com\/fr\/wp-json\/wp\/v2\/pages\/664","targetHints":{"allow":["GET"]}}],"collection":[{"href":"https:\/\/parknasillaresort.com\/fr\/wp-json\/wp\/v2\/pages"}],"about":[{"href":"https:\/\/parknasillaresort.com\/fr\/wp-json\/wp\/v2\/types\/page"}],"author":[{"embeddable":true,"href":"https:\/\/parknasillaresort.com\/fr\/wp-json\/wp\/v2\/users\/3"}],"replies":[{"embeddable":true,"href":"https:\/\/parknasillaresort.com\/fr\/wp-json\/wp\/v2\/comments?post=664"}],"version-history":[{"count":0,"href":"https:\/\/parknasillaresort.com\/fr\/wp-json\/wp\/v2\/pages\/664\/revisions"}],"up":[{"embeddable":true,"href":"https:\/\/parknasillaresort.com\/fr\/wp-json\/wp\/v2\/pages\/626"}],"wp:attachment":[{"href":"https:\/\/parknasillaresort.com\/fr\/wp-json\/wp\/v2\/media?parent=664"}],"curies":[{"name":"wp","href":"https:\/\/api.w.org\/{rel}","templated":true}]}}