{"id":604,"date":"2021-03-18T12:34:09","date_gmt":"2021-03-18T12:34:09","guid":{"rendered":"http:\/\/parknasilla.local\/?page_id=604"},"modified":"2025-06-19T12:56:55","modified_gmt":"2025-06-19T12:56:55","slug":"spa","status":"publish","type":"page","link":"https:\/\/parknasillaresort.com\/fr\/spa\/","title":{"rendered":"Spa"},"content":{"rendered":"","protected":false},"excerpt":{"rendered":"","protected":false},"author":3,"featured_media":0,"parent":0,"menu_order":0,"comment_status":"closed","ping_status":"closed","template":"","meta":{"_acf_changed":false,"footnotes":""},"class_list":["post-604","page","type-page","status-publish","hentry"],"acf":[],"yoast_head":"<!-- This site is optimized with the Yoast SEO plugin v27.5 - https:\/\/yoast.com\/product\/yoast-seo-wordpress\/ -->\n<title>The Spa At Parknasilla | Spa Hotels In Kerry | Parknasilla Resort<\/title>\n<meta name=\"description\" content=\"The Spa at Parknasilla enjoys one of the most enviable settings of any Spa in Ireland surrounded by islands, inlets &amp; hidden beaches offering Spa treatments &amp; more.\" \/>\n<meta name=\"robots\" content=\"index, follow, max-snippet:-1, max-image-preview:large, max-video-preview:-1\" \/>\n<link rel=\"canonical\" href=\"https:\/\/parknasillaresort.com\/fr\/spa\/\" \/>\n<meta property=\"og:locale\" content=\"fr_FR\" \/>\n<meta property=\"og:type\" content=\"article\" \/>\n<meta property=\"og:title\" content=\"The Spa At Parknasilla | Spa Hotels In Kerry | Parknasilla Resort\" \/>\n<meta property=\"og:description\" content=\"The Spa at Parknasilla enjoys one of the most enviable settings of any Spa in Ireland surrounded by islands, inlets &amp; hidden beaches offering Spa treatments &amp; more.\" \/>\n<meta property=\"og:url\" content=\"https:\/\/parknasillaresort.com\/fr\/spa\/\" \/>\n<meta property=\"og:site_name\" content=\"Parknasilla Resort &amp; Spa\" \/>\n<meta property=\"article:modified_time\" content=\"2025-06-19T12:56:55+00:00\" \/>\n<meta name=\"twitter:card\" content=\"summary_large_image\" \/>\n<script type=\"application\/ld+json\" class=\"yoast-schema-graph\">{\"@context\":\"https:\\\/\\\/schema.org\",\"@graph\":[{\"@type\":\"WebPage\",\"@id\":\"https:\\\/\\\/parknasillaresort.com\\\/spa\\\/\",\"url\":\"https:\\\/\\\/parknasillaresort.com\\\/spa\\\/\",\"name\":\"The Spa At Parknasilla | Spa Hotels In Kerry | Parknasilla Resort\",\"isPartOf\":{\"@id\":\"https:\\\/\\\/parknasillaresort.com\\\/#website\"},\"datePublished\":\"2021-03-18T12:34:09+00:00\",\"dateModified\":\"2025-06-19T12:56:55+00:00\",\"description\":\"The Spa at Parknasilla enjoys one of the most enviable settings of any Spa in Ireland surrounded by islands, inlets & hidden beaches offering Spa treatments & more.\",\"breadcrumb\":{\"@id\":\"https:\\\/\\\/parknasillaresort.com\\\/spa\\\/#breadcrumb\"},\"inLanguage\":\"fr-FR\",\"potentialAction\":[{\"@type\":\"ReadAction\",\"target\":[\"https:\\\/\\\/parknasillaresort.com\\\/spa\\\/\"]}]},{\"@type\":\"BreadcrumbList\",\"@id\":\"https:\\\/\\\/parknasillaresort.com\\\/spa\\\/#breadcrumb\",\"itemListElement\":[{\"@type\":\"ListItem\",\"position\":1,\"name\":\"Home\",\"item\":\"https:\\\/\\\/parknasillaresort.com\\\/\"},{\"@type\":\"ListItem\",\"position\":2,\"name\":\"Spa\"}]},{\"@type\":\"WebSite\",\"@id\":\"https:\\\/\\\/parknasillaresort.com\\\/#website\",\"url\":\"https:\\\/\\\/parknasillaresort.com\\\/\",\"name\":\"Parknasilla Resort &amp; Spa\",\"description\":\"Truly in a world of its own.\",\"publisher\":{\"@id\":\"https:\\\/\\\/parknasillaresort.com\\\/#organization\"},\"potentialAction\":[{\"@type\":\"SearchAction\",\"target\":{\"@type\":\"EntryPoint\",\"urlTemplate\":\"https:\\\/\\\/parknasillaresort.com\\\/?s={search_term_string}\"},\"query-input\":{\"@type\":\"PropertyValueSpecification\",\"valueRequired\":true,\"valueName\":\"search_term_string\"}}],\"inLanguage\":\"fr-FR\"},{\"@type\":\"Organization\",\"@id\":\"https:\\\/\\\/parknasillaresort.com\\\/#organization\",\"name\":\"Parknasilla Resort & Spa\",\"url\":\"https:\\\/\\\/parknasillaresort.com\\\/\",\"logo\":{\"@type\":\"ImageObject\",\"inLanguage\":\"fr-FR\",\"@id\":\"https:\\\/\\\/parknasillaresort.com\\\/#\\\/schema\\\/logo\\\/image\\\/\",\"url\":\"https:\\\/\\\/parknasillaresort.com\\\/wp-content\\\/uploads\\\/2021\\\/04\\\/parknasilla_logoemail.png\",\"contentUrl\":\"https:\\\/\\\/parknasillaresort.com\\\/wp-content\\\/uploads\\\/2021\\\/04\\\/parknasilla_logoemail.png\",\"width\":300,\"height\":100,\"caption\":\"Parknasilla Resort & Spa\"},\"image\":{\"@id\":\"https:\\\/\\\/parknasillaresort.com\\\/#\\\/schema\\\/logo\\\/image\\\/\"}}]}<\/script>\n<!-- \/ Yoast SEO plugin. -->","yoast_head_json":{"title":"The Spa At Parknasilla | H\u00f4tels Spa \u00e0 Kerry | Parknasilla Resort","description":"Le spa de Parknasilla jouit de l'un des cadres les plus enviables de tous les spas d'Irlande, entour\u00e9 d'\u00eeles, de criques et de plages cach\u00e9es, et propose des soins de spa et bien plus encore.","robots":{"index":"index","follow":"follow","max-snippet":"max-snippet:-1","max-image-preview":"max-image-preview:large","max-video-preview":"max-video-preview:-1"},"canonical":"https:\/\/parknasillaresort.com\/fr\/spa\/","og_locale":"fr_FR","og_type":"article","og_title":"The Spa At Parknasilla | Spa Hotels In Kerry | Parknasilla Resort","og_description":"The Spa at Parknasilla enjoys one of the most enviable settings of any Spa in Ireland surrounded by islands, inlets & hidden beaches offering Spa treatments & more.","og_url":"https:\/\/parknasillaresort.com\/fr\/spa\/","og_site_name":"Parknasilla Resort &amp; Spa","article_modified_time":"2025-06-19T12:56:55+00:00","twitter_card":"summary_large_image","schema":{"@context":"https:\/\/schema.org","@graph":[{"@type":"WebPage","@id":"https:\/\/parknasillaresort.com\/spa\/","url":"https:\/\/parknasillaresort.com\/spa\/","name":"The Spa At Parknasilla | H\u00f4tels Spa \u00e0 Kerry | Parknasilla Resort","isPartOf":{"@id":"https:\/\/parknasillaresort.com\/#website"},"datePublished":"2021-03-18T12:34:09+00:00","dateModified":"2025-06-19T12:56:55+00:00","description":"Le spa de Parknasilla jouit de l'un des cadres les plus enviables de tous les spas d'Irlande, entour\u00e9 d'\u00eeles, de criques et de plages cach\u00e9es, et propose des soins de spa et bien plus encore.","breadcrumb":{"@id":"https:\/\/parknasillaresort.com\/spa\/#breadcrumb"},"inLanguage":"fr-FR","potentialAction":[{"@type":"ReadAction","target":["https:\/\/parknasillaresort.com\/spa\/"]}]},{"@type":"BreadcrumbList","@id":"https:\/\/parknasillaresort.com\/spa\/#breadcrumb","itemListElement":[{"@type":"ListItem","position":1,"name":"Home","item":"https:\/\/parknasillaresort.com\/"},{"@type":"ListItem","position":2,"name":"Spa"}]},{"@type":"WebSite","@id":"https:\/\/parknasillaresort.com\/#website","url":"https:\/\/parknasillaresort.com\/","name":"Parknasilla Resort &amp; Spa","description":"Truly in a world of its own.","publisher":{"@id":"https:\/\/parknasillaresort.com\/#organization"},"potentialAction":[{"@type":"SearchAction","target":{"@type":"EntryPoint","urlTemplate":"https:\/\/parknasillaresort.com\/?s={search_term_string}"},"query-input":{"@type":"PropertyValueSpecification","valueRequired":true,"valueName":"search_term_string"}}],"inLanguage":"fr-FR"},{"@type":"Organization","@id":"https:\/\/parknasillaresort.com\/#organization","name":"Parknasilla Resort &amp; Spa","url":"https:\/\/parknasillaresort.com\/","logo":{"@type":"ImageObject","inLanguage":"fr-FR","@id":"https:\/\/parknasillaresort.com\/#\/schema\/logo\/image\/","url":"https:\/\/parknasillaresort.com\/wp-content\/uploads\/2021\/04\/parknasilla_logoemail.png","contentUrl":"https:\/\/parknasillaresort.com\/wp-content\/uploads\/2021\/04\/parknasilla_logoemail.png","width":300,"height":100,"caption":"Parknasilla Resort & Spa"},"image":{"@id":"https:\/\/parknasillaresort.com\/#\/schema\/logo\/image\/"}}]}},"_links":{"self":[{"href":"https:\/\/parknasillaresort.com\/fr\/wp-json\/wp\/v2\/pages\/604","targetHints":{"allow":["GET"]}}],"collection":[{"href":"https:\/\/parknasillaresort.com\/fr\/wp-json\/wp\/v2\/pages"}],"about":[{"href":"https:\/\/parknasillaresort.com\/fr\/wp-json\/wp\/v2\/types\/page"}],"author":[{"embeddable":true,"href":"https:\/\/parknasillaresort.com\/fr\/wp-json\/wp\/v2\/users\/3"}],"replies":[{"embeddable":true,"href":"https:\/\/parknasillaresort.com\/fr\/wp-json\/wp\/v2\/comments?post=604"}],"version-history":[{"count":0,"href":"https:\/\/parknasillaresort.com\/fr\/wp-json\/wp\/v2\/pages\/604\/revisions"}],"wp:attachment":[{"href":"https:\/\/parknasillaresort.com\/fr\/wp-json\/wp\/v2\/media?parent=604"}],"curies":[{"name":"wp","href":"https:\/\/api.w.org\/{rel}","templated":true}]}}