{"id":570,"date":"2021-03-16T22:41:27","date_gmt":"2021-03-16T22:41:27","guid":{"rendered":"http:\/\/parknasilla.local\/?page_id=570"},"modified":"2025-06-16T10:12:44","modified_gmt":"2025-06-16T10:12:44","slug":"activities","status":"publish","type":"page","link":"https:\/\/parknasillaresort.com\/fr\/activities\/","title":{"rendered":"Activit\u00e9s"},"content":{"rendered":"","protected":false},"excerpt":{"rendered":"","protected":false},"author":3,"featured_media":0,"parent":0,"menu_order":0,"comment_status":"closed","ping_status":"closed","template":"","meta":{"_acf_changed":false,"footnotes":""},"class_list":["post-570","page","type-page","status-publish","hentry"],"acf":[],"yoast_head":"<!-- This site is optimized with the Yoast SEO plugin v27.4 - https:\/\/yoast.com\/product\/yoast-seo-wordpress\/ -->\n<title>Activities In Kerry | Outdoor Activities Kerry | Parknasilla Hotel<\/title>\n<meta name=\"description\" content=\"There is so much to see &amp; do at the 500-acre estate at Parknasilla Hotel such as mapped walks, boat rides, kayaking, archery, golf, tennis, cycling &amp; much more.\" \/>\n<meta name=\"robots\" content=\"index, follow, max-snippet:-1, max-image-preview:large, max-video-preview:-1\" \/>\n<link rel=\"canonical\" href=\"https:\/\/parknasillaresort.com\/fr\/activities\/\" \/>\n<meta property=\"og:locale\" content=\"fr_FR\" \/>\n<meta property=\"og:type\" content=\"article\" \/>\n<meta property=\"og:title\" content=\"Activities In Kerry | Outdoor Activities Kerry | Parknasilla Hotel\" \/>\n<meta property=\"og:description\" content=\"There is so much to see &amp; do at the 500-acre estate at Parknasilla Hotel such as mapped walks, boat rides, kayaking, archery, golf, tennis, cycling &amp; much more.\" \/>\n<meta property=\"og:url\" content=\"https:\/\/parknasillaresort.com\/fr\/activities\/\" \/>\n<meta property=\"og:site_name\" content=\"Parknasilla Resort &amp; Spa\" \/>\n<meta property=\"article:modified_time\" content=\"2025-06-16T10:12:44+00:00\" \/>\n<meta name=\"twitter:card\" content=\"summary_large_image\" \/>\n<script type=\"application\/ld+json\" class=\"yoast-schema-graph\">{\"@context\":\"https:\\\/\\\/schema.org\",\"@graph\":[{\"@type\":\"WebPage\",\"@id\":\"https:\\\/\\\/parknasillaresort.com\\\/activities\\\/\",\"url\":\"https:\\\/\\\/parknasillaresort.com\\\/activities\\\/\",\"name\":\"Activities In Kerry | Outdoor Activities Kerry | Parknasilla Hotel\",\"isPartOf\":{\"@id\":\"https:\\\/\\\/parknasillaresort.com\\\/#website\"},\"datePublished\":\"2021-03-16T22:41:27+00:00\",\"dateModified\":\"2025-06-16T10:12:44+00:00\",\"description\":\"There is so much to see & do at the 500-acre estate at Parknasilla Hotel such as mapped walks, boat rides, kayaking, archery, golf, tennis, cycling & much more.\",\"breadcrumb\":{\"@id\":\"https:\\\/\\\/parknasillaresort.com\\\/activities\\\/#breadcrumb\"},\"inLanguage\":\"fr-FR\",\"potentialAction\":[{\"@type\":\"ReadAction\",\"target\":[\"https:\\\/\\\/parknasillaresort.com\\\/activities\\\/\"]}]},{\"@type\":\"BreadcrumbList\",\"@id\":\"https:\\\/\\\/parknasillaresort.com\\\/activities\\\/#breadcrumb\",\"itemListElement\":[{\"@type\":\"ListItem\",\"position\":1,\"name\":\"Home\",\"item\":\"https:\\\/\\\/parknasillaresort.com\\\/\"},{\"@type\":\"ListItem\",\"position\":2,\"name\":\"Activities\"}]},{\"@type\":\"WebSite\",\"@id\":\"https:\\\/\\\/parknasillaresort.com\\\/#website\",\"url\":\"https:\\\/\\\/parknasillaresort.com\\\/\",\"name\":\"Parknasilla Resort &amp; Spa\",\"description\":\"Truly in a world of its own.\",\"potentialAction\":[{\"@type\":\"SearchAction\",\"target\":{\"@type\":\"EntryPoint\",\"urlTemplate\":\"https:\\\/\\\/parknasillaresort.com\\\/?s={search_term_string}\"},\"query-input\":{\"@type\":\"PropertyValueSpecification\",\"valueRequired\":true,\"valueName\":\"search_term_string\"}}],\"inLanguage\":\"fr-FR\"}]}<\/script>\n<!-- \/ Yoast SEO plugin. -->","yoast_head_json":{"title":"Activit\u00e9s dans le Kerry | Activit\u00e9s de plein air dans le Kerry | Parknasilla Hotel","description":"Il y a tant de choses \u00e0 voir et \u00e0 faire sur le domaine de 500 acres de l'h\u00f4tel Parknasilla, comme des promenades sur la carte, des promenades en bateau, du kayak, du tir \u00e0 l'arc, du golf, du tennis, du cyclisme et bien plus encore.","robots":{"index":"index","follow":"follow","max-snippet":"max-snippet:-1","max-image-preview":"max-image-preview:large","max-video-preview":"max-video-preview:-1"},"canonical":"https:\/\/parknasillaresort.com\/fr\/activities\/","og_locale":"fr_FR","og_type":"article","og_title":"Activities In Kerry | Outdoor Activities Kerry | Parknasilla Hotel","og_description":"There is so much to see & do at the 500-acre estate at Parknasilla Hotel such as mapped walks, boat rides, kayaking, archery, golf, tennis, cycling & much more.","og_url":"https:\/\/parknasillaresort.com\/fr\/activities\/","og_site_name":"Parknasilla Resort &amp; Spa","article_modified_time":"2025-06-16T10:12:44+00:00","twitter_card":"summary_large_image","schema":{"@context":"https:\/\/schema.org","@graph":[{"@type":"WebPage","@id":"https:\/\/parknasillaresort.com\/activities\/","url":"https:\/\/parknasillaresort.com\/activities\/","name":"Activit\u00e9s dans le Kerry | Activit\u00e9s de plein air dans le Kerry | Parknasilla Hotel","isPartOf":{"@id":"https:\/\/parknasillaresort.com\/#website"},"datePublished":"2021-03-16T22:41:27+00:00","dateModified":"2025-06-16T10:12:44+00:00","description":"Il y a tant de choses \u00e0 voir et \u00e0 faire sur le domaine de 500 acres de l'h\u00f4tel Parknasilla, comme des promenades sur la carte, des promenades en bateau, du kayak, du tir \u00e0 l'arc, du golf, du tennis, du cyclisme et bien plus encore.","breadcrumb":{"@id":"https:\/\/parknasillaresort.com\/activities\/#breadcrumb"},"inLanguage":"fr-FR","potentialAction":[{"@type":"ReadAction","target":["https:\/\/parknasillaresort.com\/activities\/"]}]},{"@type":"BreadcrumbList","@id":"https:\/\/parknasillaresort.com\/activities\/#breadcrumb","itemListElement":[{"@type":"ListItem","position":1,"name":"Home","item":"https:\/\/parknasillaresort.com\/"},{"@type":"ListItem","position":2,"name":"Activities"}]},{"@type":"WebSite","@id":"https:\/\/parknasillaresort.com\/#website","url":"https:\/\/parknasillaresort.com\/","name":"Parknasilla Resort &amp; Spa","description":"Truly in a world of its own.","potentialAction":[{"@type":"SearchAction","target":{"@type":"EntryPoint","urlTemplate":"https:\/\/parknasillaresort.com\/?s={search_term_string}"},"query-input":{"@type":"PropertyValueSpecification","valueRequired":true,"valueName":"search_term_string"}}],"inLanguage":"fr-FR"}]}},"_links":{"self":[{"href":"https:\/\/parknasillaresort.com\/fr\/wp-json\/wp\/v2\/pages\/570","targetHints":{"allow":["GET"]}}],"collection":[{"href":"https:\/\/parknasillaresort.com\/fr\/wp-json\/wp\/v2\/pages"}],"about":[{"href":"https:\/\/parknasillaresort.com\/fr\/wp-json\/wp\/v2\/types\/page"}],"author":[{"embeddable":true,"href":"https:\/\/parknasillaresort.com\/fr\/wp-json\/wp\/v2\/users\/3"}],"replies":[{"embeddable":true,"href":"https:\/\/parknasillaresort.com\/fr\/wp-json\/wp\/v2\/comments?post=570"}],"version-history":[{"count":0,"href":"https:\/\/parknasillaresort.com\/fr\/wp-json\/wp\/v2\/pages\/570\/revisions"}],"wp:attachment":[{"href":"https:\/\/parknasillaresort.com\/fr\/wp-json\/wp\/v2\/media?parent=570"}],"curies":[{"name":"wp","href":"https:\/\/api.w.org\/{rel}","templated":true}]}}