{"id":508,"date":"2021-03-16T13:44:08","date_gmt":"2021-03-16T13:44:08","guid":{"rendered":"http:\/\/parknasilla.local\/?page_id=508"},"modified":"2025-06-17T21:37:49","modified_gmt":"2025-06-17T21:37:49","slug":"swimming-pool","status":"publish","type":"page","link":"https:\/\/parknasillaresort.com\/fr\/activities\/estate-activities\/swimming-pool\/","title":{"rendered":"Piscine"},"content":{"rendered":"","protected":false},"excerpt":{"rendered":"","protected":false},"author":3,"featured_media":0,"parent":482,"menu_order":0,"comment_status":"closed","ping_status":"closed","template":"","meta":{"_acf_changed":false,"footnotes":""},"class_list":["post-508","page","type-page","status-publish","hentry"],"acf":[],"yoast_head":"<!-- This site is optimized with the Yoast SEO plugin v27.4 - https:\/\/yoast.com\/product\/yoast-seo-wordpress\/ -->\n<title>Indoor Swimming Pool | Hotels With Pool | Parknasilla Resort Kerry<\/title>\n<meta name=\"description\" content=\"During your stay at Parknasilla Resort Hotel why not take a dip in our heated indoor swimming pool with enthralling views over the Kenmare Bay and loungers to relax.\" \/>\n<meta name=\"robots\" content=\"index, follow, max-snippet:-1, max-image-preview:large, max-video-preview:-1\" \/>\n<link rel=\"canonical\" href=\"https:\/\/parknasillaresort.com\/fr\/activities\/estate-activities\/swimming-pool\/\" \/>\n<meta property=\"og:locale\" content=\"fr_FR\" \/>\n<meta property=\"og:type\" content=\"article\" \/>\n<meta property=\"og:title\" content=\"Indoor Swimming Pool | Hotels With Pool | Parknasilla Resort Kerry\" \/>\n<meta property=\"og:description\" content=\"During your stay at Parknasilla Resort Hotel why not take a dip in our heated indoor swimming pool with enthralling views over the Kenmare Bay and loungers to relax.\" \/>\n<meta property=\"og:url\" content=\"https:\/\/parknasillaresort.com\/fr\/activities\/estate-activities\/swimming-pool\/\" \/>\n<meta property=\"og:site_name\" content=\"Parknasilla Resort &amp; Spa\" \/>\n<meta property=\"article:modified_time\" content=\"2025-06-17T21:37:49+00:00\" \/>\n<meta name=\"twitter:card\" content=\"summary_large_image\" \/>\n<script type=\"application\/ld+json\" class=\"yoast-schema-graph\">{\"@context\":\"https:\\\/\\\/schema.org\",\"@graph\":[{\"@type\":\"WebPage\",\"@id\":\"https:\\\/\\\/parknasillaresort.com\\\/activities\\\/estate-activities\\\/swimming-pool\\\/\",\"url\":\"https:\\\/\\\/parknasillaresort.com\\\/activities\\\/estate-activities\\\/swimming-pool\\\/\",\"name\":\"Indoor Swimming Pool | Hotels With Pool | Parknasilla Resort Kerry\",\"isPartOf\":{\"@id\":\"https:\\\/\\\/parknasillaresort.com\\\/#website\"},\"datePublished\":\"2021-03-16T13:44:08+00:00\",\"dateModified\":\"2025-06-17T21:37:49+00:00\",\"description\":\"During your stay at Parknasilla Resort Hotel why not take a dip in our heated indoor swimming pool with enthralling views over the Kenmare Bay and loungers to relax.\",\"breadcrumb\":{\"@id\":\"https:\\\/\\\/parknasillaresort.com\\\/activities\\\/estate-activities\\\/swimming-pool\\\/#breadcrumb\"},\"inLanguage\":\"fr-FR\",\"potentialAction\":[{\"@type\":\"ReadAction\",\"target\":[\"https:\\\/\\\/parknasillaresort.com\\\/activities\\\/estate-activities\\\/swimming-pool\\\/\"]}]},{\"@type\":\"BreadcrumbList\",\"@id\":\"https:\\\/\\\/parknasillaresort.com\\\/activities\\\/estate-activities\\\/swimming-pool\\\/#breadcrumb\",\"itemListElement\":[{\"@type\":\"ListItem\",\"position\":1,\"name\":\"Home\",\"item\":\"https:\\\/\\\/parknasillaresort.com\\\/\"},{\"@type\":\"ListItem\",\"position\":2,\"name\":\"Activities\",\"item\":\"https:\\\/\\\/parknasillaresort.com\\\/activities\\\/\"},{\"@type\":\"ListItem\",\"position\":3,\"name\":\"Estate Activities\",\"item\":\"https:\\\/\\\/parknasillaresort.com\\\/activities\\\/estate-activities\\\/\"},{\"@type\":\"ListItem\",\"position\":4,\"name\":\"Swimming Pool\"}]},{\"@type\":\"WebSite\",\"@id\":\"https:\\\/\\\/parknasillaresort.com\\\/#website\",\"url\":\"https:\\\/\\\/parknasillaresort.com\\\/\",\"name\":\"Parknasilla Resort &amp; Spa\",\"description\":\"Truly in a world of its own.\",\"potentialAction\":[{\"@type\":\"SearchAction\",\"target\":{\"@type\":\"EntryPoint\",\"urlTemplate\":\"https:\\\/\\\/parknasillaresort.com\\\/?s={search_term_string}\"},\"query-input\":{\"@type\":\"PropertyValueSpecification\",\"valueRequired\":true,\"valueName\":\"search_term_string\"}}],\"inLanguage\":\"fr-FR\"}]}<\/script>\n<!-- \/ Yoast SEO plugin. -->","yoast_head_json":{"title":"Piscine int\u00e9rieure | H\u00f4tels avec piscine | Parknasilla Resort Kerry","description":"Pendant votre s\u00e9jour au Parknasilla Resort Hotel, pourquoi ne pas faire un plongeon dans notre piscine int\u00e9rieure chauff\u00e9e, avec des vues captivantes sur la baie de Kenmare et des chaises longues pour vous d\u00e9tendre.","robots":{"index":"index","follow":"follow","max-snippet":"max-snippet:-1","max-image-preview":"max-image-preview:large","max-video-preview":"max-video-preview:-1"},"canonical":"https:\/\/parknasillaresort.com\/fr\/activities\/estate-activities\/swimming-pool\/","og_locale":"fr_FR","og_type":"article","og_title":"Indoor Swimming Pool | Hotels With Pool | Parknasilla Resort Kerry","og_description":"During your stay at Parknasilla Resort Hotel why not take a dip in our heated indoor swimming pool with enthralling views over the Kenmare Bay and loungers to relax.","og_url":"https:\/\/parknasillaresort.com\/fr\/activities\/estate-activities\/swimming-pool\/","og_site_name":"Parknasilla Resort &amp; Spa","article_modified_time":"2025-06-17T21:37:49+00:00","twitter_card":"summary_large_image","schema":{"@context":"https:\/\/schema.org","@graph":[{"@type":"WebPage","@id":"https:\/\/parknasillaresort.com\/activities\/estate-activities\/swimming-pool\/","url":"https:\/\/parknasillaresort.com\/activities\/estate-activities\/swimming-pool\/","name":"Piscine int\u00e9rieure | H\u00f4tels avec piscine | Parknasilla Resort Kerry","isPartOf":{"@id":"https:\/\/parknasillaresort.com\/#website"},"datePublished":"2021-03-16T13:44:08+00:00","dateModified":"2025-06-17T21:37:49+00:00","description":"Pendant votre s\u00e9jour au Parknasilla Resort Hotel, pourquoi ne pas faire un plongeon dans notre piscine int\u00e9rieure chauff\u00e9e, avec des vues captivantes sur la baie de Kenmare et des chaises longues pour vous d\u00e9tendre.","breadcrumb":{"@id":"https:\/\/parknasillaresort.com\/activities\/estate-activities\/swimming-pool\/#breadcrumb"},"inLanguage":"fr-FR","potentialAction":[{"@type":"ReadAction","target":["https:\/\/parknasillaresort.com\/activities\/estate-activities\/swimming-pool\/"]}]},{"@type":"BreadcrumbList","@id":"https:\/\/parknasillaresort.com\/activities\/estate-activities\/swimming-pool\/#breadcrumb","itemListElement":[{"@type":"ListItem","position":1,"name":"Home","item":"https:\/\/parknasillaresort.com\/"},{"@type":"ListItem","position":2,"name":"Activities","item":"https:\/\/parknasillaresort.com\/activities\/"},{"@type":"ListItem","position":3,"name":"Estate Activities","item":"https:\/\/parknasillaresort.com\/activities\/estate-activities\/"},{"@type":"ListItem","position":4,"name":"Swimming Pool"}]},{"@type":"WebSite","@id":"https:\/\/parknasillaresort.com\/#website","url":"https:\/\/parknasillaresort.com\/","name":"Parknasilla Resort &amp; Spa","description":"Truly in a world of its own.","potentialAction":[{"@type":"SearchAction","target":{"@type":"EntryPoint","urlTemplate":"https:\/\/parknasillaresort.com\/?s={search_term_string}"},"query-input":{"@type":"PropertyValueSpecification","valueRequired":true,"valueName":"search_term_string"}}],"inLanguage":"fr-FR"}]}},"_links":{"self":[{"href":"https:\/\/parknasillaresort.com\/fr\/wp-json\/wp\/v2\/pages\/508","targetHints":{"allow":["GET"]}}],"collection":[{"href":"https:\/\/parknasillaresort.com\/fr\/wp-json\/wp\/v2\/pages"}],"about":[{"href":"https:\/\/parknasillaresort.com\/fr\/wp-json\/wp\/v2\/types\/page"}],"author":[{"embeddable":true,"href":"https:\/\/parknasillaresort.com\/fr\/wp-json\/wp\/v2\/users\/3"}],"replies":[{"embeddable":true,"href":"https:\/\/parknasillaresort.com\/fr\/wp-json\/wp\/v2\/comments?post=508"}],"version-history":[{"count":0,"href":"https:\/\/parknasillaresort.com\/fr\/wp-json\/wp\/v2\/pages\/508\/revisions"}],"up":[{"embeddable":true,"href":"https:\/\/parknasillaresort.com\/fr\/wp-json\/wp\/v2\/pages\/482"}],"wp:attachment":[{"href":"https:\/\/parknasillaresort.com\/fr\/wp-json\/wp\/v2\/media?parent=508"}],"curies":[{"name":"wp","href":"https:\/\/api.w.org\/{rel}","templated":true}]}}