{"id":451,"date":"2021-03-15T15:50:52","date_gmt":"2021-03-15T15:50:52","guid":{"rendered":"http:\/\/parknasilla.local\/?page_id=451"},"modified":"2024-09-10T13:34:39","modified_gmt":"2024-09-10T13:34:39","slug":"playground","status":"publish","type":"page","link":"https:\/\/parknasillaresort.com\/fr\/activities\/family-adventures\/playground\/","title":{"rendered":"Terrain de jeux"},"content":{"rendered":"","protected":false},"excerpt":{"rendered":"","protected":false},"author":3,"featured_media":0,"parent":423,"menu_order":0,"comment_status":"closed","ping_status":"closed","template":"","meta":{"_acf_changed":false,"footnotes":""},"class_list":["post-451","page","type-page","status-publish","hentry"],"acf":[],"yoast_head":"<!-- This site is optimized with the Yoast SEO plugin v27.4 - https:\/\/yoast.com\/product\/yoast-seo-wordpress\/ -->\n<title>Playground | Kids Activities In Kerry | Parknasilla Resort Hotel<\/title>\n<meta name=\"description\" content=\"The playground is situated on the grounds of the resort complete with zip wire, swings, and slide perfect outdoor space to let your little ones enjoy the outdoors.\" \/>\n<meta name=\"robots\" content=\"index, follow, max-snippet:-1, max-image-preview:large, max-video-preview:-1\" \/>\n<link rel=\"canonical\" href=\"https:\/\/parknasillaresort.com\/fr\/activities\/family-adventures\/playground\/\" \/>\n<meta property=\"og:locale\" content=\"fr_FR\" \/>\n<meta property=\"og:type\" content=\"article\" \/>\n<meta property=\"og:title\" content=\"Playground | Kids Activities In Kerry | Parknasilla Resort Hotel\" \/>\n<meta property=\"og:description\" content=\"The playground is situated on the grounds of the resort complete with zip wire, swings, and slide perfect outdoor space to let your little ones enjoy the outdoors.\" \/>\n<meta property=\"og:url\" content=\"https:\/\/parknasillaresort.com\/fr\/activities\/family-adventures\/playground\/\" \/>\n<meta property=\"og:site_name\" content=\"Parknasilla Resort &amp; Spa\" \/>\n<meta property=\"article:modified_time\" content=\"2024-09-10T13:34:39+00:00\" \/>\n<meta name=\"twitter:card\" content=\"summary_large_image\" \/>\n<script type=\"application\/ld+json\" class=\"yoast-schema-graph\">{\"@context\":\"https:\\\/\\\/schema.org\",\"@graph\":[{\"@type\":\"WebPage\",\"@id\":\"https:\\\/\\\/parknasillaresort.com\\\/activities\\\/family-adventures\\\/playground\\\/\",\"url\":\"https:\\\/\\\/parknasillaresort.com\\\/activities\\\/family-adventures\\\/playground\\\/\",\"name\":\"Playground | Kids Activities In Kerry | Parknasilla Resort Hotel\",\"isPartOf\":{\"@id\":\"https:\\\/\\\/parknasillaresort.com\\\/#website\"},\"datePublished\":\"2021-03-15T15:50:52+00:00\",\"dateModified\":\"2024-09-10T13:34:39+00:00\",\"description\":\"The playground is situated on the grounds of the resort complete with zip wire, swings, and slide perfect outdoor space to let your little ones enjoy the outdoors.\",\"breadcrumb\":{\"@id\":\"https:\\\/\\\/parknasillaresort.com\\\/activities\\\/family-adventures\\\/playground\\\/#breadcrumb\"},\"inLanguage\":\"fr-FR\",\"potentialAction\":[{\"@type\":\"ReadAction\",\"target\":[\"https:\\\/\\\/parknasillaresort.com\\\/activities\\\/family-adventures\\\/playground\\\/\"]}]},{\"@type\":\"BreadcrumbList\",\"@id\":\"https:\\\/\\\/parknasillaresort.com\\\/activities\\\/family-adventures\\\/playground\\\/#breadcrumb\",\"itemListElement\":[{\"@type\":\"ListItem\",\"position\":1,\"name\":\"Home\",\"item\":\"https:\\\/\\\/parknasillaresort.com\\\/\"},{\"@type\":\"ListItem\",\"position\":2,\"name\":\"Activities\",\"item\":\"https:\\\/\\\/parknasillaresort.com\\\/activities\\\/\"},{\"@type\":\"ListItem\",\"position\":3,\"name\":\"Family Adventures\",\"item\":\"https:\\\/\\\/parknasillaresort.com\\\/activities\\\/family-adventures\\\/\"},{\"@type\":\"ListItem\",\"position\":4,\"name\":\"Playground\"}]},{\"@type\":\"WebSite\",\"@id\":\"https:\\\/\\\/parknasillaresort.com\\\/#website\",\"url\":\"https:\\\/\\\/parknasillaresort.com\\\/\",\"name\":\"Parknasilla Resort &amp; Spa\",\"description\":\"Truly in a world of its own.\",\"potentialAction\":[{\"@type\":\"SearchAction\",\"target\":{\"@type\":\"EntryPoint\",\"urlTemplate\":\"https:\\\/\\\/parknasillaresort.com\\\/?s={search_term_string}\"},\"query-input\":{\"@type\":\"PropertyValueSpecification\",\"valueRequired\":true,\"valueName\":\"search_term_string\"}}],\"inLanguage\":\"fr-FR\"}]}<\/script>\n<!-- \/ Yoast SEO plugin. -->","yoast_head_json":{"title":"Aire de jeux | Activit\u00e9s pour enfants \u00e0 Kerry | Parknasilla Resort Hotel","description":"L'aire de jeux est situ\u00e9e sur le terrain de la station et comprend une tyrolienne, des balan\u00e7oires et un toboggan. C'est l'espace ext\u00e9rieur id\u00e9al pour permettre \u00e0 vos enfants de profiter du plein air.","robots":{"index":"index","follow":"follow","max-snippet":"max-snippet:-1","max-image-preview":"max-image-preview:large","max-video-preview":"max-video-preview:-1"},"canonical":"https:\/\/parknasillaresort.com\/fr\/activities\/family-adventures\/playground\/","og_locale":"fr_FR","og_type":"article","og_title":"Playground | Kids Activities In Kerry | Parknasilla Resort Hotel","og_description":"The playground is situated on the grounds of the resort complete with zip wire, swings, and slide perfect outdoor space to let your little ones enjoy the outdoors.","og_url":"https:\/\/parknasillaresort.com\/fr\/activities\/family-adventures\/playground\/","og_site_name":"Parknasilla Resort &amp; Spa","article_modified_time":"2024-09-10T13:34:39+00:00","twitter_card":"summary_large_image","schema":{"@context":"https:\/\/schema.org","@graph":[{"@type":"WebPage","@id":"https:\/\/parknasillaresort.com\/activities\/family-adventures\/playground\/","url":"https:\/\/parknasillaresort.com\/activities\/family-adventures\/playground\/","name":"Aire de jeux | Activit\u00e9s pour enfants \u00e0 Kerry | Parknasilla Resort Hotel","isPartOf":{"@id":"https:\/\/parknasillaresort.com\/#website"},"datePublished":"2021-03-15T15:50:52+00:00","dateModified":"2024-09-10T13:34:39+00:00","description":"L'aire de jeux est situ\u00e9e sur le terrain de la station et comprend une tyrolienne, des balan\u00e7oires et un toboggan. C'est l'espace ext\u00e9rieur id\u00e9al pour permettre \u00e0 vos enfants de profiter du plein air.","breadcrumb":{"@id":"https:\/\/parknasillaresort.com\/activities\/family-adventures\/playground\/#breadcrumb"},"inLanguage":"fr-FR","potentialAction":[{"@type":"ReadAction","target":["https:\/\/parknasillaresort.com\/activities\/family-adventures\/playground\/"]}]},{"@type":"BreadcrumbList","@id":"https:\/\/parknasillaresort.com\/activities\/family-adventures\/playground\/#breadcrumb","itemListElement":[{"@type":"ListItem","position":1,"name":"Home","item":"https:\/\/parknasillaresort.com\/"},{"@type":"ListItem","position":2,"name":"Activities","item":"https:\/\/parknasillaresort.com\/activities\/"},{"@type":"ListItem","position":3,"name":"Family Adventures","item":"https:\/\/parknasillaresort.com\/activities\/family-adventures\/"},{"@type":"ListItem","position":4,"name":"Playground"}]},{"@type":"WebSite","@id":"https:\/\/parknasillaresort.com\/#website","url":"https:\/\/parknasillaresort.com\/","name":"Parknasilla Resort &amp; Spa","description":"Truly in a world of its own.","potentialAction":[{"@type":"SearchAction","target":{"@type":"EntryPoint","urlTemplate":"https:\/\/parknasillaresort.com\/?s={search_term_string}"},"query-input":{"@type":"PropertyValueSpecification","valueRequired":true,"valueName":"search_term_string"}}],"inLanguage":"fr-FR"}]}},"_links":{"self":[{"href":"https:\/\/parknasillaresort.com\/fr\/wp-json\/wp\/v2\/pages\/451","targetHints":{"allow":["GET"]}}],"collection":[{"href":"https:\/\/parknasillaresort.com\/fr\/wp-json\/wp\/v2\/pages"}],"about":[{"href":"https:\/\/parknasillaresort.com\/fr\/wp-json\/wp\/v2\/types\/page"}],"author":[{"embeddable":true,"href":"https:\/\/parknasillaresort.com\/fr\/wp-json\/wp\/v2\/users\/3"}],"replies":[{"embeddable":true,"href":"https:\/\/parknasillaresort.com\/fr\/wp-json\/wp\/v2\/comments?post=451"}],"version-history":[{"count":0,"href":"https:\/\/parknasillaresort.com\/fr\/wp-json\/wp\/v2\/pages\/451\/revisions"}],"up":[{"embeddable":true,"href":"https:\/\/parknasillaresort.com\/fr\/wp-json\/wp\/v2\/pages\/423"}],"wp:attachment":[{"href":"https:\/\/parknasillaresort.com\/fr\/wp-json\/wp\/v2\/media?parent=451"}],"curies":[{"name":"wp","href":"https:\/\/api.w.org\/{rel}","templated":true}]}}