{"id":425,"date":"2021-03-15T14:02:57","date_gmt":"2021-03-15T14:02:57","guid":{"rendered":"http:\/\/parknasilla.local\/?page_id=425"},"modified":"2024-07-24T17:27:12","modified_gmt":"2024-07-24T17:27:12","slug":"fairy-trail","status":"publish","type":"page","link":"https:\/\/parknasillaresort.com\/fr\/activities\/family-adventures\/fairy-trail\/","title":{"rendered":"Le sentier des f\u00e9es"},"content":{"rendered":"","protected":false},"excerpt":{"rendered":"","protected":false},"author":3,"featured_media":0,"parent":423,"menu_order":0,"comment_status":"closed","ping_status":"closed","template":"","meta":{"_acf_changed":false,"footnotes":""},"class_list":["post-425","page","type-page","status-publish","hentry"],"acf":[],"yoast_head":"<!-- This site is optimized with the Yoast SEO plugin v27.4 - https:\/\/yoast.com\/product\/yoast-seo-wordpress\/ -->\n<title>Fairy Trail | Fun Things To Do In Kerry | 4* Parknasilla Hotel<\/title>\n<meta name=\"description\" content=\"Kids love our Fairy Trail in our most magical and enchanting areas at Parknasilla Resort searching and discovering fairy houses. View our Fairy Trail Map here.\" \/>\n<meta name=\"robots\" content=\"index, follow, max-snippet:-1, max-image-preview:large, max-video-preview:-1\" \/>\n<link rel=\"canonical\" href=\"https:\/\/parknasillaresort.com\/fr\/activities\/family-adventures\/fairy-trail\/\" \/>\n<meta property=\"og:locale\" content=\"fr_FR\" \/>\n<meta property=\"og:type\" content=\"article\" \/>\n<meta property=\"og:title\" content=\"Fairy Trail | Fun Things To Do In Kerry | 4* Parknasilla Hotel\" \/>\n<meta property=\"og:description\" content=\"Kids love our Fairy Trail in our most magical and enchanting areas at Parknasilla Resort searching and discovering fairy houses. View our Fairy Trail Map here.\" \/>\n<meta property=\"og:url\" content=\"https:\/\/parknasillaresort.com\/fr\/activities\/family-adventures\/fairy-trail\/\" \/>\n<meta property=\"og:site_name\" content=\"Parknasilla Resort &amp; Spa\" \/>\n<meta property=\"article:modified_time\" content=\"2024-07-24T17:27:12+00:00\" \/>\n<meta name=\"twitter:card\" content=\"summary_large_image\" \/>\n<script type=\"application\/ld+json\" class=\"yoast-schema-graph\">{\"@context\":\"https:\\\/\\\/schema.org\",\"@graph\":[{\"@type\":\"WebPage\",\"@id\":\"https:\\\/\\\/parknasillaresort.com\\\/activities\\\/family-adventures\\\/fairy-trail\\\/\",\"url\":\"https:\\\/\\\/parknasillaresort.com\\\/activities\\\/family-adventures\\\/fairy-trail\\\/\",\"name\":\"Fairy Trail | Fun Things To Do In Kerry | 4* Parknasilla Hotel\",\"isPartOf\":{\"@id\":\"https:\\\/\\\/parknasillaresort.com\\\/#website\"},\"datePublished\":\"2021-03-15T14:02:57+00:00\",\"dateModified\":\"2024-07-24T17:27:12+00:00\",\"description\":\"Kids love our Fairy Trail in our most magical and enchanting areas at Parknasilla Resort searching and discovering fairy houses. View our Fairy Trail Map here.\",\"breadcrumb\":{\"@id\":\"https:\\\/\\\/parknasillaresort.com\\\/activities\\\/family-adventures\\\/fairy-trail\\\/#breadcrumb\"},\"inLanguage\":\"fr-FR\",\"potentialAction\":[{\"@type\":\"ReadAction\",\"target\":[\"https:\\\/\\\/parknasillaresort.com\\\/activities\\\/family-adventures\\\/fairy-trail\\\/\"]}]},{\"@type\":\"BreadcrumbList\",\"@id\":\"https:\\\/\\\/parknasillaresort.com\\\/activities\\\/family-adventures\\\/fairy-trail\\\/#breadcrumb\",\"itemListElement\":[{\"@type\":\"ListItem\",\"position\":1,\"name\":\"Home\",\"item\":\"https:\\\/\\\/parknasillaresort.com\\\/\"},{\"@type\":\"ListItem\",\"position\":2,\"name\":\"Activities\",\"item\":\"https:\\\/\\\/parknasillaresort.com\\\/activities\\\/\"},{\"@type\":\"ListItem\",\"position\":3,\"name\":\"Family Adventures\",\"item\":\"https:\\\/\\\/parknasillaresort.com\\\/activities\\\/family-adventures\\\/\"},{\"@type\":\"ListItem\",\"position\":4,\"name\":\"Fairy Trail\"}]},{\"@type\":\"WebSite\",\"@id\":\"https:\\\/\\\/parknasillaresort.com\\\/#website\",\"url\":\"https:\\\/\\\/parknasillaresort.com\\\/\",\"name\":\"Parknasilla Resort &amp; Spa\",\"description\":\"Truly in a world of its own.\",\"potentialAction\":[{\"@type\":\"SearchAction\",\"target\":{\"@type\":\"EntryPoint\",\"urlTemplate\":\"https:\\\/\\\/parknasillaresort.com\\\/?s={search_term_string}\"},\"query-input\":{\"@type\":\"PropertyValueSpecification\",\"valueRequired\":true,\"valueName\":\"search_term_string\"}}],\"inLanguage\":\"fr-FR\"}]}<\/script>\n<!-- \/ Yoast SEO plugin. -->","yoast_head_json":{"title":"Fairy Trail | Fun Things To Do In Kerry | 4* Parknasilla Hotel","description":"Les enfants adorent notre sentier des f\u00e9es dans les zones les plus magiques et les plus enchanteresses de Parknasilla Resort, \u00e0 la recherche et \u00e0 la d\u00e9couverte de maisons de f\u00e9es. Consultez notre carte du sentier des f\u00e9es ici.","robots":{"index":"index","follow":"follow","max-snippet":"max-snippet:-1","max-image-preview":"max-image-preview:large","max-video-preview":"max-video-preview:-1"},"canonical":"https:\/\/parknasillaresort.com\/fr\/activities\/family-adventures\/fairy-trail\/","og_locale":"fr_FR","og_type":"article","og_title":"Fairy Trail | Fun Things To Do In Kerry | 4* Parknasilla Hotel","og_description":"Kids love our Fairy Trail in our most magical and enchanting areas at Parknasilla Resort searching and discovering fairy houses. View our Fairy Trail Map here.","og_url":"https:\/\/parknasillaresort.com\/fr\/activities\/family-adventures\/fairy-trail\/","og_site_name":"Parknasilla Resort &amp; Spa","article_modified_time":"2024-07-24T17:27:12+00:00","twitter_card":"summary_large_image","schema":{"@context":"https:\/\/schema.org","@graph":[{"@type":"WebPage","@id":"https:\/\/parknasillaresort.com\/activities\/family-adventures\/fairy-trail\/","url":"https:\/\/parknasillaresort.com\/activities\/family-adventures\/fairy-trail\/","name":"Fairy Trail | Fun Things To Do In Kerry | 4* Parknasilla Hotel","isPartOf":{"@id":"https:\/\/parknasillaresort.com\/#website"},"datePublished":"2021-03-15T14:02:57+00:00","dateModified":"2024-07-24T17:27:12+00:00","description":"Les enfants adorent notre sentier des f\u00e9es dans les zones les plus magiques et les plus enchanteresses de Parknasilla Resort, \u00e0 la recherche et \u00e0 la d\u00e9couverte de maisons de f\u00e9es. Consultez notre carte du sentier des f\u00e9es ici.","breadcrumb":{"@id":"https:\/\/parknasillaresort.com\/activities\/family-adventures\/fairy-trail\/#breadcrumb"},"inLanguage":"fr-FR","potentialAction":[{"@type":"ReadAction","target":["https:\/\/parknasillaresort.com\/activities\/family-adventures\/fairy-trail\/"]}]},{"@type":"BreadcrumbList","@id":"https:\/\/parknasillaresort.com\/activities\/family-adventures\/fairy-trail\/#breadcrumb","itemListElement":[{"@type":"ListItem","position":1,"name":"Home","item":"https:\/\/parknasillaresort.com\/"},{"@type":"ListItem","position":2,"name":"Activities","item":"https:\/\/parknasillaresort.com\/activities\/"},{"@type":"ListItem","position":3,"name":"Family Adventures","item":"https:\/\/parknasillaresort.com\/activities\/family-adventures\/"},{"@type":"ListItem","position":4,"name":"Fairy Trail"}]},{"@type":"WebSite","@id":"https:\/\/parknasillaresort.com\/#website","url":"https:\/\/parknasillaresort.com\/","name":"Parknasilla Resort &amp; Spa","description":"Truly in a world of its own.","potentialAction":[{"@type":"SearchAction","target":{"@type":"EntryPoint","urlTemplate":"https:\/\/parknasillaresort.com\/?s={search_term_string}"},"query-input":{"@type":"PropertyValueSpecification","valueRequired":true,"valueName":"search_term_string"}}],"inLanguage":"fr-FR"}]}},"_links":{"self":[{"href":"https:\/\/parknasillaresort.com\/fr\/wp-json\/wp\/v2\/pages\/425","targetHints":{"allow":["GET"]}}],"collection":[{"href":"https:\/\/parknasillaresort.com\/fr\/wp-json\/wp\/v2\/pages"}],"about":[{"href":"https:\/\/parknasillaresort.com\/fr\/wp-json\/wp\/v2\/types\/page"}],"author":[{"embeddable":true,"href":"https:\/\/parknasillaresort.com\/fr\/wp-json\/wp\/v2\/users\/3"}],"replies":[{"embeddable":true,"href":"https:\/\/parknasillaresort.com\/fr\/wp-json\/wp\/v2\/comments?post=425"}],"version-history":[{"count":0,"href":"https:\/\/parknasillaresort.com\/fr\/wp-json\/wp\/v2\/pages\/425\/revisions"}],"up":[{"embeddable":true,"href":"https:\/\/parknasillaresort.com\/fr\/wp-json\/wp\/v2\/pages\/423"}],"wp:attachment":[{"href":"https:\/\/parknasillaresort.com\/fr\/wp-json\/wp\/v2\/media?parent=425"}],"curies":[{"name":"wp","href":"https:\/\/api.w.org\/{rel}","templated":true}]}}