{"id":410,"date":"2021-03-14T22:09:41","date_gmt":"2021-03-14T22:09:41","guid":{"rendered":"http:\/\/parknasilla.local\/?page_id=410"},"modified":"2026-04-16T22:56:41","modified_gmt":"2026-04-16T22:56:41","slug":"curated-experiences","status":"publish","type":"page","link":"https:\/\/parknasillaresort.com\/fr\/activities\/curated-experiences\/","title":{"rendered":"Exp\u00e9riences choisies"},"content":{"rendered":"","protected":false},"excerpt":{"rendered":"","protected":false},"author":3,"featured_media":0,"parent":570,"menu_order":0,"comment_status":"closed","ping_status":"closed","template":"","meta":{"_acf_changed":false,"footnotes":""},"class_list":["post-410","page","type-page","status-publish","hentry"],"acf":[],"yoast_head":"<!-- This site is optimized with the Yoast SEO plugin v27.4 - https:\/\/yoast.com\/product\/yoast-seo-wordpress\/ -->\n<title>Curated Experiences | Best Things To Do Kerry | Parknasilla Hotel<\/title>\n<meta name=\"description\" content=\"During your stay at Parknasilla Hotel why not take part in one of our curated experiences with our expert guides on boat trips, archery, owls experience &amp; more.\" \/>\n<meta name=\"robots\" content=\"index, follow, max-snippet:-1, max-image-preview:large, max-video-preview:-1\" \/>\n<link rel=\"canonical\" href=\"https:\/\/parknasillaresort.com\/fr\/activities\/curated-experiences\/\" \/>\n<meta property=\"og:locale\" content=\"fr_FR\" \/>\n<meta property=\"og:type\" content=\"article\" \/>\n<meta property=\"og:title\" content=\"Curated Experiences | Best Things To Do Kerry | Parknasilla Hotel\" \/>\n<meta property=\"og:description\" content=\"During your stay at Parknasilla Hotel why not take part in one of our curated experiences with our expert guides on boat trips, archery, owls experience &amp; more.\" \/>\n<meta property=\"og:url\" content=\"https:\/\/parknasillaresort.com\/fr\/activities\/curated-experiences\/\" \/>\n<meta property=\"og:site_name\" content=\"Parknasilla Resort &amp; Spa\" \/>\n<meta property=\"article:modified_time\" content=\"2026-04-16T22:56:41+00:00\" \/>\n<meta name=\"twitter:card\" content=\"summary_large_image\" \/>\n<meta name=\"twitter:label1\" content=\"Dur\u00e9e de lecture estim\u00e9e\" \/>\n\t<meta name=\"twitter:data1\" content=\"5 minutes\" \/>\n<script type=\"application\/ld+json\" class=\"yoast-schema-graph\">{\"@context\":\"https:\\\/\\\/schema.org\",\"@graph\":[{\"@type\":\"WebPage\",\"@id\":\"https:\\\/\\\/parknasillaresort.com\\\/activities\\\/curated-experiences\\\/\",\"url\":\"https:\\\/\\\/parknasillaresort.com\\\/activities\\\/curated-experiences\\\/\",\"name\":\"Curated Experiences | Best Things To Do Kerry | Parknasilla Hotel\",\"isPartOf\":{\"@id\":\"https:\\\/\\\/parknasillaresort.com\\\/#website\"},\"datePublished\":\"2021-03-14T22:09:41+00:00\",\"dateModified\":\"2026-04-16T22:56:41+00:00\",\"description\":\"During your stay at Parknasilla Hotel why not take part in one of our curated experiences with our expert guides on boat trips, archery, owls experience & more.\",\"breadcrumb\":{\"@id\":\"https:\\\/\\\/parknasillaresort.com\\\/activities\\\/curated-experiences\\\/#breadcrumb\"},\"inLanguage\":\"fr-FR\",\"potentialAction\":[{\"@type\":\"ReadAction\",\"target\":[\"https:\\\/\\\/parknasillaresort.com\\\/activities\\\/curated-experiences\\\/\"]}]},{\"@type\":\"BreadcrumbList\",\"@id\":\"https:\\\/\\\/parknasillaresort.com\\\/activities\\\/curated-experiences\\\/#breadcrumb\",\"itemListElement\":[{\"@type\":\"ListItem\",\"position\":1,\"name\":\"Home\",\"item\":\"https:\\\/\\\/parknasillaresort.com\\\/\"},{\"@type\":\"ListItem\",\"position\":2,\"name\":\"Activities\",\"item\":\"https:\\\/\\\/parknasillaresort.com\\\/activities\\\/\"},{\"@type\":\"ListItem\",\"position\":3,\"name\":\"Curated Experiences\"}]},{\"@type\":\"WebSite\",\"@id\":\"https:\\\/\\\/parknasillaresort.com\\\/#website\",\"url\":\"https:\\\/\\\/parknasillaresort.com\\\/\",\"name\":\"Parknasilla Resort &amp; Spa\",\"description\":\"Truly in a world of its own.\",\"potentialAction\":[{\"@type\":\"SearchAction\",\"target\":{\"@type\":\"EntryPoint\",\"urlTemplate\":\"https:\\\/\\\/parknasillaresort.com\\\/?s={search_term_string}\"},\"query-input\":{\"@type\":\"PropertyValueSpecification\",\"valueRequired\":true,\"valueName\":\"search_term_string\"}}],\"inLanguage\":\"fr-FR\"}]}<\/script>\n<!-- \/ Yoast SEO plugin. -->","yoast_head_json":{"title":"Curated Experiences | Meilleures choses \u00e0 faire Kerry | Parknasilla Hotel","description":"Pendant votre s\u00e9jour \u00e0 l'h\u00f4tel Parknasilla, pourquoi ne pas prendre part \u00e0 l'une de nos exp\u00e9riences avec nos guides experts : excursions en bateau, tir \u00e0 l'arc, exp\u00e9rience des hiboux, etc.","robots":{"index":"index","follow":"follow","max-snippet":"max-snippet:-1","max-image-preview":"max-image-preview:large","max-video-preview":"max-video-preview:-1"},"canonical":"https:\/\/parknasillaresort.com\/fr\/activities\/curated-experiences\/","og_locale":"fr_FR","og_type":"article","og_title":"Curated Experiences | Best Things To Do Kerry | Parknasilla Hotel","og_description":"During your stay at Parknasilla Hotel why not take part in one of our curated experiences with our expert guides on boat trips, archery, owls experience & more.","og_url":"https:\/\/parknasillaresort.com\/fr\/activities\/curated-experiences\/","og_site_name":"Parknasilla Resort &amp; Spa","article_modified_time":"2026-04-16T22:56:41+00:00","twitter_card":"summary_large_image","twitter_misc":{"Dur\u00e9e de lecture estim\u00e9e":"5 minutes"},"schema":{"@context":"https:\/\/schema.org","@graph":[{"@type":"WebPage","@id":"https:\/\/parknasillaresort.com\/activities\/curated-experiences\/","url":"https:\/\/parknasillaresort.com\/activities\/curated-experiences\/","name":"Curated Experiences | Meilleures choses \u00e0 faire Kerry | Parknasilla Hotel","isPartOf":{"@id":"https:\/\/parknasillaresort.com\/#website"},"datePublished":"2021-03-14T22:09:41+00:00","dateModified":"2026-04-16T22:56:41+00:00","description":"Pendant votre s\u00e9jour \u00e0 l'h\u00f4tel Parknasilla, pourquoi ne pas prendre part \u00e0 l'une de nos exp\u00e9riences avec nos guides experts : excursions en bateau, tir \u00e0 l'arc, exp\u00e9rience des hiboux, etc.","breadcrumb":{"@id":"https:\/\/parknasillaresort.com\/activities\/curated-experiences\/#breadcrumb"},"inLanguage":"fr-FR","potentialAction":[{"@type":"ReadAction","target":["https:\/\/parknasillaresort.com\/activities\/curated-experiences\/"]}]},{"@type":"BreadcrumbList","@id":"https:\/\/parknasillaresort.com\/activities\/curated-experiences\/#breadcrumb","itemListElement":[{"@type":"ListItem","position":1,"name":"Home","item":"https:\/\/parknasillaresort.com\/"},{"@type":"ListItem","position":2,"name":"Activities","item":"https:\/\/parknasillaresort.com\/activities\/"},{"@type":"ListItem","position":3,"name":"Curated Experiences"}]},{"@type":"WebSite","@id":"https:\/\/parknasillaresort.com\/#website","url":"https:\/\/parknasillaresort.com\/","name":"Parknasilla Resort &amp; Spa","description":"Truly in a world of its own.","potentialAction":[{"@type":"SearchAction","target":{"@type":"EntryPoint","urlTemplate":"https:\/\/parknasillaresort.com\/?s={search_term_string}"},"query-input":{"@type":"PropertyValueSpecification","valueRequired":true,"valueName":"search_term_string"}}],"inLanguage":"fr-FR"}]}},"_links":{"self":[{"href":"https:\/\/parknasillaresort.com\/fr\/wp-json\/wp\/v2\/pages\/410","targetHints":{"allow":["GET"]}}],"collection":[{"href":"https:\/\/parknasillaresort.com\/fr\/wp-json\/wp\/v2\/pages"}],"about":[{"href":"https:\/\/parknasillaresort.com\/fr\/wp-json\/wp\/v2\/types\/page"}],"author":[{"embeddable":true,"href":"https:\/\/parknasillaresort.com\/fr\/wp-json\/wp\/v2\/users\/3"}],"replies":[{"embeddable":true,"href":"https:\/\/parknasillaresort.com\/fr\/wp-json\/wp\/v2\/comments?post=410"}],"version-history":[{"count":0,"href":"https:\/\/parknasillaresort.com\/fr\/wp-json\/wp\/v2\/pages\/410\/revisions"}],"up":[{"embeddable":true,"href":"https:\/\/parknasillaresort.com\/fr\/wp-json\/wp\/v2\/pages\/570"}],"wp:attachment":[{"href":"https:\/\/parknasillaresort.com\/fr\/wp-json\/wp\/v2\/media?parent=410"}],"curies":[{"name":"wp","href":"https:\/\/api.w.org\/{rel}","templated":true}]}}