{"id":395,"date":"2021-03-14T21:16:33","date_gmt":"2021-03-14T21:16:33","guid":{"rendered":"http:\/\/parknasilla.local\/?page_id=395"},"modified":"2025-08-12T14:58:42","modified_gmt":"2025-08-12T14:58:42","slug":"seashore-discovery-walk","status":"publish","type":"page","link":"https:\/\/parknasillaresort.com\/fr\/activities\/curated-experiences\/seashore-discovery-walk\/","title":{"rendered":"Promenade d\u00e9couverte du littoral"},"content":{"rendered":"","protected":false},"excerpt":{"rendered":"","protected":false},"author":3,"featured_media":0,"parent":410,"menu_order":0,"comment_status":"closed","ping_status":"closed","template":"","meta":{"_acf_changed":false,"footnotes":""},"class_list":["post-395","page","type-page","status-publish","hentry"],"acf":[],"yoast_head":"<!-- This site is optimized with the Yoast SEO plugin v27.4 - https:\/\/yoast.com\/product\/yoast-seo-wordpress\/ -->\n<title>Seashore Discovery Walks | Family Activities | Parknasilla Hotel<\/title>\n<meta name=\"description\" content=\"Enjoy a guided seashore discovery walk at Parknasilla &amp; experience the seaside like never before, suitable for all age groups specialising in the marine ecosystem.\" \/>\n<meta name=\"robots\" content=\"index, follow, max-snippet:-1, max-image-preview:large, max-video-preview:-1\" \/>\n<link rel=\"canonical\" href=\"https:\/\/parknasillaresort.com\/fr\/activities\/curated-experiences\/seashore-discovery-walk\/\" \/>\n<meta property=\"og:locale\" content=\"fr_FR\" \/>\n<meta property=\"og:type\" content=\"article\" \/>\n<meta property=\"og:title\" content=\"Seashore Discovery Walks | Family Activities | Parknasilla Hotel\" \/>\n<meta property=\"og:description\" content=\"Enjoy a guided seashore discovery walk at Parknasilla &amp; experience the seaside like never before, suitable for all age groups specialising in the marine ecosystem.\" \/>\n<meta property=\"og:url\" content=\"https:\/\/parknasillaresort.com\/fr\/activities\/curated-experiences\/seashore-discovery-walk\/\" \/>\n<meta property=\"og:site_name\" content=\"Parknasilla Resort &amp; Spa\" \/>\n<meta property=\"article:modified_time\" content=\"2025-08-12T14:58:42+00:00\" \/>\n<meta name=\"twitter:card\" content=\"summary_large_image\" \/>\n<script type=\"application\/ld+json\" class=\"yoast-schema-graph\">{\"@context\":\"https:\\\/\\\/schema.org\",\"@graph\":[{\"@type\":\"WebPage\",\"@id\":\"https:\\\/\\\/parknasillaresort.com\\\/activities\\\/curated-experiences\\\/seashore-discovery-walk\\\/\",\"url\":\"https:\\\/\\\/parknasillaresort.com\\\/activities\\\/curated-experiences\\\/seashore-discovery-walk\\\/\",\"name\":\"Seashore Discovery Walks | Family Activities | Parknasilla Hotel\",\"isPartOf\":{\"@id\":\"https:\\\/\\\/parknasillaresort.com\\\/#website\"},\"datePublished\":\"2021-03-14T21:16:33+00:00\",\"dateModified\":\"2025-08-12T14:58:42+00:00\",\"description\":\"Enjoy a guided seashore discovery walk at Parknasilla & experience the seaside like never before, suitable for all age groups specialising in the marine ecosystem.\",\"breadcrumb\":{\"@id\":\"https:\\\/\\\/parknasillaresort.com\\\/activities\\\/curated-experiences\\\/seashore-discovery-walk\\\/#breadcrumb\"},\"inLanguage\":\"fr-FR\",\"potentialAction\":[{\"@type\":\"ReadAction\",\"target\":[\"https:\\\/\\\/parknasillaresort.com\\\/activities\\\/curated-experiences\\\/seashore-discovery-walk\\\/\"]}]},{\"@type\":\"BreadcrumbList\",\"@id\":\"https:\\\/\\\/parknasillaresort.com\\\/activities\\\/curated-experiences\\\/seashore-discovery-walk\\\/#breadcrumb\",\"itemListElement\":[{\"@type\":\"ListItem\",\"position\":1,\"name\":\"Home\",\"item\":\"https:\\\/\\\/parknasillaresort.com\\\/\"},{\"@type\":\"ListItem\",\"position\":2,\"name\":\"Activities\",\"item\":\"https:\\\/\\\/parknasillaresort.com\\\/activities\\\/\"},{\"@type\":\"ListItem\",\"position\":3,\"name\":\"Curated Experiences\",\"item\":\"https:\\\/\\\/parknasillaresort.com\\\/activities\\\/curated-experiences\\\/\"},{\"@type\":\"ListItem\",\"position\":4,\"name\":\"Seashore Discovery Walk\"}]},{\"@type\":\"WebSite\",\"@id\":\"https:\\\/\\\/parknasillaresort.com\\\/#website\",\"url\":\"https:\\\/\\\/parknasillaresort.com\\\/\",\"name\":\"Parknasilla Resort &amp; Spa\",\"description\":\"Truly in a world of its own.\",\"potentialAction\":[{\"@type\":\"SearchAction\",\"target\":{\"@type\":\"EntryPoint\",\"urlTemplate\":\"https:\\\/\\\/parknasillaresort.com\\\/?s={search_term_string}\"},\"query-input\":{\"@type\":\"PropertyValueSpecification\",\"valueRequired\":true,\"valueName\":\"search_term_string\"}}],\"inLanguage\":\"fr-FR\"}]}<\/script>\n<!-- \/ Yoast SEO plugin. -->","yoast_head_json":{"title":"Promenades \u00e0 la d\u00e9couverte du littoral | Activit\u00e9s familiales | H\u00f4tel Parknasilla","description":"Profitez d'une promenade guid\u00e9e de d\u00e9couverte du littoral \u00e0 Parknasilla et d\u00e9couvrez le bord de mer comme jamais auparavant. Cette promenade, adapt\u00e9e \u00e0 tous les groupes d'\u00e2ge, est sp\u00e9cialis\u00e9e dans l'\u00e9cosyst\u00e8me marin.","robots":{"index":"index","follow":"follow","max-snippet":"max-snippet:-1","max-image-preview":"max-image-preview:large","max-video-preview":"max-video-preview:-1"},"canonical":"https:\/\/parknasillaresort.com\/fr\/activities\/curated-experiences\/seashore-discovery-walk\/","og_locale":"fr_FR","og_type":"article","og_title":"Seashore Discovery Walks | Family Activities | Parknasilla Hotel","og_description":"Enjoy a guided seashore discovery walk at Parknasilla & experience the seaside like never before, suitable for all age groups specialising in the marine ecosystem.","og_url":"https:\/\/parknasillaresort.com\/fr\/activities\/curated-experiences\/seashore-discovery-walk\/","og_site_name":"Parknasilla Resort &amp; Spa","article_modified_time":"2025-08-12T14:58:42+00:00","twitter_card":"summary_large_image","schema":{"@context":"https:\/\/schema.org","@graph":[{"@type":"WebPage","@id":"https:\/\/parknasillaresort.com\/activities\/curated-experiences\/seashore-discovery-walk\/","url":"https:\/\/parknasillaresort.com\/activities\/curated-experiences\/seashore-discovery-walk\/","name":"Promenades \u00e0 la d\u00e9couverte du littoral | Activit\u00e9s familiales | H\u00f4tel Parknasilla","isPartOf":{"@id":"https:\/\/parknasillaresort.com\/#website"},"datePublished":"2021-03-14T21:16:33+00:00","dateModified":"2025-08-12T14:58:42+00:00","description":"Profitez d'une promenade guid\u00e9e de d\u00e9couverte du littoral \u00e0 Parknasilla et d\u00e9couvrez le bord de mer comme jamais auparavant. Cette promenade, adapt\u00e9e \u00e0 tous les groupes d'\u00e2ge, est sp\u00e9cialis\u00e9e dans l'\u00e9cosyst\u00e8me marin.","breadcrumb":{"@id":"https:\/\/parknasillaresort.com\/activities\/curated-experiences\/seashore-discovery-walk\/#breadcrumb"},"inLanguage":"fr-FR","potentialAction":[{"@type":"ReadAction","target":["https:\/\/parknasillaresort.com\/activities\/curated-experiences\/seashore-discovery-walk\/"]}]},{"@type":"BreadcrumbList","@id":"https:\/\/parknasillaresort.com\/activities\/curated-experiences\/seashore-discovery-walk\/#breadcrumb","itemListElement":[{"@type":"ListItem","position":1,"name":"Home","item":"https:\/\/parknasillaresort.com\/"},{"@type":"ListItem","position":2,"name":"Activities","item":"https:\/\/parknasillaresort.com\/activities\/"},{"@type":"ListItem","position":3,"name":"Curated Experiences","item":"https:\/\/parknasillaresort.com\/activities\/curated-experiences\/"},{"@type":"ListItem","position":4,"name":"Seashore Discovery Walk"}]},{"@type":"WebSite","@id":"https:\/\/parknasillaresort.com\/#website","url":"https:\/\/parknasillaresort.com\/","name":"Parknasilla Resort &amp; Spa","description":"Truly in a world of its own.","potentialAction":[{"@type":"SearchAction","target":{"@type":"EntryPoint","urlTemplate":"https:\/\/parknasillaresort.com\/?s={search_term_string}"},"query-input":{"@type":"PropertyValueSpecification","valueRequired":true,"valueName":"search_term_string"}}],"inLanguage":"fr-FR"}]}},"_links":{"self":[{"href":"https:\/\/parknasillaresort.com\/fr\/wp-json\/wp\/v2\/pages\/395","targetHints":{"allow":["GET"]}}],"collection":[{"href":"https:\/\/parknasillaresort.com\/fr\/wp-json\/wp\/v2\/pages"}],"about":[{"href":"https:\/\/parknasillaresort.com\/fr\/wp-json\/wp\/v2\/types\/page"}],"author":[{"embeddable":true,"href":"https:\/\/parknasillaresort.com\/fr\/wp-json\/wp\/v2\/users\/3"}],"replies":[{"embeddable":true,"href":"https:\/\/parknasillaresort.com\/fr\/wp-json\/wp\/v2\/comments?post=395"}],"version-history":[{"count":0,"href":"https:\/\/parknasillaresort.com\/fr\/wp-json\/wp\/v2\/pages\/395\/revisions"}],"up":[{"embeddable":true,"href":"https:\/\/parknasillaresort.com\/fr\/wp-json\/wp\/v2\/pages\/410"}],"wp:attachment":[{"href":"https:\/\/parknasillaresort.com\/fr\/wp-json\/wp\/v2\/media?parent=395"}],"curies":[{"name":"wp","href":"https:\/\/api.w.org\/{rel}","templated":true}]}}