{"id":385,"date":"2021-03-14T20:20:06","date_gmt":"2021-03-14T20:20:06","guid":{"rendered":"http:\/\/parknasilla.local\/?page_id=385"},"modified":"2025-06-18T14:22:19","modified_gmt":"2025-06-18T14:22:19","slug":"boat-trips","status":"publish","type":"page","link":"https:\/\/parknasillaresort.com\/fr\/activities\/curated-experiences\/boat-trips\/","title":{"rendered":"Excursions en bateau"},"content":{"rendered":"","protected":false},"excerpt":{"rendered":"","protected":false},"author":3,"featured_media":0,"parent":410,"menu_order":0,"comment_status":"closed","ping_status":"closed","template":"","meta":{"_acf_changed":false,"footnotes":""},"class_list":["post-385","page","type-page","status-publish","hentry"],"acf":[],"yoast_head":"<!-- This site is optimized with the Yoast SEO plugin v27.3 - https:\/\/yoast.com\/product\/yoast-seo-wordpress\/ -->\n<title>Boat Trip Experience | Outdoor Activities Kerry | Parknasilla Hotel<\/title>\n<meta name=\"description\" content=\"Take a boat trip during your stay at Parknasilla Hotel &amp; enjoy the panoramic view of Kenmare Bay from the sea with Sunfish Explorer that offers boat &amp; kayak tours.\" \/>\n<meta name=\"robots\" content=\"index, follow, max-snippet:-1, max-image-preview:large, max-video-preview:-1\" \/>\n<link rel=\"canonical\" href=\"https:\/\/parknasillaresort.com\/fr\/activities\/curated-experiences\/boat-trips\/\" \/>\n<meta property=\"og:locale\" content=\"fr_FR\" \/>\n<meta property=\"og:type\" content=\"article\" \/>\n<meta property=\"og:title\" content=\"Boat Trip Experience | Outdoor Activities Kerry | Parknasilla Hotel\" \/>\n<meta property=\"og:description\" content=\"Take a boat trip during your stay at Parknasilla Hotel &amp; enjoy the panoramic view of Kenmare Bay from the sea with Sunfish Explorer that offers boat &amp; kayak tours.\" \/>\n<meta property=\"og:url\" content=\"https:\/\/parknasillaresort.com\/fr\/activities\/curated-experiences\/boat-trips\/\" \/>\n<meta property=\"og:site_name\" content=\"Parknasilla Resort &amp; Spa\" \/>\n<meta property=\"article:modified_time\" content=\"2025-06-18T14:22:19+00:00\" \/>\n<meta name=\"twitter:card\" content=\"summary_large_image\" \/>\n<script type=\"application\/ld+json\" class=\"yoast-schema-graph\">{\"@context\":\"https:\\\/\\\/schema.org\",\"@graph\":[{\"@type\":\"WebPage\",\"@id\":\"https:\\\/\\\/parknasillaresort.com\\\/activities\\\/curated-experiences\\\/boat-trips\\\/\",\"url\":\"https:\\\/\\\/parknasillaresort.com\\\/activities\\\/curated-experiences\\\/boat-trips\\\/\",\"name\":\"Boat Trip Experience | Outdoor Activities Kerry | Parknasilla Hotel\",\"isPartOf\":{\"@id\":\"https:\\\/\\\/parknasillaresort.com\\\/#website\"},\"datePublished\":\"2021-03-14T20:20:06+00:00\",\"dateModified\":\"2025-06-18T14:22:19+00:00\",\"description\":\"Take a boat trip during your stay at Parknasilla Hotel & enjoy the panoramic view of Kenmare Bay from the sea with Sunfish Explorer that offers boat & kayak tours.\",\"breadcrumb\":{\"@id\":\"https:\\\/\\\/parknasillaresort.com\\\/activities\\\/curated-experiences\\\/boat-trips\\\/#breadcrumb\"},\"inLanguage\":\"fr-FR\",\"potentialAction\":[{\"@type\":\"ReadAction\",\"target\":[\"https:\\\/\\\/parknasillaresort.com\\\/activities\\\/curated-experiences\\\/boat-trips\\\/\"]}]},{\"@type\":\"BreadcrumbList\",\"@id\":\"https:\\\/\\\/parknasillaresort.com\\\/activities\\\/curated-experiences\\\/boat-trips\\\/#breadcrumb\",\"itemListElement\":[{\"@type\":\"ListItem\",\"position\":1,\"name\":\"Home\",\"item\":\"https:\\\/\\\/parknasillaresort.com\\\/\"},{\"@type\":\"ListItem\",\"position\":2,\"name\":\"Activities\",\"item\":\"https:\\\/\\\/parknasillaresort.com\\\/activities\\\/\"},{\"@type\":\"ListItem\",\"position\":3,\"name\":\"Curated Experiences\",\"item\":\"https:\\\/\\\/parknasillaresort.com\\\/activities\\\/curated-experiences\\\/\"},{\"@type\":\"ListItem\",\"position\":4,\"name\":\"Boat Trips\"}]},{\"@type\":\"WebSite\",\"@id\":\"https:\\\/\\\/parknasillaresort.com\\\/#website\",\"url\":\"https:\\\/\\\/parknasillaresort.com\\\/\",\"name\":\"Parknasilla Resort &amp; Spa\",\"description\":\"Truly in a world of its own.\",\"potentialAction\":[{\"@type\":\"SearchAction\",\"target\":{\"@type\":\"EntryPoint\",\"urlTemplate\":\"https:\\\/\\\/parknasillaresort.com\\\/?s={search_term_string}\"},\"query-input\":{\"@type\":\"PropertyValueSpecification\",\"valueRequired\":true,\"valueName\":\"search_term_string\"}}],\"inLanguage\":\"fr-FR\"}]}<\/script>\n<!-- \/ Yoast SEO plugin. -->","yoast_head_json":{"title":"Exp\u00e9rience d'une excursion en bateau | Activit\u00e9s de plein air Kerry | Parknasilla Hotel","description":"Faites une excursion en bateau pendant votre s\u00e9jour au Parknasilla Hotel et profitez de la vue panoramique de la baie de Kenmare depuis la mer avec Sunfish Explorer qui propose des excursions en bateau et en kayak.","robots":{"index":"index","follow":"follow","max-snippet":"max-snippet:-1","max-image-preview":"max-image-preview:large","max-video-preview":"max-video-preview:-1"},"canonical":"https:\/\/parknasillaresort.com\/fr\/activities\/curated-experiences\/boat-trips\/","og_locale":"fr_FR","og_type":"article","og_title":"Boat Trip Experience | Outdoor Activities Kerry | Parknasilla Hotel","og_description":"Take a boat trip during your stay at Parknasilla Hotel & enjoy the panoramic view of Kenmare Bay from the sea with Sunfish Explorer that offers boat & kayak tours.","og_url":"https:\/\/parknasillaresort.com\/fr\/activities\/curated-experiences\/boat-trips\/","og_site_name":"Parknasilla Resort &amp; Spa","article_modified_time":"2025-06-18T14:22:19+00:00","twitter_card":"summary_large_image","schema":{"@context":"https:\/\/schema.org","@graph":[{"@type":"WebPage","@id":"https:\/\/parknasillaresort.com\/activities\/curated-experiences\/boat-trips\/","url":"https:\/\/parknasillaresort.com\/activities\/curated-experiences\/boat-trips\/","name":"Exp\u00e9rience d'une excursion en bateau | Activit\u00e9s de plein air Kerry | Parknasilla Hotel","isPartOf":{"@id":"https:\/\/parknasillaresort.com\/#website"},"datePublished":"2021-03-14T20:20:06+00:00","dateModified":"2025-06-18T14:22:19+00:00","description":"Faites une excursion en bateau pendant votre s\u00e9jour au Parknasilla Hotel et profitez de la vue panoramique de la baie de Kenmare depuis la mer avec Sunfish Explorer qui propose des excursions en bateau et en kayak.","breadcrumb":{"@id":"https:\/\/parknasillaresort.com\/activities\/curated-experiences\/boat-trips\/#breadcrumb"},"inLanguage":"fr-FR","potentialAction":[{"@type":"ReadAction","target":["https:\/\/parknasillaresort.com\/activities\/curated-experiences\/boat-trips\/"]}]},{"@type":"BreadcrumbList","@id":"https:\/\/parknasillaresort.com\/activities\/curated-experiences\/boat-trips\/#breadcrumb","itemListElement":[{"@type":"ListItem","position":1,"name":"Home","item":"https:\/\/parknasillaresort.com\/"},{"@type":"ListItem","position":2,"name":"Activities","item":"https:\/\/parknasillaresort.com\/activities\/"},{"@type":"ListItem","position":3,"name":"Curated Experiences","item":"https:\/\/parknasillaresort.com\/activities\/curated-experiences\/"},{"@type":"ListItem","position":4,"name":"Boat Trips"}]},{"@type":"WebSite","@id":"https:\/\/parknasillaresort.com\/#website","url":"https:\/\/parknasillaresort.com\/","name":"Parknasilla Resort &amp; Spa","description":"Truly in a world of its own.","potentialAction":[{"@type":"SearchAction","target":{"@type":"EntryPoint","urlTemplate":"https:\/\/parknasillaresort.com\/?s={search_term_string}"},"query-input":{"@type":"PropertyValueSpecification","valueRequired":true,"valueName":"search_term_string"}}],"inLanguage":"fr-FR"}]}},"_links":{"self":[{"href":"https:\/\/parknasillaresort.com\/fr\/wp-json\/wp\/v2\/pages\/385","targetHints":{"allow":["GET"]}}],"collection":[{"href":"https:\/\/parknasillaresort.com\/fr\/wp-json\/wp\/v2\/pages"}],"about":[{"href":"https:\/\/parknasillaresort.com\/fr\/wp-json\/wp\/v2\/types\/page"}],"author":[{"embeddable":true,"href":"https:\/\/parknasillaresort.com\/fr\/wp-json\/wp\/v2\/users\/3"}],"replies":[{"embeddable":true,"href":"https:\/\/parknasillaresort.com\/fr\/wp-json\/wp\/v2\/comments?post=385"}],"version-history":[{"count":0,"href":"https:\/\/parknasillaresort.com\/fr\/wp-json\/wp\/v2\/pages\/385\/revisions"}],"up":[{"embeddable":true,"href":"https:\/\/parknasillaresort.com\/fr\/wp-json\/wp\/v2\/pages\/410"}],"wp:attachment":[{"href":"https:\/\/parknasillaresort.com\/fr\/wp-json\/wp\/v2\/media?parent=385"}],"curies":[{"name":"wp","href":"https:\/\/api.w.org\/{rel}","templated":true}]}}