{"id":373,"date":"2021-03-14T17:58:29","date_gmt":"2021-03-14T17:58:29","guid":{"rendered":"http:\/\/parknasilla.local\/?page_id=373"},"modified":"2025-06-18T14:26:27","modified_gmt":"2025-06-18T14:26:27","slug":"sea-kayaking","status":"publish","type":"page","link":"https:\/\/parknasillaresort.com\/fr\/activities\/curated-experiences\/sea-kayaking\/","title":{"rendered":"Kayak de mer"},"content":{"rendered":"","protected":false},"excerpt":{"rendered":"","protected":false},"author":3,"featured_media":0,"parent":410,"menu_order":0,"comment_status":"closed","ping_status":"closed","template":"","meta":{"_acf_changed":false,"footnotes":""},"class_list":["post-373","page","type-page","status-publish","hentry"],"acf":[],"yoast_head":"<!-- This site is optimized with the Yoast SEO plugin v27.5 - https:\/\/yoast.com\/product\/yoast-seo-wordpress\/ -->\n<title>Sea Kayaking | Fun Things To Do In Kerry | Parknasilla Hotel &amp; Spa<\/title>\n<meta name=\"description\" content=\"We offer a variety of kayak tours for exploring the beautiful Kerry Coastline with all kayak trips are led by experienced guides. View prices &amp; booking info here.\" \/>\n<meta name=\"robots\" content=\"index, follow, max-snippet:-1, max-image-preview:large, max-video-preview:-1\" \/>\n<link rel=\"canonical\" href=\"https:\/\/parknasillaresort.com\/fr\/activities\/curated-experiences\/sea-kayaking\/\" \/>\n<meta property=\"og:locale\" content=\"fr_FR\" \/>\n<meta property=\"og:type\" content=\"article\" \/>\n<meta property=\"og:title\" content=\"Sea Kayaking | Fun Things To Do In Kerry | Parknasilla Hotel &amp; Spa\" \/>\n<meta property=\"og:description\" content=\"We offer a variety of kayak tours for exploring the beautiful Kerry Coastline with all kayak trips are led by experienced guides. View prices &amp; booking info here.\" \/>\n<meta property=\"og:url\" content=\"https:\/\/parknasillaresort.com\/fr\/activities\/curated-experiences\/sea-kayaking\/\" \/>\n<meta property=\"og:site_name\" content=\"Parknasilla Resort &amp; Spa\" \/>\n<meta property=\"article:modified_time\" content=\"2025-06-18T14:26:27+00:00\" \/>\n<meta name=\"twitter:card\" content=\"summary_large_image\" \/>\n<script type=\"application\/ld+json\" class=\"yoast-schema-graph\">{\"@context\":\"https:\\\/\\\/schema.org\",\"@graph\":[{\"@type\":\"WebPage\",\"@id\":\"https:\\\/\\\/parknasillaresort.com\\\/activities\\\/curated-experiences\\\/sea-kayaking\\\/\",\"url\":\"https:\\\/\\\/parknasillaresort.com\\\/activities\\\/curated-experiences\\\/sea-kayaking\\\/\",\"name\":\"Sea Kayaking | Fun Things To Do In Kerry | Parknasilla Hotel & Spa\",\"isPartOf\":{\"@id\":\"https:\\\/\\\/parknasillaresort.com\\\/#website\"},\"datePublished\":\"2021-03-14T17:58:29+00:00\",\"dateModified\":\"2025-06-18T14:26:27+00:00\",\"description\":\"We offer a variety of kayak tours for exploring the beautiful Kerry Coastline with all kayak trips are led by experienced guides. View prices & booking info here.\",\"breadcrumb\":{\"@id\":\"https:\\\/\\\/parknasillaresort.com\\\/activities\\\/curated-experiences\\\/sea-kayaking\\\/#breadcrumb\"},\"inLanguage\":\"fr-FR\",\"potentialAction\":[{\"@type\":\"ReadAction\",\"target\":[\"https:\\\/\\\/parknasillaresort.com\\\/activities\\\/curated-experiences\\\/sea-kayaking\\\/\"]}]},{\"@type\":\"BreadcrumbList\",\"@id\":\"https:\\\/\\\/parknasillaresort.com\\\/activities\\\/curated-experiences\\\/sea-kayaking\\\/#breadcrumb\",\"itemListElement\":[{\"@type\":\"ListItem\",\"position\":1,\"name\":\"Home\",\"item\":\"https:\\\/\\\/parknasillaresort.com\\\/\"},{\"@type\":\"ListItem\",\"position\":2,\"name\":\"Activities\",\"item\":\"https:\\\/\\\/parknasillaresort.com\\\/activities\\\/\"},{\"@type\":\"ListItem\",\"position\":3,\"name\":\"Curated Experiences\",\"item\":\"https:\\\/\\\/parknasillaresort.com\\\/activities\\\/curated-experiences\\\/\"},{\"@type\":\"ListItem\",\"position\":4,\"name\":\"Sea Kayaking\"}]},{\"@type\":\"WebSite\",\"@id\":\"https:\\\/\\\/parknasillaresort.com\\\/#website\",\"url\":\"https:\\\/\\\/parknasillaresort.com\\\/\",\"name\":\"Parknasilla Resort &amp; Spa\",\"description\":\"Truly in a world of its own.\",\"publisher\":{\"@id\":\"https:\\\/\\\/parknasillaresort.com\\\/#organization\"},\"potentialAction\":[{\"@type\":\"SearchAction\",\"target\":{\"@type\":\"EntryPoint\",\"urlTemplate\":\"https:\\\/\\\/parknasillaresort.com\\\/?s={search_term_string}\"},\"query-input\":{\"@type\":\"PropertyValueSpecification\",\"valueRequired\":true,\"valueName\":\"search_term_string\"}}],\"inLanguage\":\"fr-FR\"},{\"@type\":\"Organization\",\"@id\":\"https:\\\/\\\/parknasillaresort.com\\\/#organization\",\"name\":\"Parknasilla Resort & Spa\",\"url\":\"https:\\\/\\\/parknasillaresort.com\\\/\",\"logo\":{\"@type\":\"ImageObject\",\"inLanguage\":\"fr-FR\",\"@id\":\"https:\\\/\\\/parknasillaresort.com\\\/#\\\/schema\\\/logo\\\/image\\\/\",\"url\":\"https:\\\/\\\/parknasillaresort.com\\\/wp-content\\\/uploads\\\/2021\\\/04\\\/parknasilla_logoemail.png\",\"contentUrl\":\"https:\\\/\\\/parknasillaresort.com\\\/wp-content\\\/uploads\\\/2021\\\/04\\\/parknasilla_logoemail.png\",\"width\":300,\"height\":100,\"caption\":\"Parknasilla Resort & Spa\"},\"image\":{\"@id\":\"https:\\\/\\\/parknasillaresort.com\\\/#\\\/schema\\\/logo\\\/image\\\/\"}}]}<\/script>\n<!-- \/ Yoast SEO plugin. -->","yoast_head_json":{"title":"Kayak de mer | Choses amusantes \u00e0 faire \u00e0 Kerry | Parknasilla Hotel &amp; Spa","description":"Nous proposons une vari\u00e9t\u00e9 d'excursions en kayak pour explorer la magnifique c\u00f4te du Kerry. Toutes les excursions en kayak sont men\u00e9es par des guides exp\u00e9riment\u00e9s. Consultez les prix et les informations de r\u00e9servation ici.","robots":{"index":"index","follow":"follow","max-snippet":"max-snippet:-1","max-image-preview":"max-image-preview:large","max-video-preview":"max-video-preview:-1"},"canonical":"https:\/\/parknasillaresort.com\/fr\/activities\/curated-experiences\/sea-kayaking\/","og_locale":"fr_FR","og_type":"article","og_title":"Sea Kayaking | Fun Things To Do In Kerry | Parknasilla Hotel & Spa","og_description":"We offer a variety of kayak tours for exploring the beautiful Kerry Coastline with all kayak trips are led by experienced guides. View prices & booking info here.","og_url":"https:\/\/parknasillaresort.com\/fr\/activities\/curated-experiences\/sea-kayaking\/","og_site_name":"Parknasilla Resort &amp; Spa","article_modified_time":"2025-06-18T14:26:27+00:00","twitter_card":"summary_large_image","schema":{"@context":"https:\/\/schema.org","@graph":[{"@type":"WebPage","@id":"https:\/\/parknasillaresort.com\/activities\/curated-experiences\/sea-kayaking\/","url":"https:\/\/parknasillaresort.com\/activities\/curated-experiences\/sea-kayaking\/","name":"Kayak de mer | Choses amusantes \u00e0 faire \u00e0 Kerry | Parknasilla Hotel &amp; Spa","isPartOf":{"@id":"https:\/\/parknasillaresort.com\/#website"},"datePublished":"2021-03-14T17:58:29+00:00","dateModified":"2025-06-18T14:26:27+00:00","description":"Nous proposons une vari\u00e9t\u00e9 d'excursions en kayak pour explorer la magnifique c\u00f4te du Kerry. Toutes les excursions en kayak sont men\u00e9es par des guides exp\u00e9riment\u00e9s. Consultez les prix et les informations de r\u00e9servation ici.","breadcrumb":{"@id":"https:\/\/parknasillaresort.com\/activities\/curated-experiences\/sea-kayaking\/#breadcrumb"},"inLanguage":"fr-FR","potentialAction":[{"@type":"ReadAction","target":["https:\/\/parknasillaresort.com\/activities\/curated-experiences\/sea-kayaking\/"]}]},{"@type":"BreadcrumbList","@id":"https:\/\/parknasillaresort.com\/activities\/curated-experiences\/sea-kayaking\/#breadcrumb","itemListElement":[{"@type":"ListItem","position":1,"name":"Home","item":"https:\/\/parknasillaresort.com\/"},{"@type":"ListItem","position":2,"name":"Activities","item":"https:\/\/parknasillaresort.com\/activities\/"},{"@type":"ListItem","position":3,"name":"Curated Experiences","item":"https:\/\/parknasillaresort.com\/activities\/curated-experiences\/"},{"@type":"ListItem","position":4,"name":"Sea Kayaking"}]},{"@type":"WebSite","@id":"https:\/\/parknasillaresort.com\/#website","url":"https:\/\/parknasillaresort.com\/","name":"Parknasilla Resort &amp; Spa","description":"Truly in a world of its own.","publisher":{"@id":"https:\/\/parknasillaresort.com\/#organization"},"potentialAction":[{"@type":"SearchAction","target":{"@type":"EntryPoint","urlTemplate":"https:\/\/parknasillaresort.com\/?s={search_term_string}"},"query-input":{"@type":"PropertyValueSpecification","valueRequired":true,"valueName":"search_term_string"}}],"inLanguage":"fr-FR"},{"@type":"Organization","@id":"https:\/\/parknasillaresort.com\/#organization","name":"Parknasilla Resort &amp; Spa","url":"https:\/\/parknasillaresort.com\/","logo":{"@type":"ImageObject","inLanguage":"fr-FR","@id":"https:\/\/parknasillaresort.com\/#\/schema\/logo\/image\/","url":"https:\/\/parknasillaresort.com\/wp-content\/uploads\/2021\/04\/parknasilla_logoemail.png","contentUrl":"https:\/\/parknasillaresort.com\/wp-content\/uploads\/2021\/04\/parknasilla_logoemail.png","width":300,"height":100,"caption":"Parknasilla Resort & Spa"},"image":{"@id":"https:\/\/parknasillaresort.com\/#\/schema\/logo\/image\/"}}]}},"_links":{"self":[{"href":"https:\/\/parknasillaresort.com\/fr\/wp-json\/wp\/v2\/pages\/373","targetHints":{"allow":["GET"]}}],"collection":[{"href":"https:\/\/parknasillaresort.com\/fr\/wp-json\/wp\/v2\/pages"}],"about":[{"href":"https:\/\/parknasillaresort.com\/fr\/wp-json\/wp\/v2\/types\/page"}],"author":[{"embeddable":true,"href":"https:\/\/parknasillaresort.com\/fr\/wp-json\/wp\/v2\/users\/3"}],"replies":[{"embeddable":true,"href":"https:\/\/parknasillaresort.com\/fr\/wp-json\/wp\/v2\/comments?post=373"}],"version-history":[{"count":0,"href":"https:\/\/parknasillaresort.com\/fr\/wp-json\/wp\/v2\/pages\/373\/revisions"}],"up":[{"embeddable":true,"href":"https:\/\/parknasillaresort.com\/fr\/wp-json\/wp\/v2\/pages\/410"}],"wp:attachment":[{"href":"https:\/\/parknasillaresort.com\/fr\/wp-json\/wp\/v2\/media?parent=373"}],"curies":[{"name":"wp","href":"https:\/\/api.w.org\/{rel}","templated":true}]}}