{"id":332,"date":"2021-03-14T13:40:01","date_gmt":"2021-03-14T13:40:01","guid":{"rendered":"http:\/\/parknasilla.local\/?page_id=332"},"modified":"2025-06-16T11:40:27","modified_gmt":"2025-06-16T11:40:27","slug":"manor-rooms","status":"publish","type":"page","link":"https:\/\/parknasillaresort.com\/fr\/stay\/manor-rooms\/","title":{"rendered":"Chambres de manoir"},"content":{"rendered":"","protected":false},"excerpt":{"rendered":"","protected":false},"author":3,"featured_media":0,"parent":12,"menu_order":0,"comment_status":"closed","ping_status":"closed","template":"","meta":{"_acf_changed":false,"footnotes":""},"class_list":["post-332","page","type-page","status-publish","hentry"],"acf":[],"yoast_head":"<!-- This site is optimized with the Yoast SEO plugin v27.3 - https:\/\/yoast.com\/product\/yoast-seo-wordpress\/ -->\n<title>Manor Rooms | Places To Stay In Kerry | Parknasilla Resort Hotel<\/title>\n<meta name=\"description\" content=\"Check out our range of Manor Rooms that offer different views and sizes such as Manor Seaview Room, Manor Superior Room, and Manor Triple Room. View &amp; Book Today!\" \/>\n<meta name=\"robots\" content=\"index, follow, max-snippet:-1, max-image-preview:large, max-video-preview:-1\" \/>\n<link rel=\"canonical\" href=\"https:\/\/parknasillaresort.com\/fr\/stay\/manor-rooms\/\" \/>\n<meta property=\"og:locale\" content=\"fr_FR\" \/>\n<meta property=\"og:type\" content=\"article\" \/>\n<meta property=\"og:title\" content=\"Manor Rooms | Places To Stay In Kerry | Parknasilla Resort Hotel\" \/>\n<meta property=\"og:description\" content=\"Check out our range of Manor Rooms that offer different views and sizes such as Manor Seaview Room, Manor Superior Room, and Manor Triple Room. View &amp; Book Today!\" \/>\n<meta property=\"og:url\" content=\"https:\/\/parknasillaresort.com\/fr\/stay\/manor-rooms\/\" \/>\n<meta property=\"og:site_name\" content=\"Parknasilla Resort &amp; Spa\" \/>\n<meta property=\"article:modified_time\" content=\"2025-06-16T11:40:27+00:00\" \/>\n<meta name=\"twitter:card\" content=\"summary_large_image\" \/>\n<script type=\"application\/ld+json\" class=\"yoast-schema-graph\">{\"@context\":\"https:\\\/\\\/schema.org\",\"@graph\":[{\"@type\":\"WebPage\",\"@id\":\"https:\\\/\\\/parknasillaresort.com\\\/stay\\\/manor-rooms\\\/\",\"url\":\"https:\\\/\\\/parknasillaresort.com\\\/stay\\\/manor-rooms\\\/\",\"name\":\"Manor Rooms | Places To Stay In Kerry | Parknasilla Resort Hotel\",\"isPartOf\":{\"@id\":\"https:\\\/\\\/parknasillaresort.com\\\/#website\"},\"datePublished\":\"2021-03-14T13:40:01+00:00\",\"dateModified\":\"2025-06-16T11:40:27+00:00\",\"description\":\"Check out our range of Manor Rooms that offer different views and sizes such as Manor Seaview Room, Manor Superior Room, and Manor Triple Room. View & Book Today!\",\"breadcrumb\":{\"@id\":\"https:\\\/\\\/parknasillaresort.com\\\/stay\\\/manor-rooms\\\/#breadcrumb\"},\"inLanguage\":\"fr-FR\",\"potentialAction\":[{\"@type\":\"ReadAction\",\"target\":[\"https:\\\/\\\/parknasillaresort.com\\\/stay\\\/manor-rooms\\\/\"]}]},{\"@type\":\"BreadcrumbList\",\"@id\":\"https:\\\/\\\/parknasillaresort.com\\\/stay\\\/manor-rooms\\\/#breadcrumb\",\"itemListElement\":[{\"@type\":\"ListItem\",\"position\":1,\"name\":\"Home\",\"item\":\"https:\\\/\\\/parknasillaresort.com\\\/\"},{\"@type\":\"ListItem\",\"position\":2,\"name\":\"Stay\",\"item\":\"https:\\\/\\\/parknasillaresort.com\\\/stay\\\/\"},{\"@type\":\"ListItem\",\"position\":3,\"name\":\"Manor Rooms\"}]},{\"@type\":\"WebSite\",\"@id\":\"https:\\\/\\\/parknasillaresort.com\\\/#website\",\"url\":\"https:\\\/\\\/parknasillaresort.com\\\/\",\"name\":\"Parknasilla Resort &amp; Spa\",\"description\":\"Truly in a world of its own.\",\"potentialAction\":[{\"@type\":\"SearchAction\",\"target\":{\"@type\":\"EntryPoint\",\"urlTemplate\":\"https:\\\/\\\/parknasillaresort.com\\\/?s={search_term_string}\"},\"query-input\":{\"@type\":\"PropertyValueSpecification\",\"valueRequired\":true,\"valueName\":\"search_term_string\"}}],\"inLanguage\":\"fr-FR\"}]}<\/script>\n<!-- \/ Yoast SEO plugin. -->","yoast_head_json":{"title":"Manor Rooms | Endroits o\u00f9 s\u00e9journer \u00e0 Kerry | Parknasilla Resort Hotel","description":"D\u00e9couvrez notre gamme de chambres Manor qui offrent des vues et des tailles diff\u00e9rentes, comme la chambre Manor Seaview, la chambre Manor Superior et la chambre Manor Triple. Consultez et r\u00e9servez d\u00e8s aujourd'hui !","robots":{"index":"index","follow":"follow","max-snippet":"max-snippet:-1","max-image-preview":"max-image-preview:large","max-video-preview":"max-video-preview:-1"},"canonical":"https:\/\/parknasillaresort.com\/fr\/stay\/manor-rooms\/","og_locale":"fr_FR","og_type":"article","og_title":"Manor Rooms | Places To Stay In Kerry | Parknasilla Resort Hotel","og_description":"Check out our range of Manor Rooms that offer different views and sizes such as Manor Seaview Room, Manor Superior Room, and Manor Triple Room. View & Book Today!","og_url":"https:\/\/parknasillaresort.com\/fr\/stay\/manor-rooms\/","og_site_name":"Parknasilla Resort &amp; Spa","article_modified_time":"2025-06-16T11:40:27+00:00","twitter_card":"summary_large_image","schema":{"@context":"https:\/\/schema.org","@graph":[{"@type":"WebPage","@id":"https:\/\/parknasillaresort.com\/stay\/manor-rooms\/","url":"https:\/\/parknasillaresort.com\/stay\/manor-rooms\/","name":"Manor Rooms | Endroits o\u00f9 s\u00e9journer \u00e0 Kerry | Parknasilla Resort Hotel","isPartOf":{"@id":"https:\/\/parknasillaresort.com\/#website"},"datePublished":"2021-03-14T13:40:01+00:00","dateModified":"2025-06-16T11:40:27+00:00","description":"D\u00e9couvrez notre gamme de chambres Manor qui offrent des vues et des tailles diff\u00e9rentes, comme la chambre Manor Seaview, la chambre Manor Superior et la chambre Manor Triple. Consultez et r\u00e9servez d\u00e8s aujourd'hui !","breadcrumb":{"@id":"https:\/\/parknasillaresort.com\/stay\/manor-rooms\/#breadcrumb"},"inLanguage":"fr-FR","potentialAction":[{"@type":"ReadAction","target":["https:\/\/parknasillaresort.com\/stay\/manor-rooms\/"]}]},{"@type":"BreadcrumbList","@id":"https:\/\/parknasillaresort.com\/stay\/manor-rooms\/#breadcrumb","itemListElement":[{"@type":"ListItem","position":1,"name":"Home","item":"https:\/\/parknasillaresort.com\/"},{"@type":"ListItem","position":2,"name":"Stay","item":"https:\/\/parknasillaresort.com\/stay\/"},{"@type":"ListItem","position":3,"name":"Manor Rooms"}]},{"@type":"WebSite","@id":"https:\/\/parknasillaresort.com\/#website","url":"https:\/\/parknasillaresort.com\/","name":"Parknasilla Resort &amp; Spa","description":"Truly in a world of its own.","potentialAction":[{"@type":"SearchAction","target":{"@type":"EntryPoint","urlTemplate":"https:\/\/parknasillaresort.com\/?s={search_term_string}"},"query-input":{"@type":"PropertyValueSpecification","valueRequired":true,"valueName":"search_term_string"}}],"inLanguage":"fr-FR"}]}},"_links":{"self":[{"href":"https:\/\/parknasillaresort.com\/fr\/wp-json\/wp\/v2\/pages\/332","targetHints":{"allow":["GET"]}}],"collection":[{"href":"https:\/\/parknasillaresort.com\/fr\/wp-json\/wp\/v2\/pages"}],"about":[{"href":"https:\/\/parknasillaresort.com\/fr\/wp-json\/wp\/v2\/types\/page"}],"author":[{"embeddable":true,"href":"https:\/\/parknasillaresort.com\/fr\/wp-json\/wp\/v2\/users\/3"}],"replies":[{"embeddable":true,"href":"https:\/\/parknasillaresort.com\/fr\/wp-json\/wp\/v2\/comments?post=332"}],"version-history":[{"count":0,"href":"https:\/\/parknasillaresort.com\/fr\/wp-json\/wp\/v2\/pages\/332\/revisions"}],"up":[{"embeddable":true,"href":"https:\/\/parknasillaresort.com\/fr\/wp-json\/wp\/v2\/pages\/12"}],"wp:attachment":[{"href":"https:\/\/parknasillaresort.com\/fr\/wp-json\/wp\/v2\/media?parent=332"}],"curies":[{"name":"wp","href":"https:\/\/api.w.org\/{rel}","templated":true}]}}