{"id":329,"date":"2021-03-14T14:16:48","date_gmt":"2021-03-14T14:16:48","guid":{"rendered":"http:\/\/parknasilla.local\/?page_id=329"},"modified":"2025-06-16T11:34:08","modified_gmt":"2025-06-16T11:34:08","slug":"manor-seaview-room","status":"publish","type":"page","link":"https:\/\/parknasillaresort.com\/fr\/stay\/manor-rooms\/manor-seaview-room\/","title":{"rendered":"Chambre Manor Seaview"},"content":{"rendered":"","protected":false},"excerpt":{"rendered":"","protected":false},"author":3,"featured_media":0,"parent":332,"menu_order":0,"comment_status":"closed","ping_status":"closed","template":"","meta":{"_acf_changed":false,"footnotes":""},"class_list":["post-329","page","type-page","status-publish","hentry"],"acf":[],"yoast_head":"<!-- This site is optimized with the Yoast SEO plugin v27.3 - https:\/\/yoast.com\/product\/yoast-seo-wordpress\/ -->\n<title>Manor Seaview Room | Kerry Hotels By The Sea | Parknasilla Resort<\/title>\n<meta name=\"description\" content=\"Our Manor Seaview Rooms offer fabulous views of Kenmare Bay, with some rooms having walk-in showers or a deep bathtub, king-size bed, bathrobe &amp; more. Book Today!\" \/>\n<meta name=\"robots\" content=\"index, follow, max-snippet:-1, max-image-preview:large, max-video-preview:-1\" \/>\n<link rel=\"canonical\" href=\"https:\/\/parknasillaresort.com\/fr\/stay\/manor-rooms\/manor-seaview-room\/\" \/>\n<meta property=\"og:locale\" content=\"fr_FR\" \/>\n<meta property=\"og:type\" content=\"article\" \/>\n<meta property=\"og:title\" content=\"Manor Seaview Room | Kerry Hotels By The Sea | Parknasilla Resort\" \/>\n<meta property=\"og:description\" content=\"Our Manor Seaview Rooms offer fabulous views of Kenmare Bay, with some rooms having walk-in showers or a deep bathtub, king-size bed, bathrobe &amp; more. Book Today!\" \/>\n<meta property=\"og:url\" content=\"https:\/\/parknasillaresort.com\/fr\/stay\/manor-rooms\/manor-seaview-room\/\" \/>\n<meta property=\"og:site_name\" content=\"Parknasilla Resort &amp; Spa\" \/>\n<meta property=\"article:modified_time\" content=\"2025-06-16T11:34:08+00:00\" \/>\n<meta name=\"twitter:card\" content=\"summary_large_image\" \/>\n<script type=\"application\/ld+json\" class=\"yoast-schema-graph\">{\"@context\":\"https:\\\/\\\/schema.org\",\"@graph\":[{\"@type\":\"WebPage\",\"@id\":\"https:\\\/\\\/parknasillaresort.com\\\/stay\\\/manor-rooms\\\/manor-seaview-room\\\/\",\"url\":\"https:\\\/\\\/parknasillaresort.com\\\/stay\\\/manor-rooms\\\/manor-seaview-room\\\/\",\"name\":\"Manor Seaview Room | Kerry Hotels By The Sea | Parknasilla Resort\",\"isPartOf\":{\"@id\":\"https:\\\/\\\/parknasillaresort.com\\\/#website\"},\"datePublished\":\"2021-03-14T14:16:48+00:00\",\"dateModified\":\"2025-06-16T11:34:08+00:00\",\"description\":\"Our Manor Seaview Rooms offer fabulous views of Kenmare Bay, with some rooms having walk-in showers or a deep bathtub, king-size bed, bathrobe & more. Book Today!\",\"breadcrumb\":{\"@id\":\"https:\\\/\\\/parknasillaresort.com\\\/stay\\\/manor-rooms\\\/manor-seaview-room\\\/#breadcrumb\"},\"inLanguage\":\"fr-FR\",\"potentialAction\":[{\"@type\":\"ReadAction\",\"target\":[\"https:\\\/\\\/parknasillaresort.com\\\/stay\\\/manor-rooms\\\/manor-seaview-room\\\/\"]}]},{\"@type\":\"BreadcrumbList\",\"@id\":\"https:\\\/\\\/parknasillaresort.com\\\/stay\\\/manor-rooms\\\/manor-seaview-room\\\/#breadcrumb\",\"itemListElement\":[{\"@type\":\"ListItem\",\"position\":1,\"name\":\"Home\",\"item\":\"https:\\\/\\\/parknasillaresort.com\\\/\"},{\"@type\":\"ListItem\",\"position\":2,\"name\":\"Stay\",\"item\":\"https:\\\/\\\/parknasillaresort.com\\\/stay\\\/\"},{\"@type\":\"ListItem\",\"position\":3,\"name\":\"Manor Rooms\",\"item\":\"https:\\\/\\\/parknasillaresort.com\\\/stay\\\/manor-rooms\\\/\"},{\"@type\":\"ListItem\",\"position\":4,\"name\":\"Manor Seaview Room\"}]},{\"@type\":\"WebSite\",\"@id\":\"https:\\\/\\\/parknasillaresort.com\\\/#website\",\"url\":\"https:\\\/\\\/parknasillaresort.com\\\/\",\"name\":\"Parknasilla Resort &amp; Spa\",\"description\":\"Truly in a world of its own.\",\"potentialAction\":[{\"@type\":\"SearchAction\",\"target\":{\"@type\":\"EntryPoint\",\"urlTemplate\":\"https:\\\/\\\/parknasillaresort.com\\\/?s={search_term_string}\"},\"query-input\":{\"@type\":\"PropertyValueSpecification\",\"valueRequired\":true,\"valueName\":\"search_term_string\"}}],\"inLanguage\":\"fr-FR\"}]}<\/script>\n<!-- \/ Yoast SEO plugin. -->","yoast_head_json":{"title":"Chambre Manor Seaview | Kerry Hotels By The Sea | Parknasilla Resort","description":"Nos chambres Manor Seaview offrent des vues fabuleuses sur la baie de Kenmare. Certaines chambres disposent d'une douche \u00e0 l'italienne ou d'une baignoire profonde, d'un lit king-size, d'un peignoir et plus encore. R\u00e9servez d\u00e8s aujourd'hui !","robots":{"index":"index","follow":"follow","max-snippet":"max-snippet:-1","max-image-preview":"max-image-preview:large","max-video-preview":"max-video-preview:-1"},"canonical":"https:\/\/parknasillaresort.com\/fr\/stay\/manor-rooms\/manor-seaview-room\/","og_locale":"fr_FR","og_type":"article","og_title":"Manor Seaview Room | Kerry Hotels By The Sea | Parknasilla Resort","og_description":"Our Manor Seaview Rooms offer fabulous views of Kenmare Bay, with some rooms having walk-in showers or a deep bathtub, king-size bed, bathrobe & more. Book Today!","og_url":"https:\/\/parknasillaresort.com\/fr\/stay\/manor-rooms\/manor-seaview-room\/","og_site_name":"Parknasilla Resort &amp; Spa","article_modified_time":"2025-06-16T11:34:08+00:00","twitter_card":"summary_large_image","schema":{"@context":"https:\/\/schema.org","@graph":[{"@type":"WebPage","@id":"https:\/\/parknasillaresort.com\/stay\/manor-rooms\/manor-seaview-room\/","url":"https:\/\/parknasillaresort.com\/stay\/manor-rooms\/manor-seaview-room\/","name":"Chambre Manor Seaview | Kerry Hotels By The Sea | Parknasilla Resort","isPartOf":{"@id":"https:\/\/parknasillaresort.com\/#website"},"datePublished":"2021-03-14T14:16:48+00:00","dateModified":"2025-06-16T11:34:08+00:00","description":"Nos chambres Manor Seaview offrent des vues fabuleuses sur la baie de Kenmare. Certaines chambres disposent d'une douche \u00e0 l'italienne ou d'une baignoire profonde, d'un lit king-size, d'un peignoir et plus encore. R\u00e9servez d\u00e8s aujourd'hui !","breadcrumb":{"@id":"https:\/\/parknasillaresort.com\/stay\/manor-rooms\/manor-seaview-room\/#breadcrumb"},"inLanguage":"fr-FR","potentialAction":[{"@type":"ReadAction","target":["https:\/\/parknasillaresort.com\/stay\/manor-rooms\/manor-seaview-room\/"]}]},{"@type":"BreadcrumbList","@id":"https:\/\/parknasillaresort.com\/stay\/manor-rooms\/manor-seaview-room\/#breadcrumb","itemListElement":[{"@type":"ListItem","position":1,"name":"Home","item":"https:\/\/parknasillaresort.com\/"},{"@type":"ListItem","position":2,"name":"Stay","item":"https:\/\/parknasillaresort.com\/stay\/"},{"@type":"ListItem","position":3,"name":"Manor Rooms","item":"https:\/\/parknasillaresort.com\/stay\/manor-rooms\/"},{"@type":"ListItem","position":4,"name":"Manor Seaview Room"}]},{"@type":"WebSite","@id":"https:\/\/parknasillaresort.com\/#website","url":"https:\/\/parknasillaresort.com\/","name":"Parknasilla Resort &amp; Spa","description":"Truly in a world of its own.","potentialAction":[{"@type":"SearchAction","target":{"@type":"EntryPoint","urlTemplate":"https:\/\/parknasillaresort.com\/?s={search_term_string}"},"query-input":{"@type":"PropertyValueSpecification","valueRequired":true,"valueName":"search_term_string"}}],"inLanguage":"fr-FR"}]}},"_links":{"self":[{"href":"https:\/\/parknasillaresort.com\/fr\/wp-json\/wp\/v2\/pages\/329","targetHints":{"allow":["GET"]}}],"collection":[{"href":"https:\/\/parknasillaresort.com\/fr\/wp-json\/wp\/v2\/pages"}],"about":[{"href":"https:\/\/parknasillaresort.com\/fr\/wp-json\/wp\/v2\/types\/page"}],"author":[{"embeddable":true,"href":"https:\/\/parknasillaresort.com\/fr\/wp-json\/wp\/v2\/users\/3"}],"replies":[{"embeddable":true,"href":"https:\/\/parknasillaresort.com\/fr\/wp-json\/wp\/v2\/comments?post=329"}],"version-history":[{"count":0,"href":"https:\/\/parknasillaresort.com\/fr\/wp-json\/wp\/v2\/pages\/329\/revisions"}],"up":[{"embeddable":true,"href":"https:\/\/parknasillaresort.com\/fr\/wp-json\/wp\/v2\/pages\/332"}],"wp:attachment":[{"href":"https:\/\/parknasillaresort.com\/fr\/wp-json\/wp\/v2\/media?parent=329"}],"curies":[{"name":"wp","href":"https:\/\/api.w.org\/{rel}","templated":true}]}}