{"id":302,"date":"2021-03-13T18:35:35","date_gmt":"2021-03-13T18:35:35","guid":{"rendered":"http:\/\/parknasilla.local\/?page_id=302"},"modified":"2025-06-16T15:26:50","modified_gmt":"2025-06-16T15:26:50","slug":"penthouse-suite","status":"publish","type":"page","link":"https:\/\/parknasillaresort.com\/fr\/stay\/parknasilla-suites\/penthouse-suite\/","title":{"rendered":"Suite Penthouse"},"content":{"rendered":"","protected":false},"excerpt":{"rendered":"","protected":false},"author":3,"featured_media":0,"parent":269,"menu_order":0,"comment_status":"closed","ping_status":"closed","template":"","meta":{"_acf_changed":false,"footnotes":""},"class_list":["post-302","page","type-page","status-publish","hentry"],"acf":[],"yoast_head":"<!-- This site is optimized with the Yoast SEO plugin v27.3 - https:\/\/yoast.com\/product\/yoast-seo-wordpress\/ -->\n<title>The Penthouse Suite | Romantic Hotel Kerry | 4* Parknasilla Resort<\/title>\n<meta name=\"description\" content=\"The Penthouse Suite is located on the top floor of the manor, access to this suite is by a small, private staircase that includes a living area and spacious bedroom.\" \/>\n<meta name=\"robots\" content=\"index, follow, max-snippet:-1, max-image-preview:large, max-video-preview:-1\" \/>\n<link rel=\"canonical\" href=\"https:\/\/parknasillaresort.com\/fr\/stay\/parknasilla-suites\/penthouse-suite\/\" \/>\n<meta property=\"og:locale\" content=\"fr_FR\" \/>\n<meta property=\"og:type\" content=\"article\" \/>\n<meta property=\"og:title\" content=\"The Penthouse Suite | Romantic Hotel Kerry | 4* Parknasilla Resort\" \/>\n<meta property=\"og:description\" content=\"The Penthouse Suite is located on the top floor of the manor, access to this suite is by a small, private staircase that includes a living area and spacious bedroom.\" \/>\n<meta property=\"og:url\" content=\"https:\/\/parknasillaresort.com\/fr\/stay\/parknasilla-suites\/penthouse-suite\/\" \/>\n<meta property=\"og:site_name\" content=\"Parknasilla Resort &amp; Spa\" \/>\n<meta property=\"article:modified_time\" content=\"2025-06-16T15:26:50+00:00\" \/>\n<meta name=\"twitter:card\" content=\"summary_large_image\" \/>\n<script type=\"application\/ld+json\" class=\"yoast-schema-graph\">{\"@context\":\"https:\\\/\\\/schema.org\",\"@graph\":[{\"@type\":\"WebPage\",\"@id\":\"https:\\\/\\\/parknasillaresort.com\\\/stay\\\/parknasilla-suites\\\/penthouse-suite\\\/\",\"url\":\"https:\\\/\\\/parknasillaresort.com\\\/stay\\\/parknasilla-suites\\\/penthouse-suite\\\/\",\"name\":\"The Penthouse Suite | Romantic Hotel Kerry | 4* Parknasilla Resort\",\"isPartOf\":{\"@id\":\"https:\\\/\\\/parknasillaresort.com\\\/#website\"},\"datePublished\":\"2021-03-13T18:35:35+00:00\",\"dateModified\":\"2025-06-16T15:26:50+00:00\",\"description\":\"The Penthouse Suite is located on the top floor of the manor, access to this suite is by a small, private staircase that includes a living area and spacious bedroom.\",\"breadcrumb\":{\"@id\":\"https:\\\/\\\/parknasillaresort.com\\\/stay\\\/parknasilla-suites\\\/penthouse-suite\\\/#breadcrumb\"},\"inLanguage\":\"fr-FR\",\"potentialAction\":[{\"@type\":\"ReadAction\",\"target\":[\"https:\\\/\\\/parknasillaresort.com\\\/stay\\\/parknasilla-suites\\\/penthouse-suite\\\/\"]}]},{\"@type\":\"BreadcrumbList\",\"@id\":\"https:\\\/\\\/parknasillaresort.com\\\/stay\\\/parknasilla-suites\\\/penthouse-suite\\\/#breadcrumb\",\"itemListElement\":[{\"@type\":\"ListItem\",\"position\":1,\"name\":\"Home\",\"item\":\"https:\\\/\\\/parknasillaresort.com\\\/\"},{\"@type\":\"ListItem\",\"position\":2,\"name\":\"Stay\",\"item\":\"https:\\\/\\\/parknasillaresort.com\\\/stay\\\/\"},{\"@type\":\"ListItem\",\"position\":3,\"name\":\"Parknasilla Suites\",\"item\":\"https:\\\/\\\/parknasillaresort.com\\\/stay\\\/parknasilla-suites\\\/\"},{\"@type\":\"ListItem\",\"position\":4,\"name\":\"Penthouse Suite\"}]},{\"@type\":\"WebSite\",\"@id\":\"https:\\\/\\\/parknasillaresort.com\\\/#website\",\"url\":\"https:\\\/\\\/parknasillaresort.com\\\/\",\"name\":\"Parknasilla Resort &amp; Spa\",\"description\":\"Truly in a world of its own.\",\"potentialAction\":[{\"@type\":\"SearchAction\",\"target\":{\"@type\":\"EntryPoint\",\"urlTemplate\":\"https:\\\/\\\/parknasillaresort.com\\\/?s={search_term_string}\"},\"query-input\":{\"@type\":\"PropertyValueSpecification\",\"valueRequired\":true,\"valueName\":\"search_term_string\"}}],\"inLanguage\":\"fr-FR\"}]}<\/script>\n<!-- \/ Yoast SEO plugin. -->","yoast_head_json":{"title":"The Penthouse Suite | Romantic Hotel Kerry | 4* Parknasilla Resort","description":"La suite Penthouse est situ\u00e9e au dernier \u00e9tage du manoir. On acc\u00e8de \u00e0 cette suite par un petit escalier priv\u00e9 qui comprend un salon et une chambre spacieuse.","robots":{"index":"index","follow":"follow","max-snippet":"max-snippet:-1","max-image-preview":"max-image-preview:large","max-video-preview":"max-video-preview:-1"},"canonical":"https:\/\/parknasillaresort.com\/fr\/stay\/parknasilla-suites\/penthouse-suite\/","og_locale":"fr_FR","og_type":"article","og_title":"The Penthouse Suite | Romantic Hotel Kerry | 4* Parknasilla Resort","og_description":"The Penthouse Suite is located on the top floor of the manor, access to this suite is by a small, private staircase that includes a living area and spacious bedroom.","og_url":"https:\/\/parknasillaresort.com\/fr\/stay\/parknasilla-suites\/penthouse-suite\/","og_site_name":"Parknasilla Resort &amp; Spa","article_modified_time":"2025-06-16T15:26:50+00:00","twitter_card":"summary_large_image","schema":{"@context":"https:\/\/schema.org","@graph":[{"@type":"WebPage","@id":"https:\/\/parknasillaresort.com\/stay\/parknasilla-suites\/penthouse-suite\/","url":"https:\/\/parknasillaresort.com\/stay\/parknasilla-suites\/penthouse-suite\/","name":"The Penthouse Suite | Romantic Hotel Kerry | 4* Parknasilla Resort","isPartOf":{"@id":"https:\/\/parknasillaresort.com\/#website"},"datePublished":"2021-03-13T18:35:35+00:00","dateModified":"2025-06-16T15:26:50+00:00","description":"La suite Penthouse est situ\u00e9e au dernier \u00e9tage du manoir. On acc\u00e8de \u00e0 cette suite par un petit escalier priv\u00e9 qui comprend un salon et une chambre spacieuse.","breadcrumb":{"@id":"https:\/\/parknasillaresort.com\/stay\/parknasilla-suites\/penthouse-suite\/#breadcrumb"},"inLanguage":"fr-FR","potentialAction":[{"@type":"ReadAction","target":["https:\/\/parknasillaresort.com\/stay\/parknasilla-suites\/penthouse-suite\/"]}]},{"@type":"BreadcrumbList","@id":"https:\/\/parknasillaresort.com\/stay\/parknasilla-suites\/penthouse-suite\/#breadcrumb","itemListElement":[{"@type":"ListItem","position":1,"name":"Home","item":"https:\/\/parknasillaresort.com\/"},{"@type":"ListItem","position":2,"name":"Stay","item":"https:\/\/parknasillaresort.com\/stay\/"},{"@type":"ListItem","position":3,"name":"Parknasilla Suites","item":"https:\/\/parknasillaresort.com\/stay\/parknasilla-suites\/"},{"@type":"ListItem","position":4,"name":"Penthouse Suite"}]},{"@type":"WebSite","@id":"https:\/\/parknasillaresort.com\/#website","url":"https:\/\/parknasillaresort.com\/","name":"Parknasilla Resort &amp; Spa","description":"Truly in a world of its own.","potentialAction":[{"@type":"SearchAction","target":{"@type":"EntryPoint","urlTemplate":"https:\/\/parknasillaresort.com\/?s={search_term_string}"},"query-input":{"@type":"PropertyValueSpecification","valueRequired":true,"valueName":"search_term_string"}}],"inLanguage":"fr-FR"}]}},"_links":{"self":[{"href":"https:\/\/parknasillaresort.com\/fr\/wp-json\/wp\/v2\/pages\/302","targetHints":{"allow":["GET"]}}],"collection":[{"href":"https:\/\/parknasillaresort.com\/fr\/wp-json\/wp\/v2\/pages"}],"about":[{"href":"https:\/\/parknasillaresort.com\/fr\/wp-json\/wp\/v2\/types\/page"}],"author":[{"embeddable":true,"href":"https:\/\/parknasillaresort.com\/fr\/wp-json\/wp\/v2\/users\/3"}],"replies":[{"embeddable":true,"href":"https:\/\/parknasillaresort.com\/fr\/wp-json\/wp\/v2\/comments?post=302"}],"version-history":[{"count":0,"href":"https:\/\/parknasillaresort.com\/fr\/wp-json\/wp\/v2\/pages\/302\/revisions"}],"up":[{"embeddable":true,"href":"https:\/\/parknasillaresort.com\/fr\/wp-json\/wp\/v2\/pages\/269"}],"wp:attachment":[{"href":"https:\/\/parknasillaresort.com\/fr\/wp-json\/wp\/v2\/media?parent=302"}],"curies":[{"name":"wp","href":"https:\/\/api.w.org\/{rel}","templated":true}]}}