{"id":275,"date":"2021-03-13T14:21:10","date_gmt":"2021-03-13T14:21:10","guid":{"rendered":"http:\/\/parknasilla.local\/?page_id=275"},"modified":"2025-06-16T15:04:31","modified_gmt":"2025-06-16T15:04:31","slug":"princess-grace-suite","status":"publish","type":"page","link":"https:\/\/parknasillaresort.com\/fr\/stay\/parknasilla-suites\/princess-grace-suite\/","title":{"rendered":"Suite Princesse Grace"},"content":{"rendered":"","protected":false},"excerpt":{"rendered":"","protected":false},"author":3,"featured_media":0,"parent":269,"menu_order":0,"comment_status":"closed","ping_status":"closed","template":"","meta":{"_acf_changed":false,"footnotes":""},"class_list":["post-275","page","type-page","status-publish","hentry"],"acf":[],"yoast_head":"<!-- This site is optimized with the Yoast SEO plugin v27.4 - https:\/\/yoast.com\/product\/yoast-seo-wordpress\/ -->\n<title>The Princess Grace Suite | Parknasilla Resort &amp; Spa Hotel Kerry<\/title>\n<meta name=\"description\" content=\"Princess Grace Suite is named after Princess Grace where she, her husband &amp; children once stayed, luxury suite has two balconies, a separate living &amp; a bedroom area.\" \/>\n<meta name=\"robots\" content=\"index, follow, max-snippet:-1, max-image-preview:large, max-video-preview:-1\" \/>\n<link rel=\"canonical\" href=\"https:\/\/parknasillaresort.com\/fr\/stay\/parknasilla-suites\/princess-grace-suite\/\" \/>\n<meta property=\"og:locale\" content=\"fr_FR\" \/>\n<meta property=\"og:type\" content=\"article\" \/>\n<meta property=\"og:title\" content=\"The Princess Grace Suite | Parknasilla Resort &amp; Spa Hotel Kerry\" \/>\n<meta property=\"og:description\" content=\"Princess Grace Suite is named after Princess Grace where she, her husband &amp; children once stayed, luxury suite has two balconies, a separate living &amp; a bedroom area.\" \/>\n<meta property=\"og:url\" content=\"https:\/\/parknasillaresort.com\/fr\/stay\/parknasilla-suites\/princess-grace-suite\/\" \/>\n<meta property=\"og:site_name\" content=\"Parknasilla Resort &amp; Spa\" \/>\n<meta property=\"article:modified_time\" content=\"2025-06-16T15:04:31+00:00\" \/>\n<meta name=\"twitter:card\" content=\"summary_large_image\" \/>\n<script type=\"application\/ld+json\" class=\"yoast-schema-graph\">{\"@context\":\"https:\\\/\\\/schema.org\",\"@graph\":[{\"@type\":\"WebPage\",\"@id\":\"https:\\\/\\\/parknasillaresort.com\\\/stay\\\/parknasilla-suites\\\/princess-grace-suite\\\/\",\"url\":\"https:\\\/\\\/parknasillaresort.com\\\/stay\\\/parknasilla-suites\\\/princess-grace-suite\\\/\",\"name\":\"The Princess Grace Suite | Parknasilla Resort & Spa Hotel Kerry\",\"isPartOf\":{\"@id\":\"https:\\\/\\\/parknasillaresort.com\\\/#website\"},\"datePublished\":\"2021-03-13T14:21:10+00:00\",\"dateModified\":\"2025-06-16T15:04:31+00:00\",\"description\":\"Princess Grace Suite is named after Princess Grace where she, her husband & children once stayed, luxury suite has two balconies, a separate living & a bedroom area.\",\"breadcrumb\":{\"@id\":\"https:\\\/\\\/parknasillaresort.com\\\/stay\\\/parknasilla-suites\\\/princess-grace-suite\\\/#breadcrumb\"},\"inLanguage\":\"fr-FR\",\"potentialAction\":[{\"@type\":\"ReadAction\",\"target\":[\"https:\\\/\\\/parknasillaresort.com\\\/stay\\\/parknasilla-suites\\\/princess-grace-suite\\\/\"]}]},{\"@type\":\"BreadcrumbList\",\"@id\":\"https:\\\/\\\/parknasillaresort.com\\\/stay\\\/parknasilla-suites\\\/princess-grace-suite\\\/#breadcrumb\",\"itemListElement\":[{\"@type\":\"ListItem\",\"position\":1,\"name\":\"Home\",\"item\":\"https:\\\/\\\/parknasillaresort.com\\\/\"},{\"@type\":\"ListItem\",\"position\":2,\"name\":\"Stay\",\"item\":\"https:\\\/\\\/parknasillaresort.com\\\/stay\\\/\"},{\"@type\":\"ListItem\",\"position\":3,\"name\":\"Parknasilla Suites\",\"item\":\"https:\\\/\\\/parknasillaresort.com\\\/stay\\\/parknasilla-suites\\\/\"},{\"@type\":\"ListItem\",\"position\":4,\"name\":\"Princess Grace Suite\"}]},{\"@type\":\"WebSite\",\"@id\":\"https:\\\/\\\/parknasillaresort.com\\\/#website\",\"url\":\"https:\\\/\\\/parknasillaresort.com\\\/\",\"name\":\"Parknasilla Resort &amp; Spa\",\"description\":\"Truly in a world of its own.\",\"potentialAction\":[{\"@type\":\"SearchAction\",\"target\":{\"@type\":\"EntryPoint\",\"urlTemplate\":\"https:\\\/\\\/parknasillaresort.com\\\/?s={search_term_string}\"},\"query-input\":{\"@type\":\"PropertyValueSpecification\",\"valueRequired\":true,\"valueName\":\"search_term_string\"}}],\"inLanguage\":\"fr-FR\"}]}<\/script>\n<!-- \/ Yoast SEO plugin. -->","yoast_head_json":{"title":"La suite Princesse Grace | Parknasilla Resort &amp; Spa Hotel Kerry","description":"La suite Princesse Grace a \u00e9t\u00e9 nomm\u00e9e en l'honneur de la princesse Grace, qui y s\u00e9journait avec son mari et ses enfants. Cette suite de luxe dispose de deux balcons, d'un salon et d'une chambre s\u00e9par\u00e9s.","robots":{"index":"index","follow":"follow","max-snippet":"max-snippet:-1","max-image-preview":"max-image-preview:large","max-video-preview":"max-video-preview:-1"},"canonical":"https:\/\/parknasillaresort.com\/fr\/stay\/parknasilla-suites\/princess-grace-suite\/","og_locale":"fr_FR","og_type":"article","og_title":"The Princess Grace Suite | Parknasilla Resort & Spa Hotel Kerry","og_description":"Princess Grace Suite is named after Princess Grace where she, her husband & children once stayed, luxury suite has two balconies, a separate living & a bedroom area.","og_url":"https:\/\/parknasillaresort.com\/fr\/stay\/parknasilla-suites\/princess-grace-suite\/","og_site_name":"Parknasilla Resort &amp; Spa","article_modified_time":"2025-06-16T15:04:31+00:00","twitter_card":"summary_large_image","schema":{"@context":"https:\/\/schema.org","@graph":[{"@type":"WebPage","@id":"https:\/\/parknasillaresort.com\/stay\/parknasilla-suites\/princess-grace-suite\/","url":"https:\/\/parknasillaresort.com\/stay\/parknasilla-suites\/princess-grace-suite\/","name":"La suite Princesse Grace | Parknasilla Resort &amp; Spa Hotel Kerry","isPartOf":{"@id":"https:\/\/parknasillaresort.com\/#website"},"datePublished":"2021-03-13T14:21:10+00:00","dateModified":"2025-06-16T15:04:31+00:00","description":"La suite Princesse Grace a \u00e9t\u00e9 nomm\u00e9e en l'honneur de la princesse Grace, qui y s\u00e9journait avec son mari et ses enfants. Cette suite de luxe dispose de deux balcons, d'un salon et d'une chambre s\u00e9par\u00e9s.","breadcrumb":{"@id":"https:\/\/parknasillaresort.com\/stay\/parknasilla-suites\/princess-grace-suite\/#breadcrumb"},"inLanguage":"fr-FR","potentialAction":[{"@type":"ReadAction","target":["https:\/\/parknasillaresort.com\/stay\/parknasilla-suites\/princess-grace-suite\/"]}]},{"@type":"BreadcrumbList","@id":"https:\/\/parknasillaresort.com\/stay\/parknasilla-suites\/princess-grace-suite\/#breadcrumb","itemListElement":[{"@type":"ListItem","position":1,"name":"Home","item":"https:\/\/parknasillaresort.com\/"},{"@type":"ListItem","position":2,"name":"Stay","item":"https:\/\/parknasillaresort.com\/stay\/"},{"@type":"ListItem","position":3,"name":"Parknasilla Suites","item":"https:\/\/parknasillaresort.com\/stay\/parknasilla-suites\/"},{"@type":"ListItem","position":4,"name":"Princess Grace Suite"}]},{"@type":"WebSite","@id":"https:\/\/parknasillaresort.com\/#website","url":"https:\/\/parknasillaresort.com\/","name":"Parknasilla Resort &amp; Spa","description":"Truly in a world of its own.","potentialAction":[{"@type":"SearchAction","target":{"@type":"EntryPoint","urlTemplate":"https:\/\/parknasillaresort.com\/?s={search_term_string}"},"query-input":{"@type":"PropertyValueSpecification","valueRequired":true,"valueName":"search_term_string"}}],"inLanguage":"fr-FR"}]}},"_links":{"self":[{"href":"https:\/\/parknasillaresort.com\/fr\/wp-json\/wp\/v2\/pages\/275","targetHints":{"allow":["GET"]}}],"collection":[{"href":"https:\/\/parknasillaresort.com\/fr\/wp-json\/wp\/v2\/pages"}],"about":[{"href":"https:\/\/parknasillaresort.com\/fr\/wp-json\/wp\/v2\/types\/page"}],"author":[{"embeddable":true,"href":"https:\/\/parknasillaresort.com\/fr\/wp-json\/wp\/v2\/users\/3"}],"replies":[{"embeddable":true,"href":"https:\/\/parknasillaresort.com\/fr\/wp-json\/wp\/v2\/comments?post=275"}],"version-history":[{"count":0,"href":"https:\/\/parknasillaresort.com\/fr\/wp-json\/wp\/v2\/pages\/275\/revisions"}],"up":[{"embeddable":true,"href":"https:\/\/parknasillaresort.com\/fr\/wp-json\/wp\/v2\/pages\/269"}],"wp:attachment":[{"href":"https:\/\/parknasillaresort.com\/fr\/wp-json\/wp\/v2\/media?parent=275"}],"curies":[{"name":"wp","href":"https:\/\/api.w.org\/{rel}","templated":true}]}}