{"id":2494,"date":"2023-11-15T12:06:29","date_gmt":"2023-11-15T12:06:29","guid":{"rendered":"https:\/\/parknasillaresort.com\/?page_id=2494"},"modified":"2023-12-13T23:01:50","modified_gmt":"2023-12-13T23:01:50","slug":"mission-impossible-clue","status":"publish","type":"page","link":"https:\/\/parknasillaresort.com\/fr\/activities\/estate-activities\/mission-impossible-clue\/","title":{"rendered":"Mission Impossible Clue"},"content":{"rendered":"","protected":false},"excerpt":{"rendered":"","protected":false},"author":3,"featured_media":0,"parent":482,"menu_order":0,"comment_status":"closed","ping_status":"closed","template":"","meta":{"_acf_changed":false,"footnotes":""},"class_list":["post-2494","page","type-page","status-publish","hentry"],"acf":[],"yoast_head":"<!-- This site is optimized with the Yoast SEO plugin v27.3 - https:\/\/yoast.com\/product\/yoast-seo-wordpress\/ -->\n<title>Mission Impossible |Activities in Kerry| Parknasilla Resort &amp; Spa<\/title>\n<meta name=\"description\" content=\"With Head Chef Paul murdered your help is needed to help the Chief Investigator of the case discover who is the murder staying at the resort.\" \/>\n<meta name=\"robots\" content=\"noindex, nofollow\" \/>\n<meta property=\"og:locale\" content=\"fr_FR\" \/>\n<meta property=\"og:type\" content=\"article\" \/>\n<meta property=\"og:title\" content=\"Mission Impossible |Activities in Kerry| Parknasilla Resort &amp; Spa\" \/>\n<meta property=\"og:description\" content=\"With Head Chef Paul murdered your help is needed to help the Chief Investigator of the case discover who is the murder staying at the resort.\" \/>\n<meta property=\"og:url\" content=\"https:\/\/parknasillaresort.com\/fr\/activities\/estate-activities\/mission-impossible-clue\/\" \/>\n<meta property=\"og:site_name\" content=\"Parknasilla Resort &amp; Spa\" \/>\n<meta property=\"article:modified_time\" content=\"2023-12-13T23:01:50+00:00\" \/>\n<meta name=\"twitter:card\" content=\"summary_large_image\" \/>\n<script type=\"application\/ld+json\" class=\"yoast-schema-graph\">{\"@context\":\"https:\\\/\\\/schema.org\",\"@graph\":[{\"@type\":\"WebPage\",\"@id\":\"https:\\\/\\\/parknasillaresort.com\\\/activities\\\/estate-activities\\\/mission-impossible-clue\\\/\",\"url\":\"https:\\\/\\\/parknasillaresort.com\\\/activities\\\/estate-activities\\\/mission-impossible-clue\\\/\",\"name\":\"Mission Impossible |Activities in Kerry| Parknasilla Resort & Spa\",\"isPartOf\":{\"@id\":\"https:\\\/\\\/parknasillaresort.com\\\/#website\"},\"datePublished\":\"2023-11-15T12:06:29+00:00\",\"dateModified\":\"2023-12-13T23:01:50+00:00\",\"description\":\"With Head Chef Paul murdered your help is needed to help the Chief Investigator of the case discover who is the murder staying at the resort.\",\"breadcrumb\":{\"@id\":\"https:\\\/\\\/parknasillaresort.com\\\/activities\\\/estate-activities\\\/mission-impossible-clue\\\/#breadcrumb\"},\"inLanguage\":\"fr-FR\",\"potentialAction\":[{\"@type\":\"ReadAction\",\"target\":[\"https:\\\/\\\/parknasillaresort.com\\\/activities\\\/estate-activities\\\/mission-impossible-clue\\\/\"]}]},{\"@type\":\"BreadcrumbList\",\"@id\":\"https:\\\/\\\/parknasillaresort.com\\\/activities\\\/estate-activities\\\/mission-impossible-clue\\\/#breadcrumb\",\"itemListElement\":[{\"@type\":\"ListItem\",\"position\":1,\"name\":\"Home\",\"item\":\"https:\\\/\\\/parknasillaresort.com\\\/\"},{\"@type\":\"ListItem\",\"position\":2,\"name\":\"Activities\",\"item\":\"https:\\\/\\\/parknasillaresort.com\\\/activities\\\/\"},{\"@type\":\"ListItem\",\"position\":3,\"name\":\"Estate Activities\",\"item\":\"https:\\\/\\\/parknasillaresort.com\\\/activities\\\/estate-activities\\\/\"},{\"@type\":\"ListItem\",\"position\":4,\"name\":\"Mission Impossible Clue\"}]},{\"@type\":\"WebSite\",\"@id\":\"https:\\\/\\\/parknasillaresort.com\\\/#website\",\"url\":\"https:\\\/\\\/parknasillaresort.com\\\/\",\"name\":\"Parknasilla Resort &amp; Spa\",\"description\":\"Truly in a world of its own.\",\"potentialAction\":[{\"@type\":\"SearchAction\",\"target\":{\"@type\":\"EntryPoint\",\"urlTemplate\":\"https:\\\/\\\/parknasillaresort.com\\\/?s={search_term_string}\"},\"query-input\":{\"@type\":\"PropertyValueSpecification\",\"valueRequired\":true,\"valueName\":\"search_term_string\"}}],\"inLanguage\":\"fr-FR\"}]}<\/script>\n<!-- \/ Yoast SEO plugin. -->","yoast_head_json":{"title":"Mission Impossible |Activities in Kerry| Parknasilla Resort & Spa","description":"Le chef cuisinier Paul ayant \u00e9t\u00e9 assassin\u00e9, votre aide est n\u00e9cessaire pour aider l'enqu\u00eateur en chef \u00e0 d\u00e9couvrir qui est le meurtrier qui s\u00e9journe dans la station.","robots":{"index":"noindex","follow":"nofollow"},"og_locale":"fr_FR","og_type":"article","og_title":"Mission Impossible |Activities in Kerry| Parknasilla Resort & Spa","og_description":"With Head Chef Paul murdered your help is needed to help the Chief Investigator of the case discover who is the murder staying at the resort.","og_url":"https:\/\/parknasillaresort.com\/fr\/activities\/estate-activities\/mission-impossible-clue\/","og_site_name":"Parknasilla Resort &amp; Spa","article_modified_time":"2023-12-13T23:01:50+00:00","twitter_card":"summary_large_image","schema":{"@context":"https:\/\/schema.org","@graph":[{"@type":"WebPage","@id":"https:\/\/parknasillaresort.com\/activities\/estate-activities\/mission-impossible-clue\/","url":"https:\/\/parknasillaresort.com\/activities\/estate-activities\/mission-impossible-clue\/","name":"Mission Impossible |Activities in Kerry| Parknasilla Resort & Spa","isPartOf":{"@id":"https:\/\/parknasillaresort.com\/#website"},"datePublished":"2023-11-15T12:06:29+00:00","dateModified":"2023-12-13T23:01:50+00:00","description":"Le chef cuisinier Paul ayant \u00e9t\u00e9 assassin\u00e9, votre aide est n\u00e9cessaire pour aider l'enqu\u00eateur en chef \u00e0 d\u00e9couvrir qui est le meurtrier qui s\u00e9journe dans la station.","breadcrumb":{"@id":"https:\/\/parknasillaresort.com\/activities\/estate-activities\/mission-impossible-clue\/#breadcrumb"},"inLanguage":"fr-FR","potentialAction":[{"@type":"ReadAction","target":["https:\/\/parknasillaresort.com\/activities\/estate-activities\/mission-impossible-clue\/"]}]},{"@type":"BreadcrumbList","@id":"https:\/\/parknasillaresort.com\/activities\/estate-activities\/mission-impossible-clue\/#breadcrumb","itemListElement":[{"@type":"ListItem","position":1,"name":"Home","item":"https:\/\/parknasillaresort.com\/"},{"@type":"ListItem","position":2,"name":"Activities","item":"https:\/\/parknasillaresort.com\/activities\/"},{"@type":"ListItem","position":3,"name":"Estate Activities","item":"https:\/\/parknasillaresort.com\/activities\/estate-activities\/"},{"@type":"ListItem","position":4,"name":"Mission Impossible Clue"}]},{"@type":"WebSite","@id":"https:\/\/parknasillaresort.com\/#website","url":"https:\/\/parknasillaresort.com\/","name":"Parknasilla Resort &amp; Spa","description":"Truly in a world of its own.","potentialAction":[{"@type":"SearchAction","target":{"@type":"EntryPoint","urlTemplate":"https:\/\/parknasillaresort.com\/?s={search_term_string}"},"query-input":{"@type":"PropertyValueSpecification","valueRequired":true,"valueName":"search_term_string"}}],"inLanguage":"fr-FR"}]}},"_links":{"self":[{"href":"https:\/\/parknasillaresort.com\/fr\/wp-json\/wp\/v2\/pages\/2494","targetHints":{"allow":["GET"]}}],"collection":[{"href":"https:\/\/parknasillaresort.com\/fr\/wp-json\/wp\/v2\/pages"}],"about":[{"href":"https:\/\/parknasillaresort.com\/fr\/wp-json\/wp\/v2\/types\/page"}],"author":[{"embeddable":true,"href":"https:\/\/parknasillaresort.com\/fr\/wp-json\/wp\/v2\/users\/3"}],"replies":[{"embeddable":true,"href":"https:\/\/parknasillaresort.com\/fr\/wp-json\/wp\/v2\/comments?post=2494"}],"version-history":[{"count":0,"href":"https:\/\/parknasillaresort.com\/fr\/wp-json\/wp\/v2\/pages\/2494\/revisions"}],"up":[{"embeddable":true,"href":"https:\/\/parknasillaresort.com\/fr\/wp-json\/wp\/v2\/pages\/482"}],"wp:attachment":[{"href":"https:\/\/parknasillaresort.com\/fr\/wp-json\/wp\/v2\/media?parent=2494"}],"curies":[{"name":"wp","href":"https:\/\/api.w.org\/{rel}","templated":true}]}}