{"id":2,"date":"2021-01-19T17:58:08","date_gmt":"2021-01-19T17:58:08","guid":{"rendered":"http:\/\/parknasilla.local\/?page_id=2"},"modified":"2026-04-10T13:29:54","modified_gmt":"2026-04-10T13:29:54","slug":"sample-page","status":"publish","type":"page","link":"https:\/\/parknasillaresort.com\/fr\/","title":{"rendered":"Parknasilla"},"content":{"rendered":"<p>Il s'agit d'une page d'exemple. Elle est diff\u00e9rente d'un article de blog car elle reste \u00e0 un seul endroit et appara\u00eet dans la navigation de votre site (dans la plupart des th\u00e8mes). La plupart des gens commencent par une page \u00c0 propos qui les pr\u00e9sente aux visiteurs potentiels du site. Elle peut ressembler \u00e0 ceci :<\/p>\r\n\r\n\r\n\r\n<blockquote class=\"wp-block-quote is-layout-flow wp-block-quote-is-layout-flow\">\r\n<p>Bonjour \u00e0 tous ! Je suis coursier \u00e0 v\u00e9lo le jour, acteur en herbe la nuit, et ceci est mon site web. Je vis \u00e0 Los Angeles, j'ai un chien g\u00e9nial qui s'appelle Jack, et j'aime les pi\u00f1a coladas. (Et me faire prendre sous la pluie.)<\/p>\r\n<\/blockquote>\r\n\r\n\r\n\r\n<p>...ou quelque chose comme \u00e7a :<\/p>\r\n\r\n\r\n\r\n<blockquote class=\"wp-block-quote is-layout-flow wp-block-quote-is-layout-flow\">\r\n<p>La XYZ Doohickey Company a \u00e9t\u00e9 fond\u00e9e en 1971 et fournit depuis lors des doohickeys de qualit\u00e9 au public. Situ\u00e9e \u00e0 Gotham City, XYZ emploie plus de 2 000 personnes et fait toutes sortes de choses g\u00e9niales pour la communaut\u00e9 de Gotham.<\/p>\r\n<\/blockquote>\r\n\r\n\r\n\r\n<p>En tant que nouvel utilisateur de WordPress, vous devez vous rendre \u00e0 l'adresse suivante <a href=\"https:\/\/parknasillaresort.com\/wp-admin\/\">votre tableau de bord<\/a> pour supprimer cette page et cr\u00e9er de nouvelles pages pour votre contenu. Amusez-vous bien !<\/p>","protected":false},"excerpt":{"rendered":"Il s'agit d'une page d'exemple. Elle est diff\u00e9rente d'un article de blog car elle reste \u00e0 un seul endroit et appara\u00eet dans la navigation de votre site (dans la plupart des th\u00e8mes). La plupart des gens commencent par une page \u00c0 propos qui les pr\u00e9sente aux visiteurs potentiels du site. Elle peut ressembler \u00e0 ceci : Bonjour ! Je suis un messager \u00e0 v\u00e9lo... <a class=\"view-article\" href=\"https:\/\/parknasillaresort.com\/fr\/\">Voir l'article<\/a>","protected":false},"author":8,"featured_media":0,"parent":0,"menu_order":0,"comment_status":"closed","ping_status":"closed","template":"","meta":{"_acf_changed":false,"footnotes":""},"class_list":["post-2","page","type-page","status-publish","hentry"],"acf":[],"yoast_head":"<!-- This site is optimized with the Yoast SEO plugin v27.4 - https:\/\/yoast.com\/product\/yoast-seo-wordpress\/ -->\n<title>Parknasilla Resort &amp; Spa | Luxury Hotels In Kerry | Book Today!<\/title>\n<meta name=\"description\" content=\"Enjoy a relaxing stay in Kerry at Parknasilla Resort &amp; Spa Hotel that offers luxury rooms &amp; self-catering houses surrounded by inlets &amp; hidden beaches. Book Today!\" \/>\n<meta name=\"robots\" content=\"index, follow, max-snippet:-1, max-image-preview:large, max-video-preview:-1\" \/>\n<link rel=\"canonical\" href=\"https:\/\/parknasillaresort.com\/fr\/\" \/>\n<meta property=\"og:locale\" content=\"fr_FR\" \/>\n<meta property=\"og:type\" content=\"article\" \/>\n<meta property=\"og:title\" content=\"Parknasilla Resort &amp; Spa | Luxury Hotels In Kerry | Book Today!\" \/>\n<meta property=\"og:description\" content=\"Enjoy a relaxing stay in Kerry at Parknasilla Resort &amp; Spa Hotel that offers luxury rooms &amp; self-catering houses surrounded by inlets &amp; hidden beaches. Book Today!\" \/>\n<meta property=\"og:url\" content=\"https:\/\/parknasillaresort.com\/fr\/\" \/>\n<meta property=\"og:site_name\" content=\"Parknasilla Resort &amp; Spa\" \/>\n<meta property=\"article:modified_time\" content=\"2026-04-10T13:29:54+00:00\" \/>\n<meta name=\"twitter:card\" content=\"summary_large_image\" \/>\n<meta name=\"twitter:label1\" content=\"Dur\u00e9e de lecture estim\u00e9e\" \/>\n\t<meta name=\"twitter:data1\" content=\"12 minutes\" \/>\n<script type=\"application\/ld+json\" class=\"yoast-schema-graph\">{\"@context\":\"https:\\\/\\\/schema.org\",\"@graph\":[{\"@type\":\"WebPage\",\"@id\":\"https:\\\/\\\/parknasillaresort.com\\\/\",\"url\":\"https:\\\/\\\/parknasillaresort.com\\\/\",\"name\":\"Parknasilla Resort & Spa | Luxury Hotels In Kerry | Book Today!\",\"isPartOf\":{\"@id\":\"https:\\\/\\\/parknasillaresort.com\\\/#website\"},\"datePublished\":\"2021-01-19T17:58:08+00:00\",\"dateModified\":\"2026-04-10T13:29:54+00:00\",\"description\":\"Enjoy a relaxing stay in Kerry at Parknasilla Resort & Spa Hotel that offers luxury rooms & self-catering houses surrounded by inlets & hidden beaches. Book Today!\",\"breadcrumb\":{\"@id\":\"https:\\\/\\\/parknasillaresort.com\\\/#breadcrumb\"},\"inLanguage\":\"fr-FR\",\"potentialAction\":[{\"@type\":\"ReadAction\",\"target\":[\"https:\\\/\\\/parknasillaresort.com\\\/\"]}]},{\"@type\":\"BreadcrumbList\",\"@id\":\"https:\\\/\\\/parknasillaresort.com\\\/#breadcrumb\",\"itemListElement\":[{\"@type\":\"ListItem\",\"position\":1,\"name\":\"Home\",\"item\":\"https:\\\/\\\/parknasillaresort.com\\\/\"},{\"@type\":\"ListItem\",\"position\":2,\"name\":\"Parknasilla\"}]},{\"@type\":\"WebSite\",\"@id\":\"https:\\\/\\\/parknasillaresort.com\\\/#website\",\"url\":\"https:\\\/\\\/parknasillaresort.com\\\/\",\"name\":\"Parknasilla Resort &amp; Spa\",\"description\":\"Truly in a world of its own.\",\"potentialAction\":[{\"@type\":\"SearchAction\",\"target\":{\"@type\":\"EntryPoint\",\"urlTemplate\":\"https:\\\/\\\/parknasillaresort.com\\\/?s={search_term_string}\"},\"query-input\":{\"@type\":\"PropertyValueSpecification\",\"valueRequired\":true,\"valueName\":\"search_term_string\"}}],\"inLanguage\":\"fr-FR\"}]}<\/script>\n<!-- \/ Yoast SEO plugin. -->","yoast_head_json":{"title":"Parknasilla Resort &amp; Spa | H\u00f4tels de luxe \u00e0 Kerry | R\u00e9servez d\u00e8s aujourd'hui !","description":"Profitez d'un s\u00e9jour relaxant \u00e0 Kerry \u00e0 l'h\u00f4tel Parknasilla Resort &amp; Spa qui propose des chambres de luxe et des maisons ind\u00e9pendantes entour\u00e9es de criques et de plages cach\u00e9es. R\u00e9servez d\u00e8s aujourd'hui !","robots":{"index":"index","follow":"follow","max-snippet":"max-snippet:-1","max-image-preview":"max-image-preview:large","max-video-preview":"max-video-preview:-1"},"canonical":"https:\/\/parknasillaresort.com\/fr\/","og_locale":"fr_FR","og_type":"article","og_title":"Parknasilla Resort & Spa | Luxury Hotels In Kerry | Book Today!","og_description":"Enjoy a relaxing stay in Kerry at Parknasilla Resort & Spa Hotel that offers luxury rooms & self-catering houses surrounded by inlets & hidden beaches. Book Today!","og_url":"https:\/\/parknasillaresort.com\/fr\/","og_site_name":"Parknasilla Resort &amp; Spa","article_modified_time":"2026-04-10T13:29:54+00:00","twitter_card":"summary_large_image","twitter_misc":{"Dur\u00e9e de lecture estim\u00e9e":"12 minutes"},"schema":{"@context":"https:\/\/schema.org","@graph":[{"@type":"WebPage","@id":"https:\/\/parknasillaresort.com\/","url":"https:\/\/parknasillaresort.com\/","name":"Parknasilla Resort &amp; Spa | H\u00f4tels de luxe \u00e0 Kerry | R\u00e9servez d\u00e8s aujourd'hui !","isPartOf":{"@id":"https:\/\/parknasillaresort.com\/#website"},"datePublished":"2021-01-19T17:58:08+00:00","dateModified":"2026-04-10T13:29:54+00:00","description":"Profitez d'un s\u00e9jour relaxant \u00e0 Kerry \u00e0 l'h\u00f4tel Parknasilla Resort &amp; Spa qui propose des chambres de luxe et des maisons ind\u00e9pendantes entour\u00e9es de criques et de plages cach\u00e9es. R\u00e9servez d\u00e8s aujourd'hui !","breadcrumb":{"@id":"https:\/\/parknasillaresort.com\/#breadcrumb"},"inLanguage":"fr-FR","potentialAction":[{"@type":"ReadAction","target":["https:\/\/parknasillaresort.com\/"]}]},{"@type":"BreadcrumbList","@id":"https:\/\/parknasillaresort.com\/#breadcrumb","itemListElement":[{"@type":"ListItem","position":1,"name":"Home","item":"https:\/\/parknasillaresort.com\/"},{"@type":"ListItem","position":2,"name":"Parknasilla"}]},{"@type":"WebSite","@id":"https:\/\/parknasillaresort.com\/#website","url":"https:\/\/parknasillaresort.com\/","name":"Parknasilla Resort &amp; Spa","description":"Truly in a world of its own.","potentialAction":[{"@type":"SearchAction","target":{"@type":"EntryPoint","urlTemplate":"https:\/\/parknasillaresort.com\/?s={search_term_string}"},"query-input":{"@type":"PropertyValueSpecification","valueRequired":true,"valueName":"search_term_string"}}],"inLanguage":"fr-FR"}]}},"_links":{"self":[{"href":"https:\/\/parknasillaresort.com\/fr\/wp-json\/wp\/v2\/pages\/2","targetHints":{"allow":["GET"]}}],"collection":[{"href":"https:\/\/parknasillaresort.com\/fr\/wp-json\/wp\/v2\/pages"}],"about":[{"href":"https:\/\/parknasillaresort.com\/fr\/wp-json\/wp\/v2\/types\/page"}],"author":[{"embeddable":true,"href":"https:\/\/parknasillaresort.com\/fr\/wp-json\/wp\/v2\/users\/8"}],"replies":[{"embeddable":true,"href":"https:\/\/parknasillaresort.com\/fr\/wp-json\/wp\/v2\/comments?post=2"}],"version-history":[{"count":0,"href":"https:\/\/parknasillaresort.com\/fr\/wp-json\/wp\/v2\/pages\/2\/revisions"}],"wp:attachment":[{"href":"https:\/\/parknasillaresort.com\/fr\/wp-json\/wp\/v2\/media?parent=2"}],"curies":[{"name":"wp","href":"https:\/\/api.w.org\/{rel}","templated":true}]}}