{"id":1234,"date":"2021-06-08T14:11:51","date_gmt":"2021-06-08T14:11:51","guid":{"rendered":"https:\/\/parknasillaresort.com\/?page_id=1234"},"modified":"2025-11-24T22:49:39","modified_gmt":"2025-11-24T22:49:39","slug":"christmas-packages","status":"publish","type":"page","link":"https:\/\/parknasillaresort.com\/fr\/christmas-packages\/","title":{"rendered":"No\u00ebl"},"content":{"rendered":"","protected":false},"excerpt":{"rendered":"","protected":false},"author":3,"featured_media":0,"parent":0,"menu_order":0,"comment_status":"closed","ping_status":"closed","template":"","meta":{"_acf_changed":false,"footnotes":""},"class_list":["post-1234","page","type-page","status-publish","hentry"],"acf":[],"yoast_head":"<!-- This site is optimized with the Yoast SEO plugin v27.3 - https:\/\/yoast.com\/product\/yoast-seo-wordpress\/ -->\n<title>Christmas Hotel Break | Luxury Hotels In Kerry | Parknasilla Resort<\/title>\n<meta name=\"description\" content=\"Check out our Christmas Break offers available at Parknasilla Resort &amp; Spa in Kerry which includes dinner and breakfast. Book now!\" \/>\n<meta name=\"robots\" content=\"index, follow, max-snippet:-1, max-image-preview:large, max-video-preview:-1\" \/>\n<link rel=\"canonical\" href=\"https:\/\/parknasillaresort.com\/fr\/christmas-packages\/\" \/>\n<meta property=\"og:locale\" content=\"fr_FR\" \/>\n<meta property=\"og:type\" content=\"article\" \/>\n<meta property=\"og:title\" content=\"Christmas Hotel Break | Luxury Hotels In Kerry | Parknasilla Resort\" \/>\n<meta property=\"og:description\" content=\"Check out our Christmas Break offers available at Parknasilla Resort &amp; Spa in Kerry which includes dinner and breakfast. Book now!\" \/>\n<meta property=\"og:url\" content=\"https:\/\/parknasillaresort.com\/fr\/christmas-packages\/\" \/>\n<meta property=\"og:site_name\" content=\"Parknasilla Resort &amp; Spa\" \/>\n<meta property=\"article:modified_time\" content=\"2025-11-24T22:49:39+00:00\" \/>\n<meta name=\"twitter:card\" content=\"summary_large_image\" \/>\n<script type=\"application\/ld+json\" class=\"yoast-schema-graph\">{\"@context\":\"https:\\\/\\\/schema.org\",\"@graph\":[{\"@type\":\"WebPage\",\"@id\":\"https:\\\/\\\/parknasillaresort.com\\\/christmas-packages\\\/\",\"url\":\"https:\\\/\\\/parknasillaresort.com\\\/christmas-packages\\\/\",\"name\":\"Christmas Hotel Break | Luxury Hotels In Kerry | Parknasilla Resort\",\"isPartOf\":{\"@id\":\"https:\\\/\\\/parknasillaresort.com\\\/#website\"},\"datePublished\":\"2021-06-08T14:11:51+00:00\",\"dateModified\":\"2025-11-24T22:49:39+00:00\",\"description\":\"Check out our Christmas Break offers available at Parknasilla Resort & Spa in Kerry which includes dinner and breakfast. Book now!\",\"breadcrumb\":{\"@id\":\"https:\\\/\\\/parknasillaresort.com\\\/christmas-packages\\\/#breadcrumb\"},\"inLanguage\":\"fr-FR\",\"potentialAction\":[{\"@type\":\"ReadAction\",\"target\":[\"https:\\\/\\\/parknasillaresort.com\\\/christmas-packages\\\/\"]}]},{\"@type\":\"BreadcrumbList\",\"@id\":\"https:\\\/\\\/parknasillaresort.com\\\/christmas-packages\\\/#breadcrumb\",\"itemListElement\":[{\"@type\":\"ListItem\",\"position\":1,\"name\":\"Home\",\"item\":\"https:\\\/\\\/parknasillaresort.com\\\/\"},{\"@type\":\"ListItem\",\"position\":2,\"name\":\"Christmas\"}]},{\"@type\":\"WebSite\",\"@id\":\"https:\\\/\\\/parknasillaresort.com\\\/#website\",\"url\":\"https:\\\/\\\/parknasillaresort.com\\\/\",\"name\":\"Parknasilla Resort &amp; Spa\",\"description\":\"Truly in a world of its own.\",\"potentialAction\":[{\"@type\":\"SearchAction\",\"target\":{\"@type\":\"EntryPoint\",\"urlTemplate\":\"https:\\\/\\\/parknasillaresort.com\\\/?s={search_term_string}\"},\"query-input\":{\"@type\":\"PropertyValueSpecification\",\"valueRequired\":true,\"valueName\":\"search_term_string\"}}],\"inLanguage\":\"fr-FR\"}]}<\/script>\n<!-- \/ Yoast SEO plugin. -->","yoast_head_json":{"title":"S\u00e9jour \u00e0 l'h\u00f4tel \u00e0 No\u00ebl | H\u00f4tels de luxe \u00e0 Kerry | Parknasilla Resort","description":"Check out our Christmas Break offers available at Parknasilla Resort & Spa in Kerry which includes dinner and breakfast. Book now!","robots":{"index":"index","follow":"follow","max-snippet":"max-snippet:-1","max-image-preview":"max-image-preview:large","max-video-preview":"max-video-preview:-1"},"canonical":"https:\/\/parknasillaresort.com\/fr\/christmas-packages\/","og_locale":"fr_FR","og_type":"article","og_title":"Christmas Hotel Break | Luxury Hotels In Kerry | Parknasilla Resort","og_description":"Check out our Christmas Break offers available at Parknasilla Resort & Spa in Kerry which includes dinner and breakfast. Book now!","og_url":"https:\/\/parknasillaresort.com\/fr\/christmas-packages\/","og_site_name":"Parknasilla Resort &amp; Spa","article_modified_time":"2025-11-24T22:49:39+00:00","twitter_card":"summary_large_image","schema":{"@context":"https:\/\/schema.org","@graph":[{"@type":"WebPage","@id":"https:\/\/parknasillaresort.com\/christmas-packages\/","url":"https:\/\/parknasillaresort.com\/christmas-packages\/","name":"S\u00e9jour \u00e0 l'h\u00f4tel \u00e0 No\u00ebl | H\u00f4tels de luxe \u00e0 Kerry | Parknasilla Resort","isPartOf":{"@id":"https:\/\/parknasillaresort.com\/#website"},"datePublished":"2021-06-08T14:11:51+00:00","dateModified":"2025-11-24T22:49:39+00:00","description":"Check out our Christmas Break offers available at Parknasilla Resort & Spa in Kerry which includes dinner and breakfast. Book now!","breadcrumb":{"@id":"https:\/\/parknasillaresort.com\/christmas-packages\/#breadcrumb"},"inLanguage":"fr-FR","potentialAction":[{"@type":"ReadAction","target":["https:\/\/parknasillaresort.com\/christmas-packages\/"]}]},{"@type":"BreadcrumbList","@id":"https:\/\/parknasillaresort.com\/christmas-packages\/#breadcrumb","itemListElement":[{"@type":"ListItem","position":1,"name":"Home","item":"https:\/\/parknasillaresort.com\/"},{"@type":"ListItem","position":2,"name":"Christmas"}]},{"@type":"WebSite","@id":"https:\/\/parknasillaresort.com\/#website","url":"https:\/\/parknasillaresort.com\/","name":"Parknasilla Resort &amp; Spa","description":"Truly in a world of its own.","potentialAction":[{"@type":"SearchAction","target":{"@type":"EntryPoint","urlTemplate":"https:\/\/parknasillaresort.com\/?s={search_term_string}"},"query-input":{"@type":"PropertyValueSpecification","valueRequired":true,"valueName":"search_term_string"}}],"inLanguage":"fr-FR"}]}},"_links":{"self":[{"href":"https:\/\/parknasillaresort.com\/fr\/wp-json\/wp\/v2\/pages\/1234","targetHints":{"allow":["GET"]}}],"collection":[{"href":"https:\/\/parknasillaresort.com\/fr\/wp-json\/wp\/v2\/pages"}],"about":[{"href":"https:\/\/parknasillaresort.com\/fr\/wp-json\/wp\/v2\/types\/page"}],"author":[{"embeddable":true,"href":"https:\/\/parknasillaresort.com\/fr\/wp-json\/wp\/v2\/users\/3"}],"replies":[{"embeddable":true,"href":"https:\/\/parknasillaresort.com\/fr\/wp-json\/wp\/v2\/comments?post=1234"}],"version-history":[{"count":0,"href":"https:\/\/parknasillaresort.com\/fr\/wp-json\/wp\/v2\/pages\/1234\/revisions"}],"wp:attachment":[{"href":"https:\/\/parknasillaresort.com\/fr\/wp-json\/wp\/v2\/media?parent=1234"}],"curies":[{"name":"wp","href":"https:\/\/api.w.org\/{rel}","templated":true}]}}