{"id":1144,"date":"2021-04-08T17:06:44","date_gmt":"2021-04-08T17:06:44","guid":{"rendered":"http:\/\/parknasillaresort.com\/?page_id=1144"},"modified":"2021-10-14T17:38:06","modified_gmt":"2021-10-14T17:38:06","slug":"family-celebrations-enquiry","status":"publish","type":"page","link":"https:\/\/parknasillaresort.com\/fr\/host-your-wedding\/family-celebrations-enquiry\/","title":{"rendered":"Demande de renseignements sur les c\u00e9l\u00e9brations familiales"},"content":{"rendered":"","protected":false},"excerpt":{"rendered":"","protected":false},"author":3,"featured_media":0,"parent":811,"menu_order":0,"comment_status":"closed","ping_status":"closed","template":"","meta":{"_acf_changed":false,"footnotes":""},"class_list":["post-1144","page","type-page","status-publish","hentry"],"acf":[],"yoast_head":"<!-- This site is optimized with the Yoast SEO plugin v27.4 - https:\/\/yoast.com\/product\/yoast-seo-wordpress\/ -->\n<title>Family Celebrations Enquiry | Family Events | Parknasilla Hotel &amp; Spa<\/title>\n<meta name=\"description\" content=\"Get in contact with our Events Team today at Parknasilla Hotel in Kerry with any questions about our events venue. Fill in our contact us form here.\" \/>\n<meta name=\"robots\" content=\"index, follow, max-snippet:-1, max-image-preview:large, max-video-preview:-1\" \/>\n<link rel=\"canonical\" href=\"https:\/\/parknasillaresort.com\/fr\/host-your-wedding\/family-celebrations-enquiry\/\" \/>\n<meta property=\"og:locale\" content=\"fr_FR\" \/>\n<meta property=\"og:type\" content=\"article\" \/>\n<meta property=\"og:title\" content=\"Family Celebrations Enquiry | Family Events | Parknasilla Hotel &amp; Spa\" \/>\n<meta property=\"og:description\" content=\"Get in contact with our Events Team today at Parknasilla Hotel in Kerry with any questions about our events venue. Fill in our contact us form here.\" \/>\n<meta property=\"og:url\" content=\"https:\/\/parknasillaresort.com\/fr\/host-your-wedding\/family-celebrations-enquiry\/\" \/>\n<meta property=\"og:site_name\" content=\"Parknasilla Resort &amp; Spa\" \/>\n<meta property=\"article:modified_time\" content=\"2021-10-14T17:38:06+00:00\" \/>\n<meta name=\"twitter:card\" content=\"summary_large_image\" \/>\n<script type=\"application\/ld+json\" class=\"yoast-schema-graph\">{\"@context\":\"https:\\\/\\\/schema.org\",\"@graph\":[{\"@type\":\"WebPage\",\"@id\":\"https:\\\/\\\/parknasillaresort.com\\\/host-your-wedding\\\/family-celebrations-enquiry\\\/\",\"url\":\"https:\\\/\\\/parknasillaresort.com\\\/host-your-wedding\\\/family-celebrations-enquiry\\\/\",\"name\":\"Family Celebrations Enquiry | Family Events | Parknasilla Hotel & Spa\",\"isPartOf\":{\"@id\":\"https:\\\/\\\/parknasillaresort.com\\\/#website\"},\"datePublished\":\"2021-04-08T17:06:44+00:00\",\"dateModified\":\"2021-10-14T17:38:06+00:00\",\"description\":\"Get in contact with our Events Team today at Parknasilla Hotel in Kerry with any questions about our events venue. Fill in our contact us form here.\",\"breadcrumb\":{\"@id\":\"https:\\\/\\\/parknasillaresort.com\\\/host-your-wedding\\\/family-celebrations-enquiry\\\/#breadcrumb\"},\"inLanguage\":\"fr-FR\",\"potentialAction\":[{\"@type\":\"ReadAction\",\"target\":[\"https:\\\/\\\/parknasillaresort.com\\\/host-your-wedding\\\/family-celebrations-enquiry\\\/\"]}]},{\"@type\":\"BreadcrumbList\",\"@id\":\"https:\\\/\\\/parknasillaresort.com\\\/host-your-wedding\\\/family-celebrations-enquiry\\\/#breadcrumb\",\"itemListElement\":[{\"@type\":\"ListItem\",\"position\":1,\"name\":\"Home\",\"item\":\"https:\\\/\\\/parknasillaresort.com\\\/\"},{\"@type\":\"ListItem\",\"position\":2,\"name\":\"Host Your Wedding\",\"item\":\"https:\\\/\\\/parknasillaresort.com\\\/host-your-wedding\\\/\"},{\"@type\":\"ListItem\",\"position\":3,\"name\":\"Family Celebrations Enquiry\"}]},{\"@type\":\"WebSite\",\"@id\":\"https:\\\/\\\/parknasillaresort.com\\\/#website\",\"url\":\"https:\\\/\\\/parknasillaresort.com\\\/\",\"name\":\"Parknasilla Resort &amp; Spa\",\"description\":\"Truly in a world of its own.\",\"potentialAction\":[{\"@type\":\"SearchAction\",\"target\":{\"@type\":\"EntryPoint\",\"urlTemplate\":\"https:\\\/\\\/parknasillaresort.com\\\/?s={search_term_string}\"},\"query-input\":{\"@type\":\"PropertyValueSpecification\",\"valueRequired\":true,\"valueName\":\"search_term_string\"}}],\"inLanguage\":\"fr-FR\"}]}<\/script>\n<!-- \/ Yoast SEO plugin. -->","yoast_head_json":{"title":"Demande de renseignements sur les c\u00e9l\u00e9brations familiales | \u00c9v\u00e9nements familiaux | Parknasilla Hotel &amp; Spa","description":"Contactez d\u00e8s aujourd'hui notre \u00e9quipe charg\u00e9e des \u00e9v\u00e9nements \u00e0 l'h\u00f4tel Parknasilla de Kerry pour toute question concernant notre lieu d'accueil. Remplissez notre formulaire de contact ici.","robots":{"index":"index","follow":"follow","max-snippet":"max-snippet:-1","max-image-preview":"max-image-preview:large","max-video-preview":"max-video-preview:-1"},"canonical":"https:\/\/parknasillaresort.com\/fr\/host-your-wedding\/family-celebrations-enquiry\/","og_locale":"fr_FR","og_type":"article","og_title":"Family Celebrations Enquiry | Family Events | Parknasilla Hotel & Spa","og_description":"Get in contact with our Events Team today at Parknasilla Hotel in Kerry with any questions about our events venue. Fill in our contact us form here.","og_url":"https:\/\/parknasillaresort.com\/fr\/host-your-wedding\/family-celebrations-enquiry\/","og_site_name":"Parknasilla Resort &amp; Spa","article_modified_time":"2021-10-14T17:38:06+00:00","twitter_card":"summary_large_image","schema":{"@context":"https:\/\/schema.org","@graph":[{"@type":"WebPage","@id":"https:\/\/parknasillaresort.com\/host-your-wedding\/family-celebrations-enquiry\/","url":"https:\/\/parknasillaresort.com\/host-your-wedding\/family-celebrations-enquiry\/","name":"Demande de renseignements sur les c\u00e9l\u00e9brations familiales | \u00c9v\u00e9nements familiaux | Parknasilla Hotel &amp; Spa","isPartOf":{"@id":"https:\/\/parknasillaresort.com\/#website"},"datePublished":"2021-04-08T17:06:44+00:00","dateModified":"2021-10-14T17:38:06+00:00","description":"Contactez d\u00e8s aujourd'hui notre \u00e9quipe charg\u00e9e des \u00e9v\u00e9nements \u00e0 l'h\u00f4tel Parknasilla de Kerry pour toute question concernant notre lieu d'accueil. Remplissez notre formulaire de contact ici.","breadcrumb":{"@id":"https:\/\/parknasillaresort.com\/host-your-wedding\/family-celebrations-enquiry\/#breadcrumb"},"inLanguage":"fr-FR","potentialAction":[{"@type":"ReadAction","target":["https:\/\/parknasillaresort.com\/host-your-wedding\/family-celebrations-enquiry\/"]}]},{"@type":"BreadcrumbList","@id":"https:\/\/parknasillaresort.com\/host-your-wedding\/family-celebrations-enquiry\/#breadcrumb","itemListElement":[{"@type":"ListItem","position":1,"name":"Home","item":"https:\/\/parknasillaresort.com\/"},{"@type":"ListItem","position":2,"name":"Host Your Wedding","item":"https:\/\/parknasillaresort.com\/host-your-wedding\/"},{"@type":"ListItem","position":3,"name":"Family Celebrations Enquiry"}]},{"@type":"WebSite","@id":"https:\/\/parknasillaresort.com\/#website","url":"https:\/\/parknasillaresort.com\/","name":"Parknasilla Resort &amp; Spa","description":"Truly in a world of its own.","potentialAction":[{"@type":"SearchAction","target":{"@type":"EntryPoint","urlTemplate":"https:\/\/parknasillaresort.com\/?s={search_term_string}"},"query-input":{"@type":"PropertyValueSpecification","valueRequired":true,"valueName":"search_term_string"}}],"inLanguage":"fr-FR"}]}},"_links":{"self":[{"href":"https:\/\/parknasillaresort.com\/fr\/wp-json\/wp\/v2\/pages\/1144","targetHints":{"allow":["GET"]}}],"collection":[{"href":"https:\/\/parknasillaresort.com\/fr\/wp-json\/wp\/v2\/pages"}],"about":[{"href":"https:\/\/parknasillaresort.com\/fr\/wp-json\/wp\/v2\/types\/page"}],"author":[{"embeddable":true,"href":"https:\/\/parknasillaresort.com\/fr\/wp-json\/wp\/v2\/users\/3"}],"replies":[{"embeddable":true,"href":"https:\/\/parknasillaresort.com\/fr\/wp-json\/wp\/v2\/comments?post=1144"}],"version-history":[{"count":0,"href":"https:\/\/parknasillaresort.com\/fr\/wp-json\/wp\/v2\/pages\/1144\/revisions"}],"up":[{"embeddable":true,"href":"https:\/\/parknasillaresort.com\/fr\/wp-json\/wp\/v2\/pages\/811"}],"wp:attachment":[{"href":"https:\/\/parknasillaresort.com\/fr\/wp-json\/wp\/v2\/media?parent=1144"}],"curies":[{"name":"wp","href":"https:\/\/api.w.org\/{rel}","templated":true}]}}