{"id":822,"date":"2021-03-22T22:27:59","date_gmt":"2021-03-22T22:27:59","guid":{"rendered":"http:\/\/parknasilla.local\/?page_id=822"},"modified":"2024-03-15T14:11:39","modified_gmt":"2024-03-15T14:11:39","slug":"group-events","status":"publish","type":"page","link":"https:\/\/parknasillaresort.com\/es-es\/group-events\/","title":{"rendered":"Eventos de grupo"},"content":{"rendered":"","protected":false},"excerpt":{"rendered":"","protected":false},"author":3,"featured_media":0,"parent":0,"menu_order":0,"comment_status":"closed","ping_status":"closed","template":"","meta":{"_acf_changed":false,"footnotes":""},"class_list":["post-822","page","type-page","status-publish","hentry"],"acf":[],"yoast_head":"<!-- This site is optimized with the Yoast SEO plugin v27.3 - https:\/\/yoast.com\/product\/yoast-seo-wordpress\/ -->\n<title>Group Events | Private Venue Hire Kerry | Parknasilla Resort Hotel<\/title>\n<meta name=\"description\" content=\"Book Parknasilla Hotel for your next private event whether it is for a meeting, private luncheons, celebrations, or team building we can accommodate all your needs.\" \/>\n<meta name=\"robots\" content=\"index, follow, max-snippet:-1, max-image-preview:large, max-video-preview:-1\" \/>\n<link rel=\"canonical\" href=\"https:\/\/parknasillaresort.com\/es-es\/group-events\/\" \/>\n<meta property=\"og:locale\" content=\"es_ES\" \/>\n<meta property=\"og:type\" content=\"article\" \/>\n<meta property=\"og:title\" content=\"Group Events | Private Venue Hire Kerry | Parknasilla Resort Hotel\" \/>\n<meta property=\"og:description\" content=\"Book Parknasilla Hotel for your next private event whether it is for a meeting, private luncheons, celebrations, or team building we can accommodate all your needs.\" \/>\n<meta property=\"og:url\" content=\"https:\/\/parknasillaresort.com\/es-es\/group-events\/\" \/>\n<meta property=\"og:site_name\" content=\"Parknasilla Resort &amp; Spa\" \/>\n<meta property=\"article:modified_time\" content=\"2024-03-15T14:11:39+00:00\" \/>\n<meta name=\"twitter:card\" content=\"summary_large_image\" \/>\n<script type=\"application\/ld+json\" class=\"yoast-schema-graph\">{\"@context\":\"https:\\\/\\\/schema.org\",\"@graph\":[{\"@type\":\"WebPage\",\"@id\":\"https:\\\/\\\/parknasillaresort.com\\\/group-events\\\/\",\"url\":\"https:\\\/\\\/parknasillaresort.com\\\/group-events\\\/\",\"name\":\"Group Events | Private Venue Hire Kerry | Parknasilla Resort Hotel\",\"isPartOf\":{\"@id\":\"https:\\\/\\\/parknasillaresort.com\\\/#website\"},\"datePublished\":\"2021-03-22T22:27:59+00:00\",\"dateModified\":\"2024-03-15T14:11:39+00:00\",\"description\":\"Book Parknasilla Hotel for your next private event whether it is for a meeting, private luncheons, celebrations, or team building we can accommodate all your needs.\",\"breadcrumb\":{\"@id\":\"https:\\\/\\\/parknasillaresort.com\\\/group-events\\\/#breadcrumb\"},\"inLanguage\":\"es\",\"potentialAction\":[{\"@type\":\"ReadAction\",\"target\":[\"https:\\\/\\\/parknasillaresort.com\\\/group-events\\\/\"]}]},{\"@type\":\"BreadcrumbList\",\"@id\":\"https:\\\/\\\/parknasillaresort.com\\\/group-events\\\/#breadcrumb\",\"itemListElement\":[{\"@type\":\"ListItem\",\"position\":1,\"name\":\"Home\",\"item\":\"https:\\\/\\\/parknasillaresort.com\\\/\"},{\"@type\":\"ListItem\",\"position\":2,\"name\":\"Group Events\"}]},{\"@type\":\"WebSite\",\"@id\":\"https:\\\/\\\/parknasillaresort.com\\\/#website\",\"url\":\"https:\\\/\\\/parknasillaresort.com\\\/\",\"name\":\"Parknasilla Resort &amp; Spa\",\"description\":\"Truly in a world of its own.\",\"potentialAction\":[{\"@type\":\"SearchAction\",\"target\":{\"@type\":\"EntryPoint\",\"urlTemplate\":\"https:\\\/\\\/parknasillaresort.com\\\/?s={search_term_string}\"},\"query-input\":{\"@type\":\"PropertyValueSpecification\",\"valueRequired\":true,\"valueName\":\"search_term_string\"}}],\"inLanguage\":\"es\"}]}<\/script>\n<!-- \/ Yoast SEO plugin. -->","yoast_head_json":{"title":"Eventos de grupo | Alquiler de espacios privados Kerry | Parknasilla Resort Hotel","description":"Reserve el Hotel Parknasilla para su pr\u00f3ximo evento privado, ya sea para una reuni\u00f3n, almuerzos privados, celebraciones o formaci\u00f3n de equipos, podemos satisfacer todas sus necesidades.","robots":{"index":"index","follow":"follow","max-snippet":"max-snippet:-1","max-image-preview":"max-image-preview:large","max-video-preview":"max-video-preview:-1"},"canonical":"https:\/\/parknasillaresort.com\/es-es\/group-events\/","og_locale":"es_ES","og_type":"article","og_title":"Group Events | Private Venue Hire Kerry | Parknasilla Resort Hotel","og_description":"Book Parknasilla Hotel for your next private event whether it is for a meeting, private luncheons, celebrations, or team building we can accommodate all your needs.","og_url":"https:\/\/parknasillaresort.com\/es-es\/group-events\/","og_site_name":"Parknasilla Resort &amp; Spa","article_modified_time":"2024-03-15T14:11:39+00:00","twitter_card":"summary_large_image","schema":{"@context":"https:\/\/schema.org","@graph":[{"@type":"WebPage","@id":"https:\/\/parknasillaresort.com\/group-events\/","url":"https:\/\/parknasillaresort.com\/group-events\/","name":"Eventos de grupo | Alquiler de espacios privados Kerry | Parknasilla Resort Hotel","isPartOf":{"@id":"https:\/\/parknasillaresort.com\/#website"},"datePublished":"2021-03-22T22:27:59+00:00","dateModified":"2024-03-15T14:11:39+00:00","description":"Reserve el Hotel Parknasilla para su pr\u00f3ximo evento privado, ya sea para una reuni\u00f3n, almuerzos privados, celebraciones o formaci\u00f3n de equipos, podemos satisfacer todas sus necesidades.","breadcrumb":{"@id":"https:\/\/parknasillaresort.com\/group-events\/#breadcrumb"},"inLanguage":"es","potentialAction":[{"@type":"ReadAction","target":["https:\/\/parknasillaresort.com\/group-events\/"]}]},{"@type":"BreadcrumbList","@id":"https:\/\/parknasillaresort.com\/group-events\/#breadcrumb","itemListElement":[{"@type":"ListItem","position":1,"name":"Home","item":"https:\/\/parknasillaresort.com\/"},{"@type":"ListItem","position":2,"name":"Group Events"}]},{"@type":"WebSite","@id":"https:\/\/parknasillaresort.com\/#website","url":"https:\/\/parknasillaresort.com\/","name":"Parknasilla Resort &amp; Spa","description":"Realmente en un mundo propio.","potentialAction":[{"@type":"SearchAction","target":{"@type":"EntryPoint","urlTemplate":"https:\/\/parknasillaresort.com\/?s={search_term_string}"},"query-input":{"@type":"PropertyValueSpecification","valueRequired":true,"valueName":"search_term_string"}}],"inLanguage":"es"}]}},"_links":{"self":[{"href":"https:\/\/parknasillaresort.com\/es-es\/wp-json\/wp\/v2\/pages\/822","targetHints":{"allow":["GET"]}}],"collection":[{"href":"https:\/\/parknasillaresort.com\/es-es\/wp-json\/wp\/v2\/pages"}],"about":[{"href":"https:\/\/parknasillaresort.com\/es-es\/wp-json\/wp\/v2\/types\/page"}],"author":[{"embeddable":true,"href":"https:\/\/parknasillaresort.com\/es-es\/wp-json\/wp\/v2\/users\/3"}],"replies":[{"embeddable":true,"href":"https:\/\/parknasillaresort.com\/es-es\/wp-json\/wp\/v2\/comments?post=822"}],"version-history":[{"count":0,"href":"https:\/\/parknasillaresort.com\/es-es\/wp-json\/wp\/v2\/pages\/822\/revisions"}],"wp:attachment":[{"href":"https:\/\/parknasillaresort.com\/es-es\/wp-json\/wp\/v2\/media?parent=822"}],"curies":[{"name":"wp","href":"https:\/\/api.w.org\/{rel}","templated":true}]}}