{"id":777,"date":"2021-03-21T16:35:14","date_gmt":"2021-03-21T16:35:14","guid":{"rendered":"http:\/\/parknasilla.local\/?page_id=777"},"modified":"2025-05-27T13:45:42","modified_gmt":"2025-05-27T13:45:42","slug":"dog-friendly-holidays","status":"publish","type":"page","link":"https:\/\/parknasillaresort.com\/es-es\/our-story\/dog-friendly-holidays\/","title":{"rendered":"Vacaciones que admiten perros"},"content":{"rendered":"","protected":false},"excerpt":{"rendered":"","protected":false},"author":3,"featured_media":0,"parent":14,"menu_order":0,"comment_status":"closed","ping_status":"closed","template":"","meta":{"_acf_changed":false,"footnotes":""},"class_list":["post-777","page","type-page","status-publish","hentry"],"acf":[],"yoast_head":"<!-- This site is optimized with the Yoast SEO plugin v27.4 - https:\/\/yoast.com\/product\/yoast-seo-wordpress\/ -->\n<title>Dog Friendly Holiday | Pet Friendly Hotel Kerry | Parknasilla Hotel<\/title>\n<meta name=\"description\" content=\"Why not bring your dog on your hotel break to Kerry with our onsite Willow Boarding Kennels that are secure your dog for the duration of your stay. Find out more here\" \/>\n<meta name=\"robots\" content=\"index, follow, max-snippet:-1, max-image-preview:large, max-video-preview:-1\" \/>\n<link rel=\"canonical\" href=\"https:\/\/parknasillaresort.com\/es-es\/our-story\/dog-friendly-holidays\/\" \/>\n<meta property=\"og:locale\" content=\"es_ES\" \/>\n<meta property=\"og:type\" content=\"article\" \/>\n<meta property=\"og:title\" content=\"Dog Friendly Holiday | Pet Friendly Hotel Kerry | Parknasilla Hotel\" \/>\n<meta property=\"og:description\" content=\"Why not bring your dog on your hotel break to Kerry with our onsite Willow Boarding Kennels that are secure your dog for the duration of your stay. Find out more here\" \/>\n<meta property=\"og:url\" content=\"https:\/\/parknasillaresort.com\/es-es\/our-story\/dog-friendly-holidays\/\" \/>\n<meta property=\"og:site_name\" content=\"Parknasilla Resort &amp; Spa\" \/>\n<meta property=\"article:modified_time\" content=\"2025-05-27T13:45:42+00:00\" \/>\n<meta name=\"twitter:card\" content=\"summary_large_image\" \/>\n<script type=\"application\/ld+json\" class=\"yoast-schema-graph\">{\"@context\":\"https:\\\/\\\/schema.org\",\"@graph\":[{\"@type\":\"WebPage\",\"@id\":\"https:\\\/\\\/parknasillaresort.com\\\/our-story\\\/dog-friendly-holidays\\\/\",\"url\":\"https:\\\/\\\/parknasillaresort.com\\\/our-story\\\/dog-friendly-holidays\\\/\",\"name\":\"Dog Friendly Holiday | Pet Friendly Hotel Kerry | Parknasilla Hotel\",\"isPartOf\":{\"@id\":\"https:\\\/\\\/parknasillaresort.com\\\/#website\"},\"datePublished\":\"2021-03-21T16:35:14+00:00\",\"dateModified\":\"2025-05-27T13:45:42+00:00\",\"description\":\"Why not bring your dog on your hotel break to Kerry with our onsite Willow Boarding Kennels that are secure your dog for the duration of your stay. Find out more here\",\"breadcrumb\":{\"@id\":\"https:\\\/\\\/parknasillaresort.com\\\/our-story\\\/dog-friendly-holidays\\\/#breadcrumb\"},\"inLanguage\":\"es\",\"potentialAction\":[{\"@type\":\"ReadAction\",\"target\":[\"https:\\\/\\\/parknasillaresort.com\\\/our-story\\\/dog-friendly-holidays\\\/\"]}]},{\"@type\":\"BreadcrumbList\",\"@id\":\"https:\\\/\\\/parknasillaresort.com\\\/our-story\\\/dog-friendly-holidays\\\/#breadcrumb\",\"itemListElement\":[{\"@type\":\"ListItem\",\"position\":1,\"name\":\"Home\",\"item\":\"https:\\\/\\\/parknasillaresort.com\\\/\"},{\"@type\":\"ListItem\",\"position\":2,\"name\":\"Our Story\",\"item\":\"https:\\\/\\\/parknasillaresort.com\\\/our-story\\\/\"},{\"@type\":\"ListItem\",\"position\":3,\"name\":\"Dog Friendly Holidays\"}]},{\"@type\":\"WebSite\",\"@id\":\"https:\\\/\\\/parknasillaresort.com\\\/#website\",\"url\":\"https:\\\/\\\/parknasillaresort.com\\\/\",\"name\":\"Parknasilla Resort &amp; Spa\",\"description\":\"Truly in a world of its own.\",\"potentialAction\":[{\"@type\":\"SearchAction\",\"target\":{\"@type\":\"EntryPoint\",\"urlTemplate\":\"https:\\\/\\\/parknasillaresort.com\\\/?s={search_term_string}\"},\"query-input\":{\"@type\":\"PropertyValueSpecification\",\"valueRequired\":true,\"valueName\":\"search_term_string\"}}],\"inLanguage\":\"es\"}]}<\/script>\n<!-- \/ Yoast SEO plugin. -->","yoast_head_json":{"title":"Vacaciones que admiten perros | Hotel que admite mascotas en Kerry | Hotel Parknasilla","description":"Por qu\u00e9 no llevar a su perro en su escapada de hotel a Kerry con nuestra perrera Willow Boarding Kennels, que asegura a su perro durante su estancia. M\u00e1s informaci\u00f3n aqu\u00ed","robots":{"index":"index","follow":"follow","max-snippet":"max-snippet:-1","max-image-preview":"max-image-preview:large","max-video-preview":"max-video-preview:-1"},"canonical":"https:\/\/parknasillaresort.com\/es-es\/our-story\/dog-friendly-holidays\/","og_locale":"es_ES","og_type":"article","og_title":"Dog Friendly Holiday | Pet Friendly Hotel Kerry | Parknasilla Hotel","og_description":"Why not bring your dog on your hotel break to Kerry with our onsite Willow Boarding Kennels that are secure your dog for the duration of your stay. Find out more here","og_url":"https:\/\/parknasillaresort.com\/es-es\/our-story\/dog-friendly-holidays\/","og_site_name":"Parknasilla Resort &amp; Spa","article_modified_time":"2025-05-27T13:45:42+00:00","twitter_card":"summary_large_image","schema":{"@context":"https:\/\/schema.org","@graph":[{"@type":"WebPage","@id":"https:\/\/parknasillaresort.com\/our-story\/dog-friendly-holidays\/","url":"https:\/\/parknasillaresort.com\/our-story\/dog-friendly-holidays\/","name":"Vacaciones que admiten perros | Hotel que admite mascotas en Kerry | Hotel Parknasilla","isPartOf":{"@id":"https:\/\/parknasillaresort.com\/#website"},"datePublished":"2021-03-21T16:35:14+00:00","dateModified":"2025-05-27T13:45:42+00:00","description":"Por qu\u00e9 no llevar a su perro en su escapada de hotel a Kerry con nuestra perrera Willow Boarding Kennels, que asegura a su perro durante su estancia. M\u00e1s informaci\u00f3n aqu\u00ed","breadcrumb":{"@id":"https:\/\/parknasillaresort.com\/our-story\/dog-friendly-holidays\/#breadcrumb"},"inLanguage":"es","potentialAction":[{"@type":"ReadAction","target":["https:\/\/parknasillaresort.com\/our-story\/dog-friendly-holidays\/"]}]},{"@type":"BreadcrumbList","@id":"https:\/\/parknasillaresort.com\/our-story\/dog-friendly-holidays\/#breadcrumb","itemListElement":[{"@type":"ListItem","position":1,"name":"Home","item":"https:\/\/parknasillaresort.com\/"},{"@type":"ListItem","position":2,"name":"Our Story","item":"https:\/\/parknasillaresort.com\/our-story\/"},{"@type":"ListItem","position":3,"name":"Dog Friendly Holidays"}]},{"@type":"WebSite","@id":"https:\/\/parknasillaresort.com\/#website","url":"https:\/\/parknasillaresort.com\/","name":"Parknasilla Resort &amp; Spa","description":"Realmente en un mundo propio.","potentialAction":[{"@type":"SearchAction","target":{"@type":"EntryPoint","urlTemplate":"https:\/\/parknasillaresort.com\/?s={search_term_string}"},"query-input":{"@type":"PropertyValueSpecification","valueRequired":true,"valueName":"search_term_string"}}],"inLanguage":"es"}]}},"_links":{"self":[{"href":"https:\/\/parknasillaresort.com\/es-es\/wp-json\/wp\/v2\/pages\/777","targetHints":{"allow":["GET"]}}],"collection":[{"href":"https:\/\/parknasillaresort.com\/es-es\/wp-json\/wp\/v2\/pages"}],"about":[{"href":"https:\/\/parknasillaresort.com\/es-es\/wp-json\/wp\/v2\/types\/page"}],"author":[{"embeddable":true,"href":"https:\/\/parknasillaresort.com\/es-es\/wp-json\/wp\/v2\/users\/3"}],"replies":[{"embeddable":true,"href":"https:\/\/parknasillaresort.com\/es-es\/wp-json\/wp\/v2\/comments?post=777"}],"version-history":[{"count":0,"href":"https:\/\/parknasillaresort.com\/es-es\/wp-json\/wp\/v2\/pages\/777\/revisions"}],"up":[{"embeddable":true,"href":"https:\/\/parknasillaresort.com\/es-es\/wp-json\/wp\/v2\/pages\/14"}],"wp:attachment":[{"href":"https:\/\/parknasillaresort.com\/es-es\/wp-json\/wp\/v2\/media?parent=777"}],"curies":[{"name":"wp","href":"https:\/\/api.w.org\/{rel}","templated":true}]}}