{"id":446,"date":"2021-03-15T15:39:14","date_gmt":"2021-03-15T15:39:14","guid":{"rendered":"http:\/\/parknasilla.local\/?page_id=446"},"modified":"2024-09-10T11:24:05","modified_gmt":"2024-09-10T11:24:05","slug":"fun-golf","status":"publish","type":"page","link":"https:\/\/parknasillaresort.com\/es-es\/activities\/family-adventures\/fun-golf\/","title":{"rendered":"Golf divertido"},"content":{"rendered":"","protected":false},"excerpt":{"rendered":"","protected":false},"author":3,"featured_media":0,"parent":423,"menu_order":0,"comment_status":"closed","ping_status":"closed","template":"","meta":{"_acf_changed":false,"footnotes":""},"class_list":["post-446","page","type-page","status-publish","hentry"],"acf":[],"yoast_head":"<!-- This site is optimized with the Yoast SEO plugin v27.4 - https:\/\/yoast.com\/product\/yoast-seo-wordpress\/ -->\n<title>Fun Golf At Parknasilla | Kids Activities Kerry | Parknasilla Hotel<\/title>\n<meta name=\"description\" content=\"Why not try out a new hobby with the kids during your stay at Parknasilla Resort Hotel with a fun mini-golf at Parknasilla Golf Course. Book your round in today!\" \/>\n<meta name=\"robots\" content=\"index, follow, max-snippet:-1, max-image-preview:large, max-video-preview:-1\" \/>\n<link rel=\"canonical\" href=\"https:\/\/parknasillaresort.com\/es-es\/activities\/family-adventures\/fun-golf\/\" \/>\n<meta property=\"og:locale\" content=\"es_ES\" \/>\n<meta property=\"og:type\" content=\"article\" \/>\n<meta property=\"og:title\" content=\"Fun Golf At Parknasilla | Kids Activities Kerry | Parknasilla Hotel\" \/>\n<meta property=\"og:description\" content=\"Why not try out a new hobby with the kids during your stay at Parknasilla Resort Hotel with a fun mini-golf at Parknasilla Golf Course. Book your round in today!\" \/>\n<meta property=\"og:url\" content=\"https:\/\/parknasillaresort.com\/es-es\/activities\/family-adventures\/fun-golf\/\" \/>\n<meta property=\"og:site_name\" content=\"Parknasilla Resort &amp; Spa\" \/>\n<meta property=\"article:modified_time\" content=\"2024-09-10T11:24:05+00:00\" \/>\n<meta name=\"twitter:card\" content=\"summary_large_image\" \/>\n<script type=\"application\/ld+json\" class=\"yoast-schema-graph\">{\"@context\":\"https:\\\/\\\/schema.org\",\"@graph\":[{\"@type\":\"WebPage\",\"@id\":\"https:\\\/\\\/parknasillaresort.com\\\/activities\\\/family-adventures\\\/fun-golf\\\/\",\"url\":\"https:\\\/\\\/parknasillaresort.com\\\/activities\\\/family-adventures\\\/fun-golf\\\/\",\"name\":\"Fun Golf At Parknasilla | Kids Activities Kerry | Parknasilla Hotel\",\"isPartOf\":{\"@id\":\"https:\\\/\\\/parknasillaresort.com\\\/#website\"},\"datePublished\":\"2021-03-15T15:39:14+00:00\",\"dateModified\":\"2024-09-10T11:24:05+00:00\",\"description\":\"Why not try out a new hobby with the kids during your stay at Parknasilla Resort Hotel with a fun mini-golf at Parknasilla Golf Course. Book your round in today!\",\"breadcrumb\":{\"@id\":\"https:\\\/\\\/parknasillaresort.com\\\/activities\\\/family-adventures\\\/fun-golf\\\/#breadcrumb\"},\"inLanguage\":\"es\",\"potentialAction\":[{\"@type\":\"ReadAction\",\"target\":[\"https:\\\/\\\/parknasillaresort.com\\\/activities\\\/family-adventures\\\/fun-golf\\\/\"]}]},{\"@type\":\"BreadcrumbList\",\"@id\":\"https:\\\/\\\/parknasillaresort.com\\\/activities\\\/family-adventures\\\/fun-golf\\\/#breadcrumb\",\"itemListElement\":[{\"@type\":\"ListItem\",\"position\":1,\"name\":\"Home\",\"item\":\"https:\\\/\\\/parknasillaresort.com\\\/\"},{\"@type\":\"ListItem\",\"position\":2,\"name\":\"Activities\",\"item\":\"https:\\\/\\\/parknasillaresort.com\\\/activities\\\/\"},{\"@type\":\"ListItem\",\"position\":3,\"name\":\"Family Adventures\",\"item\":\"https:\\\/\\\/parknasillaresort.com\\\/activities\\\/family-adventures\\\/\"},{\"@type\":\"ListItem\",\"position\":4,\"name\":\"Fun Golf\"}]},{\"@type\":\"WebSite\",\"@id\":\"https:\\\/\\\/parknasillaresort.com\\\/#website\",\"url\":\"https:\\\/\\\/parknasillaresort.com\\\/\",\"name\":\"Parknasilla Resort &amp; Spa\",\"description\":\"Truly in a world of its own.\",\"potentialAction\":[{\"@type\":\"SearchAction\",\"target\":{\"@type\":\"EntryPoint\",\"urlTemplate\":\"https:\\\/\\\/parknasillaresort.com\\\/?s={search_term_string}\"},\"query-input\":{\"@type\":\"PropertyValueSpecification\",\"valueRequired\":true,\"valueName\":\"search_term_string\"}}],\"inLanguage\":\"es\"}]}<\/script>\n<!-- \/ Yoast SEO plugin. -->","yoast_head_json":{"title":"Fun Golf At Parknasilla | Actividades para ni\u00f1os Kerry | Hotel Parknasilla","description":"Por qu\u00e9 no probar un nuevo pasatiempo con los ni\u00f1os durante su estancia en el Parknasilla Resort Hotel con un divertido minigolf en el campo de golf de Parknasilla. Reserve su partida hoy mismo.","robots":{"index":"index","follow":"follow","max-snippet":"max-snippet:-1","max-image-preview":"max-image-preview:large","max-video-preview":"max-video-preview:-1"},"canonical":"https:\/\/parknasillaresort.com\/es-es\/activities\/family-adventures\/fun-golf\/","og_locale":"es_ES","og_type":"article","og_title":"Fun Golf At Parknasilla | Kids Activities Kerry | Parknasilla Hotel","og_description":"Why not try out a new hobby with the kids during your stay at Parknasilla Resort Hotel with a fun mini-golf at Parknasilla Golf Course. Book your round in today!","og_url":"https:\/\/parknasillaresort.com\/es-es\/activities\/family-adventures\/fun-golf\/","og_site_name":"Parknasilla Resort &amp; Spa","article_modified_time":"2024-09-10T11:24:05+00:00","twitter_card":"summary_large_image","schema":{"@context":"https:\/\/schema.org","@graph":[{"@type":"WebPage","@id":"https:\/\/parknasillaresort.com\/activities\/family-adventures\/fun-golf\/","url":"https:\/\/parknasillaresort.com\/activities\/family-adventures\/fun-golf\/","name":"Fun Golf At Parknasilla | Actividades para ni\u00f1os Kerry | Hotel Parknasilla","isPartOf":{"@id":"https:\/\/parknasillaresort.com\/#website"},"datePublished":"2021-03-15T15:39:14+00:00","dateModified":"2024-09-10T11:24:05+00:00","description":"Por qu\u00e9 no probar un nuevo pasatiempo con los ni\u00f1os durante su estancia en el Parknasilla Resort Hotel con un divertido minigolf en el campo de golf de Parknasilla. Reserve su partida hoy mismo.","breadcrumb":{"@id":"https:\/\/parknasillaresort.com\/activities\/family-adventures\/fun-golf\/#breadcrumb"},"inLanguage":"es","potentialAction":[{"@type":"ReadAction","target":["https:\/\/parknasillaresort.com\/activities\/family-adventures\/fun-golf\/"]}]},{"@type":"BreadcrumbList","@id":"https:\/\/parknasillaresort.com\/activities\/family-adventures\/fun-golf\/#breadcrumb","itemListElement":[{"@type":"ListItem","position":1,"name":"Home","item":"https:\/\/parknasillaresort.com\/"},{"@type":"ListItem","position":2,"name":"Activities","item":"https:\/\/parknasillaresort.com\/activities\/"},{"@type":"ListItem","position":3,"name":"Family Adventures","item":"https:\/\/parknasillaresort.com\/activities\/family-adventures\/"},{"@type":"ListItem","position":4,"name":"Fun Golf"}]},{"@type":"WebSite","@id":"https:\/\/parknasillaresort.com\/#website","url":"https:\/\/parknasillaresort.com\/","name":"Parknasilla Resort &amp; Spa","description":"Realmente en un mundo propio.","potentialAction":[{"@type":"SearchAction","target":{"@type":"EntryPoint","urlTemplate":"https:\/\/parknasillaresort.com\/?s={search_term_string}"},"query-input":{"@type":"PropertyValueSpecification","valueRequired":true,"valueName":"search_term_string"}}],"inLanguage":"es"}]}},"_links":{"self":[{"href":"https:\/\/parknasillaresort.com\/es-es\/wp-json\/wp\/v2\/pages\/446","targetHints":{"allow":["GET"]}}],"collection":[{"href":"https:\/\/parknasillaresort.com\/es-es\/wp-json\/wp\/v2\/pages"}],"about":[{"href":"https:\/\/parknasillaresort.com\/es-es\/wp-json\/wp\/v2\/types\/page"}],"author":[{"embeddable":true,"href":"https:\/\/parknasillaresort.com\/es-es\/wp-json\/wp\/v2\/users\/3"}],"replies":[{"embeddable":true,"href":"https:\/\/parknasillaresort.com\/es-es\/wp-json\/wp\/v2\/comments?post=446"}],"version-history":[{"count":0,"href":"https:\/\/parknasillaresort.com\/es-es\/wp-json\/wp\/v2\/pages\/446\/revisions"}],"up":[{"embeddable":true,"href":"https:\/\/parknasillaresort.com\/es-es\/wp-json\/wp\/v2\/pages\/423"}],"wp:attachment":[{"href":"https:\/\/parknasillaresort.com\/es-es\/wp-json\/wp\/v2\/media?parent=446"}],"curies":[{"name":"wp","href":"https:\/\/api.w.org\/{rel}","templated":true}]}}