{"id":286,"date":"2021-03-13T17:45:10","date_gmt":"2021-03-13T17:45:10","guid":{"rendered":"http:\/\/parknasilla.local\/?page_id=286"},"modified":"2025-06-16T14:46:11","modified_gmt":"2025-06-16T14:46:11","slug":"library-suite","status":"publish","type":"page","link":"https:\/\/parknasillaresort.com\/es-es\/stay\/parknasilla-suites\/library-suite\/","title":{"rendered":"Suite de la Biblioteca"},"content":{"rendered":"","protected":false},"excerpt":{"rendered":"","protected":false},"author":3,"featured_media":0,"parent":269,"menu_order":0,"comment_status":"closed","ping_status":"closed","template":"","meta":{"_acf_changed":false,"footnotes":""},"class_list":["post-286","page","type-page","status-publish","hentry"],"acf":[],"yoast_head":"<!-- This site is optimized with the Yoast SEO plugin v27.3 - https:\/\/yoast.com\/product\/yoast-seo-wordpress\/ -->\n<title>The Library Suite | Kerry Hotels By The Sea | Parknasilla Resort<\/title>\n<meta name=\"description\" content=\"The Library Suite offers views of the sea with combined open living space &amp; sleeping area with the bathroom having large windows overlooking the gardens &amp; Kenmare Bay\" \/>\n<meta name=\"robots\" content=\"index, follow, max-snippet:-1, max-image-preview:large, max-video-preview:-1\" \/>\n<link rel=\"canonical\" href=\"https:\/\/parknasillaresort.com\/es-es\/stay\/parknasilla-suites\/library-suite\/\" \/>\n<meta property=\"og:locale\" content=\"es_ES\" \/>\n<meta property=\"og:type\" content=\"article\" \/>\n<meta property=\"og:title\" content=\"The Library Suite | Kerry Hotels By The Sea | Parknasilla Resort\" \/>\n<meta property=\"og:description\" content=\"The Library Suite offers views of the sea with combined open living space &amp; sleeping area with the bathroom having large windows overlooking the gardens &amp; Kenmare Bay\" \/>\n<meta property=\"og:url\" content=\"https:\/\/parknasillaresort.com\/es-es\/stay\/parknasilla-suites\/library-suite\/\" \/>\n<meta property=\"og:site_name\" content=\"Parknasilla Resort &amp; Spa\" \/>\n<meta property=\"article:modified_time\" content=\"2025-06-16T14:46:11+00:00\" \/>\n<meta name=\"twitter:card\" content=\"summary_large_image\" \/>\n<script type=\"application\/ld+json\" class=\"yoast-schema-graph\">{\"@context\":\"https:\\\/\\\/schema.org\",\"@graph\":[{\"@type\":\"WebPage\",\"@id\":\"https:\\\/\\\/parknasillaresort.com\\\/stay\\\/parknasilla-suites\\\/library-suite\\\/\",\"url\":\"https:\\\/\\\/parknasillaresort.com\\\/stay\\\/parknasilla-suites\\\/library-suite\\\/\",\"name\":\"The Library Suite | Kerry Hotels By The Sea | Parknasilla Resort\",\"isPartOf\":{\"@id\":\"https:\\\/\\\/parknasillaresort.com\\\/#website\"},\"datePublished\":\"2021-03-13T17:45:10+00:00\",\"dateModified\":\"2025-06-16T14:46:11+00:00\",\"description\":\"The Library Suite offers views of the sea with combined open living space & sleeping area with the bathroom having large windows overlooking the gardens & Kenmare Bay\",\"breadcrumb\":{\"@id\":\"https:\\\/\\\/parknasillaresort.com\\\/stay\\\/parknasilla-suites\\\/library-suite\\\/#breadcrumb\"},\"inLanguage\":\"es\",\"potentialAction\":[{\"@type\":\"ReadAction\",\"target\":[\"https:\\\/\\\/parknasillaresort.com\\\/stay\\\/parknasilla-suites\\\/library-suite\\\/\"]}]},{\"@type\":\"BreadcrumbList\",\"@id\":\"https:\\\/\\\/parknasillaresort.com\\\/stay\\\/parknasilla-suites\\\/library-suite\\\/#breadcrumb\",\"itemListElement\":[{\"@type\":\"ListItem\",\"position\":1,\"name\":\"Home\",\"item\":\"https:\\\/\\\/parknasillaresort.com\\\/\"},{\"@type\":\"ListItem\",\"position\":2,\"name\":\"Stay\",\"item\":\"https:\\\/\\\/parknasillaresort.com\\\/stay\\\/\"},{\"@type\":\"ListItem\",\"position\":3,\"name\":\"Parknasilla Suites\",\"item\":\"https:\\\/\\\/parknasillaresort.com\\\/stay\\\/parknasilla-suites\\\/\"},{\"@type\":\"ListItem\",\"position\":4,\"name\":\"Library Suite\"}]},{\"@type\":\"WebSite\",\"@id\":\"https:\\\/\\\/parknasillaresort.com\\\/#website\",\"url\":\"https:\\\/\\\/parknasillaresort.com\\\/\",\"name\":\"Parknasilla Resort &amp; Spa\",\"description\":\"Truly in a world of its own.\",\"potentialAction\":[{\"@type\":\"SearchAction\",\"target\":{\"@type\":\"EntryPoint\",\"urlTemplate\":\"https:\\\/\\\/parknasillaresort.com\\\/?s={search_term_string}\"},\"query-input\":{\"@type\":\"PropertyValueSpecification\",\"valueRequired\":true,\"valueName\":\"search_term_string\"}}],\"inLanguage\":\"es\"}]}<\/script>\n<!-- \/ Yoast SEO plugin. -->","yoast_head_json":{"title":"The Library Suite | Kerry Hotels By The Sea | Parknasilla Resort","description":"La Library Suite ofrece vistas al mar con una combinaci\u00f3n de espacio abierto para vivir y dormir, y el ba\u00f1o tiene grandes ventanas con vistas a los jardines y a la bah\u00eda de Kenmare.","robots":{"index":"index","follow":"follow","max-snippet":"max-snippet:-1","max-image-preview":"max-image-preview:large","max-video-preview":"max-video-preview:-1"},"canonical":"https:\/\/parknasillaresort.com\/es-es\/stay\/parknasilla-suites\/library-suite\/","og_locale":"es_ES","og_type":"article","og_title":"The Library Suite | Kerry Hotels By The Sea | Parknasilla Resort","og_description":"The Library Suite offers views of the sea with combined open living space & sleeping area with the bathroom having large windows overlooking the gardens & Kenmare Bay","og_url":"https:\/\/parknasillaresort.com\/es-es\/stay\/parknasilla-suites\/library-suite\/","og_site_name":"Parknasilla Resort &amp; Spa","article_modified_time":"2025-06-16T14:46:11+00:00","twitter_card":"summary_large_image","schema":{"@context":"https:\/\/schema.org","@graph":[{"@type":"WebPage","@id":"https:\/\/parknasillaresort.com\/stay\/parknasilla-suites\/library-suite\/","url":"https:\/\/parknasillaresort.com\/stay\/parknasilla-suites\/library-suite\/","name":"The Library Suite | Kerry Hotels By The Sea | Parknasilla Resort","isPartOf":{"@id":"https:\/\/parknasillaresort.com\/#website"},"datePublished":"2021-03-13T17:45:10+00:00","dateModified":"2025-06-16T14:46:11+00:00","description":"La Library Suite ofrece vistas al mar con una combinaci\u00f3n de espacio abierto para vivir y dormir, y el ba\u00f1o tiene grandes ventanas con vistas a los jardines y a la bah\u00eda de Kenmare.","breadcrumb":{"@id":"https:\/\/parknasillaresort.com\/stay\/parknasilla-suites\/library-suite\/#breadcrumb"},"inLanguage":"es","potentialAction":[{"@type":"ReadAction","target":["https:\/\/parknasillaresort.com\/stay\/parknasilla-suites\/library-suite\/"]}]},{"@type":"BreadcrumbList","@id":"https:\/\/parknasillaresort.com\/stay\/parknasilla-suites\/library-suite\/#breadcrumb","itemListElement":[{"@type":"ListItem","position":1,"name":"Home","item":"https:\/\/parknasillaresort.com\/"},{"@type":"ListItem","position":2,"name":"Stay","item":"https:\/\/parknasillaresort.com\/stay\/"},{"@type":"ListItem","position":3,"name":"Parknasilla Suites","item":"https:\/\/parknasillaresort.com\/stay\/parknasilla-suites\/"},{"@type":"ListItem","position":4,"name":"Library Suite"}]},{"@type":"WebSite","@id":"https:\/\/parknasillaresort.com\/#website","url":"https:\/\/parknasillaresort.com\/","name":"Parknasilla Resort &amp; Spa","description":"Realmente en un mundo propio.","potentialAction":[{"@type":"SearchAction","target":{"@type":"EntryPoint","urlTemplate":"https:\/\/parknasillaresort.com\/?s={search_term_string}"},"query-input":{"@type":"PropertyValueSpecification","valueRequired":true,"valueName":"search_term_string"}}],"inLanguage":"es"}]}},"_links":{"self":[{"href":"https:\/\/parknasillaresort.com\/es-es\/wp-json\/wp\/v2\/pages\/286","targetHints":{"allow":["GET"]}}],"collection":[{"href":"https:\/\/parknasillaresort.com\/es-es\/wp-json\/wp\/v2\/pages"}],"about":[{"href":"https:\/\/parknasillaresort.com\/es-es\/wp-json\/wp\/v2\/types\/page"}],"author":[{"embeddable":true,"href":"https:\/\/parknasillaresort.com\/es-es\/wp-json\/wp\/v2\/users\/3"}],"replies":[{"embeddable":true,"href":"https:\/\/parknasillaresort.com\/es-es\/wp-json\/wp\/v2\/comments?post=286"}],"version-history":[{"count":0,"href":"https:\/\/parknasillaresort.com\/es-es\/wp-json\/wp\/v2\/pages\/286\/revisions"}],"up":[{"embeddable":true,"href":"https:\/\/parknasillaresort.com\/es-es\/wp-json\/wp\/v2\/pages\/269"}],"wp:attachment":[{"href":"https:\/\/parknasillaresort.com\/es-es\/wp-json\/wp\/v2\/media?parent=286"}],"curies":[{"name":"wp","href":"https:\/\/api.w.org\/{rel}","templated":true}]}}