{"id":1712,"date":"2022-04-27T18:05:17","date_gmt":"2022-04-27T18:05:17","guid":{"rendered":"https:\/\/parknasillaresort.com\/?page_id=1712"},"modified":"2025-05-15T16:55:34","modified_gmt":"2025-05-15T16:55:34","slug":"golf-information","status":"publish","type":"page","link":"https:\/\/parknasillaresort.com\/es-es\/golf-information\/","title":{"rendered":"Informaci\u00f3n sobre el golf"},"content":{"rendered":"","protected":false},"excerpt":{"rendered":"","protected":false},"author":3,"featured_media":0,"parent":0,"menu_order":0,"comment_status":"closed","ping_status":"closed","template":"","meta":{"_acf_changed":false,"footnotes":""},"class_list":["post-1712","page","type-page","status-publish","hentry"],"acf":[],"yoast_head":"<!-- This site is optimized with the Yoast SEO plugin v27.4 - https:\/\/yoast.com\/product\/yoast-seo-wordpress\/ -->\n<title>Golf Information | Golfing In Kerry | Parknasilla Golf Club<\/title>\n<meta name=\"description\" content=\"See out the full list of golfing fees at Parknasilla Golf Club alone with a list of upcoming Fixtures happening in the coming months. View information here.\" \/>\n<meta name=\"robots\" content=\"index, follow, max-snippet:-1, max-image-preview:large, max-video-preview:-1\" \/>\n<link rel=\"canonical\" href=\"https:\/\/parknasillaresort.com\/es-es\/golf-information\/\" \/>\n<meta property=\"og:locale\" content=\"es_ES\" \/>\n<meta property=\"og:type\" content=\"article\" \/>\n<meta property=\"og:title\" content=\"Golf Information | Golfing In Kerry | Parknasilla Golf Club\" \/>\n<meta property=\"og:description\" content=\"See out the full list of golfing fees at Parknasilla Golf Club alone with a list of upcoming Fixtures happening in the coming months. View information here.\" \/>\n<meta property=\"og:url\" content=\"https:\/\/parknasillaresort.com\/es-es\/golf-information\/\" \/>\n<meta property=\"og:site_name\" content=\"Parknasilla Resort &amp; Spa\" \/>\n<meta property=\"article:modified_time\" content=\"2025-05-15T16:55:34+00:00\" \/>\n<meta name=\"twitter:card\" content=\"summary_large_image\" \/>\n<script type=\"application\/ld+json\" class=\"yoast-schema-graph\">{\"@context\":\"https:\\\/\\\/schema.org\",\"@graph\":[{\"@type\":\"WebPage\",\"@id\":\"https:\\\/\\\/parknasillaresort.com\\\/golf-information\\\/\",\"url\":\"https:\\\/\\\/parknasillaresort.com\\\/golf-information\\\/\",\"name\":\"Golf Information | Golfing In Kerry | Parknasilla Golf Club\",\"isPartOf\":{\"@id\":\"https:\\\/\\\/parknasillaresort.com\\\/#website\"},\"datePublished\":\"2022-04-27T18:05:17+00:00\",\"dateModified\":\"2025-05-15T16:55:34+00:00\",\"description\":\"See out the full list of golfing fees at Parknasilla Golf Club alone with a list of upcoming Fixtures happening in the coming months. View information here.\",\"breadcrumb\":{\"@id\":\"https:\\\/\\\/parknasillaresort.com\\\/golf-information\\\/#breadcrumb\"},\"inLanguage\":\"es\",\"potentialAction\":[{\"@type\":\"ReadAction\",\"target\":[\"https:\\\/\\\/parknasillaresort.com\\\/golf-information\\\/\"]}]},{\"@type\":\"BreadcrumbList\",\"@id\":\"https:\\\/\\\/parknasillaresort.com\\\/golf-information\\\/#breadcrumb\",\"itemListElement\":[{\"@type\":\"ListItem\",\"position\":1,\"name\":\"Home\",\"item\":\"https:\\\/\\\/parknasillaresort.com\\\/\"},{\"@type\":\"ListItem\",\"position\":2,\"name\":\"Golf Information\"}]},{\"@type\":\"WebSite\",\"@id\":\"https:\\\/\\\/parknasillaresort.com\\\/#website\",\"url\":\"https:\\\/\\\/parknasillaresort.com\\\/\",\"name\":\"Parknasilla Resort &amp; Spa\",\"description\":\"Truly in a world of its own.\",\"potentialAction\":[{\"@type\":\"SearchAction\",\"target\":{\"@type\":\"EntryPoint\",\"urlTemplate\":\"https:\\\/\\\/parknasillaresort.com\\\/?s={search_term_string}\"},\"query-input\":{\"@type\":\"PropertyValueSpecification\",\"valueRequired\":true,\"valueName\":\"search_term_string\"}}],\"inLanguage\":\"es\"}]}<\/script>\n<!-- \/ Yoast SEO plugin. -->","yoast_head_json":{"title":"Informaci\u00f3n sobre el golf | Golfing In Kerry | Parknasilla Golf Club","description":"Vea la lista completa de las tarifas de golf en el Club de Golf Parknasilla solo con una lista de los pr\u00f3ximos encuentros que tendr\u00e1n lugar en los pr\u00f3ximos meses. Vea la informaci\u00f3n aqu\u00ed.","robots":{"index":"index","follow":"follow","max-snippet":"max-snippet:-1","max-image-preview":"max-image-preview:large","max-video-preview":"max-video-preview:-1"},"canonical":"https:\/\/parknasillaresort.com\/es-es\/golf-information\/","og_locale":"es_ES","og_type":"article","og_title":"Golf Information | Golfing In Kerry | Parknasilla Golf Club","og_description":"See out the full list of golfing fees at Parknasilla Golf Club alone with a list of upcoming Fixtures happening in the coming months. View information here.","og_url":"https:\/\/parknasillaresort.com\/es-es\/golf-information\/","og_site_name":"Parknasilla Resort &amp; Spa","article_modified_time":"2025-05-15T16:55:34+00:00","twitter_card":"summary_large_image","schema":{"@context":"https:\/\/schema.org","@graph":[{"@type":"WebPage","@id":"https:\/\/parknasillaresort.com\/golf-information\/","url":"https:\/\/parknasillaresort.com\/golf-information\/","name":"Informaci\u00f3n sobre el golf | Golfing In Kerry | Parknasilla Golf Club","isPartOf":{"@id":"https:\/\/parknasillaresort.com\/#website"},"datePublished":"2022-04-27T18:05:17+00:00","dateModified":"2025-05-15T16:55:34+00:00","description":"Vea la lista completa de las tarifas de golf en el Club de Golf Parknasilla solo con una lista de los pr\u00f3ximos encuentros que tendr\u00e1n lugar en los pr\u00f3ximos meses. Vea la informaci\u00f3n aqu\u00ed.","breadcrumb":{"@id":"https:\/\/parknasillaresort.com\/golf-information\/#breadcrumb"},"inLanguage":"es","potentialAction":[{"@type":"ReadAction","target":["https:\/\/parknasillaresort.com\/golf-information\/"]}]},{"@type":"BreadcrumbList","@id":"https:\/\/parknasillaresort.com\/golf-information\/#breadcrumb","itemListElement":[{"@type":"ListItem","position":1,"name":"Home","item":"https:\/\/parknasillaresort.com\/"},{"@type":"ListItem","position":2,"name":"Golf Information"}]},{"@type":"WebSite","@id":"https:\/\/parknasillaresort.com\/#website","url":"https:\/\/parknasillaresort.com\/","name":"Parknasilla Resort &amp; Spa","description":"Realmente en un mundo propio.","potentialAction":[{"@type":"SearchAction","target":{"@type":"EntryPoint","urlTemplate":"https:\/\/parknasillaresort.com\/?s={search_term_string}"},"query-input":{"@type":"PropertyValueSpecification","valueRequired":true,"valueName":"search_term_string"}}],"inLanguage":"es"}]}},"_links":{"self":[{"href":"https:\/\/parknasillaresort.com\/es-es\/wp-json\/wp\/v2\/pages\/1712","targetHints":{"allow":["GET"]}}],"collection":[{"href":"https:\/\/parknasillaresort.com\/es-es\/wp-json\/wp\/v2\/pages"}],"about":[{"href":"https:\/\/parknasillaresort.com\/es-es\/wp-json\/wp\/v2\/types\/page"}],"author":[{"embeddable":true,"href":"https:\/\/parknasillaresort.com\/es-es\/wp-json\/wp\/v2\/users\/3"}],"replies":[{"embeddable":true,"href":"https:\/\/parknasillaresort.com\/es-es\/wp-json\/wp\/v2\/comments?post=1712"}],"version-history":[{"count":0,"href":"https:\/\/parknasillaresort.com\/es-es\/wp-json\/wp\/v2\/pages\/1712\/revisions"}],"wp:attachment":[{"href":"https:\/\/parknasillaresort.com\/es-es\/wp-json\/wp\/v2\/media?parent=1712"}],"curies":[{"name":"wp","href":"https:\/\/api.w.org\/{rel}","templated":true}]}}