{"id":841,"date":"2021-03-23T13:06:36","date_gmt":"2021-03-23T13:06:36","guid":{"rendered":"http:\/\/parknasilla.local\/?page_id=841"},"modified":"2021-10-14T16:08:43","modified_gmt":"2021-10-14T16:08:43","slug":"killarney-house","status":"publish","type":"page","link":"https:\/\/parknasillaresort.com\/de_de\/discover-kerry\/killarney\/killarney-house\/","title":{"rendered":"Killarney Haus"},"content":{"rendered":"","protected":false},"excerpt":{"rendered":"","protected":false},"author":3,"featured_media":0,"parent":837,"menu_order":0,"comment_status":"closed","ping_status":"closed","template":"","meta":{"_acf_changed":false,"footnotes":""},"class_list":["post-841","page","type-page","status-publish","hentry"],"acf":[],"yoast_head":"<!-- This site is optimized with the Yoast SEO plugin v27.3 - https:\/\/yoast.com\/product\/yoast-seo-wordpress\/ -->\n<title>Killarney House &amp; Gardens | 4* Parknasilla Resort &amp; Spa Kerry<\/title>\n<meta name=\"description\" content=\"Now fully restored to its former glory, Killarney House and Gardens is located in the very heart of the town, the most spectacular attraction Killarney National Park.\" \/>\n<meta name=\"robots\" content=\"index, follow, max-snippet:-1, max-image-preview:large, max-video-preview:-1\" \/>\n<link rel=\"canonical\" href=\"https:\/\/parknasillaresort.com\/de_de\/discover-kerry\/killarney\/killarney-house\/\" \/>\n<meta property=\"og:locale\" content=\"de_DE\" \/>\n<meta property=\"og:type\" content=\"article\" \/>\n<meta property=\"og:title\" content=\"Killarney House &amp; Gardens | 4* Parknasilla Resort &amp; Spa Kerry\" \/>\n<meta property=\"og:description\" content=\"Now fully restored to its former glory, Killarney House and Gardens is located in the very heart of the town, the most spectacular attraction Killarney National Park.\" \/>\n<meta property=\"og:url\" content=\"https:\/\/parknasillaresort.com\/de_de\/discover-kerry\/killarney\/killarney-house\/\" \/>\n<meta property=\"og:site_name\" content=\"Parknasilla Resort &amp; Spa\" \/>\n<meta property=\"article:modified_time\" content=\"2021-10-14T16:08:43+00:00\" \/>\n<meta name=\"twitter:card\" content=\"summary_large_image\" \/>\n<script type=\"application\/ld+json\" class=\"yoast-schema-graph\">{\"@context\":\"https:\\\/\\\/schema.org\",\"@graph\":[{\"@type\":\"WebPage\",\"@id\":\"https:\\\/\\\/parknasillaresort.com\\\/discover-kerry\\\/killarney\\\/killarney-house\\\/\",\"url\":\"https:\\\/\\\/parknasillaresort.com\\\/discover-kerry\\\/killarney\\\/killarney-house\\\/\",\"name\":\"Killarney House & Gardens | 4* Parknasilla Resort & Spa Kerry\",\"isPartOf\":{\"@id\":\"https:\\\/\\\/parknasillaresort.com\\\/#website\"},\"datePublished\":\"2021-03-23T13:06:36+00:00\",\"dateModified\":\"2021-10-14T16:08:43+00:00\",\"description\":\"Now fully restored to its former glory, Killarney House and Gardens is located in the very heart of the town, the most spectacular attraction Killarney National Park.\",\"breadcrumb\":{\"@id\":\"https:\\\/\\\/parknasillaresort.com\\\/discover-kerry\\\/killarney\\\/killarney-house\\\/#breadcrumb\"},\"inLanguage\":\"de-DE\",\"potentialAction\":[{\"@type\":\"ReadAction\",\"target\":[\"https:\\\/\\\/parknasillaresort.com\\\/discover-kerry\\\/killarney\\\/killarney-house\\\/\"]}]},{\"@type\":\"BreadcrumbList\",\"@id\":\"https:\\\/\\\/parknasillaresort.com\\\/discover-kerry\\\/killarney\\\/killarney-house\\\/#breadcrumb\",\"itemListElement\":[{\"@type\":\"ListItem\",\"position\":1,\"name\":\"Home\",\"item\":\"https:\\\/\\\/parknasillaresort.com\\\/\"},{\"@type\":\"ListItem\",\"position\":2,\"name\":\"Discover Kerry\",\"item\":\"https:\\\/\\\/parknasillaresort.com\\\/discover-kerry\\\/\"},{\"@type\":\"ListItem\",\"position\":3,\"name\":\"Killarney\",\"item\":\"https:\\\/\\\/parknasillaresort.com\\\/discover-kerry\\\/killarney\\\/\"},{\"@type\":\"ListItem\",\"position\":4,\"name\":\"Killarney House\"}]},{\"@type\":\"WebSite\",\"@id\":\"https:\\\/\\\/parknasillaresort.com\\\/#website\",\"url\":\"https:\\\/\\\/parknasillaresort.com\\\/\",\"name\":\"Parknasilla Resort &amp; Spa\",\"description\":\"Truly in a world of its own.\",\"potentialAction\":[{\"@type\":\"SearchAction\",\"target\":{\"@type\":\"EntryPoint\",\"urlTemplate\":\"https:\\\/\\\/parknasillaresort.com\\\/?s={search_term_string}\"},\"query-input\":{\"@type\":\"PropertyValueSpecification\",\"valueRequired\":true,\"valueName\":\"search_term_string\"}}],\"inLanguage\":\"de-DE\"}]}<\/script>\n<!-- \/ Yoast SEO plugin. -->","yoast_head_json":{"title":"Killarney House &amp; Gardens | 4* Parknasilla Resort &amp; Spa Kerry","description":"Das Killarney House and Gardens, das nun vollst\u00e4ndig zu seinem fr\u00fcheren Glanz restauriert wurde, befindet sich im Herzen der Stadt, der spektakul\u00e4rsten Attraktion des Killarney National Park.","robots":{"index":"index","follow":"follow","max-snippet":"max-snippet:-1","max-image-preview":"max-image-preview:large","max-video-preview":"max-video-preview:-1"},"canonical":"https:\/\/parknasillaresort.com\/de_de\/discover-kerry\/killarney\/killarney-house\/","og_locale":"de_DE","og_type":"article","og_title":"Killarney House & Gardens | 4* Parknasilla Resort & Spa Kerry","og_description":"Now fully restored to its former glory, Killarney House and Gardens is located in the very heart of the town, the most spectacular attraction Killarney National Park.","og_url":"https:\/\/parknasillaresort.com\/de_de\/discover-kerry\/killarney\/killarney-house\/","og_site_name":"Parknasilla Resort &amp; Spa","article_modified_time":"2021-10-14T16:08:43+00:00","twitter_card":"summary_large_image","schema":{"@context":"https:\/\/schema.org","@graph":[{"@type":"WebPage","@id":"https:\/\/parknasillaresort.com\/discover-kerry\/killarney\/killarney-house\/","url":"https:\/\/parknasillaresort.com\/discover-kerry\/killarney\/killarney-house\/","name":"Killarney House &amp; Gardens | 4* Parknasilla Resort &amp; Spa Kerry","isPartOf":{"@id":"https:\/\/parknasillaresort.com\/#website"},"datePublished":"2021-03-23T13:06:36+00:00","dateModified":"2021-10-14T16:08:43+00:00","description":"Das Killarney House and Gardens, das nun vollst\u00e4ndig zu seinem fr\u00fcheren Glanz restauriert wurde, befindet sich im Herzen der Stadt, der spektakul\u00e4rsten Attraktion des Killarney National Park.","breadcrumb":{"@id":"https:\/\/parknasillaresort.com\/discover-kerry\/killarney\/killarney-house\/#breadcrumb"},"inLanguage":"de-DE","potentialAction":[{"@type":"ReadAction","target":["https:\/\/parknasillaresort.com\/discover-kerry\/killarney\/killarney-house\/"]}]},{"@type":"BreadcrumbList","@id":"https:\/\/parknasillaresort.com\/discover-kerry\/killarney\/killarney-house\/#breadcrumb","itemListElement":[{"@type":"ListItem","position":1,"name":"Home","item":"https:\/\/parknasillaresort.com\/"},{"@type":"ListItem","position":2,"name":"Discover Kerry","item":"https:\/\/parknasillaresort.com\/discover-kerry\/"},{"@type":"ListItem","position":3,"name":"Killarney","item":"https:\/\/parknasillaresort.com\/discover-kerry\/killarney\/"},{"@type":"ListItem","position":4,"name":"Killarney House"}]},{"@type":"WebSite","@id":"https:\/\/parknasillaresort.com\/#website","url":"https:\/\/parknasillaresort.com\/","name":"Parknasilla Resort &amp; Spa","description":"Wahrlich eine Welt f\u00fcr sich.","potentialAction":[{"@type":"SearchAction","target":{"@type":"EntryPoint","urlTemplate":"https:\/\/parknasillaresort.com\/?s={search_term_string}"},"query-input":{"@type":"PropertyValueSpecification","valueRequired":true,"valueName":"search_term_string"}}],"inLanguage":"de-DE"}]}},"_links":{"self":[{"href":"https:\/\/parknasillaresort.com\/de_de\/wp-json\/wp\/v2\/pages\/841","targetHints":{"allow":["GET"]}}],"collection":[{"href":"https:\/\/parknasillaresort.com\/de_de\/wp-json\/wp\/v2\/pages"}],"about":[{"href":"https:\/\/parknasillaresort.com\/de_de\/wp-json\/wp\/v2\/types\/page"}],"author":[{"embeddable":true,"href":"https:\/\/parknasillaresort.com\/de_de\/wp-json\/wp\/v2\/users\/3"}],"replies":[{"embeddable":true,"href":"https:\/\/parknasillaresort.com\/de_de\/wp-json\/wp\/v2\/comments?post=841"}],"version-history":[{"count":0,"href":"https:\/\/parknasillaresort.com\/de_de\/wp-json\/wp\/v2\/pages\/841\/revisions"}],"up":[{"embeddable":true,"href":"https:\/\/parknasillaresort.com\/de_de\/wp-json\/wp\/v2\/pages\/837"}],"wp:attachment":[{"href":"https:\/\/parknasillaresort.com\/de_de\/wp-json\/wp\/v2\/media?parent=841"}],"curies":[{"name":"wp","href":"https:\/\/api.w.org\/{rel}","templated":true}]}}