{"id":836,"date":"2021-03-23T13:00:07","date_gmt":"2021-03-23T13:00:07","guid":{"rendered":"http:\/\/parknasilla.local\/?page_id=836"},"modified":"2021-10-14T16:17:39","modified_gmt":"2021-10-14T16:17:39","slug":"skellig-michael","status":"publish","type":"page","link":"https:\/\/parknasillaresort.com\/de_de\/discover-kerry\/south-kerry\/skellig-michael\/","title":{"rendered":"Skellig Michael"},"content":{"rendered":"","protected":false},"excerpt":{"rendered":"","protected":false},"author":3,"featured_media":0,"parent":827,"menu_order":0,"comment_status":"closed","ping_status":"closed","template":"","meta":{"_acf_changed":false,"footnotes":""},"class_list":["post-836","page","type-page","status-publish","hentry"],"acf":[],"yoast_head":"<!-- This site is optimized with the Yoast SEO plugin v27.3 - https:\/\/yoast.com\/product\/yoast-seo-wordpress\/ -->\n<title>Skellig Michael | Tourist Attractions Kerry | 4* Parknasilla Resort<\/title>\n<meta name=\"description\" content=\"Skellig Michael is 8 miles off the coast of Kerry can only be accessed by boat, these islands offer spectacular views &amp; beehive monastic cells once used by monks.\" \/>\n<meta name=\"robots\" content=\"index, follow, max-snippet:-1, max-image-preview:large, max-video-preview:-1\" \/>\n<link rel=\"canonical\" href=\"https:\/\/parknasillaresort.com\/de_de\/discover-kerry\/south-kerry\/skellig-michael\/\" \/>\n<meta property=\"og:locale\" content=\"de_DE\" \/>\n<meta property=\"og:type\" content=\"article\" \/>\n<meta property=\"og:title\" content=\"Skellig Michael | Tourist Attractions Kerry | 4* Parknasilla Resort\" \/>\n<meta property=\"og:description\" content=\"Skellig Michael is 8 miles off the coast of Kerry can only be accessed by boat, these islands offer spectacular views &amp; beehive monastic cells once used by monks.\" \/>\n<meta property=\"og:url\" content=\"https:\/\/parknasillaresort.com\/de_de\/discover-kerry\/south-kerry\/skellig-michael\/\" \/>\n<meta property=\"og:site_name\" content=\"Parknasilla Resort &amp; Spa\" \/>\n<meta property=\"article:modified_time\" content=\"2021-10-14T16:17:39+00:00\" \/>\n<meta name=\"twitter:card\" content=\"summary_large_image\" \/>\n<script type=\"application\/ld+json\" class=\"yoast-schema-graph\">{\"@context\":\"https:\\\/\\\/schema.org\",\"@graph\":[{\"@type\":\"WebPage\",\"@id\":\"https:\\\/\\\/parknasillaresort.com\\\/discover-kerry\\\/south-kerry\\\/skellig-michael\\\/\",\"url\":\"https:\\\/\\\/parknasillaresort.com\\\/discover-kerry\\\/south-kerry\\\/skellig-michael\\\/\",\"name\":\"Skellig Michael | Tourist Attractions Kerry | 4* Parknasilla Resort\",\"isPartOf\":{\"@id\":\"https:\\\/\\\/parknasillaresort.com\\\/#website\"},\"datePublished\":\"2021-03-23T13:00:07+00:00\",\"dateModified\":\"2021-10-14T16:17:39+00:00\",\"description\":\"Skellig Michael is 8 miles off the coast of Kerry can only be accessed by boat, these islands offer spectacular views & beehive monastic cells once used by monks.\",\"breadcrumb\":{\"@id\":\"https:\\\/\\\/parknasillaresort.com\\\/discover-kerry\\\/south-kerry\\\/skellig-michael\\\/#breadcrumb\"},\"inLanguage\":\"de-DE\",\"potentialAction\":[{\"@type\":\"ReadAction\",\"target\":[\"https:\\\/\\\/parknasillaresort.com\\\/discover-kerry\\\/south-kerry\\\/skellig-michael\\\/\"]}]},{\"@type\":\"BreadcrumbList\",\"@id\":\"https:\\\/\\\/parknasillaresort.com\\\/discover-kerry\\\/south-kerry\\\/skellig-michael\\\/#breadcrumb\",\"itemListElement\":[{\"@type\":\"ListItem\",\"position\":1,\"name\":\"Home\",\"item\":\"https:\\\/\\\/parknasillaresort.com\\\/\"},{\"@type\":\"ListItem\",\"position\":2,\"name\":\"Discover Kerry\",\"item\":\"https:\\\/\\\/parknasillaresort.com\\\/discover-kerry\\\/\"},{\"@type\":\"ListItem\",\"position\":3,\"name\":\"South Kerry\",\"item\":\"https:\\\/\\\/parknasillaresort.com\\\/discover-kerry\\\/south-kerry\\\/\"},{\"@type\":\"ListItem\",\"position\":4,\"name\":\"Skellig Michael\"}]},{\"@type\":\"WebSite\",\"@id\":\"https:\\\/\\\/parknasillaresort.com\\\/#website\",\"url\":\"https:\\\/\\\/parknasillaresort.com\\\/\",\"name\":\"Parknasilla Resort &amp; Spa\",\"description\":\"Truly in a world of its own.\",\"potentialAction\":[{\"@type\":\"SearchAction\",\"target\":{\"@type\":\"EntryPoint\",\"urlTemplate\":\"https:\\\/\\\/parknasillaresort.com\\\/?s={search_term_string}\"},\"query-input\":{\"@type\":\"PropertyValueSpecification\",\"valueRequired\":true,\"valueName\":\"search_term_string\"}}],\"inLanguage\":\"de-DE\"}]}<\/script>\n<!-- \/ Yoast SEO plugin. -->","yoast_head_json":{"title":"Skellig Michael | Touristenattraktionen Kerry | 4* Parknasilla Resort","description":"Skellig Michael liegt 8 Meilen vor der K\u00fcste von Kerry und kann nur mit dem Boot erreicht werden. Diese Inseln bieten spektakul\u00e4re Aussichten und bienenstockf\u00f6rmige Klosterzellen, die einst von M\u00f6nchen genutzt wurden.","robots":{"index":"index","follow":"follow","max-snippet":"max-snippet:-1","max-image-preview":"max-image-preview:large","max-video-preview":"max-video-preview:-1"},"canonical":"https:\/\/parknasillaresort.com\/de_de\/discover-kerry\/south-kerry\/skellig-michael\/","og_locale":"de_DE","og_type":"article","og_title":"Skellig Michael | Tourist Attractions Kerry | 4* Parknasilla Resort","og_description":"Skellig Michael is 8 miles off the coast of Kerry can only be accessed by boat, these islands offer spectacular views & beehive monastic cells once used by monks.","og_url":"https:\/\/parknasillaresort.com\/de_de\/discover-kerry\/south-kerry\/skellig-michael\/","og_site_name":"Parknasilla Resort &amp; Spa","article_modified_time":"2021-10-14T16:17:39+00:00","twitter_card":"summary_large_image","schema":{"@context":"https:\/\/schema.org","@graph":[{"@type":"WebPage","@id":"https:\/\/parknasillaresort.com\/discover-kerry\/south-kerry\/skellig-michael\/","url":"https:\/\/parknasillaresort.com\/discover-kerry\/south-kerry\/skellig-michael\/","name":"Skellig Michael | Touristenattraktionen Kerry | 4* Parknasilla Resort","isPartOf":{"@id":"https:\/\/parknasillaresort.com\/#website"},"datePublished":"2021-03-23T13:00:07+00:00","dateModified":"2021-10-14T16:17:39+00:00","description":"Skellig Michael liegt 8 Meilen vor der K\u00fcste von Kerry und kann nur mit dem Boot erreicht werden. Diese Inseln bieten spektakul\u00e4re Aussichten und bienenstockf\u00f6rmige Klosterzellen, die einst von M\u00f6nchen genutzt wurden.","breadcrumb":{"@id":"https:\/\/parknasillaresort.com\/discover-kerry\/south-kerry\/skellig-michael\/#breadcrumb"},"inLanguage":"de-DE","potentialAction":[{"@type":"ReadAction","target":["https:\/\/parknasillaresort.com\/discover-kerry\/south-kerry\/skellig-michael\/"]}]},{"@type":"BreadcrumbList","@id":"https:\/\/parknasillaresort.com\/discover-kerry\/south-kerry\/skellig-michael\/#breadcrumb","itemListElement":[{"@type":"ListItem","position":1,"name":"Home","item":"https:\/\/parknasillaresort.com\/"},{"@type":"ListItem","position":2,"name":"Discover Kerry","item":"https:\/\/parknasillaresort.com\/discover-kerry\/"},{"@type":"ListItem","position":3,"name":"South Kerry","item":"https:\/\/parknasillaresort.com\/discover-kerry\/south-kerry\/"},{"@type":"ListItem","position":4,"name":"Skellig Michael"}]},{"@type":"WebSite","@id":"https:\/\/parknasillaresort.com\/#website","url":"https:\/\/parknasillaresort.com\/","name":"Parknasilla Resort &amp; Spa","description":"Wahrlich eine Welt f\u00fcr sich.","potentialAction":[{"@type":"SearchAction","target":{"@type":"EntryPoint","urlTemplate":"https:\/\/parknasillaresort.com\/?s={search_term_string}"},"query-input":{"@type":"PropertyValueSpecification","valueRequired":true,"valueName":"search_term_string"}}],"inLanguage":"de-DE"}]}},"_links":{"self":[{"href":"https:\/\/parknasillaresort.com\/de_de\/wp-json\/wp\/v2\/pages\/836","targetHints":{"allow":["GET"]}}],"collection":[{"href":"https:\/\/parknasillaresort.com\/de_de\/wp-json\/wp\/v2\/pages"}],"about":[{"href":"https:\/\/parknasillaresort.com\/de_de\/wp-json\/wp\/v2\/types\/page"}],"author":[{"embeddable":true,"href":"https:\/\/parknasillaresort.com\/de_de\/wp-json\/wp\/v2\/users\/3"}],"replies":[{"embeddable":true,"href":"https:\/\/parknasillaresort.com\/de_de\/wp-json\/wp\/v2\/comments?post=836"}],"version-history":[{"count":0,"href":"https:\/\/parknasillaresort.com\/de_de\/wp-json\/wp\/v2\/pages\/836\/revisions"}],"up":[{"embeddable":true,"href":"https:\/\/parknasillaresort.com\/de_de\/wp-json\/wp\/v2\/pages\/827"}],"wp:attachment":[{"href":"https:\/\/parknasillaresort.com\/de_de\/wp-json\/wp\/v2\/media?parent=836"}],"curies":[{"name":"wp","href":"https:\/\/api.w.org\/{rel}","templated":true}]}}