{"id":618,"date":"2021-03-18T15:31:13","date_gmt":"2021-03-18T15:31:13","guid":{"rendered":"http:\/\/parknasilla.local\/?page_id=618"},"modified":"2025-06-19T15:15:53","modified_gmt":"2025-06-19T15:15:53","slug":"sothys-parknasilla","status":"publish","type":"page","link":"https:\/\/parknasillaresort.com\/de_de\/spa\/sothys-parknasilla\/","title":{"rendered":"Sothys bei Parknasilla"},"content":{"rendered":"","protected":false},"excerpt":{"rendered":"","protected":false},"author":3,"featured_media":0,"parent":604,"menu_order":0,"comment_status":"closed","ping_status":"closed","template":"","meta":{"_acf_changed":false,"footnotes":""},"class_list":["post-618","page","type-page","status-publish","hentry"],"acf":[],"yoast_head":"<!-- This site is optimized with the Yoast SEO plugin v27.3 - https:\/\/yoast.com\/product\/yoast-seo-wordpress\/ -->\n<title>Sothys At Parknasilla | Luxury Spa Hotel Kerry | Parknasilla Resort<\/title>\n<meta name=\"description\" content=\"Parknasilla Hotel has chosen Sothys as its premium brand spa partner because of its reputation worldwide for delivering indulgent, luxurious &amp; healing treatments.\" \/>\n<meta name=\"robots\" content=\"index, follow, max-snippet:-1, max-image-preview:large, max-video-preview:-1\" \/>\n<link rel=\"canonical\" href=\"https:\/\/parknasillaresort.com\/de_de\/spa\/sothys-parknasilla\/\" \/>\n<meta property=\"og:locale\" content=\"de_DE\" \/>\n<meta property=\"og:type\" content=\"article\" \/>\n<meta property=\"og:title\" content=\"Sothys At Parknasilla | Luxury Spa Hotel Kerry | Parknasilla Resort\" \/>\n<meta property=\"og:description\" content=\"Parknasilla Hotel has chosen Sothys as its premium brand spa partner because of its reputation worldwide for delivering indulgent, luxurious &amp; healing treatments.\" \/>\n<meta property=\"og:url\" content=\"https:\/\/parknasillaresort.com\/de_de\/spa\/sothys-parknasilla\/\" \/>\n<meta property=\"og:site_name\" content=\"Parknasilla Resort &amp; Spa\" \/>\n<meta property=\"article:modified_time\" content=\"2025-06-19T15:15:53+00:00\" \/>\n<meta name=\"twitter:card\" content=\"summary_large_image\" \/>\n<script type=\"application\/ld+json\" class=\"yoast-schema-graph\">{\"@context\":\"https:\\\/\\\/schema.org\",\"@graph\":[{\"@type\":\"WebPage\",\"@id\":\"https:\\\/\\\/parknasillaresort.com\\\/spa\\\/sothys-parknasilla\\\/\",\"url\":\"https:\\\/\\\/parknasillaresort.com\\\/spa\\\/sothys-parknasilla\\\/\",\"name\":\"Sothys At Parknasilla | Luxury Spa Hotel Kerry | Parknasilla Resort\",\"isPartOf\":{\"@id\":\"https:\\\/\\\/parknasillaresort.com\\\/#website\"},\"datePublished\":\"2021-03-18T15:31:13+00:00\",\"dateModified\":\"2025-06-19T15:15:53+00:00\",\"description\":\"Parknasilla Hotel has chosen Sothys as its premium brand spa partner because of its reputation worldwide for delivering indulgent, luxurious & healing treatments.\",\"breadcrumb\":{\"@id\":\"https:\\\/\\\/parknasillaresort.com\\\/spa\\\/sothys-parknasilla\\\/#breadcrumb\"},\"inLanguage\":\"de-DE\",\"potentialAction\":[{\"@type\":\"ReadAction\",\"target\":[\"https:\\\/\\\/parknasillaresort.com\\\/spa\\\/sothys-parknasilla\\\/\"]}]},{\"@type\":\"BreadcrumbList\",\"@id\":\"https:\\\/\\\/parknasillaresort.com\\\/spa\\\/sothys-parknasilla\\\/#breadcrumb\",\"itemListElement\":[{\"@type\":\"ListItem\",\"position\":1,\"name\":\"Home\",\"item\":\"https:\\\/\\\/parknasillaresort.com\\\/\"},{\"@type\":\"ListItem\",\"position\":2,\"name\":\"Spa\",\"item\":\"https:\\\/\\\/parknasillaresort.com\\\/spa\\\/\"},{\"@type\":\"ListItem\",\"position\":3,\"name\":\"Sothys at Parknasilla\"}]},{\"@type\":\"WebSite\",\"@id\":\"https:\\\/\\\/parknasillaresort.com\\\/#website\",\"url\":\"https:\\\/\\\/parknasillaresort.com\\\/\",\"name\":\"Parknasilla Resort &amp; Spa\",\"description\":\"Truly in a world of its own.\",\"potentialAction\":[{\"@type\":\"SearchAction\",\"target\":{\"@type\":\"EntryPoint\",\"urlTemplate\":\"https:\\\/\\\/parknasillaresort.com\\\/?s={search_term_string}\"},\"query-input\":{\"@type\":\"PropertyValueSpecification\",\"valueRequired\":true,\"valueName\":\"search_term_string\"}}],\"inLanguage\":\"de-DE\"}]}<\/script>\n<!-- \/ Yoast SEO plugin. -->","yoast_head_json":{"title":"Sothys At Parknasilla | Luxury Spa Hotel Kerry | Parknasilla Resort","description":"Das Parknasilla Hotel hat sich f\u00fcr Sothys als Premium-Marken-Spa-Partner entschieden, weil das Unternehmen weltweit f\u00fcr seine verw\u00f6hnenden, luxuri\u00f6sen und heilenden Behandlungen bekannt ist.","robots":{"index":"index","follow":"follow","max-snippet":"max-snippet:-1","max-image-preview":"max-image-preview:large","max-video-preview":"max-video-preview:-1"},"canonical":"https:\/\/parknasillaresort.com\/de_de\/spa\/sothys-parknasilla\/","og_locale":"de_DE","og_type":"article","og_title":"Sothys At Parknasilla | Luxury Spa Hotel Kerry | Parknasilla Resort","og_description":"Parknasilla Hotel has chosen Sothys as its premium brand spa partner because of its reputation worldwide for delivering indulgent, luxurious & healing treatments.","og_url":"https:\/\/parknasillaresort.com\/de_de\/spa\/sothys-parknasilla\/","og_site_name":"Parknasilla Resort &amp; Spa","article_modified_time":"2025-06-19T15:15:53+00:00","twitter_card":"summary_large_image","schema":{"@context":"https:\/\/schema.org","@graph":[{"@type":"WebPage","@id":"https:\/\/parknasillaresort.com\/spa\/sothys-parknasilla\/","url":"https:\/\/parknasillaresort.com\/spa\/sothys-parknasilla\/","name":"Sothys At Parknasilla | Luxury Spa Hotel Kerry | Parknasilla Resort","isPartOf":{"@id":"https:\/\/parknasillaresort.com\/#website"},"datePublished":"2021-03-18T15:31:13+00:00","dateModified":"2025-06-19T15:15:53+00:00","description":"Das Parknasilla Hotel hat sich f\u00fcr Sothys als Premium-Marken-Spa-Partner entschieden, weil das Unternehmen weltweit f\u00fcr seine verw\u00f6hnenden, luxuri\u00f6sen und heilenden Behandlungen bekannt ist.","breadcrumb":{"@id":"https:\/\/parknasillaresort.com\/spa\/sothys-parknasilla\/#breadcrumb"},"inLanguage":"de-DE","potentialAction":[{"@type":"ReadAction","target":["https:\/\/parknasillaresort.com\/spa\/sothys-parknasilla\/"]}]},{"@type":"BreadcrumbList","@id":"https:\/\/parknasillaresort.com\/spa\/sothys-parknasilla\/#breadcrumb","itemListElement":[{"@type":"ListItem","position":1,"name":"Home","item":"https:\/\/parknasillaresort.com\/"},{"@type":"ListItem","position":2,"name":"Spa","item":"https:\/\/parknasillaresort.com\/spa\/"},{"@type":"ListItem","position":3,"name":"Sothys at Parknasilla"}]},{"@type":"WebSite","@id":"https:\/\/parknasillaresort.com\/#website","url":"https:\/\/parknasillaresort.com\/","name":"Parknasilla Resort &amp; Spa","description":"Wahrlich eine Welt f\u00fcr sich.","potentialAction":[{"@type":"SearchAction","target":{"@type":"EntryPoint","urlTemplate":"https:\/\/parknasillaresort.com\/?s={search_term_string}"},"query-input":{"@type":"PropertyValueSpecification","valueRequired":true,"valueName":"search_term_string"}}],"inLanguage":"de-DE"}]}},"_links":{"self":[{"href":"https:\/\/parknasillaresort.com\/de_de\/wp-json\/wp\/v2\/pages\/618","targetHints":{"allow":["GET"]}}],"collection":[{"href":"https:\/\/parknasillaresort.com\/de_de\/wp-json\/wp\/v2\/pages"}],"about":[{"href":"https:\/\/parknasillaresort.com\/de_de\/wp-json\/wp\/v2\/types\/page"}],"author":[{"embeddable":true,"href":"https:\/\/parknasillaresort.com\/de_de\/wp-json\/wp\/v2\/users\/3"}],"replies":[{"embeddable":true,"href":"https:\/\/parknasillaresort.com\/de_de\/wp-json\/wp\/v2\/comments?post=618"}],"version-history":[{"count":0,"href":"https:\/\/parknasillaresort.com\/de_de\/wp-json\/wp\/v2\/pages\/618\/revisions"}],"up":[{"embeddable":true,"href":"https:\/\/parknasillaresort.com\/de_de\/wp-json\/wp\/v2\/pages\/604"}],"wp:attachment":[{"href":"https:\/\/parknasillaresort.com\/de_de\/wp-json\/wp\/v2\/media?parent=618"}],"curies":[{"name":"wp","href":"https:\/\/api.w.org\/{rel}","templated":true}]}}