{"id":534,"date":"2021-03-16T18:43:56","date_gmt":"2021-03-16T18:43:56","guid":{"rendered":"http:\/\/parknasilla.local\/?page_id=534"},"modified":"2025-10-01T16:09:22","modified_gmt":"2025-10-01T16:09:22","slug":"tennis","status":"publish","type":"page","link":"https:\/\/parknasillaresort.com\/de_de\/activities\/estate-activities\/tennis\/","title":{"rendered":"Tennis"},"content":{"rendered":"","protected":false},"excerpt":{"rendered":"","protected":false},"author":3,"featured_media":0,"parent":482,"menu_order":0,"comment_status":"closed","ping_status":"closed","template":"","meta":{"_acf_changed":false,"footnotes":""},"class_list":["post-534","page","type-page","status-publish","hentry"],"acf":[],"yoast_head":"<!-- This site is optimized with the Yoast SEO plugin v27.3 - https:\/\/yoast.com\/product\/yoast-seo-wordpress\/ -->\n<title>Tennis Courts | Activities To Do In Kerry | 4* Parknasilla Resort<\/title>\n<meta name=\"description\" content=\"Enjoy a game of tennis on one of our two outdoor all-weather floodlit courts. Tennis balls &amp; rackets are available complimentary from the concierge desk at the hotel.\" \/>\n<meta name=\"robots\" content=\"index, follow, max-snippet:-1, max-image-preview:large, max-video-preview:-1\" \/>\n<link rel=\"canonical\" href=\"https:\/\/parknasillaresort.com\/de_de\/activities\/estate-activities\/tennis\/\" \/>\n<meta property=\"og:locale\" content=\"de_DE\" \/>\n<meta property=\"og:type\" content=\"article\" \/>\n<meta property=\"og:title\" content=\"Tennis Courts | Activities To Do In Kerry | 4* Parknasilla Resort\" \/>\n<meta property=\"og:description\" content=\"Enjoy a game of tennis on one of our two outdoor all-weather floodlit courts. Tennis balls &amp; rackets are available complimentary from the concierge desk at the hotel.\" \/>\n<meta property=\"og:url\" content=\"https:\/\/parknasillaresort.com\/de_de\/activities\/estate-activities\/tennis\/\" \/>\n<meta property=\"og:site_name\" content=\"Parknasilla Resort &amp; Spa\" \/>\n<meta property=\"article:modified_time\" content=\"2025-10-01T16:09:22+00:00\" \/>\n<meta name=\"twitter:card\" content=\"summary_large_image\" \/>\n<script type=\"application\/ld+json\" class=\"yoast-schema-graph\">{\"@context\":\"https:\\\/\\\/schema.org\",\"@graph\":[{\"@type\":\"WebPage\",\"@id\":\"https:\\\/\\\/parknasillaresort.com\\\/activities\\\/estate-activities\\\/tennis\\\/\",\"url\":\"https:\\\/\\\/parknasillaresort.com\\\/activities\\\/estate-activities\\\/tennis\\\/\",\"name\":\"Tennis Courts | Activities To Do In Kerry | 4* Parknasilla Resort\",\"isPartOf\":{\"@id\":\"https:\\\/\\\/parknasillaresort.com\\\/#website\"},\"datePublished\":\"2021-03-16T18:43:56+00:00\",\"dateModified\":\"2025-10-01T16:09:22+00:00\",\"description\":\"Enjoy a game of tennis on one of our two outdoor all-weather floodlit courts. Tennis balls & rackets are available complimentary from the concierge desk at the hotel.\",\"breadcrumb\":{\"@id\":\"https:\\\/\\\/parknasillaresort.com\\\/activities\\\/estate-activities\\\/tennis\\\/#breadcrumb\"},\"inLanguage\":\"de-DE\",\"potentialAction\":[{\"@type\":\"ReadAction\",\"target\":[\"https:\\\/\\\/parknasillaresort.com\\\/activities\\\/estate-activities\\\/tennis\\\/\"]}]},{\"@type\":\"BreadcrumbList\",\"@id\":\"https:\\\/\\\/parknasillaresort.com\\\/activities\\\/estate-activities\\\/tennis\\\/#breadcrumb\",\"itemListElement\":[{\"@type\":\"ListItem\",\"position\":1,\"name\":\"Home\",\"item\":\"https:\\\/\\\/parknasillaresort.com\\\/\"},{\"@type\":\"ListItem\",\"position\":2,\"name\":\"Activities\",\"item\":\"https:\\\/\\\/parknasillaresort.com\\\/activities\\\/\"},{\"@type\":\"ListItem\",\"position\":3,\"name\":\"Estate Activities\",\"item\":\"https:\\\/\\\/parknasillaresort.com\\\/activities\\\/estate-activities\\\/\"},{\"@type\":\"ListItem\",\"position\":4,\"name\":\"Tennis\"}]},{\"@type\":\"WebSite\",\"@id\":\"https:\\\/\\\/parknasillaresort.com\\\/#website\",\"url\":\"https:\\\/\\\/parknasillaresort.com\\\/\",\"name\":\"Parknasilla Resort &amp; Spa\",\"description\":\"Truly in a world of its own.\",\"potentialAction\":[{\"@type\":\"SearchAction\",\"target\":{\"@type\":\"EntryPoint\",\"urlTemplate\":\"https:\\\/\\\/parknasillaresort.com\\\/?s={search_term_string}\"},\"query-input\":{\"@type\":\"PropertyValueSpecification\",\"valueRequired\":true,\"valueName\":\"search_term_string\"}}],\"inLanguage\":\"de-DE\"}]}<\/script>\n<!-- \/ Yoast SEO plugin. -->","yoast_head_json":{"title":"Tennispl\u00e4tze | Aktivit\u00e4ten in Kerry | 4* Parknasilla Resort","description":"Genie\u00dfen Sie eine Partie Tennis auf einem unserer beiden Allwetter-Au\u00dfenpl\u00e4tze mit Flutlicht. Tennisb\u00e4lle und -schl\u00e4ger sind kostenlos am Concierge-Schalter des Hotels erh\u00e4ltlich.","robots":{"index":"index","follow":"follow","max-snippet":"max-snippet:-1","max-image-preview":"max-image-preview:large","max-video-preview":"max-video-preview:-1"},"canonical":"https:\/\/parknasillaresort.com\/de_de\/activities\/estate-activities\/tennis\/","og_locale":"de_DE","og_type":"article","og_title":"Tennis Courts | Activities To Do In Kerry | 4* Parknasilla Resort","og_description":"Enjoy a game of tennis on one of our two outdoor all-weather floodlit courts. Tennis balls & rackets are available complimentary from the concierge desk at the hotel.","og_url":"https:\/\/parknasillaresort.com\/de_de\/activities\/estate-activities\/tennis\/","og_site_name":"Parknasilla Resort &amp; Spa","article_modified_time":"2025-10-01T16:09:22+00:00","twitter_card":"summary_large_image","schema":{"@context":"https:\/\/schema.org","@graph":[{"@type":"WebPage","@id":"https:\/\/parknasillaresort.com\/activities\/estate-activities\/tennis\/","url":"https:\/\/parknasillaresort.com\/activities\/estate-activities\/tennis\/","name":"Tennispl\u00e4tze | Aktivit\u00e4ten in Kerry | 4* Parknasilla Resort","isPartOf":{"@id":"https:\/\/parknasillaresort.com\/#website"},"datePublished":"2021-03-16T18:43:56+00:00","dateModified":"2025-10-01T16:09:22+00:00","description":"Genie\u00dfen Sie eine Partie Tennis auf einem unserer beiden Allwetter-Au\u00dfenpl\u00e4tze mit Flutlicht. Tennisb\u00e4lle und -schl\u00e4ger sind kostenlos am Concierge-Schalter des Hotels erh\u00e4ltlich.","breadcrumb":{"@id":"https:\/\/parknasillaresort.com\/activities\/estate-activities\/tennis\/#breadcrumb"},"inLanguage":"de-DE","potentialAction":[{"@type":"ReadAction","target":["https:\/\/parknasillaresort.com\/activities\/estate-activities\/tennis\/"]}]},{"@type":"BreadcrumbList","@id":"https:\/\/parknasillaresort.com\/activities\/estate-activities\/tennis\/#breadcrumb","itemListElement":[{"@type":"ListItem","position":1,"name":"Home","item":"https:\/\/parknasillaresort.com\/"},{"@type":"ListItem","position":2,"name":"Activities","item":"https:\/\/parknasillaresort.com\/activities\/"},{"@type":"ListItem","position":3,"name":"Estate Activities","item":"https:\/\/parknasillaresort.com\/activities\/estate-activities\/"},{"@type":"ListItem","position":4,"name":"Tennis"}]},{"@type":"WebSite","@id":"https:\/\/parknasillaresort.com\/#website","url":"https:\/\/parknasillaresort.com\/","name":"Parknasilla Resort &amp; Spa","description":"Wahrlich eine Welt f\u00fcr sich.","potentialAction":[{"@type":"SearchAction","target":{"@type":"EntryPoint","urlTemplate":"https:\/\/parknasillaresort.com\/?s={search_term_string}"},"query-input":{"@type":"PropertyValueSpecification","valueRequired":true,"valueName":"search_term_string"}}],"inLanguage":"de-DE"}]}},"_links":{"self":[{"href":"https:\/\/parknasillaresort.com\/de_de\/wp-json\/wp\/v2\/pages\/534","targetHints":{"allow":["GET"]}}],"collection":[{"href":"https:\/\/parknasillaresort.com\/de_de\/wp-json\/wp\/v2\/pages"}],"about":[{"href":"https:\/\/parknasillaresort.com\/de_de\/wp-json\/wp\/v2\/types\/page"}],"author":[{"embeddable":true,"href":"https:\/\/parknasillaresort.com\/de_de\/wp-json\/wp\/v2\/users\/3"}],"replies":[{"embeddable":true,"href":"https:\/\/parknasillaresort.com\/de_de\/wp-json\/wp\/v2\/comments?post=534"}],"version-history":[{"count":0,"href":"https:\/\/parknasillaresort.com\/de_de\/wp-json\/wp\/v2\/pages\/534\/revisions"}],"up":[{"embeddable":true,"href":"https:\/\/parknasillaresort.com\/de_de\/wp-json\/wp\/v2\/pages\/482"}],"wp:attachment":[{"href":"https:\/\/parknasillaresort.com\/de_de\/wp-json\/wp\/v2\/media?parent=534"}],"curies":[{"name":"wp","href":"https:\/\/api.w.org\/{rel}","templated":true}]}}