{"id":410,"date":"2021-03-14T22:09:41","date_gmt":"2021-03-14T22:09:41","guid":{"rendered":"http:\/\/parknasilla.local\/?page_id=410"},"modified":"2026-03-03T16:53:24","modified_gmt":"2026-03-03T16:53:24","slug":"curated-experiences","status":"publish","type":"page","link":"https:\/\/parknasillaresort.com\/de_de\/activities\/curated-experiences\/","title":{"rendered":"Kuratierte Erlebnisse"},"content":{"rendered":"","protected":false},"excerpt":{"rendered":"","protected":false},"author":3,"featured_media":0,"parent":570,"menu_order":0,"comment_status":"closed","ping_status":"closed","template":"","meta":{"_acf_changed":false,"footnotes":""},"class_list":["post-410","page","type-page","status-publish","hentry"],"acf":[],"yoast_head":"<!-- This site is optimized with the Yoast SEO plugin v27.3 - https:\/\/yoast.com\/product\/yoast-seo-wordpress\/ -->\n<title>Curated Experiences | Best Things To Do Kerry | Parknasilla Hotel<\/title>\n<meta name=\"description\" content=\"During your stay at Parknasilla Hotel why not take part in one of our curated experiences with our expert guides on boat trips, archery, owls experience &amp; more.\" \/>\n<meta name=\"robots\" content=\"index, follow, max-snippet:-1, max-image-preview:large, max-video-preview:-1\" \/>\n<link rel=\"canonical\" href=\"https:\/\/parknasillaresort.com\/de_de\/activities\/curated-experiences\/\" \/>\n<meta property=\"og:locale\" content=\"de_DE\" \/>\n<meta property=\"og:type\" content=\"article\" \/>\n<meta property=\"og:title\" content=\"Curated Experiences | Best Things To Do Kerry | Parknasilla Hotel\" \/>\n<meta property=\"og:description\" content=\"During your stay at Parknasilla Hotel why not take part in one of our curated experiences with our expert guides on boat trips, archery, owls experience &amp; more.\" \/>\n<meta property=\"og:url\" content=\"https:\/\/parknasillaresort.com\/de_de\/activities\/curated-experiences\/\" \/>\n<meta property=\"og:site_name\" content=\"Parknasilla Resort &amp; Spa\" \/>\n<meta property=\"article:modified_time\" content=\"2026-03-03T16:53:24+00:00\" \/>\n<meta name=\"twitter:card\" content=\"summary_large_image\" \/>\n<script type=\"application\/ld+json\" class=\"yoast-schema-graph\">{\"@context\":\"https:\\\/\\\/schema.org\",\"@graph\":[{\"@type\":\"WebPage\",\"@id\":\"https:\\\/\\\/parknasillaresort.com\\\/activities\\\/curated-experiences\\\/\",\"url\":\"https:\\\/\\\/parknasillaresort.com\\\/activities\\\/curated-experiences\\\/\",\"name\":\"Curated Experiences | Best Things To Do Kerry | Parknasilla Hotel\",\"isPartOf\":{\"@id\":\"https:\\\/\\\/parknasillaresort.com\\\/#website\"},\"datePublished\":\"2021-03-14T22:09:41+00:00\",\"dateModified\":\"2026-03-03T16:53:24+00:00\",\"description\":\"During your stay at Parknasilla Hotel why not take part in one of our curated experiences with our expert guides on boat trips, archery, owls experience & more.\",\"breadcrumb\":{\"@id\":\"https:\\\/\\\/parknasillaresort.com\\\/activities\\\/curated-experiences\\\/#breadcrumb\"},\"inLanguage\":\"de-DE\",\"potentialAction\":[{\"@type\":\"ReadAction\",\"target\":[\"https:\\\/\\\/parknasillaresort.com\\\/activities\\\/curated-experiences\\\/\"]}]},{\"@type\":\"BreadcrumbList\",\"@id\":\"https:\\\/\\\/parknasillaresort.com\\\/activities\\\/curated-experiences\\\/#breadcrumb\",\"itemListElement\":[{\"@type\":\"ListItem\",\"position\":1,\"name\":\"Home\",\"item\":\"https:\\\/\\\/parknasillaresort.com\\\/\"},{\"@type\":\"ListItem\",\"position\":2,\"name\":\"Activities\",\"item\":\"https:\\\/\\\/parknasillaresort.com\\\/activities\\\/\"},{\"@type\":\"ListItem\",\"position\":3,\"name\":\"Curated Experiences\"}]},{\"@type\":\"WebSite\",\"@id\":\"https:\\\/\\\/parknasillaresort.com\\\/#website\",\"url\":\"https:\\\/\\\/parknasillaresort.com\\\/\",\"name\":\"Parknasilla Resort &amp; Spa\",\"description\":\"Truly in a world of its own.\",\"potentialAction\":[{\"@type\":\"SearchAction\",\"target\":{\"@type\":\"EntryPoint\",\"urlTemplate\":\"https:\\\/\\\/parknasillaresort.com\\\/?s={search_term_string}\"},\"query-input\":{\"@type\":\"PropertyValueSpecification\",\"valueRequired\":true,\"valueName\":\"search_term_string\"}}],\"inLanguage\":\"de-DE\"}]}<\/script>\n<!-- \/ Yoast SEO plugin. -->","yoast_head_json":{"title":"Kuratierte Erlebnisse | Best Things To Do Kerry | Parknasilla Hotel","description":"Warum nehmen Sie w\u00e4hrend Ihres Aufenthalts im Parknasilla Hotel nicht an einem unserer kuratierten Erlebnisse mit unseren fachkundigen F\u00fchrern teil, wie z.B. Bootsausfl\u00fcge, Bogenschie\u00dfen, Eulenerlebnis &amp; mehr.","robots":{"index":"index","follow":"follow","max-snippet":"max-snippet:-1","max-image-preview":"max-image-preview:large","max-video-preview":"max-video-preview:-1"},"canonical":"https:\/\/parknasillaresort.com\/de_de\/activities\/curated-experiences\/","og_locale":"de_DE","og_type":"article","og_title":"Curated Experiences | Best Things To Do Kerry | Parknasilla Hotel","og_description":"During your stay at Parknasilla Hotel why not take part in one of our curated experiences with our expert guides on boat trips, archery, owls experience & more.","og_url":"https:\/\/parknasillaresort.com\/de_de\/activities\/curated-experiences\/","og_site_name":"Parknasilla Resort &amp; Spa","article_modified_time":"2026-03-03T16:53:24+00:00","twitter_card":"summary_large_image","schema":{"@context":"https:\/\/schema.org","@graph":[{"@type":"WebPage","@id":"https:\/\/parknasillaresort.com\/activities\/curated-experiences\/","url":"https:\/\/parknasillaresort.com\/activities\/curated-experiences\/","name":"Kuratierte Erlebnisse | Best Things To Do Kerry | Parknasilla Hotel","isPartOf":{"@id":"https:\/\/parknasillaresort.com\/#website"},"datePublished":"2021-03-14T22:09:41+00:00","dateModified":"2026-03-03T16:53:24+00:00","description":"Warum nehmen Sie w\u00e4hrend Ihres Aufenthalts im Parknasilla Hotel nicht an einem unserer kuratierten Erlebnisse mit unseren fachkundigen F\u00fchrern teil, wie z.B. Bootsausfl\u00fcge, Bogenschie\u00dfen, Eulenerlebnis &amp; mehr.","breadcrumb":{"@id":"https:\/\/parknasillaresort.com\/activities\/curated-experiences\/#breadcrumb"},"inLanguage":"de-DE","potentialAction":[{"@type":"ReadAction","target":["https:\/\/parknasillaresort.com\/activities\/curated-experiences\/"]}]},{"@type":"BreadcrumbList","@id":"https:\/\/parknasillaresort.com\/activities\/curated-experiences\/#breadcrumb","itemListElement":[{"@type":"ListItem","position":1,"name":"Home","item":"https:\/\/parknasillaresort.com\/"},{"@type":"ListItem","position":2,"name":"Activities","item":"https:\/\/parknasillaresort.com\/activities\/"},{"@type":"ListItem","position":3,"name":"Curated Experiences"}]},{"@type":"WebSite","@id":"https:\/\/parknasillaresort.com\/#website","url":"https:\/\/parknasillaresort.com\/","name":"Parknasilla Resort &amp; Spa","description":"Wahrlich eine Welt f\u00fcr sich.","potentialAction":[{"@type":"SearchAction","target":{"@type":"EntryPoint","urlTemplate":"https:\/\/parknasillaresort.com\/?s={search_term_string}"},"query-input":{"@type":"PropertyValueSpecification","valueRequired":true,"valueName":"search_term_string"}}],"inLanguage":"de-DE"}]}},"_links":{"self":[{"href":"https:\/\/parknasillaresort.com\/de_de\/wp-json\/wp\/v2\/pages\/410","targetHints":{"allow":["GET"]}}],"collection":[{"href":"https:\/\/parknasillaresort.com\/de_de\/wp-json\/wp\/v2\/pages"}],"about":[{"href":"https:\/\/parknasillaresort.com\/de_de\/wp-json\/wp\/v2\/types\/page"}],"author":[{"embeddable":true,"href":"https:\/\/parknasillaresort.com\/de_de\/wp-json\/wp\/v2\/users\/3"}],"replies":[{"embeddable":true,"href":"https:\/\/parknasillaresort.com\/de_de\/wp-json\/wp\/v2\/comments?post=410"}],"version-history":[{"count":0,"href":"https:\/\/parknasillaresort.com\/de_de\/wp-json\/wp\/v2\/pages\/410\/revisions"}],"up":[{"embeddable":true,"href":"https:\/\/parknasillaresort.com\/de_de\/wp-json\/wp\/v2\/pages\/570"}],"wp:attachment":[{"href":"https:\/\/parknasillaresort.com\/de_de\/wp-json\/wp\/v2\/media?parent=410"}],"curies":[{"name":"wp","href":"https:\/\/api.w.org\/{rel}","templated":true}]}}