{"id":3194,"date":"2025-05-15T14:47:44","date_gmt":"2025-05-15T14:47:44","guid":{"rendered":"https:\/\/parknasillaresort.com\/?page_id=3194"},"modified":"2026-03-04T19:32:29","modified_gmt":"2026-03-04T19:32:29","slug":"doolittle-day-menu","status":"publish","type":"page","link":"https:\/\/parknasillaresort.com\/de_de\/doolittle-day-menu\/","title":{"rendered":"Doolittle Day Men\u00fc"},"content":{"rendered":"","protected":false},"excerpt":{"rendered":"","protected":false},"author":3,"featured_media":0,"parent":0,"menu_order":0,"comment_status":"closed","ping_status":"closed","template":"","meta":{"_acf_changed":false,"footnotes":""},"class_list":["post-3194","page","type-page","status-publish","hentry"],"acf":[],"yoast_head":"<!-- This site is optimized with the Yoast SEO plugin v27.4 - https:\/\/yoast.com\/product\/yoast-seo-wordpress\/ -->\n<title>Doolittle Day Menu | 4* Parknasilla Resort &amp; Spa Hotel<\/title>\n<meta name=\"description\" content=\"Parknasilla Hotel has several dining options for you to choose from such as The Doolittle Bar, The Pygmalion Restaurant, Railway Express Cafe &amp; The Tram Street Food.\" \/>\n<meta name=\"robots\" content=\"noindex, nofollow\" \/>\n<meta property=\"og:locale\" content=\"de_DE\" \/>\n<meta property=\"og:type\" content=\"article\" \/>\n<meta property=\"og:title\" content=\"Doolittle Day Menu | 4* Parknasilla Resort &amp; Spa Hotel\" \/>\n<meta property=\"og:description\" content=\"Parknasilla Hotel has several dining options for you to choose from such as The Doolittle Bar, The Pygmalion Restaurant, Railway Express Cafe &amp; The Tram Street Food.\" \/>\n<meta property=\"og:url\" content=\"https:\/\/parknasillaresort.com\/de_de\/doolittle-day-menu\/\" \/>\n<meta property=\"og:site_name\" content=\"Parknasilla Resort &amp; Spa\" \/>\n<meta property=\"article:modified_time\" content=\"2026-03-04T19:32:29+00:00\" \/>\n<meta name=\"twitter:card\" content=\"summary_large_image\" \/>\n<script type=\"application\/ld+json\" class=\"yoast-schema-graph\">{\"@context\":\"https:\\\/\\\/schema.org\",\"@graph\":[{\"@type\":\"WebPage\",\"@id\":\"https:\\\/\\\/parknasillaresort.com\\\/doolittle-day-menu\\\/\",\"url\":\"https:\\\/\\\/parknasillaresort.com\\\/doolittle-day-menu\\\/\",\"name\":\"Doolittle Day Menu | 4* Parknasilla Resort & Spa Hotel\",\"isPartOf\":{\"@id\":\"https:\\\/\\\/parknasillaresort.com\\\/#website\"},\"datePublished\":\"2025-05-15T14:47:44+00:00\",\"dateModified\":\"2026-03-04T19:32:29+00:00\",\"description\":\"Parknasilla Hotel has several dining options for you to choose from such as The Doolittle Bar, The Pygmalion Restaurant, Railway Express Cafe & The Tram Street Food.\",\"breadcrumb\":{\"@id\":\"https:\\\/\\\/parknasillaresort.com\\\/doolittle-day-menu\\\/#breadcrumb\"},\"inLanguage\":\"de-DE\",\"potentialAction\":[{\"@type\":\"ReadAction\",\"target\":[\"https:\\\/\\\/parknasillaresort.com\\\/doolittle-day-menu\\\/\"]}]},{\"@type\":\"BreadcrumbList\",\"@id\":\"https:\\\/\\\/parknasillaresort.com\\\/doolittle-day-menu\\\/#breadcrumb\",\"itemListElement\":[{\"@type\":\"ListItem\",\"position\":1,\"name\":\"Home\",\"item\":\"https:\\\/\\\/parknasillaresort.com\\\/\"},{\"@type\":\"ListItem\",\"position\":2,\"name\":\"Doolittle Day Menu\"}]},{\"@type\":\"WebSite\",\"@id\":\"https:\\\/\\\/parknasillaresort.com\\\/#website\",\"url\":\"https:\\\/\\\/parknasillaresort.com\\\/\",\"name\":\"Parknasilla Resort &amp; Spa\",\"description\":\"Truly in a world of its own.\",\"publisher\":{\"@id\":\"https:\\\/\\\/parknasillaresort.com\\\/#organization\"},\"potentialAction\":[{\"@type\":\"SearchAction\",\"target\":{\"@type\":\"EntryPoint\",\"urlTemplate\":\"https:\\\/\\\/parknasillaresort.com\\\/?s={search_term_string}\"},\"query-input\":{\"@type\":\"PropertyValueSpecification\",\"valueRequired\":true,\"valueName\":\"search_term_string\"}}],\"inLanguage\":\"de-DE\"},{\"@type\":\"Organization\",\"@id\":\"https:\\\/\\\/parknasillaresort.com\\\/#organization\",\"name\":\"Parknasilla Resort & Spa\",\"url\":\"https:\\\/\\\/parknasillaresort.com\\\/\",\"logo\":{\"@type\":\"ImageObject\",\"inLanguage\":\"de-DE\",\"@id\":\"https:\\\/\\\/parknasillaresort.com\\\/#\\\/schema\\\/logo\\\/image\\\/\",\"url\":\"https:\\\/\\\/parknasillaresort.com\\\/wp-content\\\/uploads\\\/2021\\\/04\\\/parknasilla_logoemail.png\",\"contentUrl\":\"https:\\\/\\\/parknasillaresort.com\\\/wp-content\\\/uploads\\\/2021\\\/04\\\/parknasilla_logoemail.png\",\"width\":300,\"height\":100,\"caption\":\"Parknasilla Resort & Spa\"},\"image\":{\"@id\":\"https:\\\/\\\/parknasillaresort.com\\\/#\\\/schema\\\/logo\\\/image\\\/\"}}]}<\/script>\n<!-- \/ Yoast SEO plugin. -->","yoast_head_json":{"title":"Doolittle Day Menu | 4* Parknasilla Resort & Spa Hotel","description":"Das Parknasilla Hotel verf\u00fcgt \u00fcber mehrere Speisem\u00f6glichkeiten, wie z.B. The Doolittle Bar, The Pygmalion Restaurant, Railway Express Cafe &amp; The Tram Street Food, aus denen Sie w\u00e4hlen k\u00f6nnen.","robots":{"index":"noindex","follow":"nofollow"},"og_locale":"de_DE","og_type":"article","og_title":"Doolittle Day Menu | 4* Parknasilla Resort & Spa Hotel","og_description":"Parknasilla Hotel has several dining options for you to choose from such as The Doolittle Bar, The Pygmalion Restaurant, Railway Express Cafe & The Tram Street Food.","og_url":"https:\/\/parknasillaresort.com\/de_de\/doolittle-day-menu\/","og_site_name":"Parknasilla Resort &amp; Spa","article_modified_time":"2026-03-04T19:32:29+00:00","twitter_card":"summary_large_image","schema":{"@context":"https:\/\/schema.org","@graph":[{"@type":"WebPage","@id":"https:\/\/parknasillaresort.com\/doolittle-day-menu\/","url":"https:\/\/parknasillaresort.com\/doolittle-day-menu\/","name":"Doolittle Day Menu | 4* Parknasilla Resort & Spa Hotel","isPartOf":{"@id":"https:\/\/parknasillaresort.com\/#website"},"datePublished":"2025-05-15T14:47:44+00:00","dateModified":"2026-03-04T19:32:29+00:00","description":"Das Parknasilla Hotel verf\u00fcgt \u00fcber mehrere Speisem\u00f6glichkeiten, wie z.B. The Doolittle Bar, The Pygmalion Restaurant, Railway Express Cafe &amp; The Tram Street Food, aus denen Sie w\u00e4hlen k\u00f6nnen.","breadcrumb":{"@id":"https:\/\/parknasillaresort.com\/doolittle-day-menu\/#breadcrumb"},"inLanguage":"de-DE","potentialAction":[{"@type":"ReadAction","target":["https:\/\/parknasillaresort.com\/doolittle-day-menu\/"]}]},{"@type":"BreadcrumbList","@id":"https:\/\/parknasillaresort.com\/doolittle-day-menu\/#breadcrumb","itemListElement":[{"@type":"ListItem","position":1,"name":"Home","item":"https:\/\/parknasillaresort.com\/"},{"@type":"ListItem","position":2,"name":"Doolittle Day Menu"}]},{"@type":"WebSite","@id":"https:\/\/parknasillaresort.com\/#website","url":"https:\/\/parknasillaresort.com\/","name":"Parknasilla Resort &amp; Spa","description":"Wahrlich eine Welt f\u00fcr sich.","publisher":{"@id":"https:\/\/parknasillaresort.com\/#organization"},"potentialAction":[{"@type":"SearchAction","target":{"@type":"EntryPoint","urlTemplate":"https:\/\/parknasillaresort.com\/?s={search_term_string}"},"query-input":{"@type":"PropertyValueSpecification","valueRequired":true,"valueName":"search_term_string"}}],"inLanguage":"de-DE"},{"@type":"Organization","@id":"https:\/\/parknasillaresort.com\/#organization","name":"Parknasilla Resort &amp; Spa","url":"https:\/\/parknasillaresort.com\/","logo":{"@type":"ImageObject","inLanguage":"de-DE","@id":"https:\/\/parknasillaresort.com\/#\/schema\/logo\/image\/","url":"https:\/\/parknasillaresort.com\/wp-content\/uploads\/2021\/04\/parknasilla_logoemail.png","contentUrl":"https:\/\/parknasillaresort.com\/wp-content\/uploads\/2021\/04\/parknasilla_logoemail.png","width":300,"height":100,"caption":"Parknasilla Resort & Spa"},"image":{"@id":"https:\/\/parknasillaresort.com\/#\/schema\/logo\/image\/"}}]}},"_links":{"self":[{"href":"https:\/\/parknasillaresort.com\/de_de\/wp-json\/wp\/v2\/pages\/3194","targetHints":{"allow":["GET"]}}],"collection":[{"href":"https:\/\/parknasillaresort.com\/de_de\/wp-json\/wp\/v2\/pages"}],"about":[{"href":"https:\/\/parknasillaresort.com\/de_de\/wp-json\/wp\/v2\/types\/page"}],"author":[{"embeddable":true,"href":"https:\/\/parknasillaresort.com\/de_de\/wp-json\/wp\/v2\/users\/3"}],"replies":[{"embeddable":true,"href":"https:\/\/parknasillaresort.com\/de_de\/wp-json\/wp\/v2\/comments?post=3194"}],"version-history":[{"count":0,"href":"https:\/\/parknasillaresort.com\/de_de\/wp-json\/wp\/v2\/pages\/3194\/revisions"}],"wp:attachment":[{"href":"https:\/\/parknasillaresort.com\/de_de\/wp-json\/wp\/v2\/media?parent=3194"}],"curies":[{"name":"wp","href":"https:\/\/api.w.org\/{rel}","templated":true}]}}