{"id":2,"date":"2021-01-19T17:58:08","date_gmt":"2021-01-19T17:58:08","guid":{"rendered":"http:\/\/parknasilla.local\/?page_id=2"},"modified":"2026-04-01T10:22:59","modified_gmt":"2026-04-01T10:22:59","slug":"sample-page","status":"publish","type":"page","link":"https:\/\/parknasillaresort.com\/de_de\/","title":{"rendered":"Parknasilla"},"content":{"rendered":"<p>Dies ist eine Beispielseite. Sie unterscheidet sich von einem Blog-Beitrag, weil sie an einem Ort bleibt und in der Navigation Ihrer Website angezeigt wird (in den meisten Themes). Die meisten Leute beginnen mit einer \"\u00dcber\"-Seite, die sie potenziellen Website-Besuchern vorstellt. Sie k\u00f6nnte etwa so lauten:<\/p>\r\n\r\n\r\n\r\n<blockquote class=\"wp-block-quote is-layout-flow wp-block-quote-is-layout-flow\">\r\n<p>Hallo zusammen! Ich bin ein Fahrradkurier bei Tag, aufstrebender Schauspieler bei Nacht, und dies ist meine Website. Ich lebe in Los Angeles, habe einen tollen Hund namens Jack, und ich mag Pi\u00f1a Coladas. (Und im Regen erwischt zu werden.)<\/p>\r\n<\/blockquote>\r\n\r\n\r\n\r\n<p>...oder so \u00e4hnlich:<\/p>\r\n\r\n\r\n\r\n<blockquote class=\"wp-block-quote is-layout-flow wp-block-quote-is-layout-flow\">\r\n<p>Die XYZ Doohickey Company wurde 1971 gegr\u00fcndet und bietet seitdem hochwertige Doohickeys f\u00fcr die \u00d6ffentlichkeit an. Mit Sitz in Gotham City, besch\u00e4ftigt XYZ \u00fcber 2.000 Mitarbeiter und tut alle Arten von awesome Dinge f\u00fcr die Gotham Gemeinschaft.<\/p>\r\n<\/blockquote>\r\n\r\n\r\n\r\n<p>Als neuer WordPress-Benutzer sollten Sie zu <a href=\"https:\/\/parknasillaresort.com\/wp-admin\/\">Ihr Armaturenbrett<\/a> um diese Seite zu l\u00f6schen und neue Seiten f\u00fcr Ihren Inhalt zu erstellen. Viel Spa\u00df!<\/p>","protected":false},"excerpt":{"rendered":"Dies ist eine Beispielseite. Sie unterscheidet sich von einem Blog-Beitrag, weil sie an einem Ort bleibt und in der Navigation Ihrer Website angezeigt wird (in den meisten Themes). Die meisten Leute beginnen mit einer \"\u00dcber\"-Seite, die sie potenziellen Website-Besuchern vorstellt. Sie k\u00f6nnte etwa so lauten: Hallo! Ich bin ein Fahrradkurier... <a class=\"view-article\" href=\"https:\/\/parknasillaresort.com\/de_de\/\">Artikel ansehen<\/a>","protected":false},"author":8,"featured_media":0,"parent":0,"menu_order":0,"comment_status":"closed","ping_status":"closed","template":"","meta":{"_acf_changed":false,"footnotes":""},"class_list":["post-2","page","type-page","status-publish","hentry"],"acf":[],"yoast_head":"<!-- This site is optimized with the Yoast SEO plugin v27.3 - https:\/\/yoast.com\/product\/yoast-seo-wordpress\/ -->\n<title>Parknasilla Resort &amp; Spa | Luxury Hotels In Kerry | Book Today!<\/title>\n<meta name=\"description\" content=\"Enjoy a relaxing stay in Kerry at Parknasilla Resort &amp; Spa Hotel that offers luxury rooms &amp; self-catering houses surrounded by inlets &amp; hidden beaches. Book Today!\" \/>\n<meta name=\"robots\" content=\"index, follow, max-snippet:-1, max-image-preview:large, max-video-preview:-1\" \/>\n<link rel=\"canonical\" href=\"https:\/\/parknasillaresort.com\/de_de\/\" \/>\n<meta property=\"og:locale\" content=\"de_DE\" \/>\n<meta property=\"og:type\" content=\"article\" \/>\n<meta property=\"og:title\" content=\"Parknasilla Resort &amp; Spa | Luxury Hotels In Kerry | Book Today!\" \/>\n<meta property=\"og:description\" content=\"Enjoy a relaxing stay in Kerry at Parknasilla Resort &amp; Spa Hotel that offers luxury rooms &amp; self-catering houses surrounded by inlets &amp; hidden beaches. Book Today!\" \/>\n<meta property=\"og:url\" content=\"https:\/\/parknasillaresort.com\/de_de\/\" \/>\n<meta property=\"og:site_name\" content=\"Parknasilla Resort &amp; Spa\" \/>\n<meta property=\"article:modified_time\" content=\"2026-04-01T10:22:59+00:00\" \/>\n<meta name=\"twitter:card\" content=\"summary_large_image\" \/>\n<meta name=\"twitter:label1\" content=\"Gesch\u00e4tzte Lesezeit\" \/>\n\t<meta name=\"twitter:data1\" content=\"12 Minuten\" \/>\n<script type=\"application\/ld+json\" class=\"yoast-schema-graph\">{\"@context\":\"https:\\\/\\\/schema.org\",\"@graph\":[{\"@type\":\"WebPage\",\"@id\":\"https:\\\/\\\/parknasillaresort.com\\\/\",\"url\":\"https:\\\/\\\/parknasillaresort.com\\\/\",\"name\":\"Parknasilla Resort & Spa | Luxury Hotels In Kerry | Book Today!\",\"isPartOf\":{\"@id\":\"https:\\\/\\\/parknasillaresort.com\\\/#website\"},\"datePublished\":\"2021-01-19T17:58:08+00:00\",\"dateModified\":\"2026-04-01T10:22:59+00:00\",\"description\":\"Enjoy a relaxing stay in Kerry at Parknasilla Resort & Spa Hotel that offers luxury rooms & self-catering houses surrounded by inlets & hidden beaches. Book Today!\",\"breadcrumb\":{\"@id\":\"https:\\\/\\\/parknasillaresort.com\\\/#breadcrumb\"},\"inLanguage\":\"de-DE\",\"potentialAction\":[{\"@type\":\"ReadAction\",\"target\":[\"https:\\\/\\\/parknasillaresort.com\\\/\"]}]},{\"@type\":\"BreadcrumbList\",\"@id\":\"https:\\\/\\\/parknasillaresort.com\\\/#breadcrumb\",\"itemListElement\":[{\"@type\":\"ListItem\",\"position\":1,\"name\":\"Home\",\"item\":\"https:\\\/\\\/parknasillaresort.com\\\/\"},{\"@type\":\"ListItem\",\"position\":2,\"name\":\"Parknasilla\"}]},{\"@type\":\"WebSite\",\"@id\":\"https:\\\/\\\/parknasillaresort.com\\\/#website\",\"url\":\"https:\\\/\\\/parknasillaresort.com\\\/\",\"name\":\"Parknasilla Resort &amp; Spa\",\"description\":\"Truly in a world of its own.\",\"potentialAction\":[{\"@type\":\"SearchAction\",\"target\":{\"@type\":\"EntryPoint\",\"urlTemplate\":\"https:\\\/\\\/parknasillaresort.com\\\/?s={search_term_string}\"},\"query-input\":{\"@type\":\"PropertyValueSpecification\",\"valueRequired\":true,\"valueName\":\"search_term_string\"}}],\"inLanguage\":\"de-DE\"}]}<\/script>\n<!-- \/ Yoast SEO plugin. -->","yoast_head_json":{"title":"Parknasilla Resort &amp; Spa | Luxushotels in Kerry | Heute buchen!","description":"Genie\u00dfen Sie einen erholsamen Aufenthalt in Kerry im Parknasilla Resort &amp; Spa Hotel, das luxuri\u00f6se Zimmer und H\u00e4user zur Selbstverpflegung bietet, umgeben von Buchten und versteckten Str\u00e4nden. Buchen Sie noch heute!","robots":{"index":"index","follow":"follow","max-snippet":"max-snippet:-1","max-image-preview":"max-image-preview:large","max-video-preview":"max-video-preview:-1"},"canonical":"https:\/\/parknasillaresort.com\/de_de\/","og_locale":"de_DE","og_type":"article","og_title":"Parknasilla Resort & Spa | Luxury Hotels In Kerry | Book Today!","og_description":"Enjoy a relaxing stay in Kerry at Parknasilla Resort & Spa Hotel that offers luxury rooms & self-catering houses surrounded by inlets & hidden beaches. Book Today!","og_url":"https:\/\/parknasillaresort.com\/de_de\/","og_site_name":"Parknasilla Resort &amp; Spa","article_modified_time":"2026-04-01T10:22:59+00:00","twitter_card":"summary_large_image","twitter_misc":{"Gesch\u00e4tzte Lesezeit":"12 Minuten"},"schema":{"@context":"https:\/\/schema.org","@graph":[{"@type":"WebPage","@id":"https:\/\/parknasillaresort.com\/","url":"https:\/\/parknasillaresort.com\/","name":"Parknasilla Resort &amp; Spa | Luxushotels in Kerry | Heute buchen!","isPartOf":{"@id":"https:\/\/parknasillaresort.com\/#website"},"datePublished":"2021-01-19T17:58:08+00:00","dateModified":"2026-04-01T10:22:59+00:00","description":"Genie\u00dfen Sie einen erholsamen Aufenthalt in Kerry im Parknasilla Resort &amp; Spa Hotel, das luxuri\u00f6se Zimmer und H\u00e4user zur Selbstverpflegung bietet, umgeben von Buchten und versteckten Str\u00e4nden. Buchen Sie noch heute!","breadcrumb":{"@id":"https:\/\/parknasillaresort.com\/#breadcrumb"},"inLanguage":"de-DE","potentialAction":[{"@type":"ReadAction","target":["https:\/\/parknasillaresort.com\/"]}]},{"@type":"BreadcrumbList","@id":"https:\/\/parknasillaresort.com\/#breadcrumb","itemListElement":[{"@type":"ListItem","position":1,"name":"Home","item":"https:\/\/parknasillaresort.com\/"},{"@type":"ListItem","position":2,"name":"Parknasilla"}]},{"@type":"WebSite","@id":"https:\/\/parknasillaresort.com\/#website","url":"https:\/\/parknasillaresort.com\/","name":"Parknasilla Resort &amp; Spa","description":"Wahrlich eine Welt f\u00fcr sich.","potentialAction":[{"@type":"SearchAction","target":{"@type":"EntryPoint","urlTemplate":"https:\/\/parknasillaresort.com\/?s={search_term_string}"},"query-input":{"@type":"PropertyValueSpecification","valueRequired":true,"valueName":"search_term_string"}}],"inLanguage":"de-DE"}]}},"_links":{"self":[{"href":"https:\/\/parknasillaresort.com\/de_de\/wp-json\/wp\/v2\/pages\/2","targetHints":{"allow":["GET"]}}],"collection":[{"href":"https:\/\/parknasillaresort.com\/de_de\/wp-json\/wp\/v2\/pages"}],"about":[{"href":"https:\/\/parknasillaresort.com\/de_de\/wp-json\/wp\/v2\/types\/page"}],"author":[{"embeddable":true,"href":"https:\/\/parknasillaresort.com\/de_de\/wp-json\/wp\/v2\/users\/8"}],"replies":[{"embeddable":true,"href":"https:\/\/parknasillaresort.com\/de_de\/wp-json\/wp\/v2\/comments?post=2"}],"version-history":[{"count":0,"href":"https:\/\/parknasillaresort.com\/de_de\/wp-json\/wp\/v2\/pages\/2\/revisions"}],"wp:attachment":[{"href":"https:\/\/parknasillaresort.com\/de_de\/wp-json\/wp\/v2\/media?parent=2"}],"curies":[{"name":"wp","href":"https:\/\/api.w.org\/{rel}","templated":true}]}}