{"id":1926,"date":"2022-09-05T13:22:09","date_gmt":"2022-09-05T13:22:09","guid":{"rendered":"https:\/\/parknasillaresort.com\/?page_id=1926"},"modified":"2023-12-13T23:10:04","modified_gmt":"2023-12-13T23:10:04","slug":"mission-impossible-code","status":"publish","type":"page","link":"https:\/\/parknasillaresort.com\/de_de\/activities\/estate-activities\/mission-impossible-code\/","title":{"rendered":"Mission Impossible Code"},"content":{"rendered":"","protected":false},"excerpt":{"rendered":"","protected":false},"author":3,"featured_media":0,"parent":482,"menu_order":0,"comment_status":"closed","ping_status":"closed","template":"","meta":{"_acf_changed":false,"footnotes":""},"class_list":["post-1926","page","type-page","status-publish","hentry"],"acf":[],"yoast_head":"<!-- This site is optimized with the Yoast SEO plugin v27.3 - https:\/\/yoast.com\/product\/yoast-seo-wordpress\/ -->\n<title>Mission Impossible Code | Parknasilla Resort &amp; Spa<\/title>\n<meta name=\"description\" content=\"With Head Chef Paul murdered your help is needed to help the Chief Investigator of the case discover who is the murder staying at the resort.\" \/>\n<meta name=\"robots\" content=\"noindex, nofollow\" \/>\n<meta property=\"og:locale\" content=\"de_DE\" \/>\n<meta property=\"og:type\" content=\"article\" \/>\n<meta property=\"og:title\" content=\"Mission Impossible Code | Parknasilla Resort &amp; Spa\" \/>\n<meta property=\"og:description\" content=\"With Head Chef Paul murdered your help is needed to help the Chief Investigator of the case discover who is the murder staying at the resort.\" \/>\n<meta property=\"og:url\" content=\"https:\/\/parknasillaresort.com\/de_de\/activities\/estate-activities\/mission-impossible-code\/\" \/>\n<meta property=\"og:site_name\" content=\"Parknasilla Resort &amp; Spa\" \/>\n<meta property=\"article:modified_time\" content=\"2023-12-13T23:10:04+00:00\" \/>\n<meta name=\"twitter:card\" content=\"summary_large_image\" \/>\n<script type=\"application\/ld+json\" class=\"yoast-schema-graph\">{\"@context\":\"https:\\\/\\\/schema.org\",\"@graph\":[{\"@type\":\"WebPage\",\"@id\":\"https:\\\/\\\/parknasillaresort.com\\\/activities\\\/estate-activities\\\/mission-impossible-code\\\/\",\"url\":\"https:\\\/\\\/parknasillaresort.com\\\/activities\\\/estate-activities\\\/mission-impossible-code\\\/\",\"name\":\"Mission Impossible Code | Parknasilla Resort & Spa\",\"isPartOf\":{\"@id\":\"https:\\\/\\\/parknasillaresort.com\\\/#website\"},\"datePublished\":\"2022-09-05T13:22:09+00:00\",\"dateModified\":\"2023-12-13T23:10:04+00:00\",\"description\":\"With Head Chef Paul murdered your help is needed to help the Chief Investigator of the case discover who is the murder staying at the resort.\",\"breadcrumb\":{\"@id\":\"https:\\\/\\\/parknasillaresort.com\\\/activities\\\/estate-activities\\\/mission-impossible-code\\\/#breadcrumb\"},\"inLanguage\":\"de-DE\",\"potentialAction\":[{\"@type\":\"ReadAction\",\"target\":[\"https:\\\/\\\/parknasillaresort.com\\\/activities\\\/estate-activities\\\/mission-impossible-code\\\/\"]}]},{\"@type\":\"BreadcrumbList\",\"@id\":\"https:\\\/\\\/parknasillaresort.com\\\/activities\\\/estate-activities\\\/mission-impossible-code\\\/#breadcrumb\",\"itemListElement\":[{\"@type\":\"ListItem\",\"position\":1,\"name\":\"Home\",\"item\":\"https:\\\/\\\/parknasillaresort.com\\\/\"},{\"@type\":\"ListItem\",\"position\":2,\"name\":\"Activities\",\"item\":\"https:\\\/\\\/parknasillaresort.com\\\/activities\\\/\"},{\"@type\":\"ListItem\",\"position\":3,\"name\":\"Estate Activities\",\"item\":\"https:\\\/\\\/parknasillaresort.com\\\/activities\\\/estate-activities\\\/\"},{\"@type\":\"ListItem\",\"position\":4,\"name\":\"Mission Impossible Code\"}]},{\"@type\":\"WebSite\",\"@id\":\"https:\\\/\\\/parknasillaresort.com\\\/#website\",\"url\":\"https:\\\/\\\/parknasillaresort.com\\\/\",\"name\":\"Parknasilla Resort &amp; Spa\",\"description\":\"Truly in a world of its own.\",\"potentialAction\":[{\"@type\":\"SearchAction\",\"target\":{\"@type\":\"EntryPoint\",\"urlTemplate\":\"https:\\\/\\\/parknasillaresort.com\\\/?s={search_term_string}\"},\"query-input\":{\"@type\":\"PropertyValueSpecification\",\"valueRequired\":true,\"valueName\":\"search_term_string\"}}],\"inLanguage\":\"de-DE\"}]}<\/script>\n<!-- \/ Yoast SEO plugin. -->","yoast_head_json":{"title":"Mission Impossible Code | Parknasilla Resort & Spa","description":"Nachdem der Chefkoch Paul ermordet wurde, wird Ihre Hilfe ben\u00f6tigt, um dem Chefermittler des Falles zu helfen, herauszufinden, wer der M\u00f6rder ist, der sich im Resort aufh\u00e4lt.","robots":{"index":"noindex","follow":"nofollow"},"og_locale":"de_DE","og_type":"article","og_title":"Mission Impossible Code | Parknasilla Resort & Spa","og_description":"With Head Chef Paul murdered your help is needed to help the Chief Investigator of the case discover who is the murder staying at the resort.","og_url":"https:\/\/parknasillaresort.com\/de_de\/activities\/estate-activities\/mission-impossible-code\/","og_site_name":"Parknasilla Resort &amp; Spa","article_modified_time":"2023-12-13T23:10:04+00:00","twitter_card":"summary_large_image","schema":{"@context":"https:\/\/schema.org","@graph":[{"@type":"WebPage","@id":"https:\/\/parknasillaresort.com\/activities\/estate-activities\/mission-impossible-code\/","url":"https:\/\/parknasillaresort.com\/activities\/estate-activities\/mission-impossible-code\/","name":"Mission Impossible Code | Parknasilla Resort & Spa","isPartOf":{"@id":"https:\/\/parknasillaresort.com\/#website"},"datePublished":"2022-09-05T13:22:09+00:00","dateModified":"2023-12-13T23:10:04+00:00","description":"Nachdem der Chefkoch Paul ermordet wurde, wird Ihre Hilfe ben\u00f6tigt, um dem Chefermittler des Falles zu helfen, herauszufinden, wer der M\u00f6rder ist, der sich im Resort aufh\u00e4lt.","breadcrumb":{"@id":"https:\/\/parknasillaresort.com\/activities\/estate-activities\/mission-impossible-code\/#breadcrumb"},"inLanguage":"de-DE","potentialAction":[{"@type":"ReadAction","target":["https:\/\/parknasillaresort.com\/activities\/estate-activities\/mission-impossible-code\/"]}]},{"@type":"BreadcrumbList","@id":"https:\/\/parknasillaresort.com\/activities\/estate-activities\/mission-impossible-code\/#breadcrumb","itemListElement":[{"@type":"ListItem","position":1,"name":"Home","item":"https:\/\/parknasillaresort.com\/"},{"@type":"ListItem","position":2,"name":"Activities","item":"https:\/\/parknasillaresort.com\/activities\/"},{"@type":"ListItem","position":3,"name":"Estate Activities","item":"https:\/\/parknasillaresort.com\/activities\/estate-activities\/"},{"@type":"ListItem","position":4,"name":"Mission Impossible Code"}]},{"@type":"WebSite","@id":"https:\/\/parknasillaresort.com\/#website","url":"https:\/\/parknasillaresort.com\/","name":"Parknasilla Resort &amp; Spa","description":"Wahrlich eine Welt f\u00fcr sich.","potentialAction":[{"@type":"SearchAction","target":{"@type":"EntryPoint","urlTemplate":"https:\/\/parknasillaresort.com\/?s={search_term_string}"},"query-input":{"@type":"PropertyValueSpecification","valueRequired":true,"valueName":"search_term_string"}}],"inLanguage":"de-DE"}]}},"_links":{"self":[{"href":"https:\/\/parknasillaresort.com\/de_de\/wp-json\/wp\/v2\/pages\/1926","targetHints":{"allow":["GET"]}}],"collection":[{"href":"https:\/\/parknasillaresort.com\/de_de\/wp-json\/wp\/v2\/pages"}],"about":[{"href":"https:\/\/parknasillaresort.com\/de_de\/wp-json\/wp\/v2\/types\/page"}],"author":[{"embeddable":true,"href":"https:\/\/parknasillaresort.com\/de_de\/wp-json\/wp\/v2\/users\/3"}],"replies":[{"embeddable":true,"href":"https:\/\/parknasillaresort.com\/de_de\/wp-json\/wp\/v2\/comments?post=1926"}],"version-history":[{"count":0,"href":"https:\/\/parknasillaresort.com\/de_de\/wp-json\/wp\/v2\/pages\/1926\/revisions"}],"up":[{"embeddable":true,"href":"https:\/\/parknasillaresort.com\/de_de\/wp-json\/wp\/v2\/pages\/482"}],"wp:attachment":[{"href":"https:\/\/parknasillaresort.com\/de_de\/wp-json\/wp\/v2\/media?parent=1926"}],"curies":[{"name":"wp","href":"https:\/\/api.w.org\/{rel}","templated":true}]}}