{"id":1748,"date":"2022-05-30T17:14:58","date_gmt":"2022-05-30T17:14:58","guid":{"rendered":"https:\/\/parknasillaresort.com\/?page_id=1748"},"modified":"2024-04-08T21:38:35","modified_gmt":"2024-04-08T21:38:35","slug":"parknasilla-suites","status":"publish","type":"page","link":"https:\/\/parknasillaresort.com\/de_de\/stay\/parknasilla-suites\/parknasilla-suites\/","title":{"rendered":"Parknasilla Suiten"},"content":{"rendered":"","protected":false},"excerpt":{"rendered":"","protected":false},"author":3,"featured_media":0,"parent":269,"menu_order":0,"comment_status":"closed","ping_status":"closed","template":"","meta":{"_acf_changed":false,"footnotes":""},"class_list":["post-1748","page","type-page","status-publish","hentry"],"acf":[],"yoast_head":"<!-- This site is optimized with the Yoast SEO plugin v27.5 - https:\/\/yoast.com\/product\/yoast-seo-wordpress\/ -->\n<title>The Parknasilla Suites | Parknasilla Resort &amp; Spa Hotel Kerry<\/title>\n<meta name=\"description\" content=\"The Parknasilla Suite has been designed to offer extra luxury for special occasions or romantic getaways.\" \/>\n<meta name=\"robots\" content=\"noindex, nofollow\" \/>\n<meta property=\"og:locale\" content=\"de_DE\" \/>\n<meta property=\"og:type\" content=\"article\" \/>\n<meta property=\"og:title\" content=\"The Parknasilla Suites | Parknasilla Resort &amp; Spa Hotel Kerry\" \/>\n<meta property=\"og:description\" content=\"The Parknasilla Suite has been designed to offer extra luxury for special occasions or romantic getaways.\" \/>\n<meta property=\"og:url\" content=\"https:\/\/parknasillaresort.com\/de_de\/stay\/parknasilla-suites\/parknasilla-suites\/\" \/>\n<meta property=\"og:site_name\" content=\"Parknasilla Resort &amp; Spa\" \/>\n<meta property=\"article:modified_time\" content=\"2024-04-08T21:38:35+00:00\" \/>\n<meta name=\"twitter:card\" content=\"summary_large_image\" \/>\n<script type=\"application\/ld+json\" class=\"yoast-schema-graph\">{\"@context\":\"https:\\\/\\\/schema.org\",\"@graph\":[{\"@type\":\"WebPage\",\"@id\":\"https:\\\/\\\/parknasillaresort.com\\\/stay\\\/parknasilla-suites\\\/parknasilla-suites\\\/\",\"url\":\"https:\\\/\\\/parknasillaresort.com\\\/stay\\\/parknasilla-suites\\\/parknasilla-suites\\\/\",\"name\":\"The Parknasilla Suites | Parknasilla Resort & Spa Hotel Kerry\",\"isPartOf\":{\"@id\":\"https:\\\/\\\/parknasillaresort.com\\\/#website\"},\"datePublished\":\"2022-05-30T17:14:58+00:00\",\"dateModified\":\"2024-04-08T21:38:35+00:00\",\"description\":\"The Parknasilla Suite has been designed to offer extra luxury for special occasions or romantic getaways.\",\"breadcrumb\":{\"@id\":\"https:\\\/\\\/parknasillaresort.com\\\/stay\\\/parknasilla-suites\\\/parknasilla-suites\\\/#breadcrumb\"},\"inLanguage\":\"de-DE\",\"potentialAction\":[{\"@type\":\"ReadAction\",\"target\":[\"https:\\\/\\\/parknasillaresort.com\\\/stay\\\/parknasilla-suites\\\/parknasilla-suites\\\/\"]}]},{\"@type\":\"BreadcrumbList\",\"@id\":\"https:\\\/\\\/parknasillaresort.com\\\/stay\\\/parknasilla-suites\\\/parknasilla-suites\\\/#breadcrumb\",\"itemListElement\":[{\"@type\":\"ListItem\",\"position\":1,\"name\":\"Home\",\"item\":\"https:\\\/\\\/parknasillaresort.com\\\/\"},{\"@type\":\"ListItem\",\"position\":2,\"name\":\"Stay\",\"item\":\"https:\\\/\\\/parknasillaresort.com\\\/stay\\\/\"},{\"@type\":\"ListItem\",\"position\":3,\"name\":\"Parknasilla Suites\",\"item\":\"https:\\\/\\\/parknasillaresort.com\\\/stay\\\/parknasilla-suites\\\/\"},{\"@type\":\"ListItem\",\"position\":4,\"name\":\"Parknasilla Suites\"}]},{\"@type\":\"WebSite\",\"@id\":\"https:\\\/\\\/parknasillaresort.com\\\/#website\",\"url\":\"https:\\\/\\\/parknasillaresort.com\\\/\",\"name\":\"Parknasilla Resort &amp; Spa\",\"description\":\"Truly in a world of its own.\",\"publisher\":{\"@id\":\"https:\\\/\\\/parknasillaresort.com\\\/#organization\"},\"potentialAction\":[{\"@type\":\"SearchAction\",\"target\":{\"@type\":\"EntryPoint\",\"urlTemplate\":\"https:\\\/\\\/parknasillaresort.com\\\/?s={search_term_string}\"},\"query-input\":{\"@type\":\"PropertyValueSpecification\",\"valueRequired\":true,\"valueName\":\"search_term_string\"}}],\"inLanguage\":\"de-DE\"},{\"@type\":\"Organization\",\"@id\":\"https:\\\/\\\/parknasillaresort.com\\\/#organization\",\"name\":\"Parknasilla Resort & Spa\",\"url\":\"https:\\\/\\\/parknasillaresort.com\\\/\",\"logo\":{\"@type\":\"ImageObject\",\"inLanguage\":\"de-DE\",\"@id\":\"https:\\\/\\\/parknasillaresort.com\\\/#\\\/schema\\\/logo\\\/image\\\/\",\"url\":\"https:\\\/\\\/parknasillaresort.com\\\/wp-content\\\/uploads\\\/2021\\\/04\\\/parknasilla_logoemail.png\",\"contentUrl\":\"https:\\\/\\\/parknasillaresort.com\\\/wp-content\\\/uploads\\\/2021\\\/04\\\/parknasilla_logoemail.png\",\"width\":300,\"height\":100,\"caption\":\"Parknasilla Resort & Spa\"},\"image\":{\"@id\":\"https:\\\/\\\/parknasillaresort.com\\\/#\\\/schema\\\/logo\\\/image\\\/\"}}]}<\/script>\n<!-- \/ Yoast SEO plugin. -->","yoast_head_json":{"title":"Die Parknasilla Suites | Parknasilla Resort &amp; Spa Hotel Kerry","description":"Die Parknasilla Suite wurde f\u00fcr besonderen Luxus bei besonderen Anl\u00e4ssen oder romantischen Ausfl\u00fcgen konzipiert.","robots":{"index":"noindex","follow":"nofollow"},"og_locale":"de_DE","og_type":"article","og_title":"The Parknasilla Suites | Parknasilla Resort & Spa Hotel Kerry","og_description":"The Parknasilla Suite has been designed to offer extra luxury for special occasions or romantic getaways.","og_url":"https:\/\/parknasillaresort.com\/de_de\/stay\/parknasilla-suites\/parknasilla-suites\/","og_site_name":"Parknasilla Resort &amp; Spa","article_modified_time":"2024-04-08T21:38:35+00:00","twitter_card":"summary_large_image","schema":{"@context":"https:\/\/schema.org","@graph":[{"@type":"WebPage","@id":"https:\/\/parknasillaresort.com\/stay\/parknasilla-suites\/parknasilla-suites\/","url":"https:\/\/parknasillaresort.com\/stay\/parknasilla-suites\/parknasilla-suites\/","name":"Die Parknasilla Suites | Parknasilla Resort &amp; Spa Hotel Kerry","isPartOf":{"@id":"https:\/\/parknasillaresort.com\/#website"},"datePublished":"2022-05-30T17:14:58+00:00","dateModified":"2024-04-08T21:38:35+00:00","description":"Die Parknasilla Suite wurde f\u00fcr besonderen Luxus bei besonderen Anl\u00e4ssen oder romantischen Ausfl\u00fcgen konzipiert.","breadcrumb":{"@id":"https:\/\/parknasillaresort.com\/stay\/parknasilla-suites\/parknasilla-suites\/#breadcrumb"},"inLanguage":"de-DE","potentialAction":[{"@type":"ReadAction","target":["https:\/\/parknasillaresort.com\/stay\/parknasilla-suites\/parknasilla-suites\/"]}]},{"@type":"BreadcrumbList","@id":"https:\/\/parknasillaresort.com\/stay\/parknasilla-suites\/parknasilla-suites\/#breadcrumb","itemListElement":[{"@type":"ListItem","position":1,"name":"Home","item":"https:\/\/parknasillaresort.com\/"},{"@type":"ListItem","position":2,"name":"Stay","item":"https:\/\/parknasillaresort.com\/stay\/"},{"@type":"ListItem","position":3,"name":"Parknasilla Suites","item":"https:\/\/parknasillaresort.com\/stay\/parknasilla-suites\/"},{"@type":"ListItem","position":4,"name":"Parknasilla Suites"}]},{"@type":"WebSite","@id":"https:\/\/parknasillaresort.com\/#website","url":"https:\/\/parknasillaresort.com\/","name":"Parknasilla Resort &amp; Spa","description":"Wahrlich eine Welt f\u00fcr sich.","publisher":{"@id":"https:\/\/parknasillaresort.com\/#organization"},"potentialAction":[{"@type":"SearchAction","target":{"@type":"EntryPoint","urlTemplate":"https:\/\/parknasillaresort.com\/?s={search_term_string}"},"query-input":{"@type":"PropertyValueSpecification","valueRequired":true,"valueName":"search_term_string"}}],"inLanguage":"de-DE"},{"@type":"Organization","@id":"https:\/\/parknasillaresort.com\/#organization","name":"Parknasilla Resort &amp; Spa","url":"https:\/\/parknasillaresort.com\/","logo":{"@type":"ImageObject","inLanguage":"de-DE","@id":"https:\/\/parknasillaresort.com\/#\/schema\/logo\/image\/","url":"https:\/\/parknasillaresort.com\/wp-content\/uploads\/2021\/04\/parknasilla_logoemail.png","contentUrl":"https:\/\/parknasillaresort.com\/wp-content\/uploads\/2021\/04\/parknasilla_logoemail.png","width":300,"height":100,"caption":"Parknasilla Resort & Spa"},"image":{"@id":"https:\/\/parknasillaresort.com\/#\/schema\/logo\/image\/"}}]}},"_links":{"self":[{"href":"https:\/\/parknasillaresort.com\/de_de\/wp-json\/wp\/v2\/pages\/1748","targetHints":{"allow":["GET"]}}],"collection":[{"href":"https:\/\/parknasillaresort.com\/de_de\/wp-json\/wp\/v2\/pages"}],"about":[{"href":"https:\/\/parknasillaresort.com\/de_de\/wp-json\/wp\/v2\/types\/page"}],"author":[{"embeddable":true,"href":"https:\/\/parknasillaresort.com\/de_de\/wp-json\/wp\/v2\/users\/3"}],"replies":[{"embeddable":true,"href":"https:\/\/parknasillaresort.com\/de_de\/wp-json\/wp\/v2\/comments?post=1748"}],"version-history":[{"count":0,"href":"https:\/\/parknasillaresort.com\/de_de\/wp-json\/wp\/v2\/pages\/1748\/revisions"}],"up":[{"embeddable":true,"href":"https:\/\/parknasillaresort.com\/de_de\/wp-json\/wp\/v2\/pages\/269"}],"wp:attachment":[{"href":"https:\/\/parknasillaresort.com\/de_de\/wp-json\/wp\/v2\/media?parent=1748"}],"curies":[{"name":"wp","href":"https:\/\/api.w.org\/{rel}","templated":true}]}}