{"id":12,"date":"2021-03-12T16:55:53","date_gmt":"2021-03-12T16:55:53","guid":{"rendered":"http:\/\/parknasilla.local\/?page_id=12"},"modified":"2025-06-13T14:59:33","modified_gmt":"2025-06-13T14:59:33","slug":"stay","status":"publish","type":"page","link":"https:\/\/parknasillaresort.com\/de_de\/stay\/","title":{"rendered":"Bleiben Sie"},"content":{"rendered":"","protected":false},"excerpt":{"rendered":"","protected":false},"author":8,"featured_media":0,"parent":0,"menu_order":0,"comment_status":"closed","ping_status":"closed","template":"","meta":{"_acf_changed":false,"footnotes":""},"class_list":["post-12","page","type-page","status-publish","hentry"],"acf":[],"yoast_head":"<!-- This site is optimized with the Yoast SEO plugin v27.3 - https:\/\/yoast.com\/product\/yoast-seo-wordpress\/ -->\n<title>Rooms &amp; Suites | Places To Stay In Kerry | 4* Parknasilla Hotel<\/title>\n<meta name=\"description\" content=\"Check out our luxurious rooms &amp; suites available at the Parknasilla Hotel in Kerry, a wide variety of choices from our Penthouse Suite to the coziness of a Loft Room.\" \/>\n<meta name=\"robots\" content=\"index, follow, max-snippet:-1, max-image-preview:large, max-video-preview:-1\" \/>\n<link rel=\"canonical\" href=\"https:\/\/parknasillaresort.com\/de_de\/stay\/\" \/>\n<meta property=\"og:locale\" content=\"de_DE\" \/>\n<meta property=\"og:type\" content=\"article\" \/>\n<meta property=\"og:title\" content=\"Rooms &amp; Suites | Places To Stay In Kerry | 4* Parknasilla Hotel\" \/>\n<meta property=\"og:description\" content=\"Check out our luxurious rooms &amp; suites available at the Parknasilla Hotel in Kerry, a wide variety of choices from our Penthouse Suite to the coziness of a Loft Room.\" \/>\n<meta property=\"og:url\" content=\"https:\/\/parknasillaresort.com\/de_de\/stay\/\" \/>\n<meta property=\"og:site_name\" content=\"Parknasilla Resort &amp; Spa\" \/>\n<meta property=\"article:modified_time\" content=\"2025-06-13T14:59:33+00:00\" \/>\n<meta name=\"twitter:card\" content=\"summary_large_image\" \/>\n<script type=\"application\/ld+json\" class=\"yoast-schema-graph\">{\"@context\":\"https:\\\/\\\/schema.org\",\"@graph\":[{\"@type\":\"WebPage\",\"@id\":\"https:\\\/\\\/parknasillaresort.com\\\/stay\\\/\",\"url\":\"https:\\\/\\\/parknasillaresort.com\\\/stay\\\/\",\"name\":\"Rooms & Suites | Places To Stay In Kerry | 4* Parknasilla Hotel\",\"isPartOf\":{\"@id\":\"https:\\\/\\\/parknasillaresort.com\\\/#website\"},\"datePublished\":\"2021-03-12T16:55:53+00:00\",\"dateModified\":\"2025-06-13T14:59:33+00:00\",\"description\":\"Check out our luxurious rooms & suites available at the Parknasilla Hotel in Kerry, a wide variety of choices from our Penthouse Suite to the coziness of a Loft Room.\",\"breadcrumb\":{\"@id\":\"https:\\\/\\\/parknasillaresort.com\\\/stay\\\/#breadcrumb\"},\"inLanguage\":\"de-DE\",\"potentialAction\":[{\"@type\":\"ReadAction\",\"target\":[\"https:\\\/\\\/parknasillaresort.com\\\/stay\\\/\"]}]},{\"@type\":\"BreadcrumbList\",\"@id\":\"https:\\\/\\\/parknasillaresort.com\\\/stay\\\/#breadcrumb\",\"itemListElement\":[{\"@type\":\"ListItem\",\"position\":1,\"name\":\"Home\",\"item\":\"https:\\\/\\\/parknasillaresort.com\\\/\"},{\"@type\":\"ListItem\",\"position\":2,\"name\":\"Stay\"}]},{\"@type\":\"WebSite\",\"@id\":\"https:\\\/\\\/parknasillaresort.com\\\/#website\",\"url\":\"https:\\\/\\\/parknasillaresort.com\\\/\",\"name\":\"Parknasilla Resort &amp; Spa\",\"description\":\"Truly in a world of its own.\",\"potentialAction\":[{\"@type\":\"SearchAction\",\"target\":{\"@type\":\"EntryPoint\",\"urlTemplate\":\"https:\\\/\\\/parknasillaresort.com\\\/?s={search_term_string}\"},\"query-input\":{\"@type\":\"PropertyValueSpecification\",\"valueRequired\":true,\"valueName\":\"search_term_string\"}}],\"inLanguage\":\"de-DE\"}]}<\/script>\n<!-- \/ Yoast SEO plugin. -->","yoast_head_json":{"title":"Zimmer &amp; Suiten | Unterk\u00fcnfte in Kerry | 4* Parknasilla Hotel","description":"Schauen Sie sich unsere luxuri\u00f6sen Zimmer &amp; Suiten im Parknasilla Hotel in Kerry an, eine gro\u00dfe Auswahl von unserer Penthouse Suite bis zur Gem\u00fctlichkeit eines Loft Zimmers.","robots":{"index":"index","follow":"follow","max-snippet":"max-snippet:-1","max-image-preview":"max-image-preview:large","max-video-preview":"max-video-preview:-1"},"canonical":"https:\/\/parknasillaresort.com\/de_de\/stay\/","og_locale":"de_DE","og_type":"article","og_title":"Rooms & Suites | Places To Stay In Kerry | 4* Parknasilla Hotel","og_description":"Check out our luxurious rooms & suites available at the Parknasilla Hotel in Kerry, a wide variety of choices from our Penthouse Suite to the coziness of a Loft Room.","og_url":"https:\/\/parknasillaresort.com\/de_de\/stay\/","og_site_name":"Parknasilla Resort &amp; Spa","article_modified_time":"2025-06-13T14:59:33+00:00","twitter_card":"summary_large_image","schema":{"@context":"https:\/\/schema.org","@graph":[{"@type":"WebPage","@id":"https:\/\/parknasillaresort.com\/stay\/","url":"https:\/\/parknasillaresort.com\/stay\/","name":"Zimmer &amp; Suiten | Unterk\u00fcnfte in Kerry | 4* Parknasilla Hotel","isPartOf":{"@id":"https:\/\/parknasillaresort.com\/#website"},"datePublished":"2021-03-12T16:55:53+00:00","dateModified":"2025-06-13T14:59:33+00:00","description":"Schauen Sie sich unsere luxuri\u00f6sen Zimmer &amp; Suiten im Parknasilla Hotel in Kerry an, eine gro\u00dfe Auswahl von unserer Penthouse Suite bis zur Gem\u00fctlichkeit eines Loft Zimmers.","breadcrumb":{"@id":"https:\/\/parknasillaresort.com\/stay\/#breadcrumb"},"inLanguage":"de-DE","potentialAction":[{"@type":"ReadAction","target":["https:\/\/parknasillaresort.com\/stay\/"]}]},{"@type":"BreadcrumbList","@id":"https:\/\/parknasillaresort.com\/stay\/#breadcrumb","itemListElement":[{"@type":"ListItem","position":1,"name":"Home","item":"https:\/\/parknasillaresort.com\/"},{"@type":"ListItem","position":2,"name":"Stay"}]},{"@type":"WebSite","@id":"https:\/\/parknasillaresort.com\/#website","url":"https:\/\/parknasillaresort.com\/","name":"Parknasilla Resort &amp; Spa","description":"Wahrlich eine Welt f\u00fcr sich.","potentialAction":[{"@type":"SearchAction","target":{"@type":"EntryPoint","urlTemplate":"https:\/\/parknasillaresort.com\/?s={search_term_string}"},"query-input":{"@type":"PropertyValueSpecification","valueRequired":true,"valueName":"search_term_string"}}],"inLanguage":"de-DE"}]}},"_links":{"self":[{"href":"https:\/\/parknasillaresort.com\/de_de\/wp-json\/wp\/v2\/pages\/12","targetHints":{"allow":["GET"]}}],"collection":[{"href":"https:\/\/parknasillaresort.com\/de_de\/wp-json\/wp\/v2\/pages"}],"about":[{"href":"https:\/\/parknasillaresort.com\/de_de\/wp-json\/wp\/v2\/types\/page"}],"author":[{"embeddable":true,"href":"https:\/\/parknasillaresort.com\/de_de\/wp-json\/wp\/v2\/users\/8"}],"replies":[{"embeddable":true,"href":"https:\/\/parknasillaresort.com\/de_de\/wp-json\/wp\/v2\/comments?post=12"}],"version-history":[{"count":0,"href":"https:\/\/parknasillaresort.com\/de_de\/wp-json\/wp\/v2\/pages\/12\/revisions"}],"wp:attachment":[{"href":"https:\/\/parknasillaresort.com\/de_de\/wp-json\/wp\/v2\/media?parent=12"}],"curies":[{"name":"wp","href":"https:\/\/api.w.org\/{rel}","templated":true}]}}